{"id":11146,"date":"2019-03-05T08:27:23","date_gmt":"2019-03-05T08:27:23","guid":{"rendered":"https:\/\/b2field.com\/app\/"},"modified":"2021-12-01T11:36:14","modified_gmt":"2021-12-01T11:36:14","slug":"app","status":"publish","type":"page","link":"https:\/\/b2field.com\/es\/app\/","title":{"rendered":"Apps para la gesti\u00f3n de la fuerza de trabajo m\u00f3vil"},"content":{"rendered":"<div class=\"wpb-content-wrapper\"><p>[vc_row el_class=&#8221;top_line&#8221; css=&#8221;.vc_custom_1563363194341{margin-top: 200px !important;}&#8221;][vc_column][vc_column_text]<\/p>\n<h1>Apps para la gesti\u00f3n de la fuerza de trabajo m\u00f3vil<\/h1>\n<p>[\/vc_column_text][\/vc_column][\/vc_row][vc_row content_placement=&#8221;middle&#8221;][vc_column width=&#8221;1\/3&#8243; el_class=&#8221;app_image&#8221;][vc_single_image source=&#8221;external_link&#8221; external_img_size=&#8221;full&#8221; alignment=&#8221;center&#8221; custom_src=&#8221;\/wp-content\/uploads\/2019\/09\/b2field-tracker-and-monitor-app.png&#8221; css=&#8221;.vc_custom_1567686653284{margin-top: 10px !important;padding-right: 13px !important;padding-left: 13px !important;}&#8221;][\/vc_column][vc_column width=&#8221;2\/3&#8243; css=&#8221;.vc_custom_1562160487794{margin-top: 45px !important;}&#8221;][vc_row_inner el_class=&#8221;select&#8221;][vc_column_inner width=&#8221;1\/2&#8243; css=&#8221;.vc_custom_1562241960970{margin-bottom: 50px !important;}&#8221;][vc_column_text css=&#8221;.vc_custom_1638358534757{margin-bottom: 10px !important;}&#8221;]<\/p>\n<div style=\"text-align: center;\"><a style=\"display: inline-block;\" href=\"\/es\/app\/tracker\/\"><img alt=\"Apps para la gesti\u00f3n de la fuerza de trabajo m\u00f3vil\" decoding=\"async\" style=\"max-width: 130px;\" src=\"\/wp-content\/uploads\/2021\/12\/b2field-logo-blue-rgb-kvadrat.svg\" \/><\/a><\/div>\n<p>[\/vc_column_text][vc_column_text css=&#8221;.vc_custom_1638343563495{margin-bottom: 10px !important;}&#8221;]<\/p>\n<h4 style=\"text-align: center;\"><a href=\"\/es\/app\/tracker\/\">B2Field<br \/>\npara empleados<\/a><\/h4>\n<p>[\/vc_column_text][vc_column_text css=&#8221;.vc_custom_1607941914556{margin-bottom: 0px !important;}&#8221;]<\/p>\n<p style=\"text-align: center;\">Convierta su tel\u00e9fono en un espacio de trabajo completo que incorpora un planificador, un navegador y un rastreador GPS. Proporcione su ubicaci\u00f3n, reciba tareas e intercambie datos importantes con la oficina.<\/p>\n<p>[\/vc_column_text][vc_column_text el_class=&#8221;single-image&#8221; css=&#8221;.vc_custom_1607938817462{margin-top: 30px !important;}&#8221;]<\/p>\n<div style=\"display: flex; flex-wrap: wrap; justify-content: center;\"><a href=\"https:\/\/apps.apple.com\/es\/app\/b2field\/id1586949314\" target=\"_blank\" rel=\"noopener noreferrer\"><img decoding=\"async\" style=\"max-width: 110px; margin: 0 10px;\" src=\"\/wp-content\/uploads\/2018\/11\/app-store.png\" alt=\"Apps para la gesti\u00f3n de la fuerza de trabajo m\u00f3vil\" \/><\/a><br \/>\n<a href=\"https:\/\/play.google.com\/store\/apps\/details?id=com.squaregps.alarm.b2field\" target=\"_blank\" rel=\"noopener noreferrer\"><img decoding=\"async\" style=\"max-width: 110px; margin: 0 10px;\" src=\"\/wp-content\/uploads\/2018\/11\/google-play.png\" alt=\"Apps para la gesti\u00f3n de la fuerza de trabajo m\u00f3vil\" \/><\/a><\/div>\n<p>[\/vc_column_text][\/vc_column_inner][vc_column_inner width=&#8221;1\/2&#8243; css=&#8221;.vc_custom_1562241965553{margin-bottom: 50px !important;}&#8221;][vc_column_text css=&#8221;.vc_custom_1638358547363{margin-bottom: 10px !important;}&#8221;]<\/p>\n<div style=\"text-align: center;\"><a style=\"display: inline-block;\" href=\"\/es\/app\/monitor\/\"><img alt=\"Apps para la gesti\u00f3n de la fuerza de trabajo m\u00f3vil\" decoding=\"async\" style=\"max-width: 130px;\" src=\"\/wp-content\/uploads\/2021\/12\/b2field-logo-blue-rgb-kvadrat.svg\" \/><\/a><\/div>\n<p>[\/vc_column_text][vc_column_text css=&#8221;.vc_custom_1638343573718{margin-bottom: 10px !important;}&#8221;]<\/p>\n<h4 style=\"text-align: center;\"><a href=\"\/es\/app\/monitor\/\">B2Field<br \/>\npara supervisores<\/a><\/h4>\n<p>[\/vc_column_text][vc_column_text css=&#8221;.vc_custom_1607938919149{margin-bottom: 0px !important;}&#8221;]<\/p>\n<p style=\"text-align: center;\">Mant\u00e9ngase informado de todos los acontecimientos est\u00e9 donde est\u00e9. Localice todas sus unidades en el tiempo real, consulte el historial de recorridos y administre el flujo de trabajo de su mano de obra.<\/p>\n<p>[\/vc_column_text][vc_column_text el_class=&#8221;single-image&#8221; css=&#8221;.vc_custom_1607938825208{margin-top: 30px !important;}&#8221;]<\/p>\n<div style=\"display: flex; flex-wrap: wrap; justify-content: center;\"><a href=\"https:\/\/apps.apple.com\/es\/app\/b2field\/id1586949314\" target=\"_blank\" rel=\"noopener noreferrer\"><img decoding=\"async\" style=\"max-width: 110px; margin: 0 10px;\" src=\"\/wp-content\/uploads\/2018\/11\/app-store.png\" alt=\"Apps para la gesti\u00f3n de la fuerza de trabajo m\u00f3vil\" \/><\/a><br \/>\n<a href=\"https:\/\/play.google.com\/store\/apps\/details?id=com.squaregps.alarm.b2field\" target=\"_blank\" rel=\"noopener noreferrer\"><img decoding=\"async\" style=\"max-width: 110px; margin: 0 10px;\" src=\"\/wp-content\/uploads\/2018\/11\/google-play.png\" alt=\"Apps para la gesti\u00f3n de la fuerza de trabajo m\u00f3vil\" \/><\/a><\/div>\n<p>[\/vc_column_text][\/vc_column_inner][\/vc_row_inner][\/vc_column][\/vc_row]<\/p>\n<\/div>","protected":false},"excerpt":{"rendered":"<p>[vc_row el_class=&#8221;top_line&#8221; css=&#8221;.vc_custom_1563363194341{margin-top: 200px !important;}&#8221;][vc_column][vc_column_text] Apps para la gesti\u00f3n de la fuerza de trabajo m\u00f3vil [\/vc_column_text][\/vc_column][\/vc_row][vc_row content_placement=&#8221;middle&#8221;][vc_column width=&#8221;1\/3&#8243; el_class=&#8221;app_image&#8221;][vc_single_image source=&#8221;external_link&#8221; external_img_size=&#8221;full&#8221; alignment=&#8221;center&#8221; custom_src=&#8221;\/wp-content\/uploads\/2019\/09\/b2field-tracker-and-monitor-app.png&#8221; css=&#8221;.vc_custom_1567686653284{margin-top: 10px !important;padding-right: 13px !important;padding-left: 13px !important;}&#8221;][\/vc_column][vc_column width=&#8221;2\/3&#8243; css=&#8221;.vc_custom_1562160487794{margin-top: 45px !important;}&#8221;][vc_row_inner el_class=&#8221;select&#8221;][vc_column_inner width=&#8221;1\/2&#8243; css=&#8221;.vc_custom_1562241960970{margin-bottom: 50px !important;}&#8221;][vc_column_text css=&#8221;.vc_custom_1638358534757{margin-bottom: 10px !important;}&#8221;] [\/vc_column_text][vc_column_text css=&#8221;.vc_custom_1638343563495{margin-bottom: 10px !important;}&#8221;] B2Field para empleados [\/vc_column_text][vc_column_text css=&#8221;.vc_custom_1607941914556{margin-bottom: 0px !important;}&#8221;] Convierta su&#8230;<\/p>\n","protected":false},"author":8,"featured_media":0,"parent":0,"menu_order":13,"comment_status":"closed","ping_status":"closed","template":"","meta":{"_acf_changed":false,"inline_featured_image":false,"footnotes":""},"class_list":["post-11146","page","type-page","status-publish","hentry"],"acf":[],"yoast_head":"<!-- This site is optimized with the Yoast SEO plugin v27.2 - https:\/\/yoast.com\/product\/yoast-seo-wordpress\/ -->\n<title>Apps para la gesti\u00f3n de la fuerza de trabajo m\u00f3vil &#8211; B2Field<\/title>\n<meta name=\"description\" content=\"La aplicaci\u00f3n X-GPS Monitor para los supervisores y la aplicaci\u00f3n X-GPS Tracker para los empleados m\u00f3viles permiten gestionar los servicios de campo sobre la marcha. Descargue gratis desde la App Store o Google Play.\" \/>\n<meta name=\"robots\" content=\"index, follow, max-snippet:-1, max-image-preview:large, max-video-preview:-1\" \/>\n<link rel=\"canonical\" href=\"https:\/\/b2field.com\/es\/app\/\" \/>\n<meta property=\"og:locale\" content=\"es_ES\" \/>\n<meta property=\"og:type\" content=\"article\" \/>\n<meta property=\"og:title\" content=\"Apps para la gesti\u00f3n de la fuerza de trabajo m\u00f3vil &#8211; B2Field\" \/>\n<meta property=\"og:description\" content=\"La aplicaci\u00f3n X-GPS Monitor para los supervisores y la aplicaci\u00f3n X-GPS Tracker para los empleados m\u00f3viles permiten gestionar los servicios de campo sobre la marcha. Descargue gratis desde la App Store o Google Play.\" \/>\n<meta property=\"og:url\" content=\"https:\/\/b2field.com\/es\/app\/\" \/>\n<meta property=\"og:site_name\" content=\"B2Field\" \/>\n<meta property=\"article:publisher\" content=\"https:\/\/www.facebook.com\/B2Field\/\" \/>\n<meta property=\"article:modified_time\" content=\"2021-12-01T11:36:14+00:00\" \/>\n<meta name=\"twitter:card\" content=\"summary_large_image\" \/>\n<meta name=\"twitter:label1\" content=\"Tiempo de lectura\" \/>\n\t<meta name=\"twitter:data1\" content=\"2 minutos\" \/>\n<script type=\"application\/ld+json\" class=\"yoast-schema-graph\">{\"@context\":\"https:\/\/schema.org\",\"@graph\":[{\"@type\":\"WebPage\",\"@id\":\"https:\/\/b2field.com\/es\/app\/\",\"url\":\"https:\/\/b2field.com\/es\/app\/\",\"name\":\"Apps para la gesti\u00f3n de la fuerza de trabajo m\u00f3vil &#8211; B2Field\",\"isPartOf\":{\"@id\":\"https:\/\/b2field.com\/es\/#website\"},\"datePublished\":\"2019-03-05T08:27:23+00:00\",\"dateModified\":\"2021-12-01T11:36:14+00:00\",\"description\":\"La aplicaci\u00f3n X-GPS Monitor para los supervisores y la aplicaci\u00f3n X-GPS Tracker para los empleados m\u00f3viles permiten gestionar los servicios de campo sobre la marcha. Descargue gratis desde la App Store o Google Play.\",\"breadcrumb\":{\"@id\":\"https:\/\/b2field.com\/es\/app\/#breadcrumb\"},\"inLanguage\":\"es\",\"potentialAction\":[{\"@type\":\"ReadAction\",\"target\":[\"https:\/\/b2field.com\/es\/app\/\"]}]},{\"@type\":\"BreadcrumbList\",\"@id\":\"https:\/\/b2field.com\/es\/app\/#breadcrumb\",\"itemListElement\":[{\"@type\":\"ListItem\",\"position\":1,\"name\":\"Home\",\"item\":\"https:\/\/b2field.com\/es\/\"},{\"@type\":\"ListItem\",\"position\":2,\"name\":\"Apps para la gesti\u00f3n de la fuerza de trabajo m\u00f3vil\"}]},{\"@type\":\"WebSite\",\"@id\":\"https:\/\/b2field.com\/es\/#website\",\"url\":\"https:\/\/b2field.com\/es\/\",\"name\":\"B2Field\",\"description\":\"\",\"potentialAction\":[{\"@type\":\"SearchAction\",\"target\":{\"@type\":\"EntryPoint\",\"urlTemplate\":\"https:\/\/b2field.com\/es\/?s={search_term_string}\"},\"query-input\":{\"@type\":\"PropertyValueSpecification\",\"valueRequired\":true,\"valueName\":\"search_term_string\"}}],\"inLanguage\":\"es\"}]}<\/script>\n<!-- \/ Yoast SEO plugin. -->","yoast_head_json":{"title":"Apps para la gesti\u00f3n de la fuerza de trabajo m\u00f3vil &#8211; B2Field","description":"La aplicaci\u00f3n X-GPS Monitor para los supervisores y la aplicaci\u00f3n X-GPS Tracker para los empleados m\u00f3viles permiten gestionar los servicios de campo sobre la marcha. Descargue gratis desde la App Store o Google Play.","robots":{"index":"index","follow":"follow","max-snippet":"max-snippet:-1","max-image-preview":"max-image-preview:large","max-video-preview":"max-video-preview:-1"},"canonical":"https:\/\/b2field.com\/es\/app\/","og_locale":"es_ES","og_type":"article","og_title":"Apps para la gesti\u00f3n de la fuerza de trabajo m\u00f3vil &#8211; B2Field","og_description":"La aplicaci\u00f3n X-GPS Monitor para los supervisores y la aplicaci\u00f3n X-GPS Tracker para los empleados m\u00f3viles permiten gestionar los servicios de campo sobre la marcha. Descargue gratis desde la App Store o Google Play.","og_url":"https:\/\/b2field.com\/es\/app\/","og_site_name":"B2Field","article_publisher":"https:\/\/www.facebook.com\/B2Field\/","article_modified_time":"2021-12-01T11:36:14+00:00","twitter_card":"summary_large_image","twitter_misc":{"Tiempo de lectura":"2 minutos"},"schema":{"@context":"https:\/\/schema.org","@graph":[{"@type":"WebPage","@id":"https:\/\/b2field.com\/es\/app\/","url":"https:\/\/b2field.com\/es\/app\/","name":"Apps para la gesti\u00f3n de la fuerza de trabajo m\u00f3vil &#8211; B2Field","isPartOf":{"@id":"https:\/\/b2field.com\/es\/#website"},"datePublished":"2019-03-05T08:27:23+00:00","dateModified":"2021-12-01T11:36:14+00:00","description":"La aplicaci\u00f3n X-GPS Monitor para los supervisores y la aplicaci\u00f3n X-GPS Tracker para los empleados m\u00f3viles permiten gestionar los servicios de campo sobre la marcha. Descargue gratis desde la App Store o Google Play.","breadcrumb":{"@id":"https:\/\/b2field.com\/es\/app\/#breadcrumb"},"inLanguage":"es","potentialAction":[{"@type":"ReadAction","target":["https:\/\/b2field.com\/es\/app\/"]}]},{"@type":"BreadcrumbList","@id":"https:\/\/b2field.com\/es\/app\/#breadcrumb","itemListElement":[{"@type":"ListItem","position":1,"name":"Home","item":"https:\/\/b2field.com\/es\/"},{"@type":"ListItem","position":2,"name":"Apps para la gesti\u00f3n de la fuerza de trabajo m\u00f3vil"}]},{"@type":"WebSite","@id":"https:\/\/b2field.com\/es\/#website","url":"https:\/\/b2field.com\/es\/","name":"B2Field","description":"","potentialAction":[{"@type":"SearchAction","target":{"@type":"EntryPoint","urlTemplate":"https:\/\/b2field.com\/es\/?s={search_term_string}"},"query-input":{"@type":"PropertyValueSpecification","valueRequired":true,"valueName":"search_term_string"}}],"inLanguage":"es"}]}},"_links":{"self":[{"href":"https:\/\/b2field.com\/es\/wp-json\/wp\/v2\/pages\/11146","targetHints":{"allow":["GET"]}}],"collection":[{"href":"https:\/\/b2field.com\/es\/wp-json\/wp\/v2\/pages"}],"about":[{"href":"https:\/\/b2field.com\/es\/wp-json\/wp\/v2\/types\/page"}],"author":[{"embeddable":true,"href":"https:\/\/b2field.com\/es\/wp-json\/wp\/v2\/users\/8"}],"replies":[{"embeddable":true,"href":"https:\/\/b2field.com\/es\/wp-json\/wp\/v2\/comments?post=11146"}],"version-history":[{"count":11,"href":"https:\/\/b2field.com\/es\/wp-json\/wp\/v2\/pages\/11146\/revisions"}],"predecessor-version":[{"id":15624,"href":"https:\/\/b2field.com\/es\/wp-json\/wp\/v2\/pages\/11146\/revisions\/15624"}],"wp:attachment":[{"href":"https:\/\/b2field.com\/es\/wp-json\/wp\/v2\/media?parent=11146"}],"curies":[{"name":"wp","href":"https:\/\/api.w.org\/{rel}","templated":true}]}}