{"id":11147,"date":"2019-03-05T08:56:46","date_gmt":"2019-03-05T08:56:46","guid":{"rendered":"https:\/\/b2field.com\/app\/monitor\/"},"modified":"2021-12-01T11:52:23","modified_gmt":"2021-12-01T11:52:23","slug":"monitor","status":"publish","type":"page","link":"https:\/\/b2field.com\/es\/app\/monitor\/","title":{"rendered":"B2Field app"},"content":{"rendered":"<div class=\"wpb-content-wrapper\"><p>[vc_row css=&#8221;.vc_custom_1567690025937{margin-top: 100px !important;padding-top: 100px !important;}&#8221;][vc_column][\/vc_column][\/vc_row][vc_row css=&#8221;.vc_custom_1567689993465{padding-bottom: 100px !important;}&#8221;][vc_column width=&#8221;1\/2&#8243; el_class=&#8221;order-md-1&#8243;][vc_column_text]<\/p>\n<h1>B2Field app<\/h1>\n<p>[\/vc_column_text][vc_column_text]Mant\u00e9ngase informado de todos los acontecimientos est\u00e9 donde est\u00e9. Localice todas sus unidades en el tiempo real, consulte el historial de recorridos y administre el flujo de trabajo de su mano de obra.<\/p>\n<ul>\n<li>Rastree la ubicaci\u00f3n actual de cualquier unidad<\/li>\n<li>Comun\u00edquese con los equipos de campo en l\u00ednea<\/li>\n<li>Reciba datos OBD en tiempo real<\/li>\n<li>Reciba notificaciones instant\u00e1neas<\/li>\n<li>Eval\u00faa el rendimiento de cada trabajador<\/li>\n<li>Bloquea el motor de forma remota en caso de robo<\/li>\n<\/ul>\n<p>[\/vc_column_text][vc_column_text el_class=&#8221;single-image app-link app-link\u2014app-store&#8221;]<a href=\"https:\/\/apps.apple.com\/es\/app\/b2field\/id1586949314\" target=\"_blank\" rel=\"noopener noreferrer\"><img loading=\"lazy\" decoding=\"async\" width=\"246\" height=\"82\" class=\"alignnone size-full wp-image-1616\" src=\"\/wp-content\/uploads\/2018\/11\/app-store.png\" alt=\"B2Field app\" \/><\/a>[\/vc_column_text][vc_column_text el_class=&#8221;single-image app-link app-link&#8211;google-play&#8221;]<a href=\"https:\/\/play.google.com\/store\/apps\/details?id=com.squaregps.alarm.b2field\" target=\"_blank\" rel=\"noopener noreferrer\"><img loading=\"lazy\" decoding=\"async\" width=\"246\" height=\"82\" class=\"alignnone size-full wp-image-1619\" src=\"\/wp-content\/uploads\/2018\/11\/google-play.png\" alt=\"B2Field app\" \/><\/a>[\/vc_column_text][\/vc_column][vc_column width=&#8221;1\/2&#8243; el_class=&#8221;order-md-0&#8243; css=&#8221;.vc_custom_1562242275958{margin-bottom: 30px !important;}&#8221;][vc_row_inner][vc_column_inner width=&#8221;1\/6&#8243;][\/vc_column_inner][vc_column_inner width=&#8221;4\/6&#8243;][vc_single_image source=&#8221;external_link&#8221; external_img_size=&#8221;full&#8221; alignment=&#8221;right&#8221; custom_src=&#8221;\/wp-content\/uploads\/2019\/09\/B2Field-X-GPS-monitor-app.png&#8221;][\/vc_column_inner][vc_column_inner width=&#8221;1\/6&#8243;][\/vc_column_inner][\/vc_row_inner][\/vc_column][\/vc_row]<\/p>\n<\/div>","protected":false},"excerpt":{"rendered":"<p>[vc_row css=&#8221;.vc_custom_1567690025937{margin-top: 100px !important;padding-top: 100px !important;}&#8221;][vc_column][\/vc_column][\/vc_row][vc_row css=&#8221;.vc_custom_1567689993465{padding-bottom: 100px !important;}&#8221;][vc_column width=&#8221;1\/2&#8243; el_class=&#8221;order-md-1&#8243;][vc_column_text] B2Field app [\/vc_column_text][vc_column_text]Mant\u00e9ngase informado de todos los acontecimientos est\u00e9 donde est\u00e9. Localice todas sus unidades en el tiempo real, consulte el historial de recorridos y administre el flujo de trabajo de su mano de obra. Rastree la ubicaci\u00f3n actual de cualquier unidad Comun\u00edquese con&#8230;<\/p>\n","protected":false},"author":8,"featured_media":0,"parent":11146,"menu_order":0,"comment_status":"closed","ping_status":"closed","template":"","meta":{"_acf_changed":false,"inline_featured_image":false,"footnotes":""},"class_list":["post-11147","page","type-page","status-publish","hentry"],"acf":[],"yoast_head":"<!-- This site is optimized with the Yoast SEO plugin v27.2 - https:\/\/yoast.com\/product\/yoast-seo-wordpress\/ -->\n<title>B2Field app &#8211; B2Field<\/title>\n<meta name=\"description\" content=\"Mant\u00e9ngase informado de todos los acontecimientos est\u00e9 donde est\u00e9. Localice todas sus unidades en el tiempo real, consulte el historial de recorridos y administre el flujo de trabajo de su mano de obra.\" \/>\n<meta name=\"robots\" content=\"index, follow, max-snippet:-1, max-image-preview:large, max-video-preview:-1\" \/>\n<link rel=\"canonical\" href=\"https:\/\/b2field.com\/es\/app\/monitor\/\" \/>\n<meta property=\"og:locale\" content=\"es_ES\" \/>\n<meta property=\"og:type\" content=\"article\" \/>\n<meta property=\"og:title\" content=\"B2Field app &#8211; B2Field\" \/>\n<meta property=\"og:description\" content=\"Mant\u00e9ngase informado de todos los acontecimientos est\u00e9 donde est\u00e9. Localice todas sus unidades en el tiempo real, consulte el historial de recorridos y administre el flujo de trabajo de su mano de obra.\" \/>\n<meta property=\"og:url\" content=\"https:\/\/b2field.com\/es\/app\/monitor\/\" \/>\n<meta property=\"og:site_name\" content=\"B2Field\" \/>\n<meta property=\"article:publisher\" content=\"https:\/\/www.facebook.com\/B2Field\/\" \/>\n<meta property=\"article:modified_time\" content=\"2021-12-01T11:52:23+00:00\" \/>\n<meta property=\"og:image\" content=\"https:\/\/b2field.com\/wp-content\/uploads\/2018\/11\/app-store.png\" \/>\n<meta name=\"twitter:card\" content=\"summary_large_image\" \/>\n<meta name=\"twitter:label1\" content=\"Tiempo de lectura\" \/>\n\t<meta name=\"twitter:data1\" content=\"1 minuto\" \/>\n<script type=\"application\/ld+json\" class=\"yoast-schema-graph\">{\"@context\":\"https:\/\/schema.org\",\"@graph\":[{\"@type\":\"WebPage\",\"@id\":\"https:\/\/b2field.com\/es\/app\/monitor\/\",\"url\":\"https:\/\/b2field.com\/es\/app\/monitor\/\",\"name\":\"B2Field app &#8211; B2Field\",\"isPartOf\":{\"@id\":\"https:\/\/b2field.com\/es\/#website\"},\"datePublished\":\"2019-03-05T08:56:46+00:00\",\"dateModified\":\"2021-12-01T11:52:23+00:00\",\"description\":\"Mant\u00e9ngase informado de todos los acontecimientos est\u00e9 donde est\u00e9. Localice todas sus unidades en el tiempo real, consulte el historial de recorridos y administre el flujo de trabajo de su mano de obra.\",\"breadcrumb\":{\"@id\":\"https:\/\/b2field.com\/es\/app\/monitor\/#breadcrumb\"},\"inLanguage\":\"es\",\"potentialAction\":[{\"@type\":\"ReadAction\",\"target\":[\"https:\/\/b2field.com\/es\/app\/monitor\/\"]}]},{\"@type\":\"BreadcrumbList\",\"@id\":\"https:\/\/b2field.com\/es\/app\/monitor\/#breadcrumb\",\"itemListElement\":[{\"@type\":\"ListItem\",\"position\":1,\"name\":\"Home\",\"item\":\"https:\/\/b2field.com\/es\/\"},{\"@type\":\"ListItem\",\"position\":2,\"name\":\"Apps para la gesti\u00f3n de la fuerza de trabajo m\u00f3vil\",\"item\":\"https:\/\/b2field.com\/es\/app\/\"},{\"@type\":\"ListItem\",\"position\":3,\"name\":\"B2Field app\"}]},{\"@type\":\"WebSite\",\"@id\":\"https:\/\/b2field.com\/es\/#website\",\"url\":\"https:\/\/b2field.com\/es\/\",\"name\":\"B2Field\",\"description\":\"\",\"potentialAction\":[{\"@type\":\"SearchAction\",\"target\":{\"@type\":\"EntryPoint\",\"urlTemplate\":\"https:\/\/b2field.com\/es\/?s={search_term_string}\"},\"query-input\":{\"@type\":\"PropertyValueSpecification\",\"valueRequired\":true,\"valueName\":\"search_term_string\"}}],\"inLanguage\":\"es\"}]}<\/script>\n<!-- \/ Yoast SEO plugin. -->","yoast_head_json":{"title":"B2Field app &#8211; B2Field","description":"Mant\u00e9ngase informado de todos los acontecimientos est\u00e9 donde est\u00e9. Localice todas sus unidades en el tiempo real, consulte el historial de recorridos y administre el flujo de trabajo de su mano de obra.","robots":{"index":"index","follow":"follow","max-snippet":"max-snippet:-1","max-image-preview":"max-image-preview:large","max-video-preview":"max-video-preview:-1"},"canonical":"https:\/\/b2field.com\/es\/app\/monitor\/","og_locale":"es_ES","og_type":"article","og_title":"B2Field app &#8211; B2Field","og_description":"Mant\u00e9ngase informado de todos los acontecimientos est\u00e9 donde est\u00e9. Localice todas sus unidades en el tiempo real, consulte el historial de recorridos y administre el flujo de trabajo de su mano de obra.","og_url":"https:\/\/b2field.com\/es\/app\/monitor\/","og_site_name":"B2Field","article_publisher":"https:\/\/www.facebook.com\/B2Field\/","article_modified_time":"2021-12-01T11:52:23+00:00","og_image":[{"url":"https:\/\/b2field.com\/wp-content\/uploads\/2018\/11\/app-store.png","type":"","width":"","height":""}],"twitter_card":"summary_large_image","twitter_misc":{"Tiempo de lectura":"1 minuto"},"schema":{"@context":"https:\/\/schema.org","@graph":[{"@type":"WebPage","@id":"https:\/\/b2field.com\/es\/app\/monitor\/","url":"https:\/\/b2field.com\/es\/app\/monitor\/","name":"B2Field app &#8211; B2Field","isPartOf":{"@id":"https:\/\/b2field.com\/es\/#website"},"datePublished":"2019-03-05T08:56:46+00:00","dateModified":"2021-12-01T11:52:23+00:00","description":"Mant\u00e9ngase informado de todos los acontecimientos est\u00e9 donde est\u00e9. Localice todas sus unidades en el tiempo real, consulte el historial de recorridos y administre el flujo de trabajo de su mano de obra.","breadcrumb":{"@id":"https:\/\/b2field.com\/es\/app\/monitor\/#breadcrumb"},"inLanguage":"es","potentialAction":[{"@type":"ReadAction","target":["https:\/\/b2field.com\/es\/app\/monitor\/"]}]},{"@type":"BreadcrumbList","@id":"https:\/\/b2field.com\/es\/app\/monitor\/#breadcrumb","itemListElement":[{"@type":"ListItem","position":1,"name":"Home","item":"https:\/\/b2field.com\/es\/"},{"@type":"ListItem","position":2,"name":"Apps para la gesti\u00f3n de la fuerza de trabajo m\u00f3vil","item":"https:\/\/b2field.com\/es\/app\/"},{"@type":"ListItem","position":3,"name":"B2Field app"}]},{"@type":"WebSite","@id":"https:\/\/b2field.com\/es\/#website","url":"https:\/\/b2field.com\/es\/","name":"B2Field","description":"","potentialAction":[{"@type":"SearchAction","target":{"@type":"EntryPoint","urlTemplate":"https:\/\/b2field.com\/es\/?s={search_term_string}"},"query-input":{"@type":"PropertyValueSpecification","valueRequired":true,"valueName":"search_term_string"}}],"inLanguage":"es"}]}},"_links":{"self":[{"href":"https:\/\/b2field.com\/es\/wp-json\/wp\/v2\/pages\/11147","targetHints":{"allow":["GET"]}}],"collection":[{"href":"https:\/\/b2field.com\/es\/wp-json\/wp\/v2\/pages"}],"about":[{"href":"https:\/\/b2field.com\/es\/wp-json\/wp\/v2\/types\/page"}],"author":[{"embeddable":true,"href":"https:\/\/b2field.com\/es\/wp-json\/wp\/v2\/users\/8"}],"replies":[{"embeddable":true,"href":"https:\/\/b2field.com\/es\/wp-json\/wp\/v2\/comments?post=11147"}],"version-history":[{"count":6,"href":"https:\/\/b2field.com\/es\/wp-json\/wp\/v2\/pages\/11147\/revisions"}],"predecessor-version":[{"id":15632,"href":"https:\/\/b2field.com\/es\/wp-json\/wp\/v2\/pages\/11147\/revisions\/15632"}],"up":[{"embeddable":true,"href":"https:\/\/b2field.com\/es\/wp-json\/wp\/v2\/pages\/11146"}],"wp:attachment":[{"href":"https:\/\/b2field.com\/es\/wp-json\/wp\/v2\/media?parent=11147"}],"curies":[{"name":"wp","href":"https:\/\/api.w.org\/{rel}","templated":true}]}}