{"id":11400,"date":"2021-01-13T10:36:57","date_gmt":"2021-01-13T10:36:57","guid":{"rendered":"https:\/\/b2field.com\/legal\/terms-of-service\/"},"modified":"2021-01-13T10:43:43","modified_gmt":"2021-01-13T10:43:43","slug":"terms-of-service","status":"publish","type":"page","link":"https:\/\/b2field.com\/es\/legal\/terms-of-service\/","title":{"rendered":"T\u00e9rminos del servicio"},"content":{"rendered":"<div class=\"wpb-content-wrapper\"><p>[vc_row el_class=&#8221;legal&#8221;][vc_column][vc_column_text]<\/p>\n<h1>T\u00e9rminos del servicio<\/h1>\n<p>[\/vc_column_text][vc_column_text]Mayo 2018<\/p>\n<p>Bienvenido a B2Field.com, el sitio web y servicio en l\u00ednea de B2Field (&#8220;B2Field&#8221;, &#8220;nosotros&#8221;). Esta p\u00e1gina explica los t\u00e9rminos con los cuales puede utilizar nuestros servicios en l\u00ednea y \/ o m\u00f3viles, sitio web y software proporcionados o en conexi\u00f3n con el servicio (colectivamente denominado los &#8220;Servicios&#8221;). Al acceder o utilizar los Servicios, usted indica que ha le\u00eddo, entendido y acepta estar sujeto a estos T\u00e9rminos de servicio y a la recopilaci\u00f3n y uso de su informaci\u00f3n como se establece en nuestra <a href=\"\/es\/legal\/privacy-policy\/\">Pol\u00edtica de privacidad<\/a>, ya sea que est\u00e9 registrado o no como usuario de nuestros servicios. Estos T\u00e9rminos de servicio aplican a todos los visitantes, usuarios y otras personas que acceden a los Servicios (&#8220;Usuarios&#8221;).[\/vc_column_text][vc_empty_space][vc_tta_accordion color=&#8221;white&#8221; gap=&#8221;5&#8243; c_icon=&#8221;triangle&#8221; c_position=&#8221;right&#8221; active_section=&#8221;1&#8243;][vc_tta_section title=&#8221;Aceptaci\u00f3n de los t\u00e9rminos&#8221; tab_id=&#8221;aceptacion-de-los-terminos&#8221;][vc_column_text]Debe ser mayor de edad para poder aceptar los T\u00e9rminos. Si no est\u00e1 de acuerdo con estos T\u00e9rminos, le sugerimos no usar ninguno de nuestros Servicios. Puede aceptar los T\u00e9rminos registr\u00e1ndose en los Servicios o realmente utilizando los Servicios.[\/vc_column_text][\/vc_tta_section][vc_tta_section title=&#8221;Descripci\u00f3n de los Servicios&#8221; tab_id=&#8221;descripcion-de-los-servicios&#8221;][vc_column_text]B2Field proporciona una variedad de servicios para la ubicaci\u00f3n en l\u00ednea y el seguimiento de los activos, personas, veh\u00edculos, mascotas y otros objetos en tiempo real, resumen del historial de viajes, notificaciones basadas en geograf\u00eda, administraci\u00f3n de tareas de campo, comunicaci\u00f3n, c\u00e1lculo de costos de flota, consumo de combustible, programaci\u00f3n de mantenimiento de veh\u00edculos, aplicaciones relacionadas, herramientas y servicios de soporte. Puede utilizar los Servicios para proporcionar soluciones de rastreo GPS para varios mercados verticales. Puede conectarse a los Servicios utilizando cualquier navegador de Internet y aplicaciones m\u00f3viles compatibles con los Servicios. Usted es responsable de obtener acceso a Internet y al equipo necesario para usar los Servicios.[\/vc_column_text][\/vc_tta_section][vc_tta_section title=&#8221;Pago&#8221; tab_id=&#8221;pago&#8221;][vc_column_text]Las tarifas de servicio se cobran mensualmente, a menos que las Partes acuerden lo contrario. Los servicios se facturan al comienzo de cada mes.<\/p>\n<p>Todos los pagos deben estar libres de cualquier impuesto o tarifa aplicable por transferencia bancaria (para pagos realizados a trav\u00e9s de la transferencia bancaria bancaria). Todos los impuestos aplicables (como el IVA) deben ser pagados por el usuario de acuerdo con la legislaci\u00f3n local vigente.<\/p>\n<p>B2Field se reserva el derecho de modificar y cambiar sus tarifas y cargos de forma ocasional con un aviso previo de al menos 30 d\u00edas antes de que los cambios entren en vigencia envi\u00e1ndole un correo electr\u00f3nico.<\/p>\n<p>Al utilizar los procesadores de pagos de terceros de B2Field, usted acepta sus t\u00e9rminos de servicio.<\/p>\n<p>Todas las tarifas y cargos no son reembolsables, lo que significa que no hay reembolsos ni cr\u00e9ditos por per\u00edodos en los que no us\u00f3 los Servicios o lo us\u00f3 parcialmente.[\/vc_column_text][\/vc_tta_section][vc_tta_section title=&#8221;Informaci\u00f3n personal y privacidad&#8221; tab_id=&#8221;informacion-personal-y-privacidad&#8221;][vc_column_text]La informaci\u00f3n personal que proporciona a B2Field a trav\u00e9s del Servicio se rige por la <a href=\"\/es\/legal\/privacy-policy\/\">Pol\u00edtica de privacidad<\/a> de B2Field. Su elecci\u00f3n de usar el Servicio indica su aceptaci\u00f3n de los t\u00e9rminos de la Pol\u00edtica de privacidad de B2Field. Usted es responsable de mantener la confidencialidad de su nombre de usuario, contrase\u00f1a y otra informaci\u00f3n confidencial.[\/vc_column_text][\/vc_tta_section][vc_tta_section title=&#8221;Suscripci\u00f3n para Servicios Beta&#8221; tab_id=&#8221;suscripcion-para-servicios-beta&#8221;][vc_column_text]Podemos ofrecer ciertos Servicios como servicios beta cerrados o abiertos (&#8220;Servicio Beta&#8221; o &#8220;Servicios Beta&#8221;) con el prop\u00f3sito de realizar pruebas y evaluaciones. Usted acepta que tenemos derecho a determinar el per\u00edodo de tiempo para las pruebas y la evaluaci\u00f3n de los Servicios Beta. Seremos el \u00fanicos para determinar el \u00e9xito de tales pruebas y la decisi\u00f3n, si la hubiera, de ofrecer los Servicios Beta como servicios comerciales. Nos reservamos el derecho de suspender total o parcialmente la oferta de los Servicios Beta con o sin previo aviso. Usted acepta que B2Field no ser\u00e1 responsable ante usted ni ante ning\u00fan tercero por ning\u00fan da\u00f1o relacionado con, derivado o causado por la modificaci\u00f3n, suspensi\u00f3n o interrupci\u00f3n de cualquiera de los Servicios Beta por cualquier motivo.[\/vc_column_text][\/vc_tta_section][vc_tta_section title=&#8221;Modificaciones a los servicios&#8221; tab_id=&#8221;modificaciones-a-los-servicios&#8221;][vc_column_text]B2Field se reserva el derecho de modificar los Servicios de B2Field o cualquier parte de los Servicios en cualquier momento sin previo aviso, incluyendo:<\/p>\n<ol>\n<li>Cambio de marca de los Servicios B2Field a su exclusivo criterio;<\/li>\n<li>Dejar de proporcionar o interrumpir el desarrollo de un Servicio B2Field en particular o parte o elemento de los Servicios de forma temporal o permanente;<\/li>\n<li>Tomar las medidas necesarias para preservar los derechos de B2Field sobre cualquier uso de los Servicios de B2Field que pueda interpretarse razonablemente como una violaci\u00f3n de los derechos de propiedad intelectual de B2Field o actividad ilegal.<\/li>\n<\/ol>\n<p>Si contin\u00faa utilizando los Servicios B2Field, o cualquier parte o elemento de los mismos, despu\u00e9s de la fecha de vigencia de una modificaci\u00f3n, deber\u00e1 indicar su consentimiento a las modificaciones.[\/vc_column_text][\/vc_tta_section][vc_tta_section title=&#8221;Actividades prohibidas&#8221; tab_id=&#8221;actividades-prohibidas&#8221;][vc_column_text]Puede utilizar los Servicios B2Field para los fines identificados en estos T\u00e9rminos y la ley aplicable. No est\u00e1 permitido:<\/p>\n<ol>\n<li>Usar los Servicios B2Field o cualquier parte o elemento de los Servicios para cometer un delito, violar cualquier ley aplicable o atraer o invitar a otros a llevar a cabo tales acciones ilegales;<\/li>\n<li>Copiar, duplicar, distribuir, modificar, adaptar, piratear, crear trabajos derivados, realizar ingenier\u00eda inversa o descompilar los Servicios B2Field o cualquier parte o elemento de los mismos, o intentar extraer el c\u00f3digo fuente de los mismos.<\/li>\n<\/ol>\n<p>B2Field no permite el seguimiento oculto o el seguimiento de una persona sin su permiso, o de activos sin el permiso del propietario.[\/vc_column_text][\/vc_tta_section][vc_tta_section title=&#8221;Terminaci\u00f3n&#8221; tab_id=&#8221;terminacion&#8221;][vc_column_text]Puede cancelar su uso de los Servicios en cualquier momento enviando un aviso a B2Field al menos 30 d\u00edas antes de la fecha de terminaci\u00f3n.<\/p>\n<p>B2Field puede bloquear unilateralmente su uso de los Servicios, incluida la suspensi\u00f3n del acceso a su cuenta si no cumple o viola los t\u00e9rminos y condiciones definidos por los T\u00e9rminos del Servicio. En tal caso, B2Field le enviar\u00e1 un aviso antes de la fecha de terminaci\u00f3n.<\/p>\n<p>En caso de terminaci\u00f3n, usted continuar\u00e1 siendo responsable de cualquier tarifa y \/ o cargo en el que haya incurrido antes de la terminaci\u00f3n.[\/vc_column_text][\/vc_tta_section][vc_tta_section title=&#8221;Derechos de propiedad intelectual&#8221; tab_id=&#8221;derechos-de-propiedad-intelectual&#8221;][vc_column_text]Los servicios de B2Field, los materiales, los nombres comerciales y las marcas comerciales y cualquier pieza o elemento son propiedad y operaci\u00f3n exclusiva de B2Field. Los Materiales de B2Field y cualquier parte de los Servicios B2Field est\u00e1n protegidos por derechos de autor, imagen comercial, secretos comerciales y leyes de marcas comerciales, convenciones y tratados internacionales, y todas las dem\u00e1s leyes relevantes de propiedad intelectual y derechos de propiedad.<\/p>\n<p>Su uso de los Servicios B2Field y los Materiales B2Field, y cualquier parte o elemento no le otorga ning\u00fan derecho de propiedad o derechos de propiedad intelectual. B2Field se reserva todos los derechos de los Servicios B2Field, los Materiales B2Field y los nombres comerciales y marcas comerciales de B2Field no expresamente otorgados en los T\u00e9rminos.[\/vc_column_text][\/vc_tta_section][vc_tta_section title=&#8221;Indemnizaci\u00f3n&#8221; tab_id=&#8221;indemnizacion&#8221;][vc_column_text]Usted acepta defender, indemnizar y eximir de responsabilidad a B2Field y sus afiliados, y sus respectivos directores, funcionarios, empleados y agentes, de cualquier reclamo, p\u00e9rdida, da\u00f1o, responsabilidad, incluidos los honorarios de abogados, que surjan de su uso o mal uso de los Servicios de B2Field , Materiales de B2Field, representaciones hechas a B2Field, sus afiliados y \/ o terceros, violaci\u00f3n de estos T\u00e9rminos, violaci\u00f3n de los derechos de cualquier otra persona o entidad, o cualquier violaci\u00f3n de las representaciones, garant\u00edas y convenios anteriores. B2Field se reserva el derecho, a sus expensas, de asumir la defensa y el control exclusivos de cualquier asunto por el que deba indemnizar a B2Field, y usted acepta cooperar con dicha defensa de estas reclamaciones.[\/vc_column_text][\/vc_tta_section][vc_tta_section title=&#8221;Descargo de responsabilidad de garant\u00edas&#8221; tab_id=&#8221;descargo-de-responsabilidad-de-garant\u00edas&#8221;][vc_column_text]USTED ENTIENDE Y ACEPTA EXPRESAMENTE QUE EL USO DE LOS SERVICIOS ES BAJO SU PROPIO RIESGO. LOS SERVICIOS SE PROPORCIONAN EN UNA BASE TAL COMO EST\u00c1N DISPONIBLES. B2Field RECHAZA EXPRESAMENTE TODAS LAS GARANT\u00cdAS DE CUALQUIER TIPO, INCLUSO EXPRESAS O IMPL\u00cdCITAS, INCLUIDAS, PERO SIN LIMITARSE A, LAS GARANT\u00cdAS IMPL\u00cdCITAS DE COMERCIABILIDAD Y APTITUD PARA UN PROP\u00d3SITO EN PARTICULAR. B2Field NO GARANTIZA QUE LOS SERVICIOS SER\u00c1N ININTERRUMPIDOS, OPORTUNOS, SEGUROS O SIN ERRORES. EL USO DE CUALQUIER MATERIAL DESCARGADO U OBTENIDO A TRAV\u00c9S DEL USO DE LOS SERVICIOS SER\u00c1 A SU PROPIA DISCRECI\u00d3N Y RIESGO Y SER\u00c1 RESPONSABLE POR CUALQUIER DA\u00d1O A SU SISTEMA INFORM\u00c1TICO, TEL\u00c9FONO M\u00d3VIL, DISPOSITIVO INAL\u00c1MBRICO O DATOS QUE RESULTAN DEL USO DE LOS SERVICIOS O LA DESCARGA DE CUALQUIER MATERIAL. NING\u00daN CONSEJO O INFORMACI\u00d3N, YA SEA ESCRITA U ORAL, OBTENIDA POR USTED DE B2Field, SUS EMPLEADOS O REPRESENTANTES, CREAR\u00c1N NINGUNA GARANT\u00cdA NO EXPRESAMENTE EXPRESADA EN LOS T\u00c9RMINOS DE SERVICIOS.[\/vc_column_text][\/vc_tta_section][vc_tta_section title=&#8221;Limitaci\u00f3n de responsabilidad&#8221; tab_id=&#8221;limitacion-de-responsabilidad&#8221;][vc_column_text]USTED ACEPTA QUE B2Field, EN NING\u00daN CASO, SER\u00c1 RESPONSABLE DE CUALQUIER P\u00c9RDIDA O DA\u00d1O CONSECUENTE, INCIDENTAL, INDIRECTO, ESPECIAL, PUNITIVO O DE OTRO TIPO O POR P\u00c9RDIDA DE BENEFICIOS EMPRESARIALES, INTERRUPCI\u00d3N EMPRESARIAL, FALLA DE COMPUTADORA, P\u00c9RDIDA DE INFORMACI\u00d3N COMERCIAL, U OTRO P\u00c9RDIDA DERIVADA O CAUSADA POR SU USO O INHABILIDAD DE UTILIZAR EL SERVICIO, INCLUSO SI SE HA NOTIFICADO A B2Field DE LA POSIBILIDAD DE DICHO DA\u00d1O.[\/vc_column_text][\/vc_tta_section][vc_tta_section title=&#8221;Resoluci\u00f3n de conflictos&#8221; tab_id=&#8221;resolucion-de-conflictos&#8221;][vc_column_text]En caso de una disputa entre usted y B2Field sobre los asuntos especificados en los T\u00e9rminos de servicio o en relaci\u00f3n con ellos, B2Field y usted tomar\u00e1n todas las medidas para resolverlos mediante negociaciones.<\/p>\n<p>Si no se llega a un acuerdo durante las negociaciones, las disputas se resolver\u00e1n en el tribunal definido por B2Field.[\/vc_column_text][\/vc_tta_section][\/vc_tta_accordion][vc_empty_space][\/vc_column][\/vc_row]<\/p>\n<\/div>","protected":false},"excerpt":{"rendered":"<p>[vc_row el_class=&#8221;legal&#8221;][vc_column][vc_column_text] T\u00e9rminos del servicio [\/vc_column_text][vc_column_text]Mayo 2018 Bienvenido a B2Field.com, el sitio web y servicio en l\u00ednea de B2Field (&#8220;B2Field&#8221;, &#8220;nosotros&#8221;). Esta p\u00e1gina explica los t\u00e9rminos con los cuales puede utilizar nuestros servicios en l\u00ednea y \/ o m\u00f3viles, sitio web y software proporcionados o en conexi\u00f3n con el servicio (colectivamente denominado los &#8220;Servicios&#8221;). Al&#8230;<\/p>\n","protected":false},"author":8,"featured_media":0,"parent":11383,"menu_order":1,"comment_status":"closed","ping_status":"closed","template":"","meta":{"_acf_changed":false,"inline_featured_image":false,"footnotes":""},"class_list":["post-11400","page","type-page","status-publish","hentry"],"acf":[],"yoast_head":"<!-- This site is optimized with the Yoast SEO plugin v27.2 - https:\/\/yoast.com\/product\/yoast-seo-wordpress\/ -->\n<title>T\u00e9rminos del servicio &#8211; B2Field<\/title>\n<meta name=\"description\" content=\"Bienvenido a B2Field.com, el sitio web y servicio en l\u00ednea de B2Field (&quot;B2Field&quot;, &quot;nosotros&quot;). Esta p\u00e1gina explica los t\u00e9rminos con los cuales puede utilizar nuestros servicios en l\u00ednea y \/ o m\u00f3viles, sitio web y software proporcionados o en conexi\u00f3n con el servicio (colectivamente denominado los &quot;Servicios&quot;).\" \/>\n<meta name=\"robots\" content=\"index, follow, max-snippet:-1, max-image-preview:large, max-video-preview:-1\" \/>\n<link rel=\"canonical\" href=\"https:\/\/b2field.com\/es\/legal\/terms-of-service\/\" \/>\n<meta property=\"og:locale\" content=\"es_ES\" \/>\n<meta property=\"og:type\" content=\"article\" \/>\n<meta property=\"og:title\" content=\"T\u00e9rminos del servicio &#8211; B2Field\" \/>\n<meta property=\"og:description\" content=\"Bienvenido a B2Field.com, el sitio web y servicio en l\u00ednea de B2Field (&quot;B2Field&quot;, &quot;nosotros&quot;). Esta p\u00e1gina explica los t\u00e9rminos con los cuales puede utilizar nuestros servicios en l\u00ednea y \/ o m\u00f3viles, sitio web y software proporcionados o en conexi\u00f3n con el servicio (colectivamente denominado los &quot;Servicios&quot;).\" \/>\n<meta property=\"og:url\" content=\"https:\/\/b2field.com\/es\/legal\/terms-of-service\/\" \/>\n<meta property=\"og:site_name\" content=\"B2Field\" \/>\n<meta property=\"article:publisher\" content=\"https:\/\/www.facebook.com\/B2Field\/\" \/>\n<meta property=\"article:modified_time\" content=\"2021-01-13T10:43:43+00:00\" \/>\n<meta name=\"twitter:card\" content=\"summary_large_image\" \/>\n<meta name=\"twitter:label1\" content=\"Tiempo de lectura\" \/>\n\t<meta name=\"twitter:data1\" content=\"7 minutos\" \/>\n<script type=\"application\/ld+json\" class=\"yoast-schema-graph\">{\"@context\":\"https:\/\/schema.org\",\"@graph\":[{\"@type\":\"WebPage\",\"@id\":\"https:\/\/b2field.com\/es\/legal\/terms-of-service\/\",\"url\":\"https:\/\/b2field.com\/es\/legal\/terms-of-service\/\",\"name\":\"T\u00e9rminos del servicio &#8211; B2Field\",\"isPartOf\":{\"@id\":\"https:\/\/b2field.com\/es\/#website\"},\"datePublished\":\"2021-01-13T10:36:57+00:00\",\"dateModified\":\"2021-01-13T10:43:43+00:00\",\"description\":\"Bienvenido a B2Field.com, el sitio web y servicio en l\u00ednea de B2Field (\\\"B2Field\\\", \\\"nosotros\\\"). Esta p\u00e1gina explica los t\u00e9rminos con los cuales puede utilizar nuestros servicios en l\u00ednea y \/ o m\u00f3viles, sitio web y software proporcionados o en conexi\u00f3n con el servicio (colectivamente denominado los \\\"Servicios\\\").\",\"breadcrumb\":{\"@id\":\"https:\/\/b2field.com\/es\/legal\/terms-of-service\/#breadcrumb\"},\"inLanguage\":\"es\",\"potentialAction\":[{\"@type\":\"ReadAction\",\"target\":[\"https:\/\/b2field.com\/es\/legal\/terms-of-service\/\"]}]},{\"@type\":\"BreadcrumbList\",\"@id\":\"https:\/\/b2field.com\/es\/legal\/terms-of-service\/#breadcrumb\",\"itemListElement\":[{\"@type\":\"ListItem\",\"position\":1,\"name\":\"Home\",\"item\":\"https:\/\/b2field.com\/es\/\"},{\"@type\":\"ListItem\",\"position\":2,\"name\":\"\u0414\u043e\u043a\u0443\u043c\u0435\u043d\u0442\u044b\",\"item\":\"https:\/\/b2field.com\/es\/?page_id=11383\"},{\"@type\":\"ListItem\",\"position\":3,\"name\":\"T\u00e9rminos del servicio\"}]},{\"@type\":\"WebSite\",\"@id\":\"https:\/\/b2field.com\/es\/#website\",\"url\":\"https:\/\/b2field.com\/es\/\",\"name\":\"B2Field\",\"description\":\"\",\"potentialAction\":[{\"@type\":\"SearchAction\",\"target\":{\"@type\":\"EntryPoint\",\"urlTemplate\":\"https:\/\/b2field.com\/es\/?s={search_term_string}\"},\"query-input\":{\"@type\":\"PropertyValueSpecification\",\"valueRequired\":true,\"valueName\":\"search_term_string\"}}],\"inLanguage\":\"es\"}]}<\/script>\n<!-- \/ Yoast SEO plugin. -->","yoast_head_json":{"title":"T\u00e9rminos del servicio &#8211; B2Field","description":"Bienvenido a B2Field.com, el sitio web y servicio en l\u00ednea de B2Field (\"B2Field\", \"nosotros\"). Esta p\u00e1gina explica los t\u00e9rminos con los cuales puede utilizar nuestros servicios en l\u00ednea y \/ o m\u00f3viles, sitio web y software proporcionados o en conexi\u00f3n con el servicio (colectivamente denominado los \"Servicios\").","robots":{"index":"index","follow":"follow","max-snippet":"max-snippet:-1","max-image-preview":"max-image-preview:large","max-video-preview":"max-video-preview:-1"},"canonical":"https:\/\/b2field.com\/es\/legal\/terms-of-service\/","og_locale":"es_ES","og_type":"article","og_title":"T\u00e9rminos del servicio &#8211; B2Field","og_description":"Bienvenido a B2Field.com, el sitio web y servicio en l\u00ednea de B2Field (\"B2Field\", \"nosotros\"). Esta p\u00e1gina explica los t\u00e9rminos con los cuales puede utilizar nuestros servicios en l\u00ednea y \/ o m\u00f3viles, sitio web y software proporcionados o en conexi\u00f3n con el servicio (colectivamente denominado los \"Servicios\").","og_url":"https:\/\/b2field.com\/es\/legal\/terms-of-service\/","og_site_name":"B2Field","article_publisher":"https:\/\/www.facebook.com\/B2Field\/","article_modified_time":"2021-01-13T10:43:43+00:00","twitter_card":"summary_large_image","twitter_misc":{"Tiempo de lectura":"7 minutos"},"schema":{"@context":"https:\/\/schema.org","@graph":[{"@type":"WebPage","@id":"https:\/\/b2field.com\/es\/legal\/terms-of-service\/","url":"https:\/\/b2field.com\/es\/legal\/terms-of-service\/","name":"T\u00e9rminos del servicio &#8211; B2Field","isPartOf":{"@id":"https:\/\/b2field.com\/es\/#website"},"datePublished":"2021-01-13T10:36:57+00:00","dateModified":"2021-01-13T10:43:43+00:00","description":"Bienvenido a B2Field.com, el sitio web y servicio en l\u00ednea de B2Field (\"B2Field\", \"nosotros\"). Esta p\u00e1gina explica los t\u00e9rminos con los cuales puede utilizar nuestros servicios en l\u00ednea y \/ o m\u00f3viles, sitio web y software proporcionados o en conexi\u00f3n con el servicio (colectivamente denominado los \"Servicios\").","breadcrumb":{"@id":"https:\/\/b2field.com\/es\/legal\/terms-of-service\/#breadcrumb"},"inLanguage":"es","potentialAction":[{"@type":"ReadAction","target":["https:\/\/b2field.com\/es\/legal\/terms-of-service\/"]}]},{"@type":"BreadcrumbList","@id":"https:\/\/b2field.com\/es\/legal\/terms-of-service\/#breadcrumb","itemListElement":[{"@type":"ListItem","position":1,"name":"Home","item":"https:\/\/b2field.com\/es\/"},{"@type":"ListItem","position":2,"name":"\u0414\u043e\u043a\u0443\u043c\u0435\u043d\u0442\u044b","item":"https:\/\/b2field.com\/es\/?page_id=11383"},{"@type":"ListItem","position":3,"name":"T\u00e9rminos del servicio"}]},{"@type":"WebSite","@id":"https:\/\/b2field.com\/es\/#website","url":"https:\/\/b2field.com\/es\/","name":"B2Field","description":"","potentialAction":[{"@type":"SearchAction","target":{"@type":"EntryPoint","urlTemplate":"https:\/\/b2field.com\/es\/?s={search_term_string}"},"query-input":{"@type":"PropertyValueSpecification","valueRequired":true,"valueName":"search_term_string"}}],"inLanguage":"es"}]}},"_links":{"self":[{"href":"https:\/\/b2field.com\/es\/wp-json\/wp\/v2\/pages\/11400","targetHints":{"allow":["GET"]}}],"collection":[{"href":"https:\/\/b2field.com\/es\/wp-json\/wp\/v2\/pages"}],"about":[{"href":"https:\/\/b2field.com\/es\/wp-json\/wp\/v2\/types\/page"}],"author":[{"embeddable":true,"href":"https:\/\/b2field.com\/es\/wp-json\/wp\/v2\/users\/8"}],"replies":[{"embeddable":true,"href":"https:\/\/b2field.com\/es\/wp-json\/wp\/v2\/comments?post=11400"}],"version-history":[{"count":2,"href":"https:\/\/b2field.com\/es\/wp-json\/wp\/v2\/pages\/11400\/revisions"}],"predecessor-version":[{"id":11402,"href":"https:\/\/b2field.com\/es\/wp-json\/wp\/v2\/pages\/11400\/revisions\/11402"}],"up":[{"embeddable":true,"href":"https:\/\/b2field.com\/es\/wp-json\/wp\/v2\/pages\/11383"}],"wp:attachment":[{"href":"https:\/\/b2field.com\/es\/wp-json\/wp\/v2\/media?parent=11400"}],"curies":[{"name":"wp","href":"https:\/\/api.w.org\/{rel}","templated":true}]}}