{"id":15429,"date":"2021-10-18T08:25:47","date_gmt":"2021-10-18T08:25:47","guid":{"rendered":"https:\/\/b2field.com\/support\/help\/x-gps-tracker\/recommend-settings\/prochie-proizvoditeli\/"},"modified":"2021-11-17T12:48:42","modified_gmt":"2021-11-17T12:48:42","slug":"prochie-proizvoditeli","status":"publish","type":"page","link":"https:\/\/b2field.com\/es\/support\/help\/x-gps-tracker\/recommend-settings\/prochie-proizvoditeli\/","title":{"rendered":"Otros fabricantes"},"content":{"rendered":"<div class=\"wpb-content-wrapper\"><p>[vc_row][vc_column][vc_column_text]<\/p>\n<h1>Otros fabricantes<\/h1>\n<p>[\/vc_column_text][vc_column_text]<\/p>\n<div id=\"access-to-location\" class=\"wpb_text_column wpb_content_element \">\n<div class=\"wpb_wrapper\">\n<h2>Memoria y Ubicaci\u00f3n<\/h2>\n<\/div>\n<\/div>\n<div class=\"wpb_text_column wpb_content_element \">\n<div class=\"wpb_wrapper\">\n<p>Los servicios de localizaci\u00f3n deben estar activados para que la app B2Field registre la ubicaci\u00f3n actual del empleado y la env\u00ede al servicio.<\/p>\n<p>Para que la aplicaci\u00f3n funcione correctamente sin conexi\u00f3n a Internet, debe permitirle acceder a la memoria del dispositivo.<\/p>\n<\/div>\n<p>Para habilitar el acceso:<\/p>\n<ol>\n<li>Seleccione\u00a0<strong>Configuraciones<\/strong>.<\/li>\n<li>Haga clic en\u00a0<strong>Aplicaciones<\/strong>\u00a0o\u00a0<strong>Administrador de aplicaciones<\/strong>\u00a0(seg\u00fan su dispositivo).<\/li>\n<li>Seleccione la aplicaci\u00f3n<strong>\u00a0B2Field<\/strong>.<\/li>\n<li>Haga clic en\u00a0<strong>Permisos<\/strong>.<\/li>\n<li>Para otorgar permiso a la Ubicaci\u00f3n y Almacenamiento, mueva los interruptores a la derecha. El color cambiar\u00e1 a verde.<\/li>\n<\/ol>\n<\/div>\n<p>[\/vc_column_text][vc_column_text]<\/p>\n<div id=\"run-in-background\" class=\"wpb_text_column wpb_content_element \">\n<div class=\"wpb_wrapper\">\n<h2>Ejecuci\u00f3n en segundo plano<\/h2>\n<\/div>\n<\/div>\n<div class=\"wpb_text_column wpb_content_element \">\n<div class=\"wpb_wrapper\">\n<p>Para recibir actualizaciones de la ubicaci\u00f3n mientras la aplicaci\u00f3n B2Field est\u00e1 minimizada o la pantalla est\u00e1 bloqueada, es necesario activar la ejecuci\u00f3n en segundo plano.<\/p>\n<p>Para habilitar esta opci\u00f3n:<\/p>\n<ol>\n<li>Seleccione\u00a0<strong>Configuraciones<\/strong>.<\/li>\n<li>Haga clic en\u00a0<strong>Aplicaciones<\/strong>\u00a0o\u00a0<strong>Administrador de aplicaciones<\/strong>\u00a0(seg\u00fan su dispositivo).<\/li>\n<li>Seleccione la aplicaci\u00f3n<strong>\u00a0B2Field<\/strong>.<\/li>\n<li>Haga clic en el\u00a0<strong>Uso de datos o Control de Tr\u00e1fico<\/strong>.<\/li>\n<li>Habilite la transferencia de datos en segundo plano. El interruptor cambiar\u00e1 a gris.<\/li>\n<\/ol>\n<\/div>\n<\/div>\n<p>[\/vc_column_text][vc_column_text]<\/p>\n<div id=\"battery-optimization\" class=\"wpb_text_column wpb_content_element \">\n<div class=\"wpb_wrapper\">\n<h2>Ahorrador de bater\u00eda<\/h2>\n<\/div>\n<\/div>\n<div class=\"wpb_text_column wpb_content_element \">\n<div class=\"wpb_wrapper\">\n<p>En algunos dispositivos de Android, los ajustes de ahorro de bater\u00eda, dise\u00f1ados para prolongar la vida de la bater\u00eda, pueden afectar el rendimiento de su aplicaci\u00f3n: el sistema operativo cierra autom\u00e1ticamente la aplicaci\u00f3n B2Field si el dispositivo no ha detectado ning\u00fan movimiento de los veh\u00edculos durante un largo periodo de tiempo. Para evitar el cierre, es necesario a\u00f1adirla a la lista de las aplicaciones no optimizadas.<\/p>\n<p>Para hacer esto:<\/p>\n<ol>\n<li>Abra la\u00a0<strong>Configuraci\u00f3n<\/strong><\/li>\n<li>Presiona\u00a0<strong>Bater\u00eda<\/strong>\u00a0o\u00a0<strong>Energ\u00eda<\/strong>\u00a0(dependiendo del dispositivo).<\/li>\n<li>Abra la secci\u00f3n\u00a0<strong>Ahorrador de bater\u00eda<\/strong>.<br \/>\n<em><strong>Nota:<\/strong>\u00a0Tambi\u00e9n puede encontrarlo en la Configuraci\u00f3n avanzada haciendo clic en los tres puntos en la parte superior de la pantalla.<\/em><\/li>\n<li>Haga clic en\u00a0<strong>Filtro<\/strong>\u00a0y seleccione<strong>\u00a0Todas las aplicaciones<\/strong>.<\/li>\n<li>Seleccione<strong> B2Field<\/strong>\u00a0y habilite la opci\u00f3n\u00a0<strong>No optimizar<\/strong>.<\/li>\n<\/ol>\n<\/div>\n<\/div>\n<p>[\/vc_column_text][\/vc_column][\/vc_row]<\/p>\n<\/div>","protected":false},"excerpt":{"rendered":"<p>[vc_row][vc_column][vc_column_text] Otros fabricantes [\/vc_column_text][vc_column_text] Memoria y Ubicaci\u00f3n Los servicios de localizaci\u00f3n deben estar activados para que la app B2Field registre la ubicaci\u00f3n actual del empleado y la env\u00ede al servicio. Para que la aplicaci\u00f3n funcione correctamente sin conexi\u00f3n a Internet, debe permitirle acceder a la memoria del dispositivo. Para habilitar el acceso: Seleccione\u00a0Configuraciones. Haga clic&#8230;<\/p>\n","protected":false},"author":8,"featured_media":0,"parent":8437,"menu_order":7,"comment_status":"closed","ping_status":"closed","template":"page-support.php","meta":{"_acf_changed":false,"inline_featured_image":false,"footnotes":""},"class_list":["post-15429","page","type-page","status-publish","hentry"],"acf":[],"yoast_head":"<!-- This site is optimized with the Yoast SEO plugin v27.2 - https:\/\/yoast.com\/product\/yoast-seo-wordpress\/ -->\n<title>Otros fabricantes &#8211; B2Field<\/title>\n<meta name=\"description\" content=\"\u041f\u0440\u0438\u043b\u043e\u0436\u0435\u043d\u0438\u0435 X-GPS \u0422\u0440\u0435\u043a\u0435\u0440 \u043f\u043e\u0437\u0432\u043e\u043b\u044f\u0435\u0442 \u0438\u0441\u043f\u043e\u043b\u044c\u0437\u043e\u0432\u0430\u0442\u044c \u0441\u043c\u0430\u0440\u0442\u0444\u043e\u043d \u0438\u043b\u0438 \u043f\u043b\u0430\u043d\u0448\u0435\u0442 \u0432 \u043a\u0430\u0447\u0435\u0441\u0442\u0432\u0435 \u0442\u0440\u0435\u043a\u0435\u0440\u0430. \u0421 \u0435\u0433\u043e \u043f\u043e\u043c\u043e\u0449\u044c\u044e \u0432\u044b \u043c\u043e\u0436\u0435\u0442\u0435 \u043e\u0442\u0441\u043b\u0435\u0434\u0438\u0442\u044c \u043f\u0435\u0440\u0435\u043c\u0435\u0449\u0435\u043d\u0438\u044f \u0432\u043b\u0430\u0434\u0435\u043b\u044c\u0446\u0430 \u0443\u0441\u0442\u0440\u043e\u0439\u0441\u0442\u0432\u0430 \u0432 \u0440\u0435\u0436\u0438\u043c\u0435 \u043e\u043d\u043b\u0430\u0439\u043d.\" \/>\n<meta name=\"robots\" content=\"index, follow, max-snippet:-1, max-image-preview:large, max-video-preview:-1\" \/>\n<link rel=\"canonical\" href=\"https:\/\/b2field.com\/es\/support\/help\/x-gps-tracker\/recommend-settings\/prochie-proizvoditeli\/\" \/>\n<meta property=\"og:locale\" content=\"es_ES\" \/>\n<meta property=\"og:type\" content=\"article\" \/>\n<meta property=\"og:title\" content=\"Otros fabricantes &#8211; B2Field\" \/>\n<meta property=\"og:description\" content=\"\u041f\u0440\u0438\u043b\u043e\u0436\u0435\u043d\u0438\u0435 X-GPS \u0422\u0440\u0435\u043a\u0435\u0440 \u043f\u043e\u0437\u0432\u043e\u043b\u044f\u0435\u0442 \u0438\u0441\u043f\u043e\u043b\u044c\u0437\u043e\u0432\u0430\u0442\u044c \u0441\u043c\u0430\u0440\u0442\u0444\u043e\u043d \u0438\u043b\u0438 \u043f\u043b\u0430\u043d\u0448\u0435\u0442 \u0432 \u043a\u0430\u0447\u0435\u0441\u0442\u0432\u0435 \u0442\u0440\u0435\u043a\u0435\u0440\u0430. \u0421 \u0435\u0433\u043e \u043f\u043e\u043c\u043e\u0449\u044c\u044e \u0432\u044b \u043c\u043e\u0436\u0435\u0442\u0435 \u043e\u0442\u0441\u043b\u0435\u0434\u0438\u0442\u044c \u043f\u0435\u0440\u0435\u043c\u0435\u0449\u0435\u043d\u0438\u044f \u0432\u043b\u0430\u0434\u0435\u043b\u044c\u0446\u0430 \u0443\u0441\u0442\u0440\u043e\u0439\u0441\u0442\u0432\u0430 \u0432 \u0440\u0435\u0436\u0438\u043c\u0435 \u043e\u043d\u043b\u0430\u0439\u043d.\" \/>\n<meta property=\"og:url\" content=\"https:\/\/b2field.com\/es\/support\/help\/x-gps-tracker\/recommend-settings\/prochie-proizvoditeli\/\" \/>\n<meta property=\"og:site_name\" content=\"B2Field\" \/>\n<meta property=\"article:publisher\" content=\"https:\/\/www.facebook.com\/B2Field\/\" \/>\n<meta property=\"article:modified_time\" content=\"2021-11-17T12:48:42+00:00\" \/>\n<meta name=\"twitter:card\" content=\"summary_large_image\" \/>\n<meta name=\"twitter:label1\" content=\"Tiempo de lectura\" \/>\n\t<meta name=\"twitter:data1\" content=\"2 minutos\" \/>\n<script type=\"application\/ld+json\" class=\"yoast-schema-graph\">{\"@context\":\"https:\/\/schema.org\",\"@graph\":[{\"@type\":\"WebPage\",\"@id\":\"https:\/\/b2field.com\/es\/support\/help\/x-gps-tracker\/recommend-settings\/prochie-proizvoditeli\/\",\"url\":\"https:\/\/b2field.com\/es\/support\/help\/x-gps-tracker\/recommend-settings\/prochie-proizvoditeli\/\",\"name\":\"Otros fabricantes &#8211; B2Field\",\"isPartOf\":{\"@id\":\"https:\/\/b2field.com\/es\/#website\"},\"datePublished\":\"2021-10-18T08:25:47+00:00\",\"dateModified\":\"2021-11-17T12:48:42+00:00\",\"description\":\"\u041f\u0440\u0438\u043b\u043e\u0436\u0435\u043d\u0438\u0435 X-GPS \u0422\u0440\u0435\u043a\u0435\u0440 \u043f\u043e\u0437\u0432\u043e\u043b\u044f\u0435\u0442 \u0438\u0441\u043f\u043e\u043b\u044c\u0437\u043e\u0432\u0430\u0442\u044c \u0441\u043c\u0430\u0440\u0442\u0444\u043e\u043d \u0438\u043b\u0438 \u043f\u043b\u0430\u043d\u0448\u0435\u0442 \u0432 \u043a\u0430\u0447\u0435\u0441\u0442\u0432\u0435 \u0442\u0440\u0435\u043a\u0435\u0440\u0430. \u0421 \u0435\u0433\u043e \u043f\u043e\u043c\u043e\u0449\u044c\u044e \u0432\u044b \u043c\u043e\u0436\u0435\u0442\u0435 \u043e\u0442\u0441\u043b\u0435\u0434\u0438\u0442\u044c \u043f\u0435\u0440\u0435\u043c\u0435\u0449\u0435\u043d\u0438\u044f \u0432\u043b\u0430\u0434\u0435\u043b\u044c\u0446\u0430 \u0443\u0441\u0442\u0440\u043e\u0439\u0441\u0442\u0432\u0430 \u0432 \u0440\u0435\u0436\u0438\u043c\u0435 \u043e\u043d\u043b\u0430\u0439\u043d.\",\"breadcrumb\":{\"@id\":\"https:\/\/b2field.com\/es\/support\/help\/x-gps-tracker\/recommend-settings\/prochie-proizvoditeli\/#breadcrumb\"},\"inLanguage\":\"es\",\"potentialAction\":[{\"@type\":\"ReadAction\",\"target\":[\"https:\/\/b2field.com\/es\/support\/help\/x-gps-tracker\/recommend-settings\/prochie-proizvoditeli\/\"]}]},{\"@type\":\"BreadcrumbList\",\"@id\":\"https:\/\/b2field.com\/es\/support\/help\/x-gps-tracker\/recommend-settings\/prochie-proizvoditeli\/#breadcrumb\",\"itemListElement\":[{\"@type\":\"ListItem\",\"position\":1,\"name\":\"Home\",\"item\":\"https:\/\/b2field.com\/es\/\"},{\"@type\":\"ListItem\",\"position\":2,\"name\":\"Soporte\",\"item\":\"https:\/\/b2field.com\/es\/support\/\"},{\"@type\":\"ListItem\",\"position\":3,\"name\":\"Gu\u00edas de usuario\",\"item\":\"https:\/\/b2field.com\/es\/support\/help\/\"},{\"@type\":\"ListItem\",\"position\":4,\"name\":\"Aplicaci\u00f3n m\u00f3vil para personas y empleados\",\"item\":\"https:\/\/b2field.com\/es\/support\/help\/x-gps-tracker\/\"},{\"@type\":\"ListItem\",\"position\":5,\"name\":\"Ajustes y recomendaciones para los dispositivos\",\"item\":\"https:\/\/b2field.com\/es\/support\/help\/x-gps-tracker\/recommend-settings\/\"},{\"@type\":\"ListItem\",\"position\":6,\"name\":\"Otros fabricantes\"}]},{\"@type\":\"WebSite\",\"@id\":\"https:\/\/b2field.com\/es\/#website\",\"url\":\"https:\/\/b2field.com\/es\/\",\"name\":\"B2Field\",\"description\":\"\",\"potentialAction\":[{\"@type\":\"SearchAction\",\"target\":{\"@type\":\"EntryPoint\",\"urlTemplate\":\"https:\/\/b2field.com\/es\/?s={search_term_string}\"},\"query-input\":{\"@type\":\"PropertyValueSpecification\",\"valueRequired\":true,\"valueName\":\"search_term_string\"}}],\"inLanguage\":\"es\"}]}<\/script>\n<!-- \/ Yoast SEO plugin. -->","yoast_head_json":{"title":"Otros fabricantes &#8211; B2Field","description":"\u041f\u0440\u0438\u043b\u043e\u0436\u0435\u043d\u0438\u0435 X-GPS \u0422\u0440\u0435\u043a\u0435\u0440 \u043f\u043e\u0437\u0432\u043e\u043b\u044f\u0435\u0442 \u0438\u0441\u043f\u043e\u043b\u044c\u0437\u043e\u0432\u0430\u0442\u044c \u0441\u043c\u0430\u0440\u0442\u0444\u043e\u043d \u0438\u043b\u0438 \u043f\u043b\u0430\u043d\u0448\u0435\u0442 \u0432 \u043a\u0430\u0447\u0435\u0441\u0442\u0432\u0435 \u0442\u0440\u0435\u043a\u0435\u0440\u0430. \u0421 \u0435\u0433\u043e \u043f\u043e\u043c\u043e\u0449\u044c\u044e \u0432\u044b \u043c\u043e\u0436\u0435\u0442\u0435 \u043e\u0442\u0441\u043b\u0435\u0434\u0438\u0442\u044c \u043f\u0435\u0440\u0435\u043c\u0435\u0449\u0435\u043d\u0438\u044f \u0432\u043b\u0430\u0434\u0435\u043b\u044c\u0446\u0430 \u0443\u0441\u0442\u0440\u043e\u0439\u0441\u0442\u0432\u0430 \u0432 \u0440\u0435\u0436\u0438\u043c\u0435 \u043e\u043d\u043b\u0430\u0439\u043d.","robots":{"index":"index","follow":"follow","max-snippet":"max-snippet:-1","max-image-preview":"max-image-preview:large","max-video-preview":"max-video-preview:-1"},"canonical":"https:\/\/b2field.com\/es\/support\/help\/x-gps-tracker\/recommend-settings\/prochie-proizvoditeli\/","og_locale":"es_ES","og_type":"article","og_title":"Otros fabricantes &#8211; B2Field","og_description":"\u041f\u0440\u0438\u043b\u043e\u0436\u0435\u043d\u0438\u0435 X-GPS \u0422\u0440\u0435\u043a\u0435\u0440 \u043f\u043e\u0437\u0432\u043e\u043b\u044f\u0435\u0442 \u0438\u0441\u043f\u043e\u043b\u044c\u0437\u043e\u0432\u0430\u0442\u044c \u0441\u043c\u0430\u0440\u0442\u0444\u043e\u043d \u0438\u043b\u0438 \u043f\u043b\u0430\u043d\u0448\u0435\u0442 \u0432 \u043a\u0430\u0447\u0435\u0441\u0442\u0432\u0435 \u0442\u0440\u0435\u043a\u0435\u0440\u0430. \u0421 \u0435\u0433\u043e \u043f\u043e\u043c\u043e\u0449\u044c\u044e \u0432\u044b \u043c\u043e\u0436\u0435\u0442\u0435 \u043e\u0442\u0441\u043b\u0435\u0434\u0438\u0442\u044c \u043f\u0435\u0440\u0435\u043c\u0435\u0449\u0435\u043d\u0438\u044f \u0432\u043b\u0430\u0434\u0435\u043b\u044c\u0446\u0430 \u0443\u0441\u0442\u0440\u043e\u0439\u0441\u0442\u0432\u0430 \u0432 \u0440\u0435\u0436\u0438\u043c\u0435 \u043e\u043d\u043b\u0430\u0439\u043d.","og_url":"https:\/\/b2field.com\/es\/support\/help\/x-gps-tracker\/recommend-settings\/prochie-proizvoditeli\/","og_site_name":"B2Field","article_publisher":"https:\/\/www.facebook.com\/B2Field\/","article_modified_time":"2021-11-17T12:48:42+00:00","twitter_card":"summary_large_image","twitter_misc":{"Tiempo de lectura":"2 minutos"},"schema":{"@context":"https:\/\/schema.org","@graph":[{"@type":"WebPage","@id":"https:\/\/b2field.com\/es\/support\/help\/x-gps-tracker\/recommend-settings\/prochie-proizvoditeli\/","url":"https:\/\/b2field.com\/es\/support\/help\/x-gps-tracker\/recommend-settings\/prochie-proizvoditeli\/","name":"Otros fabricantes &#8211; B2Field","isPartOf":{"@id":"https:\/\/b2field.com\/es\/#website"},"datePublished":"2021-10-18T08:25:47+00:00","dateModified":"2021-11-17T12:48:42+00:00","description":"\u041f\u0440\u0438\u043b\u043e\u0436\u0435\u043d\u0438\u0435 X-GPS \u0422\u0440\u0435\u043a\u0435\u0440 \u043f\u043e\u0437\u0432\u043e\u043b\u044f\u0435\u0442 \u0438\u0441\u043f\u043e\u043b\u044c\u0437\u043e\u0432\u0430\u0442\u044c \u0441\u043c\u0430\u0440\u0442\u0444\u043e\u043d \u0438\u043b\u0438 \u043f\u043b\u0430\u043d\u0448\u0435\u0442 \u0432 \u043a\u0430\u0447\u0435\u0441\u0442\u0432\u0435 \u0442\u0440\u0435\u043a\u0435\u0440\u0430. \u0421 \u0435\u0433\u043e \u043f\u043e\u043c\u043e\u0449\u044c\u044e \u0432\u044b \u043c\u043e\u0436\u0435\u0442\u0435 \u043e\u0442\u0441\u043b\u0435\u0434\u0438\u0442\u044c \u043f\u0435\u0440\u0435\u043c\u0435\u0449\u0435\u043d\u0438\u044f \u0432\u043b\u0430\u0434\u0435\u043b\u044c\u0446\u0430 \u0443\u0441\u0442\u0440\u043e\u0439\u0441\u0442\u0432\u0430 \u0432 \u0440\u0435\u0436\u0438\u043c\u0435 \u043e\u043d\u043b\u0430\u0439\u043d.","breadcrumb":{"@id":"https:\/\/b2field.com\/es\/support\/help\/x-gps-tracker\/recommend-settings\/prochie-proizvoditeli\/#breadcrumb"},"inLanguage":"es","potentialAction":[{"@type":"ReadAction","target":["https:\/\/b2field.com\/es\/support\/help\/x-gps-tracker\/recommend-settings\/prochie-proizvoditeli\/"]}]},{"@type":"BreadcrumbList","@id":"https:\/\/b2field.com\/es\/support\/help\/x-gps-tracker\/recommend-settings\/prochie-proizvoditeli\/#breadcrumb","itemListElement":[{"@type":"ListItem","position":1,"name":"Home","item":"https:\/\/b2field.com\/es\/"},{"@type":"ListItem","position":2,"name":"Soporte","item":"https:\/\/b2field.com\/es\/support\/"},{"@type":"ListItem","position":3,"name":"Gu\u00edas de usuario","item":"https:\/\/b2field.com\/es\/support\/help\/"},{"@type":"ListItem","position":4,"name":"Aplicaci\u00f3n m\u00f3vil para personas y empleados","item":"https:\/\/b2field.com\/es\/support\/help\/x-gps-tracker\/"},{"@type":"ListItem","position":5,"name":"Ajustes y recomendaciones para los dispositivos","item":"https:\/\/b2field.com\/es\/support\/help\/x-gps-tracker\/recommend-settings\/"},{"@type":"ListItem","position":6,"name":"Otros fabricantes"}]},{"@type":"WebSite","@id":"https:\/\/b2field.com\/es\/#website","url":"https:\/\/b2field.com\/es\/","name":"B2Field","description":"","potentialAction":[{"@type":"SearchAction","target":{"@type":"EntryPoint","urlTemplate":"https:\/\/b2field.com\/es\/?s={search_term_string}"},"query-input":{"@type":"PropertyValueSpecification","valueRequired":true,"valueName":"search_term_string"}}],"inLanguage":"es"}]}},"_links":{"self":[{"href":"https:\/\/b2field.com\/es\/wp-json\/wp\/v2\/pages\/15429","targetHints":{"allow":["GET"]}}],"collection":[{"href":"https:\/\/b2field.com\/es\/wp-json\/wp\/v2\/pages"}],"about":[{"href":"https:\/\/b2field.com\/es\/wp-json\/wp\/v2\/types\/page"}],"author":[{"embeddable":true,"href":"https:\/\/b2field.com\/es\/wp-json\/wp\/v2\/users\/8"}],"replies":[{"embeddable":true,"href":"https:\/\/b2field.com\/es\/wp-json\/wp\/v2\/comments?post=15429"}],"version-history":[{"count":2,"href":"https:\/\/b2field.com\/es\/wp-json\/wp\/v2\/pages\/15429\/revisions"}],"predecessor-version":[{"id":15435,"href":"https:\/\/b2field.com\/es\/wp-json\/wp\/v2\/pages\/15429\/revisions\/15435"}],"up":[{"embeddable":true,"href":"https:\/\/b2field.com\/es\/wp-json\/wp\/v2\/pages\/8437"}],"wp:attachment":[{"href":"https:\/\/b2field.com\/es\/wp-json\/wp\/v2\/media?parent=15429"}],"curies":[{"name":"wp","href":"https:\/\/api.w.org\/{rel}","templated":true}]}}