{"id":1918,"date":"2018-10-19T13:03:16","date_gmt":"2018-10-19T13:03:16","guid":{"rendered":"http:\/\/api.b2field.com\/solutions\/small-and-midsize-business\/"},"modified":"2021-03-04T10:06:53","modified_gmt":"2021-03-04T10:06:53","slug":"small-and-midsize-business","status":"publish","type":"page","link":"https:\/\/b2field.com\/es\/solutions\/small-and-midsize-business\/","title":{"rendered":"Gesti\u00f3n de trabajadores por GPS \u2013 Soluciones para PyMES"},"content":{"rendered":"<div class=\"wpb-content-wrapper\"><p>[vc_row full_width=&#8221;stretch_row&#8221; css=&#8221;.vc_custom_1614852358808{padding-top: 85px !important;padding-bottom: 60px !important;background-image: url(https:\/\/b2field.com\/wp-content\/uploads\/2018\/10\/bg-small-businesses.jpg?id=1165) !important;background-position: center !important;background-repeat: no-repeat !important;background-size: cover !important;}&#8221; el_class=&#8221;text-white&#8221;][vc_column width=&#8221;1\/2&#8243;][vc_column_text css=&#8221;.vc_custom_1539972092355{margin-bottom: 20px !important;padding-top: 65px !important;}&#8221;]<\/p>\n<h1>B2Field para peque\u00f1as y<br \/>\nmedianas empresas (PyMES)<\/h1>\n<p>[\/vc_column_text][vc_column_text css=&#8221;.vc_custom_1539972110813{padding-right: 100px !important;}&#8221;]B2Field ofrece una soluci\u00f3n de gesti\u00f3n de servicios de campo Todo-en-Uno a precios asequibles, permitiendo a las peque\u00f1as y medianas empresas centrarse en su crecimiento y escalabilidad.[\/vc_column_text]<div class='button'>\r\n\t\t<a href='\/es\/signup\/' class='button__url button__url--blue' >VER DEMO<\/a>\r\n\t<\/div>[\/vc_column][vc_column width=&#8221;1\/2&#8243; el_class=&#8221;desktop-only&#8221;][\/vc_column][\/vc_row][vc_row css=&#8221;.vc_custom_1539972157006{padding-top: 105px !important;padding-bottom: 65px !important;}&#8221;][vc_column][vc_column_text css=&#8221;.vc_custom_1539972173885{margin-bottom: 25px !important;}&#8221;]<\/p>\n<h2 style=\"text-align: center;\">Soluci\u00f3n para hacer crecer su negocio<\/h2>\n<p>[\/vc_column_text][vc_column_text]<\/p>\n<p style=\"text-align: center; max-width: 725px; line-height: 24px; margin: 0 auto; letter-spacing: -0.1px;\">B2Field ofrece todas las funciones y herramientas necesarias para una gesti\u00f3n efectiva de la fuerza de trabajo m\u00f3vil, que incluye un amplio soporte y una s\u00f3lida experiencia. Nuestros especialistas garantizan una incorporaci\u00f3n f\u00e1cil y una implementaci\u00f3n sin interrupciones para impulsar su negocio.<\/p>\n<p>[\/vc_column_text][vc_row_inner css=&#8221;.vc_custom_1540528192963{padding-bottom: 55px !important;}&#8221;][vc_column_inner width=&#8221;1\/12&#8243;][\/vc_column_inner][vc_column_inner width=&#8221;5\/6&#8243;][vc_single_image source=&#8221;external_link&#8221; custom_src=&#8221;\/wp-content\/uploads\/2018\/12\/small-businesses-main_en.png&#8221; css=&#8221;.vc_custom_1544095025533{padding-right: 20px !important;padding-left: 20px !important;}&#8221;][\/vc_column_inner][vc_column_inner width=&#8221;1\/12&#8243;][\/vc_column_inner][\/vc_row_inner][vc_row_inner][vc_column_inner width=&#8221;1\/3&#8243;][vc_column_text css=&#8221;.vc_custom_1540528221032{margin-bottom: 10px !important;}&#8221;]<\/p>\n<h4 style=\"text-align: center;\">Page a medida que crece<\/h4>\n<p>[\/vc_column_text][vc_column_text]<\/p>\n<p style=\"text-align: center;\">Nuestros planes de suscripci\u00f3n mensual justos y asequibles le permiten evitar grandes inversiones al inicio y reducir el costo total de propiedad. Puede actualizar su plan tarifario siempre que est\u00e9 listo para agregar m\u00e1s capacidades y llevar su negocio al siguiente nivel.<\/p>\n<p>[\/vc_column_text][\/vc_column_inner][vc_column_inner width=&#8221;1\/3&#8243;][vc_column_text css=&#8221;.vc_custom_1540528228638{margin-bottom: 10px !important;}&#8221;]<\/p>\n<h4 style=\"text-align: center;\">Escala sin l\u00edmites<\/h4>\n<p>[\/vc_column_text][vc_column_text]<\/p>\n<p style=\"text-align: center;\">B2Field es una soluci\u00f3n innovadora que evoluciona junto con su negocio a medida que aumenta su posici\u00f3n en el mercado. Proporciona todas las herramientas necesarias para un crecimiento ilimitado. B2Field le brinda la confiabilidad que necesita para el desarrollo de su negocio.<\/p>\n<p>[\/vc_column_text][\/vc_column_inner][vc_column_inner width=&#8221;1\/3&#8243;][vc_column_text css=&#8221;.vc_custom_1540528235555{margin-bottom: 10px !important;}&#8221;]<\/p>\n<h4 style=\"text-align: center;\">Si\u00e9ntase respaldado<\/h4>\n<p>[\/vc_column_text][vc_column_text]<\/p>\n<p style=\"text-align: center;\">Realmente creemos que el apoyo de un experto es importante para el \u00e9xito de su negocio. Uno de nuestros principales objetivos es maximizar sus ganancias con menos tiempo y esfuerzos. De este modo, nuestros especialistas siempre estar\u00e1n listos para ayudarlo con cualquier desaf\u00edo comercial.<\/p>\n<p>[\/vc_column_text][\/vc_column_inner][\/vc_row_inner][\/vc_column][\/vc_row][vc_row css=&#8221;.vc_custom_1540528255025{padding-top: 45px !important;padding-bottom: 30px !important;}&#8221;][vc_column width=&#8221;1\/6&#8243;][\/vc_column][vc_column width=&#8221;5\/12&#8243;][vc_column_text css=&#8221;.vc_custom_1539954043722{padding-top: 30px !important;}&#8221;]Descubra c\u00f3mo B2Field puede ayudar a optimizar su negocio[\/vc_column_text][\/vc_column][vc_column width=&#8221;1\/4&#8243; css=&#8221;.vc_custom_1535815213054{padding-top: 20px !important;}&#8221;]<div class='button button--left'>\r\n\t\t<a href='\/es\/signup\/' class='button__url button__url--mint' >PRUEBA GRATUITA<\/a>\r\n\t<\/div>[\/vc_column][vc_column width=&#8221;1\/6&#8243;][\/vc_column][\/vc_row][vc_row full_width=&#8221;stretch_row&#8221; css=&#8221;.vc_custom_1614852410218{padding-top: 140px !important;padding-bottom: 55px !important;background-image: url(https:\/\/b2field.com\/wp-content\/uploads\/2018\/10\/small-businesses-review.jpg?id=1171) !important;background-position: center !important;background-repeat: no-repeat !important;background-size: cover !important;}&#8221; el_class=&#8221;bg-blue&#8221;][vc_column width=&#8221;1\/6&#8243;][\/vc_column][vc_column width=&#8221;2\/3&#8243;][vc_column_text]<\/p>\n<p style=\"text-align: center; font-size: 17px; line-height: 28px;\">\u201cQued\u00e9 sorprendido cuando conoc\u00ed B2Field. Su facilidad de uso es simplemente incre\u00edble. Nos llev\u00f3 solo 2 dias explorar todas las caracter\u00edsticas principales. Ahora podemos realizar un seguimiento de todos nuestros correos en l\u00ednea y designar trabajos de manera m\u00e1s efectiva\u201d<\/p>\n<p>[\/vc_column_text][vc_column_text css=&#8221;.vc_custom_1540528463060{margin-bottom: 0px !important;}&#8221;]<\/p>\n<p style=\"text-align: center; font-size: 18px; font-weight: 500;\">Jonathan Sullivan<\/p>\n<p>[\/vc_column_text][vc_column_text]<\/p>\n<p style=\"text-align: center;\">Fundador y CEO de MaxyLight LLC<\/p>\n<p>[\/vc_column_text][\/vc_column][vc_column width=&#8221;1\/6&#8243;][\/vc_column][\/vc_row][vc_row full_width=&#8221;stretch_row&#8221; el_class=&#8221;bg-blue-dark foot-reg-block&#8221;][vc_column][vc_column_text el_class=&#8221;foot-reg-block__title&#8221;]Explore las funciones avanzadas de B2Field para<br \/>\npeque\u00f1as y medianas empresas (PyMES)[\/vc_column_text][vc_row_inner][vc_column_inner width=&#8221;1\/2&#8243;]<div class='button button--right'>\r\n\t\t<a href='\/es\/signup\/' class='button__url button__url--mint' >VER DEMO<\/a>\r\n\t<\/div>[\/vc_column_inner][vc_column_inner width=&#8221;1\/2&#8243;]<div class='button'>\r\n\t\t<a href='\/es\/signup\/' class='button__url button__url--white' >Registrarse<\/a>\r\n\t<\/div>[\/vc_column_inner][\/vc_row_inner][\/vc_column][\/vc_row]<\/p>\n<\/div>","protected":false},"excerpt":{"rendered":"<p>[vc_row full_width=&#8221;stretch_row&#8221; css=&#8221;.vc_custom_1614852358808{padding-top: 85px !important;padding-bottom: 60px !important;background-image: url(https:\/\/b2field.com\/wp-content\/uploads\/2018\/10\/bg-small-businesses.jpg?id=1165) !important;background-position: center !important;background-repeat: no-repeat !important;background-size: cover !important;}&#8221; el_class=&#8221;text-white&#8221;][vc_column width=&#8221;1\/2&#8243;][vc_column_text css=&#8221;.vc_custom_1539972092355{margin-bottom: 20px !important;padding-top: 65px !important;}&#8221;] B2Field para peque\u00f1as y medianas empresas (PyMES) [\/vc_column_text][vc_column_text css=&#8221;.vc_custom_1539972110813{padding-right: 100px !important;}&#8221;]B2Field ofrece una soluci\u00f3n de gesti\u00f3n de servicios de campo Todo-en-Uno a precios asequibles, permitiendo a las peque\u00f1as y medianas empresas centrarse en&#8230;<\/p>\n","protected":false},"author":8,"featured_media":0,"parent":1862,"menu_order":0,"comment_status":"closed","ping_status":"closed","template":"","meta":{"_acf_changed":false,"inline_featured_image":false,"footnotes":""},"class_list":["post-1918","page","type-page","status-publish","hentry"],"acf":[],"yoast_head":"<!-- This site is optimized with the Yoast SEO plugin v27.2 - https:\/\/yoast.com\/product\/yoast-seo-wordpress\/ -->\n<title>Gesti\u00f3n de trabajadores por GPS \u2013 Soluciones para PyMES &#8211; B2Field<\/title>\n<meta name=\"description\" content=\"\u00a1No te conformes con poco! B2Field ofrece una soluci\u00f3n de gesti\u00f3n de servicios de campo Todo-en-Uno a precios asequibles, permitiendo a las peque\u00f1as y medianas empresas centrarse en su crecimiento y escalabilidad. Disfrute de nuestras apps m\u00f3viles gratis para impulsar su negocio\" \/>\n<meta name=\"robots\" content=\"index, follow, max-snippet:-1, max-image-preview:large, max-video-preview:-1\" \/>\n<link rel=\"canonical\" href=\"https:\/\/b2field.com\/es\/solutions\/small-and-midsize-business\/\" \/>\n<meta property=\"og:locale\" content=\"es_ES\" \/>\n<meta property=\"og:type\" content=\"article\" \/>\n<meta property=\"og:title\" content=\"Gesti\u00f3n de trabajadores por GPS \u2013 Soluciones para PyMES &#8211; B2Field\" \/>\n<meta property=\"og:description\" content=\"\u00a1No te conformes con poco! B2Field ofrece una soluci\u00f3n de gesti\u00f3n de servicios de campo Todo-en-Uno a precios asequibles, permitiendo a las peque\u00f1as y medianas empresas centrarse en su crecimiento y escalabilidad. Disfrute de nuestras apps m\u00f3viles gratis para impulsar su negocio\" \/>\n<meta property=\"og:url\" content=\"https:\/\/b2field.com\/es\/solutions\/small-and-midsize-business\/\" \/>\n<meta property=\"og:site_name\" content=\"B2Field\" \/>\n<meta property=\"article:publisher\" content=\"https:\/\/www.facebook.com\/B2Field\/\" \/>\n<meta property=\"article:modified_time\" content=\"2021-03-04T10:06:53+00:00\" \/>\n<meta name=\"twitter:card\" content=\"summary_large_image\" \/>\n<meta name=\"twitter:label1\" content=\"Tiempo de lectura\" \/>\n\t<meta name=\"twitter:data1\" content=\"2 minutos\" \/>\n<script type=\"application\/ld+json\" class=\"yoast-schema-graph\">{\"@context\":\"https:\/\/schema.org\",\"@graph\":[{\"@type\":\"WebPage\",\"@id\":\"https:\/\/b2field.com\/es\/solutions\/small-and-midsize-business\/\",\"url\":\"https:\/\/b2field.com\/es\/solutions\/small-and-midsize-business\/\",\"name\":\"Gesti\u00f3n de trabajadores por GPS \u2013 Soluciones para PyMES &#8211; B2Field\",\"isPartOf\":{\"@id\":\"https:\/\/b2field.com\/es\/#website\"},\"datePublished\":\"2018-10-19T13:03:16+00:00\",\"dateModified\":\"2021-03-04T10:06:53+00:00\",\"description\":\"\u00a1No te conformes con poco! B2Field ofrece una soluci\u00f3n de gesti\u00f3n de servicios de campo Todo-en-Uno a precios asequibles, permitiendo a las peque\u00f1as y medianas empresas centrarse en su crecimiento y escalabilidad. Disfrute de nuestras apps m\u00f3viles gratis para impulsar su negocio\",\"breadcrumb\":{\"@id\":\"https:\/\/b2field.com\/es\/solutions\/small-and-midsize-business\/#breadcrumb\"},\"inLanguage\":\"es\",\"potentialAction\":[{\"@type\":\"ReadAction\",\"target\":[\"https:\/\/b2field.com\/es\/solutions\/small-and-midsize-business\/\"]}]},{\"@type\":\"BreadcrumbList\",\"@id\":\"https:\/\/b2field.com\/es\/solutions\/small-and-midsize-business\/#breadcrumb\",\"itemListElement\":[{\"@type\":\"ListItem\",\"position\":1,\"name\":\"Home\",\"item\":\"https:\/\/b2field.com\/es\/\"},{\"@type\":\"ListItem\",\"position\":2,\"name\":\"Soluciones\",\"item\":\"https:\/\/b2field.com\/es\/?page_id=1862\"},{\"@type\":\"ListItem\",\"position\":3,\"name\":\"Gesti\u00f3n de trabajadores por GPS \u2013 Soluciones para PyMES\"}]},{\"@type\":\"WebSite\",\"@id\":\"https:\/\/b2field.com\/es\/#website\",\"url\":\"https:\/\/b2field.com\/es\/\",\"name\":\"B2Field\",\"description\":\"\",\"potentialAction\":[{\"@type\":\"SearchAction\",\"target\":{\"@type\":\"EntryPoint\",\"urlTemplate\":\"https:\/\/b2field.com\/es\/?s={search_term_string}\"},\"query-input\":{\"@type\":\"PropertyValueSpecification\",\"valueRequired\":true,\"valueName\":\"search_term_string\"}}],\"inLanguage\":\"es\"}]}<\/script>\n<!-- \/ Yoast SEO plugin. -->","yoast_head_json":{"title":"Gesti\u00f3n de trabajadores por GPS \u2013 Soluciones para PyMES &#8211; B2Field","description":"\u00a1No te conformes con poco! B2Field ofrece una soluci\u00f3n de gesti\u00f3n de servicios de campo Todo-en-Uno a precios asequibles, permitiendo a las peque\u00f1as y medianas empresas centrarse en su crecimiento y escalabilidad. Disfrute de nuestras apps m\u00f3viles gratis para impulsar su negocio","robots":{"index":"index","follow":"follow","max-snippet":"max-snippet:-1","max-image-preview":"max-image-preview:large","max-video-preview":"max-video-preview:-1"},"canonical":"https:\/\/b2field.com\/es\/solutions\/small-and-midsize-business\/","og_locale":"es_ES","og_type":"article","og_title":"Gesti\u00f3n de trabajadores por GPS \u2013 Soluciones para PyMES &#8211; B2Field","og_description":"\u00a1No te conformes con poco! B2Field ofrece una soluci\u00f3n de gesti\u00f3n de servicios de campo Todo-en-Uno a precios asequibles, permitiendo a las peque\u00f1as y medianas empresas centrarse en su crecimiento y escalabilidad. Disfrute de nuestras apps m\u00f3viles gratis para impulsar su negocio","og_url":"https:\/\/b2field.com\/es\/solutions\/small-and-midsize-business\/","og_site_name":"B2Field","article_publisher":"https:\/\/www.facebook.com\/B2Field\/","article_modified_time":"2021-03-04T10:06:53+00:00","twitter_card":"summary_large_image","twitter_misc":{"Tiempo de lectura":"2 minutos"},"schema":{"@context":"https:\/\/schema.org","@graph":[{"@type":"WebPage","@id":"https:\/\/b2field.com\/es\/solutions\/small-and-midsize-business\/","url":"https:\/\/b2field.com\/es\/solutions\/small-and-midsize-business\/","name":"Gesti\u00f3n de trabajadores por GPS \u2013 Soluciones para PyMES &#8211; B2Field","isPartOf":{"@id":"https:\/\/b2field.com\/es\/#website"},"datePublished":"2018-10-19T13:03:16+00:00","dateModified":"2021-03-04T10:06:53+00:00","description":"\u00a1No te conformes con poco! B2Field ofrece una soluci\u00f3n de gesti\u00f3n de servicios de campo Todo-en-Uno a precios asequibles, permitiendo a las peque\u00f1as y medianas empresas centrarse en su crecimiento y escalabilidad. Disfrute de nuestras apps m\u00f3viles gratis para impulsar su negocio","breadcrumb":{"@id":"https:\/\/b2field.com\/es\/solutions\/small-and-midsize-business\/#breadcrumb"},"inLanguage":"es","potentialAction":[{"@type":"ReadAction","target":["https:\/\/b2field.com\/es\/solutions\/small-and-midsize-business\/"]}]},{"@type":"BreadcrumbList","@id":"https:\/\/b2field.com\/es\/solutions\/small-and-midsize-business\/#breadcrumb","itemListElement":[{"@type":"ListItem","position":1,"name":"Home","item":"https:\/\/b2field.com\/es\/"},{"@type":"ListItem","position":2,"name":"Soluciones","item":"https:\/\/b2field.com\/es\/?page_id=1862"},{"@type":"ListItem","position":3,"name":"Gesti\u00f3n de trabajadores por GPS \u2013 Soluciones para PyMES"}]},{"@type":"WebSite","@id":"https:\/\/b2field.com\/es\/#website","url":"https:\/\/b2field.com\/es\/","name":"B2Field","description":"","potentialAction":[{"@type":"SearchAction","target":{"@type":"EntryPoint","urlTemplate":"https:\/\/b2field.com\/es\/?s={search_term_string}"},"query-input":{"@type":"PropertyValueSpecification","valueRequired":true,"valueName":"search_term_string"}}],"inLanguage":"es"}]}},"_links":{"self":[{"href":"https:\/\/b2field.com\/es\/wp-json\/wp\/v2\/pages\/1918","targetHints":{"allow":["GET"]}}],"collection":[{"href":"https:\/\/b2field.com\/es\/wp-json\/wp\/v2\/pages"}],"about":[{"href":"https:\/\/b2field.com\/es\/wp-json\/wp\/v2\/types\/page"}],"author":[{"embeddable":true,"href":"https:\/\/b2field.com\/es\/wp-json\/wp\/v2\/users\/8"}],"replies":[{"embeddable":true,"href":"https:\/\/b2field.com\/es\/wp-json\/wp\/v2\/comments?post=1918"}],"version-history":[{"count":12,"href":"https:\/\/b2field.com\/es\/wp-json\/wp\/v2\/pages\/1918\/revisions"}],"predecessor-version":[{"id":11790,"href":"https:\/\/b2field.com\/es\/wp-json\/wp\/v2\/pages\/1918\/revisions\/11790"}],"up":[{"embeddable":true,"href":"https:\/\/b2field.com\/es\/wp-json\/wp\/v2\/pages\/1862"}],"wp:attachment":[{"href":"https:\/\/b2field.com\/es\/wp-json\/wp\/v2\/media?parent=1918"}],"curies":[{"name":"wp","href":"https:\/\/api.w.org\/{rel}","templated":true}]}}