{"id":6661,"date":"2019-01-11T15:02:21","date_gmt":"2019-01-11T15:02:21","guid":{"rendered":"http:\/\/api.b2field.com\/start\/registration\/"},"modified":"2020-07-16T10:47:14","modified_gmt":"2020-07-16T10:47:14","slug":"registration","status":"publish","type":"page","link":"https:\/\/b2field.com\/es\/support\/help\/start\/registration\/","title":{"rendered":"Crear una cuenta"},"content":{"rendered":"<div class=\"wpb-content-wrapper\"><p>[vc_row css=&#8221;.vc_custom_1552285056613{margin-bottom: 20px !important;}&#8221;][vc_column][vc_column_text]<\/p>\n<h1>Crear una cuenta<\/h1>\n<p>[\/vc_column_text][vc_column_text]Para empezar a utilizar el servicio B2Field, cree una cuenta para su empresa siguiendo el enlace directo: <a href=\"https:\/\/b2field.com\/es\/signup\/\" target=\"_blank\" rel=\"noopener noreferrer\">https:\/\/b2field.com\/es\/signup\/<\/a> o haga clic en el bot\u00f3n de abajo:[\/vc_column_text]<div class='button'>\r\n\t\t<a href='\/es\/signup\/' class='button__url button__url--blue'  target='_blank'>Reg\u00edstrarse<\/a>\r\n\t<\/div>[vc_column_text]<\/p>\n<h4>Credenciales de usuario<\/h4>\n<ul style=\"padding-left: 40px;\">\n<li><strong>Nombre del usuario.<\/strong> Por favor, introduzca una direcci\u00f3n de correo electr\u00f3nico v\u00e1lida<\/li>\n<li><strong>Contrase\u00f1a.<\/strong> Cree una contrase\u00f1a segura<\/li>\n<\/ul>\n<p>[\/vc_column_text][\/vc_column][\/vc_row]<\/p>\n<\/div>","protected":false},"excerpt":{"rendered":"<p>[vc_row css=&#8221;.vc_custom_1552285056613{margin-bottom: 20px !important;}&#8221;][vc_column][vc_column_text] Crear una cuenta [\/vc_column_text][vc_column_text]Para empezar a utilizar el servicio B2Field, cree una cuenta para su empresa siguiendo el enlace directo: https:\/\/b2field.com\/es\/signup\/ o haga clic en el bot\u00f3n de abajo:[\/vc_column_text][vc_column_text] Credenciales de usuario Nombre del usuario. Por favor, introduzca una direcci\u00f3n de correo electr\u00f3nico v\u00e1lida Contrase\u00f1a. Cree una contrase\u00f1a segura [\/vc_column_text][\/vc_column][\/vc_row]<\/p>\n","protected":false},"author":8,"featured_media":0,"parent":6659,"menu_order":0,"comment_status":"closed","ping_status":"closed","template":"page-support.php","meta":{"_acf_changed":false,"inline_featured_image":false,"footnotes":""},"class_list":["post-6661","page","type-page","status-publish","hentry"],"acf":[],"yoast_head":"<!-- This site is optimized with the Yoast SEO plugin v27.2 - https:\/\/yoast.com\/product\/yoast-seo-wordpress\/ -->\n<title>Crear una cuenta &#8211; B2Field<\/title>\n<meta name=\"description\" content=\"Para empezar a utilizar el servicio B2Field, cree una cuenta para su empresa siguiendo el enlace directo: https:\/\/b2field.com\/es\/signup\/ o haga clic en el bot\u00f3n de abajo\" \/>\n<meta name=\"robots\" content=\"index, follow, max-snippet:-1, max-image-preview:large, max-video-preview:-1\" \/>\n<link rel=\"canonical\" href=\"https:\/\/b2field.com\/es\/support\/help\/start\/registration\/\" \/>\n<meta property=\"og:locale\" content=\"es_ES\" \/>\n<meta property=\"og:type\" content=\"article\" \/>\n<meta property=\"og:title\" content=\"Crear una cuenta &#8211; B2Field\" \/>\n<meta property=\"og:description\" content=\"Para empezar a utilizar el servicio B2Field, cree una cuenta para su empresa siguiendo el enlace directo: https:\/\/b2field.com\/es\/signup\/ o haga clic en el bot\u00f3n de abajo\" \/>\n<meta property=\"og:url\" content=\"https:\/\/b2field.com\/es\/support\/help\/start\/registration\/\" \/>\n<meta property=\"og:site_name\" content=\"B2Field\" \/>\n<meta property=\"article:publisher\" content=\"https:\/\/www.facebook.com\/B2Field\/\" \/>\n<meta property=\"article:modified_time\" content=\"2020-07-16T10:47:14+00:00\" \/>\n<meta name=\"twitter:card\" content=\"summary_large_image\" \/>\n<meta name=\"twitter:label1\" content=\"Tiempo de lectura\" \/>\n\t<meta name=\"twitter:data1\" content=\"1 minuto\" \/>\n<script type=\"application\/ld+json\" class=\"yoast-schema-graph\">{\"@context\":\"https:\/\/schema.org\",\"@graph\":[{\"@type\":\"WebPage\",\"@id\":\"https:\/\/b2field.com\/es\/support\/help\/start\/registration\/\",\"url\":\"https:\/\/b2field.com\/es\/support\/help\/start\/registration\/\",\"name\":\"Crear una cuenta &#8211; B2Field\",\"isPartOf\":{\"@id\":\"https:\/\/b2field.com\/es\/#website\"},\"datePublished\":\"2019-01-11T15:02:21+00:00\",\"dateModified\":\"2020-07-16T10:47:14+00:00\",\"description\":\"Para empezar a utilizar el servicio B2Field, cree una cuenta para su empresa siguiendo el enlace directo: https:\/\/b2field.com\/es\/signup\/ o haga clic en el bot\u00f3n de abajo\",\"breadcrumb\":{\"@id\":\"https:\/\/b2field.com\/es\/support\/help\/start\/registration\/#breadcrumb\"},\"inLanguage\":\"es\",\"potentialAction\":[{\"@type\":\"ReadAction\",\"target\":[\"https:\/\/b2field.com\/es\/support\/help\/start\/registration\/\"]}]},{\"@type\":\"BreadcrumbList\",\"@id\":\"https:\/\/b2field.com\/es\/support\/help\/start\/registration\/#breadcrumb\",\"itemListElement\":[{\"@type\":\"ListItem\",\"position\":1,\"name\":\"Home\",\"item\":\"https:\/\/b2field.com\/es\/\"},{\"@type\":\"ListItem\",\"position\":2,\"name\":\"Soporte\",\"item\":\"https:\/\/b2field.com\/es\/support\/\"},{\"@type\":\"ListItem\",\"position\":3,\"name\":\"Gu\u00edas de usuario\",\"item\":\"https:\/\/b2field.com\/es\/support\/help\/\"},{\"@type\":\"ListItem\",\"position\":4,\"name\":\"Inicio\",\"item\":\"https:\/\/b2field.com\/es\/support\/help\/start\/\"},{\"@type\":\"ListItem\",\"position\":5,\"name\":\"Crear una cuenta\"}]},{\"@type\":\"WebSite\",\"@id\":\"https:\/\/b2field.com\/es\/#website\",\"url\":\"https:\/\/b2field.com\/es\/\",\"name\":\"B2Field\",\"description\":\"\",\"potentialAction\":[{\"@type\":\"SearchAction\",\"target\":{\"@type\":\"EntryPoint\",\"urlTemplate\":\"https:\/\/b2field.com\/es\/?s={search_term_string}\"},\"query-input\":{\"@type\":\"PropertyValueSpecification\",\"valueRequired\":true,\"valueName\":\"search_term_string\"}}],\"inLanguage\":\"es\"}]}<\/script>\n<!-- \/ Yoast SEO plugin. -->","yoast_head_json":{"title":"Crear una cuenta &#8211; B2Field","description":"Para empezar a utilizar el servicio B2Field, cree una cuenta para su empresa siguiendo el enlace directo: https:\/\/b2field.com\/es\/signup\/ o haga clic en el bot\u00f3n de abajo","robots":{"index":"index","follow":"follow","max-snippet":"max-snippet:-1","max-image-preview":"max-image-preview:large","max-video-preview":"max-video-preview:-1"},"canonical":"https:\/\/b2field.com\/es\/support\/help\/start\/registration\/","og_locale":"es_ES","og_type":"article","og_title":"Crear una cuenta &#8211; B2Field","og_description":"Para empezar a utilizar el servicio B2Field, cree una cuenta para su empresa siguiendo el enlace directo: https:\/\/b2field.com\/es\/signup\/ o haga clic en el bot\u00f3n de abajo","og_url":"https:\/\/b2field.com\/es\/support\/help\/start\/registration\/","og_site_name":"B2Field","article_publisher":"https:\/\/www.facebook.com\/B2Field\/","article_modified_time":"2020-07-16T10:47:14+00:00","twitter_card":"summary_large_image","twitter_misc":{"Tiempo de lectura":"1 minuto"},"schema":{"@context":"https:\/\/schema.org","@graph":[{"@type":"WebPage","@id":"https:\/\/b2field.com\/es\/support\/help\/start\/registration\/","url":"https:\/\/b2field.com\/es\/support\/help\/start\/registration\/","name":"Crear una cuenta &#8211; B2Field","isPartOf":{"@id":"https:\/\/b2field.com\/es\/#website"},"datePublished":"2019-01-11T15:02:21+00:00","dateModified":"2020-07-16T10:47:14+00:00","description":"Para empezar a utilizar el servicio B2Field, cree una cuenta para su empresa siguiendo el enlace directo: https:\/\/b2field.com\/es\/signup\/ o haga clic en el bot\u00f3n de abajo","breadcrumb":{"@id":"https:\/\/b2field.com\/es\/support\/help\/start\/registration\/#breadcrumb"},"inLanguage":"es","potentialAction":[{"@type":"ReadAction","target":["https:\/\/b2field.com\/es\/support\/help\/start\/registration\/"]}]},{"@type":"BreadcrumbList","@id":"https:\/\/b2field.com\/es\/support\/help\/start\/registration\/#breadcrumb","itemListElement":[{"@type":"ListItem","position":1,"name":"Home","item":"https:\/\/b2field.com\/es\/"},{"@type":"ListItem","position":2,"name":"Soporte","item":"https:\/\/b2field.com\/es\/support\/"},{"@type":"ListItem","position":3,"name":"Gu\u00edas de usuario","item":"https:\/\/b2field.com\/es\/support\/help\/"},{"@type":"ListItem","position":4,"name":"Inicio","item":"https:\/\/b2field.com\/es\/support\/help\/start\/"},{"@type":"ListItem","position":5,"name":"Crear una cuenta"}]},{"@type":"WebSite","@id":"https:\/\/b2field.com\/es\/#website","url":"https:\/\/b2field.com\/es\/","name":"B2Field","description":"","potentialAction":[{"@type":"SearchAction","target":{"@type":"EntryPoint","urlTemplate":"https:\/\/b2field.com\/es\/?s={search_term_string}"},"query-input":{"@type":"PropertyValueSpecification","valueRequired":true,"valueName":"search_term_string"}}],"inLanguage":"es"}]}},"_links":{"self":[{"href":"https:\/\/b2field.com\/es\/wp-json\/wp\/v2\/pages\/6661","targetHints":{"allow":["GET"]}}],"collection":[{"href":"https:\/\/b2field.com\/es\/wp-json\/wp\/v2\/pages"}],"about":[{"href":"https:\/\/b2field.com\/es\/wp-json\/wp\/v2\/types\/page"}],"author":[{"embeddable":true,"href":"https:\/\/b2field.com\/es\/wp-json\/wp\/v2\/users\/8"}],"replies":[{"embeddable":true,"href":"https:\/\/b2field.com\/es\/wp-json\/wp\/v2\/comments?post=6661"}],"version-history":[{"count":6,"href":"https:\/\/b2field.com\/es\/wp-json\/wp\/v2\/pages\/6661\/revisions"}],"predecessor-version":[{"id":10401,"href":"https:\/\/b2field.com\/es\/wp-json\/wp\/v2\/pages\/6661\/revisions\/10401"}],"up":[{"embeddable":true,"href":"https:\/\/b2field.com\/es\/wp-json\/wp\/v2\/pages\/6659"}],"wp:attachment":[{"href":"https:\/\/b2field.com\/es\/wp-json\/wp\/v2\/media?parent=6661"}],"curies":[{"name":"wp","href":"https:\/\/api.w.org\/{rel}","templated":true}]}}