{"id":6664,"date":"2019-02-06T06:40:40","date_gmt":"2019-02-06T06:40:40","guid":{"rendered":"http:\/\/api.b2field.com\/start\/login\/"},"modified":"2020-07-16T10:54:11","modified_gmt":"2020-07-16T10:54:11","slug":"login","status":"publish","type":"page","link":"https:\/\/b2field.com\/es\/support\/help\/start\/login\/","title":{"rendered":"Inicio de sesi\u00f3n"},"content":{"rendered":"<div class=\"wpb-content-wrapper\"><p>[vc_row css=&#8221;.vc_custom_1552285544889{margin-bottom: 20px !important;}&#8221;][vc_column][vc_column_text]<\/p>\n<h1>Inicio de sesi\u00f3n<\/h1>\n<p>[\/vc_column_text][vc_column_text]Puede acceder a su cuenta de B2Field desde cualquier navegador web moderno. Le recomendamos que utilice la \u00faltima versi\u00f3n de los navegadores Chrome, Firefox y Opera.<\/p>\n<ol>\n<li>Vaya a la p\u00e1gina de\u00a0<a href=\"http:\/\/mx.b2field.com\" target=\"_blank\" rel=\"noopener noreferrer\">Inicio de sesi\u00f3n<\/a><\/li>\n<li>Ingrese el nombre del usuario (su direcci\u00f3n de correo electr\u00f3nico) y la contrase\u00f1a que cre\u00f3 al <a href=\"..\/registration\/\">registrarse<\/a><\/li>\n<\/ol>\n<p>[\/vc_column_text][vc_column_text]<\/p>\n<h5>Selecci\u00f3n de idioma<\/h5>\n<p>La p\u00e1gina de inicio de sesi\u00f3n del servicio B2Field est\u00e1 disponible en varios idiomas. Seleccione su idioma preferido en la esquina inferior izquierda de la p\u00e1gina de inicio de sesi\u00f3n.[\/vc_column_text][vc_column_text]<\/p>\n<h5>Recuperaci\u00f3n de la contrase\u00f1a<\/h5>\n<p>Si olvid\u00f3 la contrase\u00f1a de su cuenta, puede restablecerla autom\u00e1ticamente desde el correo electr\u00f3nico. Vaya a la p\u00e1gina de inicio de sesi\u00f3n:\u00a0<a href=\"http:\/\/mx.b2field.com\" target=\"_blank\" rel=\"noopener noreferrer\">http:\/\/mx.b2field.com<\/a>. De clic en el enlace &#8220;Olvid\u00f3 su contrase\u00f1a&#8221; y siga las instrucciones para restaurar el acceso. Si contin\u00faa teniendo problemas para iniciar sesi\u00f3n, comun\u00edquese con el <a href=\"\/es\/support\/\">Soporte<\/a>.[\/vc_column_text][vc_column_text]<\/p>\n<h5>Uso de cookies<\/h5>\n<p>Una cookie es un archivo almacenado en el navegador web de un usuario con peque\u00f1os datos, por lo que no tendr\u00e1 que ingresarlo cada vez que use nuestro sitio web. Utilizamos cookies para recordar su configuraci\u00f3n y sus preferencias, como el idioma preferido y su configuraci\u00f3n de privacidad.[\/vc_column_text][\/vc_column][\/vc_row]<\/p>\n<\/div>","protected":false},"excerpt":{"rendered":"<p>[vc_row css=&#8221;.vc_custom_1552285544889{margin-bottom: 20px !important;}&#8221;][vc_column][vc_column_text] Inicio de sesi\u00f3n [\/vc_column_text][vc_column_text]Puede acceder a su cuenta de B2Field desde cualquier navegador web moderno. Le recomendamos que utilice la \u00faltima versi\u00f3n de los navegadores Chrome, Firefox y Opera. Vaya a la p\u00e1gina de\u00a0Inicio de sesi\u00f3n Ingrese el nombre del usuario (su direcci\u00f3n de correo electr\u00f3nico) y la contrase\u00f1a que cre\u00f3&#8230;<\/p>\n","protected":false},"author":8,"featured_media":0,"parent":6659,"menu_order":1,"comment_status":"closed","ping_status":"closed","template":"page-support.php","meta":{"_acf_changed":false,"inline_featured_image":false,"footnotes":""},"class_list":["post-6664","page","type-page","status-publish","hentry"],"acf":[],"yoast_head":"<!-- This site is optimized with the Yoast SEO plugin v27.2 - https:\/\/yoast.com\/product\/yoast-seo-wordpress\/ -->\n<title>Inicio de sesi\u00f3n &#8211; B2Field<\/title>\n<meta name=\"description\" content=\"Puede acceder a su cuenta de B2Field desde cualquier navegador web moderno. Le recomendamos que utilice la \u00faltima versi\u00f3n de los navegadores Chrome, Firefox y Opera.\" \/>\n<meta name=\"robots\" content=\"index, follow, max-snippet:-1, max-image-preview:large, max-video-preview:-1\" \/>\n<link rel=\"canonical\" href=\"https:\/\/b2field.com\/es\/support\/help\/start\/login\/\" \/>\n<meta property=\"og:locale\" content=\"es_ES\" \/>\n<meta property=\"og:type\" content=\"article\" \/>\n<meta property=\"og:title\" content=\"Inicio de sesi\u00f3n &#8211; B2Field\" \/>\n<meta property=\"og:description\" content=\"Puede acceder a su cuenta de B2Field desde cualquier navegador web moderno. Le recomendamos que utilice la \u00faltima versi\u00f3n de los navegadores Chrome, Firefox y Opera.\" \/>\n<meta property=\"og:url\" content=\"https:\/\/b2field.com\/es\/support\/help\/start\/login\/\" \/>\n<meta property=\"og:site_name\" content=\"B2Field\" \/>\n<meta property=\"article:publisher\" content=\"https:\/\/www.facebook.com\/B2Field\/\" \/>\n<meta property=\"article:modified_time\" content=\"2020-07-16T10:54:11+00:00\" \/>\n<meta name=\"twitter:card\" content=\"summary_large_image\" \/>\n<meta name=\"twitter:label1\" content=\"Tiempo de lectura\" \/>\n\t<meta name=\"twitter:data1\" content=\"1 minuto\" \/>\n<script type=\"application\/ld+json\" class=\"yoast-schema-graph\">{\"@context\":\"https:\/\/schema.org\",\"@graph\":[{\"@type\":\"WebPage\",\"@id\":\"https:\/\/b2field.com\/es\/support\/help\/start\/login\/\",\"url\":\"https:\/\/b2field.com\/es\/support\/help\/start\/login\/\",\"name\":\"Inicio de sesi\u00f3n &#8211; B2Field\",\"isPartOf\":{\"@id\":\"https:\/\/b2field.com\/es\/#website\"},\"datePublished\":\"2019-02-06T06:40:40+00:00\",\"dateModified\":\"2020-07-16T10:54:11+00:00\",\"description\":\"Puede acceder a su cuenta de B2Field desde cualquier navegador web moderno. Le recomendamos que utilice la \u00faltima versi\u00f3n de los navegadores Chrome, Firefox y Opera.\",\"breadcrumb\":{\"@id\":\"https:\/\/b2field.com\/es\/support\/help\/start\/login\/#breadcrumb\"},\"inLanguage\":\"es\",\"potentialAction\":[{\"@type\":\"ReadAction\",\"target\":[\"https:\/\/b2field.com\/es\/support\/help\/start\/login\/\"]}]},{\"@type\":\"BreadcrumbList\",\"@id\":\"https:\/\/b2field.com\/es\/support\/help\/start\/login\/#breadcrumb\",\"itemListElement\":[{\"@type\":\"ListItem\",\"position\":1,\"name\":\"Home\",\"item\":\"https:\/\/b2field.com\/es\/\"},{\"@type\":\"ListItem\",\"position\":2,\"name\":\"Soporte\",\"item\":\"https:\/\/b2field.com\/es\/support\/\"},{\"@type\":\"ListItem\",\"position\":3,\"name\":\"Gu\u00edas de usuario\",\"item\":\"https:\/\/b2field.com\/es\/support\/help\/\"},{\"@type\":\"ListItem\",\"position\":4,\"name\":\"Inicio\",\"item\":\"https:\/\/b2field.com\/es\/support\/help\/start\/\"},{\"@type\":\"ListItem\",\"position\":5,\"name\":\"Inicio de sesi\u00f3n\"}]},{\"@type\":\"WebSite\",\"@id\":\"https:\/\/b2field.com\/es\/#website\",\"url\":\"https:\/\/b2field.com\/es\/\",\"name\":\"B2Field\",\"description\":\"\",\"potentialAction\":[{\"@type\":\"SearchAction\",\"target\":{\"@type\":\"EntryPoint\",\"urlTemplate\":\"https:\/\/b2field.com\/es\/?s={search_term_string}\"},\"query-input\":{\"@type\":\"PropertyValueSpecification\",\"valueRequired\":true,\"valueName\":\"search_term_string\"}}],\"inLanguage\":\"es\"}]}<\/script>\n<!-- \/ Yoast SEO plugin. -->","yoast_head_json":{"title":"Inicio de sesi\u00f3n &#8211; B2Field","description":"Puede acceder a su cuenta de B2Field desde cualquier navegador web moderno. Le recomendamos que utilice la \u00faltima versi\u00f3n de los navegadores Chrome, Firefox y Opera.","robots":{"index":"index","follow":"follow","max-snippet":"max-snippet:-1","max-image-preview":"max-image-preview:large","max-video-preview":"max-video-preview:-1"},"canonical":"https:\/\/b2field.com\/es\/support\/help\/start\/login\/","og_locale":"es_ES","og_type":"article","og_title":"Inicio de sesi\u00f3n &#8211; B2Field","og_description":"Puede acceder a su cuenta de B2Field desde cualquier navegador web moderno. Le recomendamos que utilice la \u00faltima versi\u00f3n de los navegadores Chrome, Firefox y Opera.","og_url":"https:\/\/b2field.com\/es\/support\/help\/start\/login\/","og_site_name":"B2Field","article_publisher":"https:\/\/www.facebook.com\/B2Field\/","article_modified_time":"2020-07-16T10:54:11+00:00","twitter_card":"summary_large_image","twitter_misc":{"Tiempo de lectura":"1 minuto"},"schema":{"@context":"https:\/\/schema.org","@graph":[{"@type":"WebPage","@id":"https:\/\/b2field.com\/es\/support\/help\/start\/login\/","url":"https:\/\/b2field.com\/es\/support\/help\/start\/login\/","name":"Inicio de sesi\u00f3n &#8211; B2Field","isPartOf":{"@id":"https:\/\/b2field.com\/es\/#website"},"datePublished":"2019-02-06T06:40:40+00:00","dateModified":"2020-07-16T10:54:11+00:00","description":"Puede acceder a su cuenta de B2Field desde cualquier navegador web moderno. Le recomendamos que utilice la \u00faltima versi\u00f3n de los navegadores Chrome, Firefox y Opera.","breadcrumb":{"@id":"https:\/\/b2field.com\/es\/support\/help\/start\/login\/#breadcrumb"},"inLanguage":"es","potentialAction":[{"@type":"ReadAction","target":["https:\/\/b2field.com\/es\/support\/help\/start\/login\/"]}]},{"@type":"BreadcrumbList","@id":"https:\/\/b2field.com\/es\/support\/help\/start\/login\/#breadcrumb","itemListElement":[{"@type":"ListItem","position":1,"name":"Home","item":"https:\/\/b2field.com\/es\/"},{"@type":"ListItem","position":2,"name":"Soporte","item":"https:\/\/b2field.com\/es\/support\/"},{"@type":"ListItem","position":3,"name":"Gu\u00edas de usuario","item":"https:\/\/b2field.com\/es\/support\/help\/"},{"@type":"ListItem","position":4,"name":"Inicio","item":"https:\/\/b2field.com\/es\/support\/help\/start\/"},{"@type":"ListItem","position":5,"name":"Inicio de sesi\u00f3n"}]},{"@type":"WebSite","@id":"https:\/\/b2field.com\/es\/#website","url":"https:\/\/b2field.com\/es\/","name":"B2Field","description":"","potentialAction":[{"@type":"SearchAction","target":{"@type":"EntryPoint","urlTemplate":"https:\/\/b2field.com\/es\/?s={search_term_string}"},"query-input":{"@type":"PropertyValueSpecification","valueRequired":true,"valueName":"search_term_string"}}],"inLanguage":"es"}]}},"_links":{"self":[{"href":"https:\/\/b2field.com\/es\/wp-json\/wp\/v2\/pages\/6664","targetHints":{"allow":["GET"]}}],"collection":[{"href":"https:\/\/b2field.com\/es\/wp-json\/wp\/v2\/pages"}],"about":[{"href":"https:\/\/b2field.com\/es\/wp-json\/wp\/v2\/types\/page"}],"author":[{"embeddable":true,"href":"https:\/\/b2field.com\/es\/wp-json\/wp\/v2\/users\/8"}],"replies":[{"embeddable":true,"href":"https:\/\/b2field.com\/es\/wp-json\/wp\/v2\/comments?post=6664"}],"version-history":[{"count":6,"href":"https:\/\/b2field.com\/es\/wp-json\/wp\/v2\/pages\/6664\/revisions"}],"predecessor-version":[{"id":10402,"href":"https:\/\/b2field.com\/es\/wp-json\/wp\/v2\/pages\/6664\/revisions\/10402"}],"up":[{"embeddable":true,"href":"https:\/\/b2field.com\/es\/wp-json\/wp\/v2\/pages\/6659"}],"wp:attachment":[{"href":"https:\/\/b2field.com\/es\/wp-json\/wp\/v2\/media?parent=6664"}],"curies":[{"name":"wp","href":"https:\/\/api.w.org\/{rel}","templated":true}]}}