{"id":6667,"date":"2019-02-06T10:09:13","date_gmt":"2019-02-06T10:09:13","guid":{"rendered":"http:\/\/api.b2field.com\/start\/send-invitation\/"},"modified":"2020-12-09T07:16:19","modified_gmt":"2020-12-09T07:16:19","slug":"send-invitation","status":"publish","type":"page","link":"https:\/\/b2field.com\/es\/support\/help\/start\/send-invitation\/","title":{"rendered":"Invitar a los empleados a descargar la App m\u00f3vil"},"content":{"rendered":"<div class=\"wpb-content-wrapper\"><p>[vc_row css=&#8221;.vc_custom_1552285750541{margin-bottom: 20px !important;}&#8221;][vc_column][vc_column_text]<\/p>\n<h1>Invitar a los empleados a descargar la App m\u00f3vil<\/h1>\n<p>[\/vc_column_text][vc_column_text]Para unirse al servicio, su personal de campo (representantes de ventas, conductores, mensajeros, etc.) debe descargar la aplicaci\u00f3n m\u00f3vil X-GPS Tracker e instalarla en sus tel\u00e9fonos inteligentes o tabletas.<\/p>\n<p>Los empleados pueden descargar, de forma gratuita, la aplicaci\u00f3n oficial X-GPS Tracker para los dispositivos de Android y Apple desde Google Play o App Store. Al ejecutar la aplicaci\u00f3n por primera vez, se le pedir\u00e1 al empleado que ingrese un n\u00famero de identificaci\u00f3n (un n\u00famero de 10 d\u00edgitos asignado por el servicio autom\u00e1ticamente).<\/p>\n<p>Para facilitar la descarga y instalaci\u00f3n de la aplicaci\u00f3n, le recomendamos utilizar <em>invitaciones digitales<\/em>. Los empleados que indique recibir\u00e1n autom\u00e1ticamente una invitaci\u00f3n por correo electr\u00f3nico o por mensaje SMS, sus cuentas se agregar\u00e1n al servicio al mismo tiempo. El mensaje de invitaci\u00f3n contiene: 1. Un enlace para descargar la aplicaci\u00f3n y 2. El identificador personal del trabajador.[\/vc_column_text][\/vc_column][\/vc_row][vc_row][vc_column][vc_column_text]<\/p>\n<h3>Actividad del Gerente: Env\u00edo de la invitaci\u00f3n<\/h3>\n<p>Por lo general, los directores de departamentos\/oficinas o supervisores\/gerentes son los responsables de agregar nuevos empleados al servicio. Un gerente puede agregar trabajadores desde su ordenador (a trav\u00e9s de la interfaz web) o desde la aplicaci\u00f3n m\u00f3vil X-GPS Monitor.<\/p>\n<h4>Invitaci\u00f3n v\u00eda Web<\/h4>\n<p>Es m\u00e1s f\u00e1cil agregar nuevos empleados al servicio desde su ordenador, es decir, desde la interfaz web de B2Field. Para hacerlo:<\/p>\n<ol>\n<li>Inicie sesi\u00f3n en el servicio:\u00a0<a href=\"https:\/\/mx.b2field.com\" target=\"_blank\" rel=\"noopener noreferrer\">https:\/\/mx.b2field.com<\/a><\/li>\n<li>En la esquina inferior izquierda, dir\u00edgase a &#8220;Activar dispositivo&#8221;. Seleccione la \u201cAplicaci\u00f3n m\u00f3vil X-GPS\u201d y pulse en Siguiente.<\/li>\n<li>Ingrese una direcci\u00f3n de correo electr\u00f3nico o n\u00famero de tel\u00e9fono del empleado para enviarle una invitaci\u00f3n con el enlace para la descarga de la aplicaci\u00f3n m\u00f3vil un identificador personal (10 d\u00edgitos).<\/li>\n<li>Haga clic en el bot\u00f3n Invitar.<\/li>\n<\/ol>\n<h4>Invitaci\u00f3n desde la App m\u00f3vil:<\/h4>\n<p>Como un administrador, usted tambi\u00e9n puede invitar a sus trabajadores desde la aplicaci\u00f3n m\u00f3vil X-GPS Monitor. Para hacerlo: Dir\u00edjase a la barra de las aplicaciones \u2192 Pulse en Agregar objeto \u2192 Elija Aplicaci\u00f3n m\u00f3vil \u2192 Ingrese la informaci\u00f3n de contacto del empleado: direcci\u00f3n de correo electr\u00f3nico y\/o n\u00famero de tel\u00e9fono.[\/vc_column_text][\/vc_column][\/vc_row][vc_row][vc_column][vc_column_text]<\/p>\n<h3>Actividad del Empleado: Aceptar la invitaci\u00f3n<\/h3>\n<p>Los empleados que haya especificado, recibir\u00e1n la invitaci\u00f3n en sus bandejas de entrada y\/o mensajes SMS. La invitaci\u00f3n contiene un enlace para descargar la aplicaci\u00f3n gratuita desde la tienda online, as\u00ed como la identificaci\u00f3n de 10 d\u00edgitos asignada al empleado por el servicio.<\/p>\n<p>Una vez recibida la invitaci\u00f3n:<\/p>\n<ol>\n<li>Siga el enlace recibido y descargue la aplicaci\u00f3n gratuita desde la tienda en l\u00ednea.<\/li>\n<li>Inicie la aplicaci\u00f3n e ingrese el identificador personal recibido en la invitaci\u00f3n (10 d\u00edgitos)<\/li>\n<li>Habilite el Seguimiento<\/li>\n<\/ol>\n<p>[\/vc_column_text][\/vc_column][\/vc_row]<\/p>\n<\/div>","protected":false},"excerpt":{"rendered":"<p>[vc_row css=&#8221;.vc_custom_1552285750541{margin-bottom: 20px !important;}&#8221;][vc_column][vc_column_text] Invitar a los empleados a descargar la App m\u00f3vil [\/vc_column_text][vc_column_text]Para unirse al servicio, su personal de campo (representantes de ventas, conductores, mensajeros, etc.) debe descargar la aplicaci\u00f3n m\u00f3vil X-GPS Tracker e instalarla en sus tel\u00e9fonos inteligentes o tabletas. Los empleados pueden descargar, de forma gratuita, la aplicaci\u00f3n oficial X-GPS Tracker para&#8230;<\/p>\n","protected":false},"author":8,"featured_media":0,"parent":6659,"menu_order":2,"comment_status":"closed","ping_status":"closed","template":"page-support.php","meta":{"_acf_changed":false,"inline_featured_image":false,"footnotes":""},"class_list":["post-6667","page","type-page","status-publish","hentry"],"acf":[],"yoast_head":"<!-- This site is optimized with the Yoast SEO plugin v27.2 - https:\/\/yoast.com\/product\/yoast-seo-wordpress\/ -->\n<title>Invitar a los empleados a descargar la App m\u00f3vil &#8211; B2Field<\/title>\n<meta name=\"description\" content=\"Para unirse al servicio, su personal de campo (representantes de ventas, conductores, mensajeros, etc.) debe descargar la aplicaci\u00f3n m\u00f3vil X-GPS Tracker e instalarla en sus tel\u00e9fonos inteligentes o tabletas.\" \/>\n<meta name=\"robots\" content=\"index, follow, max-snippet:-1, max-image-preview:large, max-video-preview:-1\" \/>\n<link rel=\"canonical\" href=\"https:\/\/b2field.com\/es\/support\/help\/start\/send-invitation\/\" \/>\n<meta property=\"og:locale\" content=\"es_ES\" \/>\n<meta property=\"og:type\" content=\"article\" \/>\n<meta property=\"og:title\" content=\"Invitar a los empleados a descargar la App m\u00f3vil &#8211; B2Field\" \/>\n<meta property=\"og:description\" content=\"Para unirse al servicio, su personal de campo (representantes de ventas, conductores, mensajeros, etc.) debe descargar la aplicaci\u00f3n m\u00f3vil X-GPS Tracker e instalarla en sus tel\u00e9fonos inteligentes o tabletas.\" \/>\n<meta property=\"og:url\" content=\"https:\/\/b2field.com\/es\/support\/help\/start\/send-invitation\/\" \/>\n<meta property=\"og:site_name\" content=\"B2Field\" \/>\n<meta property=\"article:publisher\" content=\"https:\/\/www.facebook.com\/B2Field\/\" \/>\n<meta property=\"article:modified_time\" content=\"2020-12-09T07:16:19+00:00\" \/>\n<meta name=\"twitter:card\" content=\"summary_large_image\" \/>\n<meta name=\"twitter:label1\" content=\"Tiempo de lectura\" \/>\n\t<meta name=\"twitter:data1\" content=\"3 minutos\" \/>\n<script type=\"application\/ld+json\" class=\"yoast-schema-graph\">{\"@context\":\"https:\/\/schema.org\",\"@graph\":[{\"@type\":\"WebPage\",\"@id\":\"https:\/\/b2field.com\/es\/support\/help\/start\/send-invitation\/\",\"url\":\"https:\/\/b2field.com\/es\/support\/help\/start\/send-invitation\/\",\"name\":\"Invitar a los empleados a descargar la App m\u00f3vil &#8211; B2Field\",\"isPartOf\":{\"@id\":\"https:\/\/b2field.com\/es\/#website\"},\"datePublished\":\"2019-02-06T10:09:13+00:00\",\"dateModified\":\"2020-12-09T07:16:19+00:00\",\"description\":\"Para unirse al servicio, su personal de campo (representantes de ventas, conductores, mensajeros, etc.) debe descargar la aplicaci\u00f3n m\u00f3vil X-GPS Tracker e instalarla en sus tel\u00e9fonos inteligentes o tabletas.\",\"breadcrumb\":{\"@id\":\"https:\/\/b2field.com\/es\/support\/help\/start\/send-invitation\/#breadcrumb\"},\"inLanguage\":\"es\",\"potentialAction\":[{\"@type\":\"ReadAction\",\"target\":[\"https:\/\/b2field.com\/es\/support\/help\/start\/send-invitation\/\"]}]},{\"@type\":\"BreadcrumbList\",\"@id\":\"https:\/\/b2field.com\/es\/support\/help\/start\/send-invitation\/#breadcrumb\",\"itemListElement\":[{\"@type\":\"ListItem\",\"position\":1,\"name\":\"Home\",\"item\":\"https:\/\/b2field.com\/es\/\"},{\"@type\":\"ListItem\",\"position\":2,\"name\":\"Soporte\",\"item\":\"https:\/\/b2field.com\/es\/support\/\"},{\"@type\":\"ListItem\",\"position\":3,\"name\":\"Gu\u00edas de usuario\",\"item\":\"https:\/\/b2field.com\/es\/support\/help\/\"},{\"@type\":\"ListItem\",\"position\":4,\"name\":\"Inicio\",\"item\":\"https:\/\/b2field.com\/es\/support\/help\/start\/\"},{\"@type\":\"ListItem\",\"position\":5,\"name\":\"Invitar a los empleados a descargar la App m\u00f3vil\"}]},{\"@type\":\"WebSite\",\"@id\":\"https:\/\/b2field.com\/es\/#website\",\"url\":\"https:\/\/b2field.com\/es\/\",\"name\":\"B2Field\",\"description\":\"\",\"potentialAction\":[{\"@type\":\"SearchAction\",\"target\":{\"@type\":\"EntryPoint\",\"urlTemplate\":\"https:\/\/b2field.com\/es\/?s={search_term_string}\"},\"query-input\":{\"@type\":\"PropertyValueSpecification\",\"valueRequired\":true,\"valueName\":\"search_term_string\"}}],\"inLanguage\":\"es\"}]}<\/script>\n<!-- \/ Yoast SEO plugin. -->","yoast_head_json":{"title":"Invitar a los empleados a descargar la App m\u00f3vil &#8211; B2Field","description":"Para unirse al servicio, su personal de campo (representantes de ventas, conductores, mensajeros, etc.) debe descargar la aplicaci\u00f3n m\u00f3vil X-GPS Tracker e instalarla en sus tel\u00e9fonos inteligentes o tabletas.","robots":{"index":"index","follow":"follow","max-snippet":"max-snippet:-1","max-image-preview":"max-image-preview:large","max-video-preview":"max-video-preview:-1"},"canonical":"https:\/\/b2field.com\/es\/support\/help\/start\/send-invitation\/","og_locale":"es_ES","og_type":"article","og_title":"Invitar a los empleados a descargar la App m\u00f3vil &#8211; B2Field","og_description":"Para unirse al servicio, su personal de campo (representantes de ventas, conductores, mensajeros, etc.) debe descargar la aplicaci\u00f3n m\u00f3vil X-GPS Tracker e instalarla en sus tel\u00e9fonos inteligentes o tabletas.","og_url":"https:\/\/b2field.com\/es\/support\/help\/start\/send-invitation\/","og_site_name":"B2Field","article_publisher":"https:\/\/www.facebook.com\/B2Field\/","article_modified_time":"2020-12-09T07:16:19+00:00","twitter_card":"summary_large_image","twitter_misc":{"Tiempo de lectura":"3 minutos"},"schema":{"@context":"https:\/\/schema.org","@graph":[{"@type":"WebPage","@id":"https:\/\/b2field.com\/es\/support\/help\/start\/send-invitation\/","url":"https:\/\/b2field.com\/es\/support\/help\/start\/send-invitation\/","name":"Invitar a los empleados a descargar la App m\u00f3vil &#8211; B2Field","isPartOf":{"@id":"https:\/\/b2field.com\/es\/#website"},"datePublished":"2019-02-06T10:09:13+00:00","dateModified":"2020-12-09T07:16:19+00:00","description":"Para unirse al servicio, su personal de campo (representantes de ventas, conductores, mensajeros, etc.) debe descargar la aplicaci\u00f3n m\u00f3vil X-GPS Tracker e instalarla en sus tel\u00e9fonos inteligentes o tabletas.","breadcrumb":{"@id":"https:\/\/b2field.com\/es\/support\/help\/start\/send-invitation\/#breadcrumb"},"inLanguage":"es","potentialAction":[{"@type":"ReadAction","target":["https:\/\/b2field.com\/es\/support\/help\/start\/send-invitation\/"]}]},{"@type":"BreadcrumbList","@id":"https:\/\/b2field.com\/es\/support\/help\/start\/send-invitation\/#breadcrumb","itemListElement":[{"@type":"ListItem","position":1,"name":"Home","item":"https:\/\/b2field.com\/es\/"},{"@type":"ListItem","position":2,"name":"Soporte","item":"https:\/\/b2field.com\/es\/support\/"},{"@type":"ListItem","position":3,"name":"Gu\u00edas de usuario","item":"https:\/\/b2field.com\/es\/support\/help\/"},{"@type":"ListItem","position":4,"name":"Inicio","item":"https:\/\/b2field.com\/es\/support\/help\/start\/"},{"@type":"ListItem","position":5,"name":"Invitar a los empleados a descargar la App m\u00f3vil"}]},{"@type":"WebSite","@id":"https:\/\/b2field.com\/es\/#website","url":"https:\/\/b2field.com\/es\/","name":"B2Field","description":"","potentialAction":[{"@type":"SearchAction","target":{"@type":"EntryPoint","urlTemplate":"https:\/\/b2field.com\/es\/?s={search_term_string}"},"query-input":{"@type":"PropertyValueSpecification","valueRequired":true,"valueName":"search_term_string"}}],"inLanguage":"es"}]}},"_links":{"self":[{"href":"https:\/\/b2field.com\/es\/wp-json\/wp\/v2\/pages\/6667","targetHints":{"allow":["GET"]}}],"collection":[{"href":"https:\/\/b2field.com\/es\/wp-json\/wp\/v2\/pages"}],"about":[{"href":"https:\/\/b2field.com\/es\/wp-json\/wp\/v2\/types\/page"}],"author":[{"embeddable":true,"href":"https:\/\/b2field.com\/es\/wp-json\/wp\/v2\/users\/8"}],"replies":[{"embeddable":true,"href":"https:\/\/b2field.com\/es\/wp-json\/wp\/v2\/comments?post=6667"}],"version-history":[{"count":6,"href":"https:\/\/b2field.com\/es\/wp-json\/wp\/v2\/pages\/6667\/revisions"}],"predecessor-version":[{"id":11102,"href":"https:\/\/b2field.com\/es\/wp-json\/wp\/v2\/pages\/6667\/revisions\/11102"}],"up":[{"embeddable":true,"href":"https:\/\/b2field.com\/es\/wp-json\/wp\/v2\/pages\/6659"}],"wp:attachment":[{"href":"https:\/\/b2field.com\/es\/wp-json\/wp\/v2\/media?parent=6667"}],"curies":[{"name":"wp","href":"https:\/\/api.w.org\/{rel}","templated":true}]}}