{"id":6670,"date":"2019-02-06T06:38:48","date_gmt":"2019-02-06T06:38:48","guid":{"rendered":"http:\/\/api.b2field.com\/support\/help\/"},"modified":"2022-07-11T06:35:36","modified_gmt":"2022-07-11T06:35:36","slug":"help","status":"publish","type":"page","link":"https:\/\/b2field.com\/es\/support\/help\/","title":{"rendered":"Gu\u00edas de usuario"},"content":{"rendered":"<div class=\"wpb-content-wrapper\"><p>[vc_row][vc_column][vc_column_text]<\/p>\n<h1>Gu\u00edas de usuario<\/h1>\n<p>[\/vc_column_text][vc_column_text]En esta secci\u00f3n le proporcionamos las gu\u00edas sencillas y f\u00e1ciles de seguir destinadas para brindar asistencia a los usuarios. Para obtener una respuesta r\u00e1pida, use el cuadro de b\u00fasqueda de arriba o vaya directamente a la secci\u00f3n necesaria.<\/p>\n<p><strong>Contacte el Servicio al Cliente:<\/strong><br \/>\n<a href=\"mailto:support@b2field.com\">support@b2field.com<\/a><\/p>\n<p><strong>Horas de trabajo:<\/strong><br \/>\nDe lunes a viernes de 8:00 a.m. a 7:00 p.m.<br \/>\nS\u00e1bado-domingo de 9:00 a.m. a 4:00 p.m.<\/p>\n<p><em>Las horas de trabajo est\u00e1n sujetas a cambio durante los d\u00edas festivos.<\/em>[\/vc_column_text][\/vc_column][\/vc_row]<\/p>\n<\/div>","protected":false},"excerpt":{"rendered":"<p>[vc_row][vc_column][vc_column_text] Gu\u00edas de usuario [\/vc_column_text][vc_column_text]En esta secci\u00f3n le proporcionamos las gu\u00edas sencillas y f\u00e1ciles de seguir destinadas para brindar asistencia a los usuarios. Para obtener una respuesta r\u00e1pida, use el cuadro de b\u00fasqueda de arriba o vaya directamente a la secci\u00f3n necesaria. Contacte el Servicio al Cliente: support@b2field.com Horas de trabajo: De lunes a viernes&#8230;<\/p>\n","protected":false},"author":8,"featured_media":0,"parent":2890,"menu_order":0,"comment_status":"closed","ping_status":"closed","template":"page-support.php","meta":{"_acf_changed":false,"inline_featured_image":false,"footnotes":""},"class_list":["post-6670","page","type-page","status-publish","hentry"],"acf":[],"yoast_head":"<!-- This site is optimized with the Yoast SEO plugin v27.2 - https:\/\/yoast.com\/product\/yoast-seo-wordpress\/ -->\n<title>Gu\u00edas de usuario &#8211; B2Field<\/title>\n<meta name=\"description\" content=\"En esta secci\u00f3n le proporcionamos las gu\u00edas sencillas y f\u00e1ciles de seguir destinadas para brindar asistencia a los usuarios. Para obtener una respuesta r\u00e1pida, use el cuadro de b\u00fasqueda de arriba o vaya directamente a la secci\u00f3n necesaria.\" \/>\n<meta name=\"robots\" content=\"index, follow, max-snippet:-1, max-image-preview:large, max-video-preview:-1\" \/>\n<link rel=\"canonical\" href=\"https:\/\/b2field.com\/es\/support\/help\/\" \/>\n<meta property=\"og:locale\" content=\"es_ES\" \/>\n<meta property=\"og:type\" content=\"article\" \/>\n<meta property=\"og:title\" content=\"Gu\u00edas de usuario &#8211; B2Field\" \/>\n<meta property=\"og:description\" content=\"En esta secci\u00f3n le proporcionamos las gu\u00edas sencillas y f\u00e1ciles de seguir destinadas para brindar asistencia a los usuarios. Para obtener una respuesta r\u00e1pida, use el cuadro de b\u00fasqueda de arriba o vaya directamente a la secci\u00f3n necesaria.\" \/>\n<meta property=\"og:url\" content=\"https:\/\/b2field.com\/es\/support\/help\/\" \/>\n<meta property=\"og:site_name\" content=\"B2Field\" \/>\n<meta property=\"article:publisher\" content=\"https:\/\/www.facebook.com\/B2Field\/\" \/>\n<meta property=\"article:modified_time\" content=\"2022-07-11T06:35:36+00:00\" \/>\n<meta name=\"twitter:card\" content=\"summary_large_image\" \/>\n<meta name=\"twitter:label1\" content=\"Tiempo de lectura\" \/>\n\t<meta name=\"twitter:data1\" content=\"1 minuto\" \/>\n<script type=\"application\/ld+json\" class=\"yoast-schema-graph\">{\"@context\":\"https:\/\/schema.org\",\"@graph\":[{\"@type\":\"WebPage\",\"@id\":\"https:\/\/b2field.com\/es\/support\/help\/\",\"url\":\"https:\/\/b2field.com\/es\/support\/help\/\",\"name\":\"Gu\u00edas de usuario &#8211; B2Field\",\"isPartOf\":{\"@id\":\"https:\/\/b2field.com\/es\/#website\"},\"datePublished\":\"2019-02-06T06:38:48+00:00\",\"dateModified\":\"2022-07-11T06:35:36+00:00\",\"description\":\"En esta secci\u00f3n le proporcionamos las gu\u00edas sencillas y f\u00e1ciles de seguir destinadas para brindar asistencia a los usuarios. Para obtener una respuesta r\u00e1pida, use el cuadro de b\u00fasqueda de arriba o vaya directamente a la secci\u00f3n necesaria.\",\"breadcrumb\":{\"@id\":\"https:\/\/b2field.com\/es\/support\/help\/#breadcrumb\"},\"inLanguage\":\"es\",\"potentialAction\":[{\"@type\":\"ReadAction\",\"target\":[\"https:\/\/b2field.com\/es\/support\/help\/\"]}]},{\"@type\":\"BreadcrumbList\",\"@id\":\"https:\/\/b2field.com\/es\/support\/help\/#breadcrumb\",\"itemListElement\":[{\"@type\":\"ListItem\",\"position\":1,\"name\":\"Home\",\"item\":\"https:\/\/b2field.com\/es\/\"},{\"@type\":\"ListItem\",\"position\":2,\"name\":\"Soporte\",\"item\":\"https:\/\/b2field.com\/es\/support\/\"},{\"@type\":\"ListItem\",\"position\":3,\"name\":\"Gu\u00edas de usuario\"}]},{\"@type\":\"WebSite\",\"@id\":\"https:\/\/b2field.com\/es\/#website\",\"url\":\"https:\/\/b2field.com\/es\/\",\"name\":\"B2Field\",\"description\":\"\",\"potentialAction\":[{\"@type\":\"SearchAction\",\"target\":{\"@type\":\"EntryPoint\",\"urlTemplate\":\"https:\/\/b2field.com\/es\/?s={search_term_string}\"},\"query-input\":{\"@type\":\"PropertyValueSpecification\",\"valueRequired\":true,\"valueName\":\"search_term_string\"}}],\"inLanguage\":\"es\"}]}<\/script>\n<!-- \/ Yoast SEO plugin. -->","yoast_head_json":{"title":"Gu\u00edas de usuario &#8211; B2Field","description":"En esta secci\u00f3n le proporcionamos las gu\u00edas sencillas y f\u00e1ciles de seguir destinadas para brindar asistencia a los usuarios. Para obtener una respuesta r\u00e1pida, use el cuadro de b\u00fasqueda de arriba o vaya directamente a la secci\u00f3n necesaria.","robots":{"index":"index","follow":"follow","max-snippet":"max-snippet:-1","max-image-preview":"max-image-preview:large","max-video-preview":"max-video-preview:-1"},"canonical":"https:\/\/b2field.com\/es\/support\/help\/","og_locale":"es_ES","og_type":"article","og_title":"Gu\u00edas de usuario &#8211; B2Field","og_description":"En esta secci\u00f3n le proporcionamos las gu\u00edas sencillas y f\u00e1ciles de seguir destinadas para brindar asistencia a los usuarios. Para obtener una respuesta r\u00e1pida, use el cuadro de b\u00fasqueda de arriba o vaya directamente a la secci\u00f3n necesaria.","og_url":"https:\/\/b2field.com\/es\/support\/help\/","og_site_name":"B2Field","article_publisher":"https:\/\/www.facebook.com\/B2Field\/","article_modified_time":"2022-07-11T06:35:36+00:00","twitter_card":"summary_large_image","twitter_misc":{"Tiempo de lectura":"1 minuto"},"schema":{"@context":"https:\/\/schema.org","@graph":[{"@type":"WebPage","@id":"https:\/\/b2field.com\/es\/support\/help\/","url":"https:\/\/b2field.com\/es\/support\/help\/","name":"Gu\u00edas de usuario &#8211; B2Field","isPartOf":{"@id":"https:\/\/b2field.com\/es\/#website"},"datePublished":"2019-02-06T06:38:48+00:00","dateModified":"2022-07-11T06:35:36+00:00","description":"En esta secci\u00f3n le proporcionamos las gu\u00edas sencillas y f\u00e1ciles de seguir destinadas para brindar asistencia a los usuarios. Para obtener una respuesta r\u00e1pida, use el cuadro de b\u00fasqueda de arriba o vaya directamente a la secci\u00f3n necesaria.","breadcrumb":{"@id":"https:\/\/b2field.com\/es\/support\/help\/#breadcrumb"},"inLanguage":"es","potentialAction":[{"@type":"ReadAction","target":["https:\/\/b2field.com\/es\/support\/help\/"]}]},{"@type":"BreadcrumbList","@id":"https:\/\/b2field.com\/es\/support\/help\/#breadcrumb","itemListElement":[{"@type":"ListItem","position":1,"name":"Home","item":"https:\/\/b2field.com\/es\/"},{"@type":"ListItem","position":2,"name":"Soporte","item":"https:\/\/b2field.com\/es\/support\/"},{"@type":"ListItem","position":3,"name":"Gu\u00edas de usuario"}]},{"@type":"WebSite","@id":"https:\/\/b2field.com\/es\/#website","url":"https:\/\/b2field.com\/es\/","name":"B2Field","description":"","potentialAction":[{"@type":"SearchAction","target":{"@type":"EntryPoint","urlTemplate":"https:\/\/b2field.com\/es\/?s={search_term_string}"},"query-input":{"@type":"PropertyValueSpecification","valueRequired":true,"valueName":"search_term_string"}}],"inLanguage":"es"}]}},"_links":{"self":[{"href":"https:\/\/b2field.com\/es\/wp-json\/wp\/v2\/pages\/6670","targetHints":{"allow":["GET"]}}],"collection":[{"href":"https:\/\/b2field.com\/es\/wp-json\/wp\/v2\/pages"}],"about":[{"href":"https:\/\/b2field.com\/es\/wp-json\/wp\/v2\/types\/page"}],"author":[{"embeddable":true,"href":"https:\/\/b2field.com\/es\/wp-json\/wp\/v2\/users\/8"}],"replies":[{"embeddable":true,"href":"https:\/\/b2field.com\/es\/wp-json\/wp\/v2\/comments?post=6670"}],"version-history":[{"count":8,"href":"https:\/\/b2field.com\/es\/wp-json\/wp\/v2\/pages\/6670\/revisions"}],"predecessor-version":[{"id":19033,"href":"https:\/\/b2field.com\/es\/wp-json\/wp\/v2\/pages\/6670\/revisions\/19033"}],"up":[{"embeddable":true,"href":"https:\/\/b2field.com\/es\/wp-json\/wp\/v2\/pages\/2890"}],"wp:attachment":[{"href":"https:\/\/b2field.com\/es\/wp-json\/wp\/v2\/media?parent=6670"}],"curies":[{"name":"wp","href":"https:\/\/api.w.org\/{rel}","templated":true}]}}