{"id":6950,"date":"2019-02-08T07:29:28","date_gmt":"2019-02-08T07:29:28","guid":{"rendered":"http:\/\/api.b2field.com\/support\/help\/account\/payment\/methods\/credit-cards\/"},"modified":"2020-07-15T09:59:04","modified_gmt":"2020-07-15T09:59:04","slug":"credit-cards","status":"publish","type":"page","link":"https:\/\/b2field.com\/es\/support\/help\/account\/payment\/methods\/credit-cards\/","title":{"rendered":"Pagar en l\u00ednea con tarjeta de cr\u00e9dito"},"content":{"rendered":"<div class=\"wpb-content-wrapper\"><p>[vc_row css=&#8221;.vc_custom_1552284708763{margin-bottom: 20px !important;}&#8221;][vc_column][vc_column_text]<\/p>\n<h1>Pagar en l\u00ednea con tarjeta de cr\u00e9dito<\/h1>\n<p>[\/vc_column_text][vc_column_text]Realizar pagos instant\u00e1neos con una tarjeta de cr\u00e9dito es una de las formas m\u00e1s convenientes y f\u00e1ciles de reponer su cuenta B2Field. La cooperaci\u00f3n con Stripe, el sistema de pago, le permite realizar pagos seguros con su tarjeta de cr\u00e9dito\/d\u00e9bito: Visa (incluyendo Electron), Mastercard, Maestro y otras. Los fondos se acreditar\u00e1n a su cuenta de forma instant\u00e1nea y sin comisiones.<\/p>\n<p>Hay dos m\u00e9todos de pago disponibles:<\/p>\n<p><strong>Pago \u00fanico:<\/strong> puede realizar un pago manual por el monto especificado.<\/p>\n<p><strong>AutoPago:<\/strong> la funci\u00f3n le permite acreditar autom\u00e1ticamente los fondos a su cuenta. De este modo, usted podr\u00e1 ahorrar tiempo y evitar que su servicio sea suspendido por alg\u00fan retraso en su pago.[\/vc_column_text][vc_column_text]<\/p>\n<h2>I. Pago \u00fanico (manual)<\/h2>\n<p>[\/vc_column_text][vc_column_text]<\/p>\n<ol>\n<li>Para realizar un pago \u00fanico, haga clic en el ID de su cuenta, haga clic en la pesta\u00f1a &#8220;Balance&#8221;. Seleccione la secci\u00f3n &#8220;Tarjetas de cr\u00e9dito&#8221; e ingrese el monto a pagar en $, haga clic en el bot\u00f3n Pagar ahora.<\/li>\n<\/ol>\n<p>[\/vc_column_text][vc_single_image source=&#8221;external_link&#8221; alignment=&#8221;center&#8221; custom_src=&#8221;\/wp-content\/uploads\/2019\/06\/trajetas-de-credito.png&#8221; css=&#8221;.vc_custom_1560751811139{margin-bottom: 20px !important;}&#8221;][vc_column_text]<\/p>\n<ol start=\"2\">\n<li>Luego, Usted ser\u00e1 redirigido a la p\u00e1gina del sistema de pago del Stripe, donde podr\u00e1 ingresar de manera segura los detalles de su tarjeta y completar el pago. Los fondos ser\u00e1n acreditados al instante.<\/li>\n<\/ol>\n<p>[\/vc_column_text][vc_column_text]<\/p>\n<h2>II. AutoPago (reposici\u00f3n autom\u00e1tica de saldo)<\/h2>\n<p>[\/vc_column_text][vc_column_text]Habilite la funci\u00f3n AutoPago para ahorrar tiempo y evitar la suspensi\u00f3n del servicio a causa de un saldo insuficiente. La funci\u00f3n le permite acreditar los fondos autom\u00e1ticamente a su cuenta una vez alcanzada la cantidad m\u00ednima.<\/p>\n<p>Para activar la funci\u00f3n, debe realizar el primer pago por un monto de $15, poni\u00e9ndolo en el campo &#8220;Total a pagar&#8221;.[\/vc_column_text][vc_single_image source=&#8221;external_link&#8221; alignment=&#8221;center&#8221; custom_src=&#8221;\/wp-content\/uploads\/2019\/06\/autopago.png&#8221; css=&#8221;.vc_custom_1560751887476{margin-bottom: 20px !important;}&#8221;][vc_column_text]Para habilitar el AutoPago:<\/p>\n<ol>\n<li>Abra la pesta\u00f1a &#8220;Balance&#8221;.<\/li>\n<li>Pulse en &#8220;Tarjetas de cr\u00e9dito&#8221;.<\/li>\n<li>Ingrese un monto del pago (El monto que ser\u00e1 acreditado a su cuenta al alcanzar el valor de la cantidad requerida).<\/li>\n<li>Especifique un umbral de saldo (El AutoPago se llevar\u00e1 a cabo al alcanzar el monto designado).<\/li>\n<li>Especifique un l\u00edmite de pagos mensuales (La cantidad m\u00e1xima de pagos autom\u00e1ticos permitidos durante un mes calendario).<\/li>\n<li>Al presionar el bot\u00f3n &#8220;Activar AutoPago&#8221;, Usted ser\u00e1 redirigido a la p\u00e1gina de pago, donde deber\u00e1 ingresar los detalles de su tarjeta de cr\u00e9dito. Una vez ingresados \u200b\u200blos datos, haga clic en &#8220;Pagar&#8221;.<\/li>\n<\/ol>\n<p><em>Nota: Se recomienda completar los campos Monto del pago y Umbral de saldo bas\u00e1ndose en el n\u00famero de su personal de campo y su plan de tarifa.<\/em>[\/vc_column_text][\/vc_column][\/vc_row]<\/p>\n<\/div>","protected":false},"excerpt":{"rendered":"<p>[vc_row css=&#8221;.vc_custom_1552284708763{margin-bottom: 20px !important;}&#8221;][vc_column][vc_column_text] Pagar en l\u00ednea con tarjeta de cr\u00e9dito [\/vc_column_text][vc_column_text]Realizar pagos instant\u00e1neos con una tarjeta de cr\u00e9dito es una de las formas m\u00e1s convenientes y f\u00e1ciles de reponer su cuenta B2Field. La cooperaci\u00f3n con Stripe, el sistema de pago, le permite realizar pagos seguros con su tarjeta de cr\u00e9dito\/d\u00e9bito: Visa (incluyendo Electron), Mastercard,&#8230;<\/p>\n","protected":false},"author":8,"featured_media":0,"parent":6937,"menu_order":0,"comment_status":"closed","ping_status":"closed","template":"page-support.php","meta":{"_acf_changed":false,"inline_featured_image":false,"footnotes":""},"class_list":["post-6950","page","type-page","status-publish","hentry"],"acf":[],"yoast_head":"<!-- This site is optimized with the Yoast SEO plugin v27.2 - https:\/\/yoast.com\/product\/yoast-seo-wordpress\/ -->\n<title>Pagar en l\u00ednea con tarjeta de cr\u00e9dito &#8211; B2Field<\/title>\n<meta name=\"description\" content=\"Realizar pagos instant\u00e1neos con una tarjeta de cr\u00e9dito es una de las formas m\u00e1s convenientes y f\u00e1ciles de reponer su cuenta B2Field. La cooperaci\u00f3n con Stripe, el sistema de pago, le permite realizar pagos seguros con su tarjeta de cr\u00e9dito\/d\u00e9bito\" \/>\n<meta name=\"robots\" content=\"index, follow, max-snippet:-1, max-image-preview:large, max-video-preview:-1\" \/>\n<link rel=\"canonical\" href=\"https:\/\/b2field.com\/es\/support\/help\/account\/payment\/methods\/credit-cards\/\" \/>\n<meta property=\"og:locale\" content=\"es_ES\" \/>\n<meta property=\"og:type\" content=\"article\" \/>\n<meta property=\"og:title\" content=\"Pagar en l\u00ednea con tarjeta de cr\u00e9dito &#8211; B2Field\" \/>\n<meta property=\"og:description\" content=\"Realizar pagos instant\u00e1neos con una tarjeta de cr\u00e9dito es una de las formas m\u00e1s convenientes y f\u00e1ciles de reponer su cuenta B2Field. La cooperaci\u00f3n con Stripe, el sistema de pago, le permite realizar pagos seguros con su tarjeta de cr\u00e9dito\/d\u00e9bito\" \/>\n<meta property=\"og:url\" content=\"https:\/\/b2field.com\/es\/support\/help\/account\/payment\/methods\/credit-cards\/\" \/>\n<meta property=\"og:site_name\" content=\"B2Field\" \/>\n<meta property=\"article:publisher\" content=\"https:\/\/www.facebook.com\/B2Field\/\" \/>\n<meta property=\"article:modified_time\" content=\"2020-07-15T09:59:04+00:00\" \/>\n<meta name=\"twitter:card\" content=\"summary_large_image\" \/>\n<meta name=\"twitter:label1\" content=\"Tiempo de lectura\" \/>\n\t<meta name=\"twitter:data1\" content=\"3 minutos\" \/>\n<script type=\"application\/ld+json\" class=\"yoast-schema-graph\">{\"@context\":\"https:\/\/schema.org\",\"@graph\":[{\"@type\":\"WebPage\",\"@id\":\"https:\/\/b2field.com\/es\/support\/help\/account\/payment\/methods\/credit-cards\/\",\"url\":\"https:\/\/b2field.com\/es\/support\/help\/account\/payment\/methods\/credit-cards\/\",\"name\":\"Pagar en l\u00ednea con tarjeta de cr\u00e9dito &#8211; B2Field\",\"isPartOf\":{\"@id\":\"https:\/\/b2field.com\/es\/#website\"},\"datePublished\":\"2019-02-08T07:29:28+00:00\",\"dateModified\":\"2020-07-15T09:59:04+00:00\",\"description\":\"Realizar pagos instant\u00e1neos con una tarjeta de cr\u00e9dito es una de las formas m\u00e1s convenientes y f\u00e1ciles de reponer su cuenta B2Field. La cooperaci\u00f3n con Stripe, el sistema de pago, le permite realizar pagos seguros con su tarjeta de cr\u00e9dito\/d\u00e9bito\",\"breadcrumb\":{\"@id\":\"https:\/\/b2field.com\/es\/support\/help\/account\/payment\/methods\/credit-cards\/#breadcrumb\"},\"inLanguage\":\"es\",\"potentialAction\":[{\"@type\":\"ReadAction\",\"target\":[\"https:\/\/b2field.com\/es\/support\/help\/account\/payment\/methods\/credit-cards\/\"]}]},{\"@type\":\"BreadcrumbList\",\"@id\":\"https:\/\/b2field.com\/es\/support\/help\/account\/payment\/methods\/credit-cards\/#breadcrumb\",\"itemListElement\":[{\"@type\":\"ListItem\",\"position\":1,\"name\":\"Home\",\"item\":\"https:\/\/b2field.com\/es\/\"},{\"@type\":\"ListItem\",\"position\":2,\"name\":\"Soporte\",\"item\":\"https:\/\/b2field.com\/es\/support\/\"},{\"@type\":\"ListItem\",\"position\":3,\"name\":\"Gu\u00edas de usuario\",\"item\":\"https:\/\/b2field.com\/es\/support\/help\/\"},{\"@type\":\"ListItem\",\"position\":4,\"name\":\"Cuenta de Usuario\",\"item\":\"https:\/\/b2field.com\/es\/support\/help\/account\/\"},{\"@type\":\"ListItem\",\"position\":5,\"name\":\"Saldo y pago\",\"item\":\"https:\/\/b2field.com\/es\/support\/help\/account\/payment\/\"},{\"@type\":\"ListItem\",\"position\":6,\"name\":\"M\u00e9todos de pago\",\"item\":\"https:\/\/b2field.com\/es\/support\/help\/account\/payment\/methods\/\"},{\"@type\":\"ListItem\",\"position\":7,\"name\":\"Pagar en l\u00ednea con tarjeta de cr\u00e9dito\"}]},{\"@type\":\"WebSite\",\"@id\":\"https:\/\/b2field.com\/es\/#website\",\"url\":\"https:\/\/b2field.com\/es\/\",\"name\":\"B2Field\",\"description\":\"\",\"potentialAction\":[{\"@type\":\"SearchAction\",\"target\":{\"@type\":\"EntryPoint\",\"urlTemplate\":\"https:\/\/b2field.com\/es\/?s={search_term_string}\"},\"query-input\":{\"@type\":\"PropertyValueSpecification\",\"valueRequired\":true,\"valueName\":\"search_term_string\"}}],\"inLanguage\":\"es\"}]}<\/script>\n<!-- \/ Yoast SEO plugin. -->","yoast_head_json":{"title":"Pagar en l\u00ednea con tarjeta de cr\u00e9dito &#8211; B2Field","description":"Realizar pagos instant\u00e1neos con una tarjeta de cr\u00e9dito es una de las formas m\u00e1s convenientes y f\u00e1ciles de reponer su cuenta B2Field. La cooperaci\u00f3n con Stripe, el sistema de pago, le permite realizar pagos seguros con su tarjeta de cr\u00e9dito\/d\u00e9bito","robots":{"index":"index","follow":"follow","max-snippet":"max-snippet:-1","max-image-preview":"max-image-preview:large","max-video-preview":"max-video-preview:-1"},"canonical":"https:\/\/b2field.com\/es\/support\/help\/account\/payment\/methods\/credit-cards\/","og_locale":"es_ES","og_type":"article","og_title":"Pagar en l\u00ednea con tarjeta de cr\u00e9dito &#8211; B2Field","og_description":"Realizar pagos instant\u00e1neos con una tarjeta de cr\u00e9dito es una de las formas m\u00e1s convenientes y f\u00e1ciles de reponer su cuenta B2Field. La cooperaci\u00f3n con Stripe, el sistema de pago, le permite realizar pagos seguros con su tarjeta de cr\u00e9dito\/d\u00e9bito","og_url":"https:\/\/b2field.com\/es\/support\/help\/account\/payment\/methods\/credit-cards\/","og_site_name":"B2Field","article_publisher":"https:\/\/www.facebook.com\/B2Field\/","article_modified_time":"2020-07-15T09:59:04+00:00","twitter_card":"summary_large_image","twitter_misc":{"Tiempo de lectura":"3 minutos"},"schema":{"@context":"https:\/\/schema.org","@graph":[{"@type":"WebPage","@id":"https:\/\/b2field.com\/es\/support\/help\/account\/payment\/methods\/credit-cards\/","url":"https:\/\/b2field.com\/es\/support\/help\/account\/payment\/methods\/credit-cards\/","name":"Pagar en l\u00ednea con tarjeta de cr\u00e9dito &#8211; B2Field","isPartOf":{"@id":"https:\/\/b2field.com\/es\/#website"},"datePublished":"2019-02-08T07:29:28+00:00","dateModified":"2020-07-15T09:59:04+00:00","description":"Realizar pagos instant\u00e1neos con una tarjeta de cr\u00e9dito es una de las formas m\u00e1s convenientes y f\u00e1ciles de reponer su cuenta B2Field. La cooperaci\u00f3n con Stripe, el sistema de pago, le permite realizar pagos seguros con su tarjeta de cr\u00e9dito\/d\u00e9bito","breadcrumb":{"@id":"https:\/\/b2field.com\/es\/support\/help\/account\/payment\/methods\/credit-cards\/#breadcrumb"},"inLanguage":"es","potentialAction":[{"@type":"ReadAction","target":["https:\/\/b2field.com\/es\/support\/help\/account\/payment\/methods\/credit-cards\/"]}]},{"@type":"BreadcrumbList","@id":"https:\/\/b2field.com\/es\/support\/help\/account\/payment\/methods\/credit-cards\/#breadcrumb","itemListElement":[{"@type":"ListItem","position":1,"name":"Home","item":"https:\/\/b2field.com\/es\/"},{"@type":"ListItem","position":2,"name":"Soporte","item":"https:\/\/b2field.com\/es\/support\/"},{"@type":"ListItem","position":3,"name":"Gu\u00edas de usuario","item":"https:\/\/b2field.com\/es\/support\/help\/"},{"@type":"ListItem","position":4,"name":"Cuenta de Usuario","item":"https:\/\/b2field.com\/es\/support\/help\/account\/"},{"@type":"ListItem","position":5,"name":"Saldo y pago","item":"https:\/\/b2field.com\/es\/support\/help\/account\/payment\/"},{"@type":"ListItem","position":6,"name":"M\u00e9todos de pago","item":"https:\/\/b2field.com\/es\/support\/help\/account\/payment\/methods\/"},{"@type":"ListItem","position":7,"name":"Pagar en l\u00ednea con tarjeta de cr\u00e9dito"}]},{"@type":"WebSite","@id":"https:\/\/b2field.com\/es\/#website","url":"https:\/\/b2field.com\/es\/","name":"B2Field","description":"","potentialAction":[{"@type":"SearchAction","target":{"@type":"EntryPoint","urlTemplate":"https:\/\/b2field.com\/es\/?s={search_term_string}"},"query-input":{"@type":"PropertyValueSpecification","valueRequired":true,"valueName":"search_term_string"}}],"inLanguage":"es"}]}},"_links":{"self":[{"href":"https:\/\/b2field.com\/es\/wp-json\/wp\/v2\/pages\/6950","targetHints":{"allow":["GET"]}}],"collection":[{"href":"https:\/\/b2field.com\/es\/wp-json\/wp\/v2\/pages"}],"about":[{"href":"https:\/\/b2field.com\/es\/wp-json\/wp\/v2\/types\/page"}],"author":[{"embeddable":true,"href":"https:\/\/b2field.com\/es\/wp-json\/wp\/v2\/users\/8"}],"replies":[{"embeddable":true,"href":"https:\/\/b2field.com\/es\/wp-json\/wp\/v2\/comments?post=6950"}],"version-history":[{"count":7,"href":"https:\/\/b2field.com\/es\/wp-json\/wp\/v2\/pages\/6950\/revisions"}],"predecessor-version":[{"id":10101,"href":"https:\/\/b2field.com\/es\/wp-json\/wp\/v2\/pages\/6950\/revisions\/10101"}],"up":[{"embeddable":true,"href":"https:\/\/b2field.com\/es\/wp-json\/wp\/v2\/pages\/6937"}],"wp:attachment":[{"href":"https:\/\/b2field.com\/es\/wp-json\/wp\/v2\/media?parent=6950"}],"curies":[{"name":"wp","href":"https:\/\/api.w.org\/{rel}","templated":true}]}}