{"id":7262,"date":"2019-02-06T10:15:52","date_gmt":"2019-02-06T10:15:52","guid":{"rendered":"http:\/\/api.b2field.com\/support\/help\/account\/payment\/balance\/"},"modified":"2020-07-15T09:59:20","modified_gmt":"2020-07-15T09:59:20","slug":"balance","status":"publish","type":"page","link":"https:\/\/b2field.com\/es\/support\/help\/account\/payment\/balance\/","title":{"rendered":"Saldo e historial de transacciones"},"content":{"rendered":"<div class=\"wpb-content-wrapper\"><p>[vc_row css=&#8221;.vc_custom_1552286158537{margin-bottom: 20px !important;}&#8221;][vc_column][vc_column_text]<\/p>\n<h1>Saldo e historial de transacciones<\/h1>\n<p>[\/vc_column_text][vc_column_text]Puede ver un historial detallado de las transacciones realizadas (d\u00e9bitos y cr\u00e9ditos) en la secci\u00f3n \u201cBalance\u201d de su cuenta.<\/p>\n<p>Para ver los detalles, siga los siguientes pasos:<\/p>\n<ol>\n<li>Haga clic en el <strong>ID de su cuenta<\/strong> en el men\u00fa superior izquierdo.<\/li>\n<li>Seleccione <strong>Balance<\/strong> en el men\u00fa desplegable.<\/li>\n<li>Cambie al lado derecho de la pantalla.<\/li>\n<li>Seleccione un rango de fechas.<\/li>\n<li>Haga clic en Mostrar.<\/li>\n<\/ol>\n<p>[\/vc_column_text][vc_single_image source=&#8221;external_link&#8221; alignment=&#8221;center&#8221; custom_src=&#8221;\/wp-content\/uploads\/2019\/06\/transferencia-bancaria.png&#8221; css=&#8221;.vc_custom_1560753004752{margin-bottom: 20px !important;}&#8221;][\/vc_column][\/vc_row]<\/p>\n<\/div>","protected":false},"excerpt":{"rendered":"<p>[vc_row css=&#8221;.vc_custom_1552286158537{margin-bottom: 20px !important;}&#8221;][vc_column][vc_column_text] Saldo e historial de transacciones [\/vc_column_text][vc_column_text]Puede ver un historial detallado de las transacciones realizadas (d\u00e9bitos y cr\u00e9ditos) en la secci\u00f3n \u201cBalance\u201d de su cuenta. Para ver los detalles, siga los siguientes pasos: Haga clic en el ID de su cuenta en el men\u00fa superior izquierdo. Seleccione Balance en el men\u00fa desplegable&#8230;.<\/p>\n","protected":false},"author":8,"featured_media":0,"parent":6934,"menu_order":1,"comment_status":"closed","ping_status":"closed","template":"page-support.php","meta":{"_acf_changed":false,"inline_featured_image":false,"footnotes":""},"class_list":["post-7262","page","type-page","status-publish","hentry"],"acf":[],"yoast_head":"<!-- This site is optimized with the Yoast SEO plugin v27.2 - https:\/\/yoast.com\/product\/yoast-seo-wordpress\/ -->\n<title>Saldo e historial de transacciones &#8211; B2Field<\/title>\n<meta name=\"description\" content=\"Puede ver un historial detallado de las transacciones realizadas (d\u00e9bitos y cr\u00e9ditos) en la secci\u00f3n \u201cBalance\u201d de su cuenta. Para ver los detalles, siga los siguientes pasos:\" \/>\n<meta name=\"robots\" content=\"index, follow, max-snippet:-1, max-image-preview:large, max-video-preview:-1\" \/>\n<link rel=\"canonical\" href=\"https:\/\/b2field.com\/es\/support\/help\/account\/payment\/balance\/\" \/>\n<meta property=\"og:locale\" content=\"es_ES\" \/>\n<meta property=\"og:type\" content=\"article\" \/>\n<meta property=\"og:title\" content=\"Saldo e historial de transacciones &#8211; B2Field\" \/>\n<meta property=\"og:description\" content=\"Puede ver un historial detallado de las transacciones realizadas (d\u00e9bitos y cr\u00e9ditos) en la secci\u00f3n \u201cBalance\u201d de su cuenta. Para ver los detalles, siga los siguientes pasos:\" \/>\n<meta property=\"og:url\" content=\"https:\/\/b2field.com\/es\/support\/help\/account\/payment\/balance\/\" \/>\n<meta property=\"og:site_name\" content=\"B2Field\" \/>\n<meta property=\"article:publisher\" content=\"https:\/\/www.facebook.com\/B2Field\/\" \/>\n<meta property=\"article:modified_time\" content=\"2020-07-15T09:59:20+00:00\" \/>\n<meta name=\"twitter:card\" content=\"summary_large_image\" \/>\n<meta name=\"twitter:label1\" content=\"Tiempo de lectura\" \/>\n\t<meta name=\"twitter:data1\" content=\"1 minuto\" \/>\n<script type=\"application\/ld+json\" class=\"yoast-schema-graph\">{\"@context\":\"https:\/\/schema.org\",\"@graph\":[{\"@type\":\"WebPage\",\"@id\":\"https:\/\/b2field.com\/es\/support\/help\/account\/payment\/balance\/\",\"url\":\"https:\/\/b2field.com\/es\/support\/help\/account\/payment\/balance\/\",\"name\":\"Saldo e historial de transacciones &#8211; B2Field\",\"isPartOf\":{\"@id\":\"https:\/\/b2field.com\/es\/#website\"},\"datePublished\":\"2019-02-06T10:15:52+00:00\",\"dateModified\":\"2020-07-15T09:59:20+00:00\",\"description\":\"Puede ver un historial detallado de las transacciones realizadas (d\u00e9bitos y cr\u00e9ditos) en la secci\u00f3n \u201cBalance\u201d de su cuenta. Para ver los detalles, siga los siguientes pasos:\",\"breadcrumb\":{\"@id\":\"https:\/\/b2field.com\/es\/support\/help\/account\/payment\/balance\/#breadcrumb\"},\"inLanguage\":\"es\",\"potentialAction\":[{\"@type\":\"ReadAction\",\"target\":[\"https:\/\/b2field.com\/es\/support\/help\/account\/payment\/balance\/\"]}]},{\"@type\":\"BreadcrumbList\",\"@id\":\"https:\/\/b2field.com\/es\/support\/help\/account\/payment\/balance\/#breadcrumb\",\"itemListElement\":[{\"@type\":\"ListItem\",\"position\":1,\"name\":\"Home\",\"item\":\"https:\/\/b2field.com\/es\/\"},{\"@type\":\"ListItem\",\"position\":2,\"name\":\"Soporte\",\"item\":\"https:\/\/b2field.com\/es\/support\/\"},{\"@type\":\"ListItem\",\"position\":3,\"name\":\"Gu\u00edas de usuario\",\"item\":\"https:\/\/b2field.com\/es\/support\/help\/\"},{\"@type\":\"ListItem\",\"position\":4,\"name\":\"Cuenta de Usuario\",\"item\":\"https:\/\/b2field.com\/es\/support\/help\/account\/\"},{\"@type\":\"ListItem\",\"position\":5,\"name\":\"Saldo y pago\",\"item\":\"https:\/\/b2field.com\/es\/support\/help\/account\/payment\/\"},{\"@type\":\"ListItem\",\"position\":6,\"name\":\"Saldo e historial de transacciones\"}]},{\"@type\":\"WebSite\",\"@id\":\"https:\/\/b2field.com\/es\/#website\",\"url\":\"https:\/\/b2field.com\/es\/\",\"name\":\"B2Field\",\"description\":\"\",\"potentialAction\":[{\"@type\":\"SearchAction\",\"target\":{\"@type\":\"EntryPoint\",\"urlTemplate\":\"https:\/\/b2field.com\/es\/?s={search_term_string}\"},\"query-input\":{\"@type\":\"PropertyValueSpecification\",\"valueRequired\":true,\"valueName\":\"search_term_string\"}}],\"inLanguage\":\"es\"}]}<\/script>\n<!-- \/ Yoast SEO plugin. -->","yoast_head_json":{"title":"Saldo e historial de transacciones &#8211; B2Field","description":"Puede ver un historial detallado de las transacciones realizadas (d\u00e9bitos y cr\u00e9ditos) en la secci\u00f3n \u201cBalance\u201d de su cuenta. Para ver los detalles, siga los siguientes pasos:","robots":{"index":"index","follow":"follow","max-snippet":"max-snippet:-1","max-image-preview":"max-image-preview:large","max-video-preview":"max-video-preview:-1"},"canonical":"https:\/\/b2field.com\/es\/support\/help\/account\/payment\/balance\/","og_locale":"es_ES","og_type":"article","og_title":"Saldo e historial de transacciones &#8211; B2Field","og_description":"Puede ver un historial detallado de las transacciones realizadas (d\u00e9bitos y cr\u00e9ditos) en la secci\u00f3n \u201cBalance\u201d de su cuenta. Para ver los detalles, siga los siguientes pasos:","og_url":"https:\/\/b2field.com\/es\/support\/help\/account\/payment\/balance\/","og_site_name":"B2Field","article_publisher":"https:\/\/www.facebook.com\/B2Field\/","article_modified_time":"2020-07-15T09:59:20+00:00","twitter_card":"summary_large_image","twitter_misc":{"Tiempo de lectura":"1 minuto"},"schema":{"@context":"https:\/\/schema.org","@graph":[{"@type":"WebPage","@id":"https:\/\/b2field.com\/es\/support\/help\/account\/payment\/balance\/","url":"https:\/\/b2field.com\/es\/support\/help\/account\/payment\/balance\/","name":"Saldo e historial de transacciones &#8211; B2Field","isPartOf":{"@id":"https:\/\/b2field.com\/es\/#website"},"datePublished":"2019-02-06T10:15:52+00:00","dateModified":"2020-07-15T09:59:20+00:00","description":"Puede ver un historial detallado de las transacciones realizadas (d\u00e9bitos y cr\u00e9ditos) en la secci\u00f3n \u201cBalance\u201d de su cuenta. Para ver los detalles, siga los siguientes pasos:","breadcrumb":{"@id":"https:\/\/b2field.com\/es\/support\/help\/account\/payment\/balance\/#breadcrumb"},"inLanguage":"es","potentialAction":[{"@type":"ReadAction","target":["https:\/\/b2field.com\/es\/support\/help\/account\/payment\/balance\/"]}]},{"@type":"BreadcrumbList","@id":"https:\/\/b2field.com\/es\/support\/help\/account\/payment\/balance\/#breadcrumb","itemListElement":[{"@type":"ListItem","position":1,"name":"Home","item":"https:\/\/b2field.com\/es\/"},{"@type":"ListItem","position":2,"name":"Soporte","item":"https:\/\/b2field.com\/es\/support\/"},{"@type":"ListItem","position":3,"name":"Gu\u00edas de usuario","item":"https:\/\/b2field.com\/es\/support\/help\/"},{"@type":"ListItem","position":4,"name":"Cuenta de Usuario","item":"https:\/\/b2field.com\/es\/support\/help\/account\/"},{"@type":"ListItem","position":5,"name":"Saldo y pago","item":"https:\/\/b2field.com\/es\/support\/help\/account\/payment\/"},{"@type":"ListItem","position":6,"name":"Saldo e historial de transacciones"}]},{"@type":"WebSite","@id":"https:\/\/b2field.com\/es\/#website","url":"https:\/\/b2field.com\/es\/","name":"B2Field","description":"","potentialAction":[{"@type":"SearchAction","target":{"@type":"EntryPoint","urlTemplate":"https:\/\/b2field.com\/es\/?s={search_term_string}"},"query-input":{"@type":"PropertyValueSpecification","valueRequired":true,"valueName":"search_term_string"}}],"inLanguage":"es"}]}},"_links":{"self":[{"href":"https:\/\/b2field.com\/es\/wp-json\/wp\/v2\/pages\/7262","targetHints":{"allow":["GET"]}}],"collection":[{"href":"https:\/\/b2field.com\/es\/wp-json\/wp\/v2\/pages"}],"about":[{"href":"https:\/\/b2field.com\/es\/wp-json\/wp\/v2\/types\/page"}],"author":[{"embeddable":true,"href":"https:\/\/b2field.com\/es\/wp-json\/wp\/v2\/users\/8"}],"replies":[{"embeddable":true,"href":"https:\/\/b2field.com\/es\/wp-json\/wp\/v2\/comments?post=7262"}],"version-history":[{"count":5,"href":"https:\/\/b2field.com\/es\/wp-json\/wp\/v2\/pages\/7262\/revisions"}],"predecessor-version":[{"id":10102,"href":"https:\/\/b2field.com\/es\/wp-json\/wp\/v2\/pages\/7262\/revisions\/10102"}],"up":[{"embeddable":true,"href":"https:\/\/b2field.com\/es\/wp-json\/wp\/v2\/pages\/6934"}],"wp:attachment":[{"href":"https:\/\/b2field.com\/es\/wp-json\/wp\/v2\/media?parent=7262"}],"curies":[{"name":"wp","href":"https:\/\/api.w.org\/{rel}","templated":true}]}}