{"id":7558,"date":"2019-03-06T12:42:02","date_gmt":"2019-03-06T12:42:02","guid":{"rendered":"http:\/\/api.b2field.com\/support\/help\/workforce\/forms\/form-filling-notification\/"},"modified":"2020-07-15T10:06:22","modified_gmt":"2020-07-15T10:06:22","slug":"form-filling-notification","status":"publish","type":"page","link":"https:\/\/b2field.com\/es\/support\/help\/forms\/form-filling-notification\/","title":{"rendered":"Alerta (notificaci\u00f3n) de formulario completado"},"content":{"rendered":"<div class=\"wpb-content-wrapper\"><p>[vc_row css=&#8221;.vc_custom_1552295689328{margin-bottom: 20px !important;}&#8221;][vc_column][vc_column_text]<\/p>\n<h1>Alerta (notificaci\u00f3n) de formulario completado<\/h1>\n<p>[\/vc_column_text][vc_column_text]Las notificaciones le permiten informarse r\u00e1pidamente sobre los formularios completados a trav\u00e9s del servicio de B2Field. Establezca la notificaci\u00f3n de la siguiente forma:<\/p>\n<ol>\n<li>De clic en el icono de &#8220;Alertas&#8221;.<\/li>\n<li>Haga clic en el bot\u00f3n &#8220;Configurar reglas&#8221;.<\/li>\n<li>De clic en el bot\u00f3n \u201cAgregar regla\u201d<\/li>\n<li>Seleccione los objetivos para los que aplicar\u00e1 la regla.<\/li>\n<li>Seleccione la regla &#8220;Rendimiento de tareas&#8221; y haga clic en Siguiente.<\/li>\n<li>En la pesta\u00f1a &#8220;Opciones de las reglas&#8221;, marque la casilla &#8220;Formulario enviado&#8221;.<\/li>\n<li>En la pesta\u00f1a Notificaciones, seleccione la v\u00eda por la cual recibir\u00e1 las alertas.<\/li>\n<\/ol>\n<p>[\/vc_column_text][vc_single_image source=&#8221;external_link&#8221; alignment=&#8221;center&#8221; custom_src=&#8221;\/wp-content\/uploads\/2019\/03\/tasks-form-filling-notification-1.png&#8221; css=&#8221;.vc_custom_1552295668608{margin-bottom: 20px !important;}&#8221;][vc_column_text]El formulario ser\u00e1 enviado a los correos asignados y recibir\u00e1 un correo con un link para descargar los formularios.[\/vc_column_text][\/vc_column][\/vc_row]<\/p>\n<\/div>","protected":false},"excerpt":{"rendered":"<p>[vc_row css=&#8221;.vc_custom_1552295689328{margin-bottom: 20px !important;}&#8221;][vc_column][vc_column_text] Alerta (notificaci\u00f3n) de formulario completado [\/vc_column_text][vc_column_text]Las notificaciones le permiten informarse r\u00e1pidamente sobre los formularios completados a trav\u00e9s del servicio de B2Field. Establezca la notificaci\u00f3n de la siguiente forma: De clic en el icono de &#8220;Alertas&#8221;. Haga clic en el bot\u00f3n &#8220;Configurar reglas&#8221;. De clic en el bot\u00f3n \u201cAgregar regla\u201d Seleccione los&#8230;<\/p>\n","protected":false},"author":8,"featured_media":0,"parent":7544,"menu_order":3,"comment_status":"closed","ping_status":"closed","template":"page-support.php","meta":{"_acf_changed":false,"inline_featured_image":false,"footnotes":""},"class_list":["post-7558","page","type-page","status-publish","hentry"],"acf":[],"yoast_head":"<!-- This site is optimized with the Yoast SEO plugin v27.5 - https:\/\/yoast.com\/product\/yoast-seo-wordpress\/ -->\n<title>Alerta (notificaci\u00f3n) de formulario completado &#8211; B2Field<\/title>\n<meta name=\"description\" content=\"Las notificaciones le permiten informarse r\u00e1pidamente sobre los formularios completados a trav\u00e9s del servicio de B2Field. Establezca la notificaci\u00f3n de la siguiente forma:\" \/>\n<meta name=\"robots\" content=\"index, follow, max-snippet:-1, max-image-preview:large, max-video-preview:-1\" \/>\n<link rel=\"canonical\" href=\"https:\/\/b2field.com\/es\/support\/help\/forms\/form-filling-notification\/\" \/>\n<meta property=\"og:locale\" content=\"es_ES\" \/>\n<meta property=\"og:type\" content=\"article\" \/>\n<meta property=\"og:title\" content=\"Alerta (notificaci\u00f3n) de formulario completado &#8211; B2Field\" \/>\n<meta property=\"og:description\" content=\"Las notificaciones le permiten informarse r\u00e1pidamente sobre los formularios completados a trav\u00e9s del servicio de B2Field. Establezca la notificaci\u00f3n de la siguiente forma:\" \/>\n<meta property=\"og:url\" content=\"https:\/\/b2field.com\/es\/support\/help\/forms\/form-filling-notification\/\" \/>\n<meta property=\"og:site_name\" content=\"B2Field\" \/>\n<meta property=\"article:publisher\" content=\"https:\/\/www.facebook.com\/B2Field\/\" \/>\n<meta property=\"article:modified_time\" content=\"2020-07-15T10:06:22+00:00\" \/>\n<meta name=\"twitter:card\" content=\"summary_large_image\" \/>\n<meta name=\"twitter:label1\" content=\"Tiempo de lectura\" \/>\n\t<meta name=\"twitter:data1\" content=\"1 minuto\" \/>\n<script type=\"application\/ld+json\" class=\"yoast-schema-graph\">{\"@context\":\"https:\\\/\\\/schema.org\",\"@graph\":[{\"@type\":\"WebPage\",\"@id\":\"https:\\\/\\\/b2field.com\\\/es\\\/support\\\/help\\\/forms\\\/form-filling-notification\\\/\",\"url\":\"https:\\\/\\\/b2field.com\\\/es\\\/support\\\/help\\\/forms\\\/form-filling-notification\\\/\",\"name\":\"Alerta (notificaci\u00f3n) de formulario completado &#8211; B2Field\",\"isPartOf\":{\"@id\":\"https:\\\/\\\/b2field.com\\\/es\\\/#website\"},\"datePublished\":\"2019-03-06T12:42:02+00:00\",\"dateModified\":\"2020-07-15T10:06:22+00:00\",\"description\":\"Las notificaciones le permiten informarse r\u00e1pidamente sobre los formularios completados a trav\u00e9s del servicio de B2Field. Establezca la notificaci\u00f3n de la siguiente forma:\",\"breadcrumb\":{\"@id\":\"https:\\\/\\\/b2field.com\\\/es\\\/support\\\/help\\\/forms\\\/form-filling-notification\\\/#breadcrumb\"},\"inLanguage\":\"es\",\"potentialAction\":[{\"@type\":\"ReadAction\",\"target\":[\"https:\\\/\\\/b2field.com\\\/es\\\/support\\\/help\\\/forms\\\/form-filling-notification\\\/\"]}]},{\"@type\":\"BreadcrumbList\",\"@id\":\"https:\\\/\\\/b2field.com\\\/es\\\/support\\\/help\\\/forms\\\/form-filling-notification\\\/#breadcrumb\",\"itemListElement\":[{\"@type\":\"ListItem\",\"position\":1,\"name\":\"Home\",\"item\":\"https:\\\/\\\/b2field.com\\\/es\\\/\"},{\"@type\":\"ListItem\",\"position\":2,\"name\":\"Soporte\",\"item\":\"https:\\\/\\\/b2field.com\\\/es\\\/support\\\/\"},{\"@type\":\"ListItem\",\"position\":3,\"name\":\"Gu\u00edas de usuario\",\"item\":\"https:\\\/\\\/b2field.com\\\/es\\\/support\\\/help\\\/\"},{\"@type\":\"ListItem\",\"position\":4,\"name\":\"Formulario\",\"item\":\"https:\\\/\\\/b2field.com\\\/es\\\/support\\\/help\\\/workforce\\\/forms\\\/\"},{\"@type\":\"ListItem\",\"position\":5,\"name\":\"Alerta (notificaci\u00f3n) de formulario completado\"}]},{\"@type\":\"WebSite\",\"@id\":\"https:\\\/\\\/b2field.com\\\/es\\\/#website\",\"url\":\"https:\\\/\\\/b2field.com\\\/es\\\/\",\"name\":\"B2Field\",\"description\":\"\",\"potentialAction\":[{\"@type\":\"SearchAction\",\"target\":{\"@type\":\"EntryPoint\",\"urlTemplate\":\"https:\\\/\\\/b2field.com\\\/es\\\/?s={search_term_string}\"},\"query-input\":{\"@type\":\"PropertyValueSpecification\",\"valueRequired\":true,\"valueName\":\"search_term_string\"}}],\"inLanguage\":\"es\"}]}<\/script>\n<!-- \/ Yoast SEO plugin. -->","yoast_head_json":{"title":"Alerta (notificaci\u00f3n) de formulario completado &#8211; B2Field","description":"Las notificaciones le permiten informarse r\u00e1pidamente sobre los formularios completados a trav\u00e9s del servicio de B2Field. Establezca la notificaci\u00f3n de la siguiente forma:","robots":{"index":"index","follow":"follow","max-snippet":"max-snippet:-1","max-image-preview":"max-image-preview:large","max-video-preview":"max-video-preview:-1"},"canonical":"https:\/\/b2field.com\/es\/support\/help\/forms\/form-filling-notification\/","og_locale":"es_ES","og_type":"article","og_title":"Alerta (notificaci\u00f3n) de formulario completado &#8211; B2Field","og_description":"Las notificaciones le permiten informarse r\u00e1pidamente sobre los formularios completados a trav\u00e9s del servicio de B2Field. Establezca la notificaci\u00f3n de la siguiente forma:","og_url":"https:\/\/b2field.com\/es\/support\/help\/forms\/form-filling-notification\/","og_site_name":"B2Field","article_publisher":"https:\/\/www.facebook.com\/B2Field\/","article_modified_time":"2020-07-15T10:06:22+00:00","twitter_card":"summary_large_image","twitter_misc":{"Tiempo de lectura":"1 minuto"},"schema":{"@context":"https:\/\/schema.org","@graph":[{"@type":"WebPage","@id":"https:\/\/b2field.com\/es\/support\/help\/forms\/form-filling-notification\/","url":"https:\/\/b2field.com\/es\/support\/help\/forms\/form-filling-notification\/","name":"Alerta (notificaci\u00f3n) de formulario completado &#8211; B2Field","isPartOf":{"@id":"https:\/\/b2field.com\/es\/#website"},"datePublished":"2019-03-06T12:42:02+00:00","dateModified":"2020-07-15T10:06:22+00:00","description":"Las notificaciones le permiten informarse r\u00e1pidamente sobre los formularios completados a trav\u00e9s del servicio de B2Field. Establezca la notificaci\u00f3n de la siguiente forma:","breadcrumb":{"@id":"https:\/\/b2field.com\/es\/support\/help\/forms\/form-filling-notification\/#breadcrumb"},"inLanguage":"es","potentialAction":[{"@type":"ReadAction","target":["https:\/\/b2field.com\/es\/support\/help\/forms\/form-filling-notification\/"]}]},{"@type":"BreadcrumbList","@id":"https:\/\/b2field.com\/es\/support\/help\/forms\/form-filling-notification\/#breadcrumb","itemListElement":[{"@type":"ListItem","position":1,"name":"Home","item":"https:\/\/b2field.com\/es\/"},{"@type":"ListItem","position":2,"name":"Soporte","item":"https:\/\/b2field.com\/es\/support\/"},{"@type":"ListItem","position":3,"name":"Gu\u00edas de usuario","item":"https:\/\/b2field.com\/es\/support\/help\/"},{"@type":"ListItem","position":4,"name":"Formulario","item":"https:\/\/b2field.com\/es\/support\/help\/workforce\/forms\/"},{"@type":"ListItem","position":5,"name":"Alerta (notificaci\u00f3n) de formulario completado"}]},{"@type":"WebSite","@id":"https:\/\/b2field.com\/es\/#website","url":"https:\/\/b2field.com\/es\/","name":"B2Field","description":"","potentialAction":[{"@type":"SearchAction","target":{"@type":"EntryPoint","urlTemplate":"https:\/\/b2field.com\/es\/?s={search_term_string}"},"query-input":{"@type":"PropertyValueSpecification","valueRequired":true,"valueName":"search_term_string"}}],"inLanguage":"es"}]}},"_links":{"self":[{"href":"https:\/\/b2field.com\/es\/wp-json\/wp\/v2\/pages\/7558","targetHints":{"allow":["GET"]}}],"collection":[{"href":"https:\/\/b2field.com\/es\/wp-json\/wp\/v2\/pages"}],"about":[{"href":"https:\/\/b2field.com\/es\/wp-json\/wp\/v2\/types\/page"}],"author":[{"embeddable":true,"href":"https:\/\/b2field.com\/es\/wp-json\/wp\/v2\/users\/8"}],"replies":[{"embeddable":true,"href":"https:\/\/b2field.com\/es\/wp-json\/wp\/v2\/comments?post=7558"}],"version-history":[{"count":3,"href":"https:\/\/b2field.com\/es\/wp-json\/wp\/v2\/pages\/7558\/revisions"}],"predecessor-version":[{"id":10119,"href":"https:\/\/b2field.com\/es\/wp-json\/wp\/v2\/pages\/7558\/revisions\/10119"}],"up":[{"embeddable":true,"href":"https:\/\/b2field.com\/es\/wp-json\/wp\/v2\/pages\/7544"}],"wp:attachment":[{"href":"https:\/\/b2field.com\/es\/wp-json\/wp\/v2\/media?parent=7558"}],"curies":[{"name":"wp","href":"https:\/\/api.w.org\/{rel}","templated":true}]}}