{"id":8190,"date":"2019-02-27T08:50:00","date_gmt":"2019-02-27T08:50:00","guid":{"rendered":"http:\/\/api.b2field.com\/features\/location\/find-nearest\/"},"modified":"2024-10-21T03:15:53","modified_gmt":"2024-10-21T03:15:53","slug":"find-nearest","status":"publish","type":"page","link":"https:\/\/b2field.com\/es\/features\/location\/find-nearest\/","title":{"rendered":"Busca al empleado m\u00e1s cercano"},"content":{"rendered":"<div class=\"wpb-content-wrapper\"><p>[vc_row full_width=&#8221;stretch_row&#8221; css=&#8221;.vc_custom_1614850576389{padding-top: 80px !important;background-image: url(https:\/\/b2field.com\/wp-content\/uploads\/2019\/08\/find-nearest-head-bg_es.jpg?id=9040) !important;background-position: center !important;background-repeat: no-repeat !important;background-size: cover !important;}&#8221; el_class=&#8221;features-header&#8221;][vc_column][vc_row_inner css=&#8221;.vc_custom_1550139488172{padding-right: 0px !important;padding-left: 0px !important;}&#8221;][vc_column_inner width=&#8221;1\/6&#8243;][\/vc_column_inner][vc_column_inner el_class=&#8221;max-560&#8243; width=&#8221;5\/6&#8243; css=&#8221;.vc_custom_1550569096279{padding-left: 45px !important;}&#8221;][vc_column_text css=&#8221;.vc_custom_1562327144977{margin-bottom: 15px !important;}&#8221;]<\/p>\n<h1>Asigne encargos a los<br \/>\nempleados que se encuentran<br \/>\ncerca del lugar<\/h1>\n<p>[\/vc_column_text][\/vc_column_inner][\/vc_row_inner][vc_row_inner css=&#8221;.vc_custom_1550144349654{border-bottom-width: 1px !important;padding-right: 0px !important;padding-bottom: 50px !important;padding-left: 0px !important;border-bottom-color: #e3e4e5 !important;border-bottom-style: solid !important;}&#8221;][vc_column_inner width=&#8221;1\/6&#8243;][\/vc_column_inner][vc_column_inner el_class=&#8221;text-primary max-460&#8243; width=&#8221;5\/6&#8243; css=&#8221;.vc_custom_1550569078030{padding-left: 45px !important;}&#8221;][vc_column_text]Asigne tareas imprevistas de manera \u00f3ptima. Usted podr\u00e1 encontrar f\u00e1cilmente al empleado que est\u00e1 m\u00e1s cerca del lugar de servicio o entrega en el momento y transferir\u00e1 instant\u00e1neamente una nueva tarea a su tel\u00e9fono inteligente.<\/p>\n<p>Sus clientes quedar\u00e1n impresionados por la calidad del servicio, su empresa ahorrar\u00e1 en costos y tendr\u00e1 tiempo para cumplir con m\u00e1s pedidos.[\/vc_column_text]<div class='button'>\r\n\t\t<a href='\/es\/signup\/' class='button__url button__url--blue' >VER DEMO<\/a>\r\n\t<\/div>[\/vc_column_inner][\/vc_row_inner][\/vc_column][\/vc_row][vc_row css=&#8221;.vc_custom_1551705908861{padding-top: 100px !important;}&#8221;][vc_column width=&#8221;1\/6&#8243;][\/vc_column][vc_column width=&#8221;5\/12&#8243; css=&#8221;.vc_custom_1551705702485{padding-right: 45px !important;padding-left: 85px !important;}&#8221; el_class=&#8221;order-md-0&#8243;][vc_single_image source=&#8221;external_link&#8221; alignment=&#8221;center&#8221; custom_src=&#8221;\/wp-content\/uploads\/2019\/08\/find-nearest-b1_es.png&#8221;][\/vc_column][vc_column width=&#8221;5\/12&#8243; el_class=&#8221;order-md-1&#8243;][vc_column_text]<\/p>\n<h2>Encuentre f\u00e1cilmente empleados cercanos y asigne nuevas tareas<\/h2>\n<p>[\/vc_column_text][vc_column_text]Cuando aparece una tarea no programada, el servicio ayuda al despachador a seleccionar a los empleados m\u00e1s cercanos con las calificaciones requeridas. De este modo, puede distribuir de forma \u00f3ptima nuevas tareas, mejorar la calidad del servicio y ahorrar recursos.<\/p>\n<p>La tarea asignada se env\u00eda instant\u00e1neamente a la aplicaci\u00f3n m\u00f3vil del empleado seleccionado, sin el riesgo de perder detalles importantes.[\/vc_column_text][\/vc_column][\/vc_row][vc_row css=&#8221;.vc_custom_1551705938152{padding-top: 100px !important;padding-bottom: 100px !important;}&#8221;][vc_column width=&#8221;1\/6&#8243;][\/vc_column][vc_column width=&#8221;5\/12&#8243; css=&#8221;.vc_custom_1551705897376{padding-left: 55px !important;}&#8221; el_class=&#8221;order-md-1&#8243;][vc_column_text]<\/p>\n<h2>Use un conjunto de &#8220;estados&#8221;<br \/>\npara encontrar r\u00e1pidamente<br \/>\na un empleado disponible<\/h2>\n<p>[\/vc_column_text][vc_column_text]Establezca el estado de trabajo en el sistema, por ejemplo: &#8220;en carretera&#8221;, &#8220;Almuerzo&#8221;, &#8220;Con el cliente&#8221;, etc., para que los empleados puedan, de forma independiente y directamente desde sus smartphones, darse cuenta de lo que est\u00e1n haciendo en este momento.<\/p>\n<p>Por lo tanto, puede analizar r\u00e1pidamente el empleo total y la ubicaci\u00f3n de todos los empleados para encontrar r\u00e1pidamente el m\u00e1s cercano y asignar una nueva tarea.[\/vc_column_text][\/vc_column][vc_column width=&#8221;5\/12&#8243; el_class=&#8221;order-md-0&#8243;][vc_single_image source=&#8221;external_link&#8221; custom_src=&#8221;\/wp-content\/uploads\/2019\/08\/find-nearest-b2_es.png&#8221;][\/vc_column][\/vc_row][vc_row full_width=&#8221;stretch_row&#8221; el_class=&#8221;bg-blue-dark features-footer&#8221; css=&#8221;.vc_custom_1594893078750{padding-top: 88px !important;padding-bottom: 71px !important;}&#8221;][vc_column width=&#8221;1\/6&#8243;][\/vc_column][vc_column width=&#8221;5\/6&#8243; el_class=&#8221;max-660&#8243;][vc_single_image source=&#8221;external_link&#8221; custom_src=&#8221;\/wp-content\/uploads\/2019\/08\/features-footer_es.png&#8221; el_class=&#8221;features-footer-img&#8221;][vc_column_text css=&#8221;.vc_custom_1562327255024{margin-bottom: 15px !important;padding-left: 30px !important;}&#8221;]<\/p>\n<h2 style=\"font-size: 32px; letter-spacing: 0;\">\u00a1Utilice B2Field para aumentar la<br \/>\nproductividad hoy mismo!<\/h2>\n<p>[\/vc_column_text][vc_column_text css=&#8221;.vc_custom_1562327271169{margin-bottom: 27px !important;padding-left: 30px !important;}&#8221; el_class=&#8221;font-fira&#8221;]<\/p>\n<p style=\"font-size: 16px; font-weight: 300;\">Cree una cuenta y solicite una presentaci\u00f3n sobre las caracter\u00edsticas<br \/>\n&#8220;Empleado m\u00e1s cercano&#8221; con nuestros especialistas<\/p>\n<p>[\/vc_column_text][vc_row_inner][vc_column_inner width=&#8221;5\/12&#8243;]<div class='button button--right'>\r\n\t\t<a href='\/es\/signup\/' class='button__url button__url--mint' >VER DEMO<\/a>\r\n\t<\/div>[\/vc_column_inner][vc_column_inner width=&#8221;5\/12&#8243;]<div class='button button--left'>\r\n\t\t<a href='\/es\/signup\/' class='button__url button__url--white' >Registrarse<\/a>\r\n\t<\/div>[\/vc_column_inner][vc_column_inner width=&#8221;1\/6&#8243;][\/vc_column_inner][\/vc_row_inner][\/vc_column][\/vc_row]<\/p>\n<\/div>","protected":false},"excerpt":{"rendered":"<p>[vc_row full_width=&#8221;stretch_row&#8221; css=&#8221;.vc_custom_1614850576389{padding-top: 80px !important;background-image: url(https:\/\/b2field.com\/wp-content\/uploads\/2019\/08\/find-nearest-head-bg_es.jpg?id=9040) !important;background-position: center !important;background-repeat: no-repeat !important;background-size: cover !important;}&#8221; el_class=&#8221;features-header&#8221;][vc_column][vc_row_inner css=&#8221;.vc_custom_1550139488172{padding-right: 0px !important;padding-left: 0px !important;}&#8221;][vc_column_inner width=&#8221;1\/6&#8243;][\/vc_column_inner][vc_column_inner el_class=&#8221;max-560&#8243; width=&#8221;5\/6&#8243; css=&#8221;.vc_custom_1550569096279{padding-left: 45px !important;}&#8221;][vc_column_text css=&#8221;.vc_custom_1562327144977{margin-bottom: 15px !important;}&#8221;] Asigne encargos a los empleados que se encuentran cerca del lugar [\/vc_column_text][\/vc_column_inner][\/vc_row_inner][vc_row_inner css=&#8221;.vc_custom_1550144349654{border-bottom-width: 1px !important;padding-right: 0px !important;padding-bottom: 50px !important;padding-left: 0px !important;border-bottom-color: #e3e4e5 !important;border-bottom-style: solid !important;}&#8221;][vc_column_inner width=&#8221;1\/6&#8243;][\/vc_column_inner][vc_column_inner el_class=&#8221;text-primary&#8230;<\/p>\n","protected":false},"author":8,"featured_media":0,"parent":1910,"menu_order":4,"comment_status":"closed","ping_status":"closed","template":"page-features.php","meta":{"_acf_changed":false,"inline_featured_image":false,"footnotes":""},"class_list":["post-8190","page","type-page","status-publish","hentry"],"acf":[],"yoast_head":"<!-- This site is optimized with the Yoast SEO plugin v27.2 - https:\/\/yoast.com\/product\/yoast-seo-wordpress\/ -->\n<title>Busca al empleado m\u00e1s cercano &#8211; B2Field<\/title>\n<meta name=\"description\" content=\"Asigne tareas imprevistas de manera \u00f3ptima. Usted podr\u00e1 encontrar f\u00e1cilmente al empleado que est\u00e1 m\u00e1s cerca del lugar de servicio o entrega en el momento y transferir\u00e1 instant\u00e1neamente una nueva tarea a su tel\u00e9fono inteligente.\" \/>\n<meta name=\"robots\" content=\"index, follow, max-snippet:-1, max-image-preview:large, max-video-preview:-1\" \/>\n<link rel=\"canonical\" href=\"https:\/\/b2field.com\/es\/features\/location\/find-nearest\/\" \/>\n<meta property=\"og:locale\" content=\"es_ES\" \/>\n<meta property=\"og:type\" content=\"article\" \/>\n<meta property=\"og:title\" content=\"Busca al empleado m\u00e1s cercano &#8211; B2Field\" \/>\n<meta property=\"og:description\" content=\"Asigne tareas imprevistas de manera \u00f3ptima. Usted podr\u00e1 encontrar f\u00e1cilmente al empleado que est\u00e1 m\u00e1s cerca del lugar de servicio o entrega en el momento y transferir\u00e1 instant\u00e1neamente una nueva tarea a su tel\u00e9fono inteligente.\" \/>\n<meta property=\"og:url\" content=\"https:\/\/b2field.com\/es\/features\/location\/find-nearest\/\" \/>\n<meta property=\"og:site_name\" content=\"B2Field\" \/>\n<meta property=\"article:publisher\" content=\"https:\/\/www.facebook.com\/B2Field\/\" \/>\n<meta property=\"article:modified_time\" content=\"2024-10-21T03:15:53+00:00\" \/>\n<meta name=\"twitter:card\" content=\"summary_large_image\" \/>\n<meta name=\"twitter:label1\" content=\"Tiempo de lectura\" \/>\n\t<meta name=\"twitter:data1\" content=\"2 minutos\" \/>\n<script type=\"application\/ld+json\" class=\"yoast-schema-graph\">{\"@context\":\"https:\/\/schema.org\",\"@graph\":[{\"@type\":\"WebPage\",\"@id\":\"https:\/\/b2field.com\/es\/features\/location\/find-nearest\/\",\"url\":\"https:\/\/b2field.com\/es\/features\/location\/find-nearest\/\",\"name\":\"Busca al empleado m\u00e1s cercano &#8211; B2Field\",\"isPartOf\":{\"@id\":\"https:\/\/b2field.com\/es\/#website\"},\"datePublished\":\"2019-02-27T08:50:00+00:00\",\"dateModified\":\"2024-10-21T03:15:53+00:00\",\"description\":\"Asigne tareas imprevistas de manera \u00f3ptima. Usted podr\u00e1 encontrar f\u00e1cilmente al empleado que est\u00e1 m\u00e1s cerca del lugar de servicio o entrega en el momento y transferir\u00e1 instant\u00e1neamente una nueva tarea a su tel\u00e9fono inteligente.\",\"breadcrumb\":{\"@id\":\"https:\/\/b2field.com\/es\/features\/location\/find-nearest\/#breadcrumb\"},\"inLanguage\":\"es\",\"potentialAction\":[{\"@type\":\"ReadAction\",\"target\":[\"https:\/\/b2field.com\/es\/features\/location\/find-nearest\/\"]}]},{\"@type\":\"BreadcrumbList\",\"@id\":\"https:\/\/b2field.com\/es\/features\/location\/find-nearest\/#breadcrumb\",\"itemListElement\":[{\"@type\":\"ListItem\",\"position\":1,\"name\":\"Home\",\"item\":\"https:\/\/b2field.com\/es\/\"},{\"@type\":\"ListItem\",\"position\":2,\"name\":\"Caracter\u00edsticas\",\"item\":\"https:\/\/b2field.com\/es\/?page_id=1846\"},{\"@type\":\"ListItem\",\"position\":3,\"name\":\"Rastreo GPS \u2013 Servicios de campo\",\"item\":\"https:\/\/b2field.com\/es\/features\/location\/\"},{\"@type\":\"ListItem\",\"position\":4,\"name\":\"Busca al empleado m\u00e1s cercano\"}]},{\"@type\":\"WebSite\",\"@id\":\"https:\/\/b2field.com\/es\/#website\",\"url\":\"https:\/\/b2field.com\/es\/\",\"name\":\"B2Field\",\"description\":\"\",\"potentialAction\":[{\"@type\":\"SearchAction\",\"target\":{\"@type\":\"EntryPoint\",\"urlTemplate\":\"https:\/\/b2field.com\/es\/?s={search_term_string}\"},\"query-input\":{\"@type\":\"PropertyValueSpecification\",\"valueRequired\":true,\"valueName\":\"search_term_string\"}}],\"inLanguage\":\"es\"}]}<\/script>\n<!-- \/ Yoast SEO plugin. -->","yoast_head_json":{"title":"Busca al empleado m\u00e1s cercano &#8211; B2Field","description":"Asigne tareas imprevistas de manera \u00f3ptima. Usted podr\u00e1 encontrar f\u00e1cilmente al empleado que est\u00e1 m\u00e1s cerca del lugar de servicio o entrega en el momento y transferir\u00e1 instant\u00e1neamente una nueva tarea a su tel\u00e9fono inteligente.","robots":{"index":"index","follow":"follow","max-snippet":"max-snippet:-1","max-image-preview":"max-image-preview:large","max-video-preview":"max-video-preview:-1"},"canonical":"https:\/\/b2field.com\/es\/features\/location\/find-nearest\/","og_locale":"es_ES","og_type":"article","og_title":"Busca al empleado m\u00e1s cercano &#8211; B2Field","og_description":"Asigne tareas imprevistas de manera \u00f3ptima. Usted podr\u00e1 encontrar f\u00e1cilmente al empleado que est\u00e1 m\u00e1s cerca del lugar de servicio o entrega en el momento y transferir\u00e1 instant\u00e1neamente una nueva tarea a su tel\u00e9fono inteligente.","og_url":"https:\/\/b2field.com\/es\/features\/location\/find-nearest\/","og_site_name":"B2Field","article_publisher":"https:\/\/www.facebook.com\/B2Field\/","article_modified_time":"2024-10-21T03:15:53+00:00","twitter_card":"summary_large_image","twitter_misc":{"Tiempo de lectura":"2 minutos"},"schema":{"@context":"https:\/\/schema.org","@graph":[{"@type":"WebPage","@id":"https:\/\/b2field.com\/es\/features\/location\/find-nearest\/","url":"https:\/\/b2field.com\/es\/features\/location\/find-nearest\/","name":"Busca al empleado m\u00e1s cercano &#8211; B2Field","isPartOf":{"@id":"https:\/\/b2field.com\/es\/#website"},"datePublished":"2019-02-27T08:50:00+00:00","dateModified":"2024-10-21T03:15:53+00:00","description":"Asigne tareas imprevistas de manera \u00f3ptima. Usted podr\u00e1 encontrar f\u00e1cilmente al empleado que est\u00e1 m\u00e1s cerca del lugar de servicio o entrega en el momento y transferir\u00e1 instant\u00e1neamente una nueva tarea a su tel\u00e9fono inteligente.","breadcrumb":{"@id":"https:\/\/b2field.com\/es\/features\/location\/find-nearest\/#breadcrumb"},"inLanguage":"es","potentialAction":[{"@type":"ReadAction","target":["https:\/\/b2field.com\/es\/features\/location\/find-nearest\/"]}]},{"@type":"BreadcrumbList","@id":"https:\/\/b2field.com\/es\/features\/location\/find-nearest\/#breadcrumb","itemListElement":[{"@type":"ListItem","position":1,"name":"Home","item":"https:\/\/b2field.com\/es\/"},{"@type":"ListItem","position":2,"name":"Caracter\u00edsticas","item":"https:\/\/b2field.com\/es\/?page_id=1846"},{"@type":"ListItem","position":3,"name":"Rastreo GPS \u2013 Servicios de campo","item":"https:\/\/b2field.com\/es\/features\/location\/"},{"@type":"ListItem","position":4,"name":"Busca al empleado m\u00e1s cercano"}]},{"@type":"WebSite","@id":"https:\/\/b2field.com\/es\/#website","url":"https:\/\/b2field.com\/es\/","name":"B2Field","description":"","potentialAction":[{"@type":"SearchAction","target":{"@type":"EntryPoint","urlTemplate":"https:\/\/b2field.com\/es\/?s={search_term_string}"},"query-input":{"@type":"PropertyValueSpecification","valueRequired":true,"valueName":"search_term_string"}}],"inLanguage":"es"}]}},"_links":{"self":[{"href":"https:\/\/b2field.com\/es\/wp-json\/wp\/v2\/pages\/8190","targetHints":{"allow":["GET"]}}],"collection":[{"href":"https:\/\/b2field.com\/es\/wp-json\/wp\/v2\/pages"}],"about":[{"href":"https:\/\/b2field.com\/es\/wp-json\/wp\/v2\/types\/page"}],"author":[{"embeddable":true,"href":"https:\/\/b2field.com\/es\/wp-json\/wp\/v2\/users\/8"}],"replies":[{"embeddable":true,"href":"https:\/\/b2field.com\/es\/wp-json\/wp\/v2\/comments?post=8190"}],"version-history":[{"count":7,"href":"https:\/\/b2field.com\/es\/wp-json\/wp\/v2\/pages\/8190\/revisions"}],"predecessor-version":[{"id":11776,"href":"https:\/\/b2field.com\/es\/wp-json\/wp\/v2\/pages\/8190\/revisions\/11776"}],"up":[{"embeddable":true,"href":"https:\/\/b2field.com\/es\/wp-json\/wp\/v2\/pages\/1910"}],"wp:attachment":[{"href":"https:\/\/b2field.com\/es\/wp-json\/wp\/v2\/media?parent=8190"}],"curies":[{"name":"wp","href":"https:\/\/api.w.org\/{rel}","templated":true}]}}