{"id":8197,"date":"2019-03-22T11:09:41","date_gmt":"2019-03-22T11:09:41","guid":{"rendered":"http:\/\/api.b2field.com\/features\/location\/on-website\/"},"modified":"2021-03-04T09:24:33","modified_gmt":"2021-03-04T09:24:33","slug":"on-website","status":"publish","type":"page","link":"https:\/\/b2field.com\/es\/features\/location\/on-website\/","title":{"rendered":"Entrega en el mapa"},"content":{"rendered":"<div class=\"wpb-content-wrapper\"><p>[vc_row full_width=&#8221;stretch_row&#8221; css=&#8221;.vc_custom_1614849869070{padding-top: 120px !important;background-image: url(https:\/\/b2field.com\/wp-content\/uploads\/2019\/08\/on-website-head_es.jpg?id=9050) !important;background-position: center !important;background-repeat: no-repeat !important;background-size: cover !important;}&#8221; el_class=&#8221;features-header&#8221;][vc_column][vc_single_image source=&#8221;external_link&#8221; custom_src=&#8221;\/wp-content\/uploads\/2019\/08\/on-website-head-phone_es.png&#8221; el_class=&#8221;features-header-img features-header-img_on-website-one&#8221;][vc_single_image source=&#8221;external_link&#8221; custom_src=&#8221;\/wp-content\/uploads\/2019\/08\/on-website-head-chat_es.png&#8221; el_class=&#8221;features-header-img features-header-img_on-website-two&#8221;][vc_row_inner css=&#8221;.vc_custom_1550139488172{padding-right: 0px !important;padding-left: 0px !important;}&#8221;][vc_column_inner width=&#8221;1\/6&#8243;][\/vc_column_inner][vc_column_inner el_class=&#8221;max-660&#8243; width=&#8221;5\/6&#8243; css=&#8221;.vc_custom_1553495897655{padding-left: 45px !important;}&#8221;][vc_column_text css=&#8221;.vc_custom_1565605059010{margin-bottom: 15px !important;}&#8221;]<\/p>\n<h1>Vaya m\u00e1s<br \/>\nall\u00e1 por<br \/>\nsus clientes<\/h1>\n<p>[\/vc_column_text][\/vc_column_inner][\/vc_row_inner][vc_row_inner css=&#8221;.vc_custom_1551706867645{padding-right: 0px !important;padding-bottom: 155px !important;padding-left: 0px !important;}&#8221;][vc_column_inner width=&#8221;1\/6&#8243;][\/vc_column_inner][vc_column_inner el_class=&#8221;text-primary max-460&#8243; width=&#8221;5\/6&#8243; css=&#8221;.vc_custom_1550569078030{padding-left: 45px !important;}&#8221;][vc_column_text css=&#8221;.vc_custom_1562329762079{margin-bottom: 30px !important;}&#8221;]Habilite el seguimiento en l\u00ednea de su personal de entrega, correos, conductores e ingenieros de servicio. Ampl\u00ede la facilidad de uso para complacer a sus clientes y atraer a los nuevos.[\/vc_column_text]<div class='button'>\r\n\t\t<a href='\/es\/signup\/' class='button__url button__url--blue' >VER DEMO<\/a>\r\n\t<\/div>[\/vc_column_inner][\/vc_row_inner][\/vc_column][\/vc_row][vc_row css=&#8221;.vc_custom_1557914814562{padding-top: 110px !important;padding-bottom: 50px !important;}&#8221;][vc_column width=&#8221;1\/6&#8243;][\/vc_column][vc_column width=&#8221;5\/6&#8243; css=&#8221;.vc_custom_1557914825056{border-bottom-width: 1px !important;padding-left: 45px !important;border-bottom-color: #e3e4e5 !important;border-bottom-style: solid !important;}&#8221;][vc_row_inner][vc_column_inner width=&#8221;1\/3&#8243;][vc_single_image source=&#8221;external_link&#8221; external_img_size=&#8221;40&#215;41&#8243; custom_src=&#8221;\/wp-content\/uploads\/2019\/03\/icon1.png&#8221; el_class=&#8221;img-height-40&#8243; css=&#8221;.vc_custom_1553501444811{margin-bottom: 15px !important;}&#8221;][vc_column_text css=&#8221;.vc_custom_1562329774735{margin-bottom: 20px !important;}&#8221;]<\/p>\n<h3>Ponga su servicio<br \/>\nen el mapa<\/h3>\n<p>[\/vc_column_text][vc_column_text]Con el n\u00famero de pedido, sus clientes\u00a0 sabr\u00e1n d\u00f3nde se encuentra. Sin llamadas extra, solo un excelente servicio.[\/vc_column_text][\/vc_column_inner][vc_column_inner width=&#8221;1\/3&#8243;][vc_single_image source=&#8221;external_link&#8221; custom_src=&#8221;\/wp-content\/uploads\/2019\/03\/icon2.png&#8221; el_class=&#8221;img-height-40&#8243; css=&#8221;.vc_custom_1553501448866{margin-bottom: 15px !important;}&#8221;][vc_column_text css=&#8221;.vc_custom_1562329830688{margin-bottom: 20px !important;}&#8221;]<\/p>\n<h3>Calcular el tiempo<br \/>\nde entrega<\/h3>\n<p>[\/vc_column_text][vc_column_text]B2Field proporcionar\u00e1 un tiempo estimado de entrega, considerando las condiciones de la carretera y el tr\u00e1fico.[\/vc_column_text][\/vc_column_inner][vc_column_inner width=&#8221;1\/3&#8243;][vc_single_image source=&#8221;external_link&#8221; custom_src=&#8221;\/wp-content\/uploads\/2019\/03\/icon3.png&#8221; el_class=&#8221;img-height-40&#8243; css=&#8221;.vc_custom_1553501453107{margin-bottom: 15px !important;}&#8221;][vc_column_text css=&#8221;.vc_custom_1562329848800{margin-bottom: 20px !important;}&#8221;]<\/p>\n<h3>Personalice<br \/>\nsu servicio<\/h3>\n<p>[\/vc_column_text][vc_column_text]Haga que su soluci\u00f3n se vincule con sus mapas favoritos, colores corporativos y funciones personalizadas[\/vc_column_text][\/vc_column_inner][\/vc_row_inner][\/vc_column][\/vc_row][vc_row css=&#8221;.vc_custom_1553497659225{padding-top: 55px !important;}&#8221;][vc_column width=&#8221;1\/6&#8243;][\/vc_column][vc_column width=&#8221;5\/6&#8243; css=&#8221;.vc_custom_1550573164253{padding-left: 45px !important;}&#8221; el_class=&#8221;order-md-1&#8243;][vc_row_inner][vc_column_inner width=&#8221;1\/6&#8243;][\/vc_column_inner][vc_column_inner width=&#8221;2\/3&#8243;][vc_column_text el_class=&#8221;text-align-center&#8221; css=&#8221;.vc_custom_1562329870999{margin-bottom: 20px !important;}&#8221;]<\/p>\n<h2>F\u00e1cil integraci\u00f3n<\/h2>\n<p>[\/vc_column_text][vc_column_text el_class=&#8221;subheader text-align-center&#8221;]El c\u00f3digo HTML se generar\u00e1 autom\u00e1ticamente y estar\u00e1 listo para ser utilizado. Simplemente col\u00f3quelo en su sitio web o en los canales de sus redes sociales.[\/vc_column_text][vc_single_image source=&#8221;external_link&#8221; custom_src=&#8221;\/wp-content\/uploads\/2019\/03\/on-website-b1.png&#8221;][\/vc_column_inner][vc_column_inner width=&#8221;1\/6&#8243;][\/vc_column_inner][\/vc_row_inner][\/vc_column][\/vc_row][vc_row css=&#8221;.vc_custom_1550578628701{padding-top: 100px !important;}&#8221;][vc_column width=&#8221;1\/6&#8243;][\/vc_column][vc_column width=&#8221;5\/12&#8243; css=&#8221;.vc_custom_1550573164253{padding-left: 45px !important;}&#8221; el_class=&#8221;order-md-1&#8243;][vc_column_text]<\/p>\n<h2>Todo su equipo en un mapa<\/h2>\n<p>[\/vc_column_text][vc_column_text]Coloque toda la fuerza de trabajo de campo en el mapa para mostrar el \u00e1rea cubierta con su soluci\u00f3n. Mu\u00e9strese la cantidad de personas en su equipo (o veh\u00edculos en su flota) en l\u00ednea.[\/vc_column_text][\/vc_column][vc_column width=&#8221;5\/12&#8243; el_class=&#8221;order-md-0&#8243;][vc_single_image source=&#8221;external_link&#8221; custom_src=&#8221;\/wp-content\/uploads\/2019\/08\/on-website-b2_es.png&#8221;][\/vc_column][\/vc_row][vc_row css=&#8221;.vc_custom_1553498223850{padding-top: 100px !important;padding-bottom: 80px !important;}&#8221;][vc_column width=&#8221;1\/6&#8243;][\/vc_column][vc_column width=&#8221;5\/12&#8243; css=&#8221;.vc_custom_1550573108412{padding-left: 45px !important;}&#8221; el_class=&#8221;order-md-0&#8243;][vc_single_image source=&#8221;external_link&#8221; custom_src=&#8221;\/wp-content\/uploads\/2019\/08\/on-website-b3_es.png&#8221;][\/vc_column][vc_column width=&#8221;5\/12&#8243; el_class=&#8221;order-md-1&#8243;][vc_column_text]<\/p>\n<h2>Seguimiento de la entrega en l\u00ednea<\/h2>\n<p>[\/vc_column_text][vc_column_text]Permita que los clientes verifiquen el estado de entrega en tiempo real sin llamar a la l\u00ednea directa. Con el n\u00famero de pedido visualizar\u00e1 la ubicaci\u00f3n actual y la hora o llegada estimadas.[\/vc_column_text][\/vc_column][\/vc_row][vc_row full_width=&#8221;stretch_row&#8221; el_class=&#8221;bg-blue-dark features-footer&#8221; css=&#8221;.vc_custom_1594892523178{padding-top: 88px !important;padding-bottom: 71px !important;}&#8221;][vc_column width=&#8221;1\/6&#8243;][\/vc_column][vc_column width=&#8221;5\/6&#8243; el_class=&#8221;max-660&#8243;][vc_single_image source=&#8221;external_link&#8221; custom_src=&#8221;\/wp-content\/uploads\/2019\/08\/features-footer_es.png&#8221; el_class=&#8221;features-footer-img&#8221;][vc_column_text css=&#8221;.vc_custom_1562330022487{margin-bottom: 15px !important;padding-left: 30px !important;}&#8221;]<\/p>\n<h2 style=\"font-size: 30px; letter-spacing: 0;\">\u00a1Comience a utilizar B2Field hoy mismo!<\/h2>\n<p>[\/vc_column_text][vc_column_text css=&#8221;.vc_custom_1562330039856{margin-bottom: 27px !important;padding-left: 30px !important;}&#8221; el_class=&#8221;font-fira&#8221;]<\/p>\n<p style=\"font-size: 16px; font-weight: 300;\">Descubra c\u00f3mo B2Field mejora la gesti\u00f3n del servicio<br \/>\nde campo y aumenta la eficiencia y la disciplina.<\/p>\n<p>[\/vc_column_text][vc_row_inner][vc_column_inner width=&#8221;5\/12&#8243;]<div class='button button--right'>\r\n\t\t<a href='\/es\/signup\/' class='button__url button__url--mint' >VER DEMO<\/a>\r\n\t<\/div>[\/vc_column_inner][vc_column_inner width=&#8221;5\/12&#8243;]<div class='button button--left'>\r\n\t\t<a href='\/es\/signup\/' class='button__url button__url--white' >Registrarse<\/a>\r\n\t<\/div>[\/vc_column_inner][vc_column_inner width=&#8221;1\/6&#8243;][\/vc_column_inner][\/vc_row_inner][\/vc_column][\/vc_row]<\/p>\n<\/div>","protected":false},"excerpt":{"rendered":"<p>[vc_row full_width=&#8221;stretch_row&#8221; css=&#8221;.vc_custom_1614849869070{padding-top: 120px !important;background-image: url(https:\/\/b2field.com\/wp-content\/uploads\/2019\/08\/on-website-head_es.jpg?id=9050) !important;background-position: center !important;background-repeat: no-repeat !important;background-size: cover !important;}&#8221; el_class=&#8221;features-header&#8221;][vc_column][vc_single_image source=&#8221;external_link&#8221; custom_src=&#8221;\/wp-content\/uploads\/2019\/08\/on-website-head-phone_es.png&#8221; el_class=&#8221;features-header-img features-header-img_on-website-one&#8221;][vc_single_image source=&#8221;external_link&#8221; custom_src=&#8221;\/wp-content\/uploads\/2019\/08\/on-website-head-chat_es.png&#8221; el_class=&#8221;features-header-img features-header-img_on-website-two&#8221;][vc_row_inner css=&#8221;.vc_custom_1550139488172{padding-right: 0px !important;padding-left: 0px !important;}&#8221;][vc_column_inner width=&#8221;1\/6&#8243;][\/vc_column_inner][vc_column_inner el_class=&#8221;max-660&#8243; width=&#8221;5\/6&#8243; css=&#8221;.vc_custom_1553495897655{padding-left: 45px !important;}&#8221;][vc_column_text css=&#8221;.vc_custom_1565605059010{margin-bottom: 15px !important;}&#8221;] Vaya m\u00e1s all\u00e1 por sus clientes [\/vc_column_text][\/vc_column_inner][\/vc_row_inner][vc_row_inner css=&#8221;.vc_custom_1551706867645{padding-right: 0px !important;padding-bottom: 155px !important;padding-left: 0px !important;}&#8221;][vc_column_inner width=&#8221;1\/6&#8243;][\/vc_column_inner][vc_column_inner el_class=&#8221;text-primary max-460&#8243; width=&#8221;5\/6&#8243; css=&#8221;.vc_custom_1550569078030{padding-left:&#8230;<\/p>\n","protected":false},"author":8,"featured_media":0,"parent":1910,"menu_order":1,"comment_status":"closed","ping_status":"closed","template":"page-features.php","meta":{"_acf_changed":false,"inline_featured_image":false,"footnotes":""},"class_list":["post-8197","page","type-page","status-publish","hentry"],"acf":[],"yoast_head":"<!-- This site is optimized with the Yoast SEO plugin v27.2 - https:\/\/yoast.com\/product\/yoast-seo-wordpress\/ -->\n<title>Entrega en el mapa &#8211; B2Field<\/title>\n<meta name=\"description\" content=\"Habilite el seguimiento en l\u00ednea de su personal de entrega, correos, conductores e ingenieros de servicio. Ampl\u00ede la facilidad de uso para complacer a sus clientes y atraer a los nuevos.\" \/>\n<meta name=\"robots\" content=\"index, follow, max-snippet:-1, max-image-preview:large, max-video-preview:-1\" \/>\n<link rel=\"canonical\" href=\"https:\/\/b2field.com\/es\/features\/location\/on-website\/\" \/>\n<meta property=\"og:locale\" content=\"es_ES\" \/>\n<meta property=\"og:type\" content=\"article\" \/>\n<meta property=\"og:title\" content=\"Entrega en el mapa &#8211; B2Field\" \/>\n<meta property=\"og:description\" content=\"Habilite el seguimiento en l\u00ednea de su personal de entrega, correos, conductores e ingenieros de servicio. Ampl\u00ede la facilidad de uso para complacer a sus clientes y atraer a los nuevos.\" \/>\n<meta property=\"og:url\" content=\"https:\/\/b2field.com\/es\/features\/location\/on-website\/\" \/>\n<meta property=\"og:site_name\" content=\"B2Field\" \/>\n<meta property=\"article:publisher\" content=\"https:\/\/www.facebook.com\/B2Field\/\" \/>\n<meta property=\"article:modified_time\" content=\"2021-03-04T09:24:33+00:00\" \/>\n<meta name=\"twitter:card\" content=\"summary_large_image\" \/>\n<meta name=\"twitter:label1\" content=\"Tiempo de lectura\" \/>\n\t<meta name=\"twitter:data1\" content=\"2 minutos\" \/>\n<script type=\"application\/ld+json\" class=\"yoast-schema-graph\">{\"@context\":\"https:\/\/schema.org\",\"@graph\":[{\"@type\":\"WebPage\",\"@id\":\"https:\/\/b2field.com\/es\/features\/location\/on-website\/\",\"url\":\"https:\/\/b2field.com\/es\/features\/location\/on-website\/\",\"name\":\"Entrega en el mapa &#8211; B2Field\",\"isPartOf\":{\"@id\":\"https:\/\/b2field.com\/es\/#website\"},\"datePublished\":\"2019-03-22T11:09:41+00:00\",\"dateModified\":\"2021-03-04T09:24:33+00:00\",\"description\":\"Habilite el seguimiento en l\u00ednea de su personal de entrega, correos, conductores e ingenieros de servicio. Ampl\u00ede la facilidad de uso para complacer a sus clientes y atraer a los nuevos.\",\"breadcrumb\":{\"@id\":\"https:\/\/b2field.com\/es\/features\/location\/on-website\/#breadcrumb\"},\"inLanguage\":\"es\",\"potentialAction\":[{\"@type\":\"ReadAction\",\"target\":[\"https:\/\/b2field.com\/es\/features\/location\/on-website\/\"]}]},{\"@type\":\"BreadcrumbList\",\"@id\":\"https:\/\/b2field.com\/es\/features\/location\/on-website\/#breadcrumb\",\"itemListElement\":[{\"@type\":\"ListItem\",\"position\":1,\"name\":\"Home\",\"item\":\"https:\/\/b2field.com\/es\/\"},{\"@type\":\"ListItem\",\"position\":2,\"name\":\"Caracter\u00edsticas\",\"item\":\"https:\/\/b2field.com\/es\/?page_id=1846\"},{\"@type\":\"ListItem\",\"position\":3,\"name\":\"Rastreo GPS \u2013 Servicios de campo\",\"item\":\"https:\/\/b2field.com\/es\/features\/location\/\"},{\"@type\":\"ListItem\",\"position\":4,\"name\":\"Entrega en el mapa\"}]},{\"@type\":\"WebSite\",\"@id\":\"https:\/\/b2field.com\/es\/#website\",\"url\":\"https:\/\/b2field.com\/es\/\",\"name\":\"B2Field\",\"description\":\"\",\"potentialAction\":[{\"@type\":\"SearchAction\",\"target\":{\"@type\":\"EntryPoint\",\"urlTemplate\":\"https:\/\/b2field.com\/es\/?s={search_term_string}\"},\"query-input\":{\"@type\":\"PropertyValueSpecification\",\"valueRequired\":true,\"valueName\":\"search_term_string\"}}],\"inLanguage\":\"es\"}]}<\/script>\n<!-- \/ Yoast SEO plugin. -->","yoast_head_json":{"title":"Entrega en el mapa &#8211; B2Field","description":"Habilite el seguimiento en l\u00ednea de su personal de entrega, correos, conductores e ingenieros de servicio. Ampl\u00ede la facilidad de uso para complacer a sus clientes y atraer a los nuevos.","robots":{"index":"index","follow":"follow","max-snippet":"max-snippet:-1","max-image-preview":"max-image-preview:large","max-video-preview":"max-video-preview:-1"},"canonical":"https:\/\/b2field.com\/es\/features\/location\/on-website\/","og_locale":"es_ES","og_type":"article","og_title":"Entrega en el mapa &#8211; B2Field","og_description":"Habilite el seguimiento en l\u00ednea de su personal de entrega, correos, conductores e ingenieros de servicio. Ampl\u00ede la facilidad de uso para complacer a sus clientes y atraer a los nuevos.","og_url":"https:\/\/b2field.com\/es\/features\/location\/on-website\/","og_site_name":"B2Field","article_publisher":"https:\/\/www.facebook.com\/B2Field\/","article_modified_time":"2021-03-04T09:24:33+00:00","twitter_card":"summary_large_image","twitter_misc":{"Tiempo de lectura":"2 minutos"},"schema":{"@context":"https:\/\/schema.org","@graph":[{"@type":"WebPage","@id":"https:\/\/b2field.com\/es\/features\/location\/on-website\/","url":"https:\/\/b2field.com\/es\/features\/location\/on-website\/","name":"Entrega en el mapa &#8211; B2Field","isPartOf":{"@id":"https:\/\/b2field.com\/es\/#website"},"datePublished":"2019-03-22T11:09:41+00:00","dateModified":"2021-03-04T09:24:33+00:00","description":"Habilite el seguimiento en l\u00ednea de su personal de entrega, correos, conductores e ingenieros de servicio. Ampl\u00ede la facilidad de uso para complacer a sus clientes y atraer a los nuevos.","breadcrumb":{"@id":"https:\/\/b2field.com\/es\/features\/location\/on-website\/#breadcrumb"},"inLanguage":"es","potentialAction":[{"@type":"ReadAction","target":["https:\/\/b2field.com\/es\/features\/location\/on-website\/"]}]},{"@type":"BreadcrumbList","@id":"https:\/\/b2field.com\/es\/features\/location\/on-website\/#breadcrumb","itemListElement":[{"@type":"ListItem","position":1,"name":"Home","item":"https:\/\/b2field.com\/es\/"},{"@type":"ListItem","position":2,"name":"Caracter\u00edsticas","item":"https:\/\/b2field.com\/es\/?page_id=1846"},{"@type":"ListItem","position":3,"name":"Rastreo GPS \u2013 Servicios de campo","item":"https:\/\/b2field.com\/es\/features\/location\/"},{"@type":"ListItem","position":4,"name":"Entrega en el mapa"}]},{"@type":"WebSite","@id":"https:\/\/b2field.com\/es\/#website","url":"https:\/\/b2field.com\/es\/","name":"B2Field","description":"","potentialAction":[{"@type":"SearchAction","target":{"@type":"EntryPoint","urlTemplate":"https:\/\/b2field.com\/es\/?s={search_term_string}"},"query-input":{"@type":"PropertyValueSpecification","valueRequired":true,"valueName":"search_term_string"}}],"inLanguage":"es"}]}},"_links":{"self":[{"href":"https:\/\/b2field.com\/es\/wp-json\/wp\/v2\/pages\/8197","targetHints":{"allow":["GET"]}}],"collection":[{"href":"https:\/\/b2field.com\/es\/wp-json\/wp\/v2\/pages"}],"about":[{"href":"https:\/\/b2field.com\/es\/wp-json\/wp\/v2\/types\/page"}],"author":[{"embeddable":true,"href":"https:\/\/b2field.com\/es\/wp-json\/wp\/v2\/users\/8"}],"replies":[{"embeddable":true,"href":"https:\/\/b2field.com\/es\/wp-json\/wp\/v2\/comments?post=8197"}],"version-history":[{"count":9,"href":"https:\/\/b2field.com\/es\/wp-json\/wp\/v2\/pages\/8197\/revisions"}],"predecessor-version":[{"id":11773,"href":"https:\/\/b2field.com\/es\/wp-json\/wp\/v2\/pages\/8197\/revisions\/11773"}],"up":[{"embeddable":true,"href":"https:\/\/b2field.com\/es\/wp-json\/wp\/v2\/pages\/1910"}],"wp:attachment":[{"href":"https:\/\/b2field.com\/es\/wp-json\/wp\/v2\/media?parent=8197"}],"curies":[{"name":"wp","href":"https:\/\/api.w.org\/{rel}","templated":true}]}}