{"id":8269,"date":"2019-03-18T11:22:26","date_gmt":"2019-03-18T11:22:26","guid":{"rendered":"http:\/\/api.b2field.com\/features\/tasks\/work-orders\/"},"modified":"2021-03-04T08:24:23","modified_gmt":"2021-03-04T08:24:23","slug":"work-orders","status":"publish","type":"page","link":"https:\/\/b2field.com\/es\/features\/tasks\/work-orders\/","title":{"rendered":"Tareas en el smartphone"},"content":{"rendered":"<div class=\"wpb-content-wrapper\"><p>[vc_row full_width=&#8221;stretch_row&#8221; css=&#8221;.vc_custom_1614846257747{padding-top: 95px !important;background-image: url(https:\/\/b2field.com\/wp-content\/uploads\/2019\/08\/work-orders-bg_es.jpg?id=9137) !important;background-position: center !important;background-repeat: no-repeat !important;background-size: cover !important;}&#8221; el_class=&#8221;features-header&#8221;][vc_column][vc_single_image source=&#8221;external_link&#8221; custom_src=&#8221;\/wp-content\/uploads\/2019\/08\/work-orders-b1_es.png&#8221; el_class=&#8221;features-header-img features-header-img_work-orders&#8221;][vc_row_inner css=&#8221;.vc_custom_1550139488172{padding-right: 0px !important;padding-left: 0px !important;}&#8221;][vc_column_inner width=&#8221;1\/6&#8243;][\/vc_column_inner][vc_column_inner el_class=&#8221;max-560&#8243; width=&#8221;5\/6&#8243; css=&#8221;.vc_custom_1550569096279{padding-left: 45px !important;}&#8221;][vc_column_text css=&#8221;.vc_custom_1562561251483{margin-bottom: 15px !important;}&#8221;]<\/p>\n<h1>Enviar tareas a los<br \/>\nempleados a trav\u00e9s de sus<br \/>\nsmartphones o tabletas<\/h1>\n<p>[\/vc_column_text][\/vc_column_inner][\/vc_row_inner][vc_row_inner css=&#8221;.vc_custom_1552909806178{padding-right: 0px !important;padding-bottom: 55px !important;padding-left: 0px !important;}&#8221;][vc_column_inner width=&#8221;1\/6&#8243;][\/vc_column_inner][vc_column_inner el_class=&#8221;text-primary max-460&#8243; width=&#8221;5\/6&#8243; css=&#8221;.vc_custom_1550569078030{padding-left: 45px !important;}&#8221;][vc_column_text]Convierta los dispositivos m\u00f3viles en organizadores electr\u00f3nicos efectivos. Especifique a d\u00f3nde ir, a qu\u00e9 hora y qu\u00e9 hacer. As\u00ed una lista ilustrativa de las actividades estar\u00e1 a la mano de los empleados.[\/vc_column_text]<div class='button'>\r\n\t\t<a href='\/es\/signup\/' class='button__url button__url--blue' >VER DEMO<\/a>\r\n\t<\/div>[\/vc_column_inner][\/vc_row_inner][\/vc_column][\/vc_row][vc_row css=&#8221;.vc_custom_1550578628701{padding-top: 100px !important;}&#8221;][vc_column width=&#8221;1\/6&#8243;][\/vc_column][vc_column width=&#8221;5\/12&#8243; css=&#8221;.vc_custom_1550573164253{padding-left: 45px !important;}&#8221; el_class=&#8221;order-md-1&#8243;][vc_column_text]<\/p>\n<h2>Listas de tareas siempre a la vista<\/h2>\n<p>[\/vc_column_text][vc_column_text]Basta con que un empleado toque la pantalla para ver la lista detallada de instrucciones para determinado d\u00eda.<\/p>\n<p>Las tareas se pueden priorizar autom\u00e1ticamente, seg\u00fan su urgencia o distancia desde la ubicaci\u00f3n actual.<\/p>\n<p>A continuaci\u00f3n, la aplicaci\u00f3n traza la ruta optima, calcula el tiempo de llegada teniendo en cuenta la situaci\u00f3n del tr\u00e1fico y toma nota de aquellas tareas que corren el riesgo de retraso.[\/vc_column_text][\/vc_column][vc_column width=&#8221;5\/12&#8243; el_class=&#8221;order-md-0&#8243;][vc_single_image source=&#8221;external_link&#8221; custom_src=&#8221;\/wp-content\/uploads\/2019\/08\/work-orders-b2_es.png&#8221;][\/vc_column][\/vc_row][vc_row css=&#8221;.vc_custom_1550578619437{padding-top: 100px !important;}&#8221;][vc_column width=&#8221;1\/6&#8243;][\/vc_column][vc_column width=&#8221;5\/12&#8243; css=&#8221;.vc_custom_1550573108412{padding-left: 45px !important;}&#8221; el_class=&#8221;order-md-0&#8243;][vc_single_image source=&#8221;external_link&#8221; custom_src=&#8221;\/wp-content\/uploads\/2019\/08\/work-orders-b3_es-1.png&#8221;][\/vc_column][vc_column width=&#8221;5\/12&#8243; el_class=&#8221;order-md-1&#8243;][vc_column_text]<\/p>\n<h2>Para cada tarea tantos detalles como sea posible<\/h2>\n<p>[\/vc_column_text][vc_column_text]D\u00f3nde ir, a qu\u00e9 hora y qu\u00e9 hacer exactamente. La informaci\u00f3n precisa ayuda a los empleados a realizar el trabajo en total cumplimiento de las expectativas.<\/p>\n<p><strong>Archivos adjuntos.<\/strong> A cada tareas puede adjuntar documentos electr\u00f3nicos (contables o t\u00e9cnicos) que puedan ser necesarios para realizar el trabajo.<\/p>\n<p><strong>Formularios en l\u00ednea.<\/strong> Ahora en el formulario en l\u00ednea podr\u00e1 adjuntar y enviar datos r\u00e1pidamente a la oficina sobre los pedidos del cliente o los resultados de una encuesta, por ejemplo.<\/p>\n<p><strong>Comentarios y chat.<\/strong> Cuando necesite aclarar r\u00e1pidamente alguna informaci\u00f3n con sus colegas, los empleados podr\u00e1n realizar comentarios o chatear sobre cada tarea.[\/vc_column_text][\/vc_column][\/vc_row][vc_row css=&#8221;.vc_custom_1550578687464{padding-top: 100px !important;padding-bottom: 75px !important;}&#8221;][vc_column width=&#8221;1\/6&#8243;][\/vc_column][vc_column width=&#8221;5\/12&#8243; css=&#8221;.vc_custom_1550573173340{padding-left: 45px !important;}&#8221; el_class=&#8221;order-md-0&#8243;][vc_column_text]<\/p>\n<h2>Informes autom\u00e1ticos de las tareas realizadas<\/h2>\n<p>[\/vc_column_text][vc_column_text]El empleado ya no tendr\u00e1 que informar por separado sobre el resultado de su trabajo: B2Field registra autom\u00e1ticamente toda la informaci\u00f3n importante sobre la ejecuci\u00f3n de cada tarea.<\/p>\n<p>El supervisor recibe un informe concreto sobre la implementaci\u00f3n de las tareas y logros del empleado (KPI) con base a los datos:[\/vc_column_text][vc_column_text]<\/p>\n<ul class=\"check-mark-list check-mark-list-mint\">\n<li>Datos de visita<\/li>\n<li>Hora de llegada (tardanza)<\/li>\n<li>Duraci\u00f3n de la visita<\/li>\n<li>Informaci\u00f3n recabada<\/li>\n<li>Reporte fotogr\u00e1fico<\/li>\n<li>Valoraci\u00f3n del cliente<\/li>\n<\/ul>\n<p>[\/vc_column_text][\/vc_column][vc_column width=&#8221;5\/12&#8243; el_class=&#8221;order-md-1&#8243;][vc_single_image source=&#8221;external_link&#8221; custom_src=&#8221;\/wp-content\/uploads\/2019\/08\/work-orders-b4_es.png&#8221;][\/vc_column][\/vc_row][vc_row full_width=&#8221;stretch_row&#8221; el_class=&#8221;bg-blue-dark features-footer&#8221; css=&#8221;.vc_custom_1594891819891{padding-top: 88px !important;padding-bottom: 71px !important;}&#8221;][vc_column width=&#8221;1\/6&#8243;][\/vc_column][vc_column width=&#8221;5\/6&#8243; el_class=&#8221;max-660&#8243;][vc_single_image source=&#8221;external_link&#8221; custom_src=&#8221;\/wp-content\/uploads\/2019\/08\/features-footer_es.png&#8221; el_class=&#8221;features-footer-img&#8221;][vc_column_text css=&#8221;.vc_custom_1562561420872{margin-bottom: 15px !important;padding-left: 30px !important;}&#8221;]<\/p>\n<h2 style=\"font-size: 30px; letter-spacing: 0;\">Organice el trabajo del<br \/>\npersonal en campo<\/h2>\n<p>[\/vc_column_text][vc_column_text css=&#8221;.vc_custom_1562561432729{margin-bottom: 27px !important;padding-left: 30px !important;}&#8221; el_class=&#8221;font-fira&#8221;]<\/p>\n<p style=\"font-size: 16px; font-weight: 300;\">Pruebe el servicio B2Field ahora mismo o solicite una consulta<br \/>\ngratuita sobre la funci\u00f3n &#8220;Tareas&#8221; con alguno de nuestros expertos<\/p>\n<p>[\/vc_column_text][vc_row_inner][vc_column_inner width=&#8221;5\/12&#8243;]<div class='button button--right'>\r\n\t\t<a href='\/es\/signup\/' class='button__url button__url--mint' >VER DEMO<\/a>\r\n\t<\/div>[\/vc_column_inner][vc_column_inner width=&#8221;5\/12&#8243;]<div class='button button--left'>\r\n\t\t<a href='\/es\/signup\/' class='button__url button__url--white' >Registrarse<\/a>\r\n\t<\/div>[\/vc_column_inner][vc_column_inner width=&#8221;1\/6&#8243;][\/vc_column_inner][\/vc_row_inner][\/vc_column][\/vc_row]<\/p>\n<\/div>","protected":false},"excerpt":{"rendered":"<p>[vc_row full_width=&#8221;stretch_row&#8221; css=&#8221;.vc_custom_1614846257747{padding-top: 95px !important;background-image: url(https:\/\/b2field.com\/wp-content\/uploads\/2019\/08\/work-orders-bg_es.jpg?id=9137) !important;background-position: center !important;background-repeat: no-repeat !important;background-size: cover !important;}&#8221; el_class=&#8221;features-header&#8221;][vc_column][vc_single_image source=&#8221;external_link&#8221; custom_src=&#8221;\/wp-content\/uploads\/2019\/08\/work-orders-b1_es.png&#8221; el_class=&#8221;features-header-img features-header-img_work-orders&#8221;][vc_row_inner css=&#8221;.vc_custom_1550139488172{padding-right: 0px !important;padding-left: 0px !important;}&#8221;][vc_column_inner width=&#8221;1\/6&#8243;][\/vc_column_inner][vc_column_inner el_class=&#8221;max-560&#8243; width=&#8221;5\/6&#8243; css=&#8221;.vc_custom_1550569096279{padding-left: 45px !important;}&#8221;][vc_column_text css=&#8221;.vc_custom_1562561251483{margin-bottom: 15px !important;}&#8221;] Enviar tareas a los empleados a trav\u00e9s de sus smartphones o tabletas [\/vc_column_text][\/vc_column_inner][\/vc_row_inner][vc_row_inner css=&#8221;.vc_custom_1552909806178{padding-right: 0px !important;padding-bottom: 55px !important;padding-left: 0px !important;}&#8221;][vc_column_inner width=&#8221;1\/6&#8243;][\/vc_column_inner][vc_column_inner el_class=&#8221;text-primary max-460&#8243;&#8230;<\/p>\n","protected":false},"author":8,"featured_media":0,"parent":1891,"menu_order":0,"comment_status":"closed","ping_status":"closed","template":"page-features.php","meta":{"_acf_changed":false,"inline_featured_image":false,"footnotes":""},"class_list":["post-8269","page","type-page","status-publish","hentry"],"acf":[],"yoast_head":"<!-- This site is optimized with the Yoast SEO plugin v27.2 - https:\/\/yoast.com\/product\/yoast-seo-wordpress\/ -->\n<title>Tareas en el smartphone &#8211; B2Field<\/title>\n<meta name=\"description\" content=\"Convierta los dispositivos m\u00f3viles en organizadores electr\u00f3nicos efectivos. Especifique a d\u00f3nde ir, a qu\u00e9 hora y qu\u00e9 hacer. As\u00ed una lista ilustrativa de las actividades estar\u00e1 a la mano de los empleados.\" \/>\n<meta name=\"robots\" content=\"index, follow, max-snippet:-1, max-image-preview:large, max-video-preview:-1\" \/>\n<link rel=\"canonical\" href=\"https:\/\/b2field.com\/es\/features\/tasks\/work-orders\/\" \/>\n<meta property=\"og:locale\" content=\"es_ES\" \/>\n<meta property=\"og:type\" content=\"article\" \/>\n<meta property=\"og:title\" content=\"Tareas en el smartphone &#8211; B2Field\" \/>\n<meta property=\"og:description\" content=\"Convierta los dispositivos m\u00f3viles en organizadores electr\u00f3nicos efectivos. Especifique a d\u00f3nde ir, a qu\u00e9 hora y qu\u00e9 hacer. As\u00ed una lista ilustrativa de las actividades estar\u00e1 a la mano de los empleados.\" \/>\n<meta property=\"og:url\" content=\"https:\/\/b2field.com\/es\/features\/tasks\/work-orders\/\" \/>\n<meta property=\"og:site_name\" content=\"B2Field\" \/>\n<meta property=\"article:publisher\" content=\"https:\/\/www.facebook.com\/B2Field\/\" \/>\n<meta property=\"article:modified_time\" content=\"2021-03-04T08:24:23+00:00\" \/>\n<meta name=\"twitter:card\" content=\"summary_large_image\" \/>\n<meta name=\"twitter:label1\" content=\"Tiempo de lectura\" \/>\n\t<meta name=\"twitter:data1\" content=\"3 minutos\" \/>\n<script type=\"application\/ld+json\" class=\"yoast-schema-graph\">{\"@context\":\"https:\/\/schema.org\",\"@graph\":[{\"@type\":\"WebPage\",\"@id\":\"https:\/\/b2field.com\/es\/features\/tasks\/work-orders\/\",\"url\":\"https:\/\/b2field.com\/es\/features\/tasks\/work-orders\/\",\"name\":\"Tareas en el smartphone &#8211; B2Field\",\"isPartOf\":{\"@id\":\"https:\/\/b2field.com\/es\/#website\"},\"datePublished\":\"2019-03-18T11:22:26+00:00\",\"dateModified\":\"2021-03-04T08:24:23+00:00\",\"description\":\"Convierta los dispositivos m\u00f3viles en organizadores electr\u00f3nicos efectivos. Especifique a d\u00f3nde ir, a qu\u00e9 hora y qu\u00e9 hacer. As\u00ed una lista ilustrativa de las actividades estar\u00e1 a la mano de los empleados.\",\"breadcrumb\":{\"@id\":\"https:\/\/b2field.com\/es\/features\/tasks\/work-orders\/#breadcrumb\"},\"inLanguage\":\"es\",\"potentialAction\":[{\"@type\":\"ReadAction\",\"target\":[\"https:\/\/b2field.com\/es\/features\/tasks\/work-orders\/\"]}]},{\"@type\":\"BreadcrumbList\",\"@id\":\"https:\/\/b2field.com\/es\/features\/tasks\/work-orders\/#breadcrumb\",\"itemListElement\":[{\"@type\":\"ListItem\",\"position\":1,\"name\":\"Home\",\"item\":\"https:\/\/b2field.com\/es\/\"},{\"@type\":\"ListItem\",\"position\":2,\"name\":\"Caracter\u00edsticas\",\"item\":\"https:\/\/b2field.com\/es\/?page_id=1846\"},{\"@type\":\"ListItem\",\"position\":3,\"name\":\"Despacho de tareas y an\u00e1lisis de los KPIs\",\"item\":\"https:\/\/b2field.com\/es\/features\/tasks\/\"},{\"@type\":\"ListItem\",\"position\":4,\"name\":\"Tareas en el smartphone\"}]},{\"@type\":\"WebSite\",\"@id\":\"https:\/\/b2field.com\/es\/#website\",\"url\":\"https:\/\/b2field.com\/es\/\",\"name\":\"B2Field\",\"description\":\"\",\"potentialAction\":[{\"@type\":\"SearchAction\",\"target\":{\"@type\":\"EntryPoint\",\"urlTemplate\":\"https:\/\/b2field.com\/es\/?s={search_term_string}\"},\"query-input\":{\"@type\":\"PropertyValueSpecification\",\"valueRequired\":true,\"valueName\":\"search_term_string\"}}],\"inLanguage\":\"es\"}]}<\/script>\n<!-- \/ Yoast SEO plugin. -->","yoast_head_json":{"title":"Tareas en el smartphone &#8211; B2Field","description":"Convierta los dispositivos m\u00f3viles en organizadores electr\u00f3nicos efectivos. Especifique a d\u00f3nde ir, a qu\u00e9 hora y qu\u00e9 hacer. As\u00ed una lista ilustrativa de las actividades estar\u00e1 a la mano de los empleados.","robots":{"index":"index","follow":"follow","max-snippet":"max-snippet:-1","max-image-preview":"max-image-preview:large","max-video-preview":"max-video-preview:-1"},"canonical":"https:\/\/b2field.com\/es\/features\/tasks\/work-orders\/","og_locale":"es_ES","og_type":"article","og_title":"Tareas en el smartphone &#8211; B2Field","og_description":"Convierta los dispositivos m\u00f3viles en organizadores electr\u00f3nicos efectivos. Especifique a d\u00f3nde ir, a qu\u00e9 hora y qu\u00e9 hacer. As\u00ed una lista ilustrativa de las actividades estar\u00e1 a la mano de los empleados.","og_url":"https:\/\/b2field.com\/es\/features\/tasks\/work-orders\/","og_site_name":"B2Field","article_publisher":"https:\/\/www.facebook.com\/B2Field\/","article_modified_time":"2021-03-04T08:24:23+00:00","twitter_card":"summary_large_image","twitter_misc":{"Tiempo de lectura":"3 minutos"},"schema":{"@context":"https:\/\/schema.org","@graph":[{"@type":"WebPage","@id":"https:\/\/b2field.com\/es\/features\/tasks\/work-orders\/","url":"https:\/\/b2field.com\/es\/features\/tasks\/work-orders\/","name":"Tareas en el smartphone &#8211; B2Field","isPartOf":{"@id":"https:\/\/b2field.com\/es\/#website"},"datePublished":"2019-03-18T11:22:26+00:00","dateModified":"2021-03-04T08:24:23+00:00","description":"Convierta los dispositivos m\u00f3viles en organizadores electr\u00f3nicos efectivos. Especifique a d\u00f3nde ir, a qu\u00e9 hora y qu\u00e9 hacer. As\u00ed una lista ilustrativa de las actividades estar\u00e1 a la mano de los empleados.","breadcrumb":{"@id":"https:\/\/b2field.com\/es\/features\/tasks\/work-orders\/#breadcrumb"},"inLanguage":"es","potentialAction":[{"@type":"ReadAction","target":["https:\/\/b2field.com\/es\/features\/tasks\/work-orders\/"]}]},{"@type":"BreadcrumbList","@id":"https:\/\/b2field.com\/es\/features\/tasks\/work-orders\/#breadcrumb","itemListElement":[{"@type":"ListItem","position":1,"name":"Home","item":"https:\/\/b2field.com\/es\/"},{"@type":"ListItem","position":2,"name":"Caracter\u00edsticas","item":"https:\/\/b2field.com\/es\/?page_id=1846"},{"@type":"ListItem","position":3,"name":"Despacho de tareas y an\u00e1lisis de los KPIs","item":"https:\/\/b2field.com\/es\/features\/tasks\/"},{"@type":"ListItem","position":4,"name":"Tareas en el smartphone"}]},{"@type":"WebSite","@id":"https:\/\/b2field.com\/es\/#website","url":"https:\/\/b2field.com\/es\/","name":"B2Field","description":"","potentialAction":[{"@type":"SearchAction","target":{"@type":"EntryPoint","urlTemplate":"https:\/\/b2field.com\/es\/?s={search_term_string}"},"query-input":{"@type":"PropertyValueSpecification","valueRequired":true,"valueName":"search_term_string"}}],"inLanguage":"es"}]}},"_links":{"self":[{"href":"https:\/\/b2field.com\/es\/wp-json\/wp\/v2\/pages\/8269","targetHints":{"allow":["GET"]}}],"collection":[{"href":"https:\/\/b2field.com\/es\/wp-json\/wp\/v2\/pages"}],"about":[{"href":"https:\/\/b2field.com\/es\/wp-json\/wp\/v2\/types\/page"}],"author":[{"embeddable":true,"href":"https:\/\/b2field.com\/es\/wp-json\/wp\/v2\/users\/8"}],"replies":[{"embeddable":true,"href":"https:\/\/b2field.com\/es\/wp-json\/wp\/v2\/comments?post=8269"}],"version-history":[{"count":8,"href":"https:\/\/b2field.com\/es\/wp-json\/wp\/v2\/pages\/8269\/revisions"}],"predecessor-version":[{"id":11765,"href":"https:\/\/b2field.com\/es\/wp-json\/wp\/v2\/pages\/8269\/revisions\/11765"}],"up":[{"embeddable":true,"href":"https:\/\/b2field.com\/es\/wp-json\/wp\/v2\/pages\/1891"}],"wp:attachment":[{"href":"https:\/\/b2field.com\/es\/wp-json\/wp\/v2\/media?parent=8269"}],"curies":[{"name":"wp","href":"https:\/\/api.w.org\/{rel}","templated":true}]}}