{"id":8272,"date":"2019-06-07T10:35:05","date_gmt":"2019-06-07T10:35:05","guid":{"rendered":"http:\/\/api.b2field.com\/features\/tasks\/route\/"},"modified":"2022-05-16T13:21:47","modified_gmt":"2022-05-16T13:21:47","slug":"route","status":"publish","type":"page","link":"https:\/\/b2field.com\/es\/features\/tasks\/route\/","title":{"rendered":"Ruta de navegaci\u00f3n"},"content":{"rendered":"<div class=\"wpb-content-wrapper\"><p>[vc_row full_width=&#8221;stretch_row&#8221; css=&#8221;.vc_custom_1594891909704{padding-top: 150px !important;}&#8221; el_class=&#8221;features-header features-header-bg-task-route features-header-bg-task-route_es&#8221;][vc_column][vc_row_inner css=&#8221;.vc_custom_1550139488172{padding-right: 0px !important;padding-left: 0px !important;}&#8221;][vc_column_inner width=&#8221;1\/6&#8243;][\/vc_column_inner][vc_column_inner el_class=&#8221;max-660&#8243; width=&#8221;5\/6&#8243; css=&#8221;.vc_custom_1562563153048{padding-left: 45px !important;}&#8221;][vc_column_text css=&#8221;.vc_custom_1562561528843{margin-bottom: 15px !important;}&#8221;]<\/p>\n<h1>Navegaci\u00f3n para el empleado:<br \/>\nCamino corto para las tareas programadas<\/h1>\n<p>[\/vc_column_text][\/vc_column_inner][\/vc_row_inner][vc_row_inner css=&#8221;.vc_custom_1559894401749{padding-right: 0px !important;padding-bottom: 110px !important;padding-left: 0px !important;}&#8221;][vc_column_inner width=&#8221;1\/6&#8243;][\/vc_column_inner][vc_column_inner el_class=&#8221;text-primary max-460&#8243; width=&#8221;5\/6&#8243; css=&#8221;.vc_custom_1559893411141{padding-left: 45px !important;}&#8221;][vc_column_text css=&#8221;.vc_custom_1562561541664{margin-bottom: 30px !important;}&#8221;]La aplicaci\u00f3n traza autom\u00e1ticamente la mejor ruta para las tareas planificadas del empleado. De esta forma, sus colegas ahorrar\u00e1n tiempo en la carretera y los clientes recibir\u00e1n un servicio mejor y m\u00e1s r\u00e1pido.[\/vc_column_text]<div class='button'>\r\n\t\t<a href='\/es\/signup\/' class='button__url button__url--blue' >VER DEMO<\/a>\r\n\t<\/div>[\/vc_column_inner][\/vc_row_inner][\/vc_column][\/vc_row][vc_row css=&#8221;.vc_custom_1559894481471{padding-top: 100px !important;}&#8221;][vc_column width=&#8221;1\/6&#8243;][\/vc_column][vc_column width=&#8221;5\/6&#8243; css=&#8221;.vc_custom_1550573108412{padding-left: 45px !important;}&#8221; el_class=&#8221;order-md-0&#8243;][vc_single_image source=&#8221;external_link&#8221; custom_src=&#8221;\/wp-content\/uploads\/2019\/08\/task-route_b1_es-1.png&#8221;][\/vc_column][\/vc_row][vc_row css=&#8221;.vc_custom_1559904756511{padding-top: 50px !important;padding-bottom: 100px !important;}&#8221;][vc_column width=&#8221;1\/6&#8243;][\/vc_column][vc_column width=&#8221;5\/12&#8243; css=&#8221;.vc_custom_1559904637716{padding-right: 45px !important;padding-left: 45px !important;}&#8221; el_class=&#8221;order-md-1&#8243;][vc_column_text]<\/p>\n<h2>La ruta m\u00e1s corta para cada tarea<\/h2>\n<p>[\/vc_column_text][vc_column_text]De acuerdo con el plan de tareas, B2Field crea autom\u00e1ticamente la mejor ruta. Conecta todos los lugares de visitas en el orden correcto para que el empleado pase un m\u00ednimo de tiempo en la carretera y viaje por el camino m\u00e1s corto.<\/p>\n<p>La aplicaci\u00f3n tiene en cuenta la congesti\u00f3n vial y la forma de movimiento del personal, ya sea en coche, en transporte p\u00fablico o a pie. Esto predice la longitud y la duraci\u00f3n de cada segmento de la ruta.[\/vc_column_text][\/vc_column][vc_column width=&#8221;5\/12&#8243; el_class=&#8221;order-md-0&#8243; css=&#8221;.vc_custom_1559904699541{padding-right: 20px !important;padding-left: 45px !important;}&#8221;][vc_column_text]<\/p>\n<h2>Precisi\u00f3n del tiempo de llegada<\/h2>\n<p>[\/vc_column_text][vc_column_text]Si el tiempo de llegada esperado hacia alguno de los puntos comienza a desviarse de lo planificado, la aplicaci\u00f3n indicar\u00e1 una discrepancia y ofrecer\u00e1 un llamar al cliente para informar al despachador o rechazar la tarea.<\/p>\n<p>Gracias a esta caracter\u00edstica, el empleado y el despachador pueden responder r\u00e1pidamente a las desviaciones de horario, reasignar la tarea a un empleado m\u00e1s cercano o renegociar el cambio en el tiempo de llegada con el cliente.[\/vc_column_text][\/vc_column][\/vc_row][vc_row full_width=&#8221;stretch_row&#8221; el_class=&#8221;bg-blue-dark features-footer&#8221; css=&#8221;.vc_custom_1594891920799{padding-top: 88px !important;padding-bottom: 71px !important;}&#8221;][vc_column width=&#8221;1\/6&#8243;][\/vc_column][vc_column width=&#8221;5\/6&#8243; el_class=&#8221;max-660&#8243;][vc_single_image source=&#8221;external_link&#8221; custom_src=&#8221;\/wp-content\/uploads\/2019\/08\/features-footer_es.png&#8221; el_class=&#8221;features-footer-img&#8221;][vc_column_text css=&#8221;.vc_custom_1562561622792{margin-bottom: 15px !important;padding-left: 30px !important;}&#8221;]<\/p>\n<h2 style=\"font-size: 30px; letter-spacing: 0;\">Optimice el tiempo y<br \/>\nlos costes de transporte<\/h2>\n<p>[\/vc_column_text][vc_column_text css=&#8221;.vc_custom_1562561637083{margin-bottom: 27px !important;padding-left: 30px !important;}&#8221; el_class=&#8221;font-fira&#8221;]<\/p>\n<p style=\"font-size: 16px; font-weight: 300;\">Utilice las soluciones de planificaci\u00f3n de rutas y tareas<br \/>\nde B2Field para reducir el tiempo de viaje<\/p>\n<p>[\/vc_column_text][vc_row_inner][vc_column_inner width=&#8221;5\/12&#8243;]<div class='button button--right'>\r\n\t\t<a href='\/es\/signup\/' class='button__url button__url--mint' >VER DEMO<\/a>\r\n\t<\/div>[\/vc_column_inner][vc_column_inner width=&#8221;5\/12&#8243;]<div class='button button--left'>\r\n\t\t<a href='\/es\/signup\/' class='button__url button__url--white' >Registrarse<\/a>\r\n\t<\/div>[\/vc_column_inner][vc_column_inner width=&#8221;1\/6&#8243;][\/vc_column_inner][\/vc_row_inner][\/vc_column][\/vc_row]<\/p>\n<\/div>","protected":false},"excerpt":{"rendered":"<p>[vc_row full_width=&#8221;stretch_row&#8221; css=&#8221;.vc_custom_1594891909704{padding-top: 150px !important;}&#8221; el_class=&#8221;features-header features-header-bg-task-route features-header-bg-task-route_es&#8221;][vc_column][vc_row_inner css=&#8221;.vc_custom_1550139488172{padding-right: 0px !important;padding-left: 0px !important;}&#8221;][vc_column_inner width=&#8221;1\/6&#8243;][\/vc_column_inner][vc_column_inner el_class=&#8221;max-660&#8243; width=&#8221;5\/6&#8243; css=&#8221;.vc_custom_1562563153048{padding-left: 45px !important;}&#8221;][vc_column_text css=&#8221;.vc_custom_1562561528843{margin-bottom: 15px !important;}&#8221;] Navegaci\u00f3n para el empleado: Camino corto para las tareas programadas [\/vc_column_text][\/vc_column_inner][\/vc_row_inner][vc_row_inner css=&#8221;.vc_custom_1559894401749{padding-right: 0px !important;padding-bottom: 110px !important;padding-left: 0px !important;}&#8221;][vc_column_inner width=&#8221;1\/6&#8243;][\/vc_column_inner][vc_column_inner el_class=&#8221;text-primary max-460&#8243; width=&#8221;5\/6&#8243; css=&#8221;.vc_custom_1559893411141{padding-left: 45px !important;}&#8221;][vc_column_text css=&#8221;.vc_custom_1562561541664{margin-bottom: 30px !important;}&#8221;]La aplicaci\u00f3n traza autom\u00e1ticamente la mejor&#8230;<\/p>\n","protected":false},"author":8,"featured_media":0,"parent":1891,"menu_order":2,"comment_status":"closed","ping_status":"closed","template":"page-features.php","meta":{"_acf_changed":false,"inline_featured_image":false,"footnotes":""},"class_list":["post-8272","page","type-page","status-publish","hentry"],"acf":[],"yoast_head":"<!-- This site is optimized with the Yoast SEO plugin v27.2 - https:\/\/yoast.com\/product\/yoast-seo-wordpress\/ -->\n<title>Ruta de navegaci\u00f3n &#8211; B2Field<\/title>\n<meta name=\"description\" content=\"La aplicaci\u00f3n traza autom\u00e1ticamente la mejor ruta para las tareas planificadas del empleado. De esta forma, sus colegas ahorrar\u00e1n tiempo en la carretera y los clientes recibir\u00e1n un servicio mejor y m\u00e1s r\u00e1pido.\" \/>\n<meta name=\"robots\" content=\"index, follow, max-snippet:-1, max-image-preview:large, max-video-preview:-1\" \/>\n<link rel=\"canonical\" href=\"https:\/\/b2field.com\/es\/features\/tasks\/route\/\" \/>\n<meta property=\"og:locale\" content=\"es_ES\" \/>\n<meta property=\"og:type\" content=\"article\" \/>\n<meta property=\"og:title\" content=\"Ruta de navegaci\u00f3n &#8211; B2Field\" \/>\n<meta property=\"og:description\" content=\"La aplicaci\u00f3n traza autom\u00e1ticamente la mejor ruta para las tareas planificadas del empleado. De esta forma, sus colegas ahorrar\u00e1n tiempo en la carretera y los clientes recibir\u00e1n un servicio mejor y m\u00e1s r\u00e1pido.\" \/>\n<meta property=\"og:url\" content=\"https:\/\/b2field.com\/es\/features\/tasks\/route\/\" \/>\n<meta property=\"og:site_name\" content=\"B2Field\" \/>\n<meta property=\"article:publisher\" content=\"https:\/\/www.facebook.com\/B2Field\/\" \/>\n<meta property=\"article:modified_time\" content=\"2022-05-16T13:21:47+00:00\" \/>\n<meta name=\"twitter:card\" content=\"summary_large_image\" \/>\n<meta name=\"twitter:label1\" content=\"Tiempo de lectura\" \/>\n\t<meta name=\"twitter:data1\" content=\"3 minutos\" \/>\n<script type=\"application\/ld+json\" class=\"yoast-schema-graph\">{\"@context\":\"https:\/\/schema.org\",\"@graph\":[{\"@type\":\"WebPage\",\"@id\":\"https:\/\/b2field.com\/es\/features\/tasks\/route\/\",\"url\":\"https:\/\/b2field.com\/es\/features\/tasks\/route\/\",\"name\":\"Ruta de navegaci\u00f3n &#8211; B2Field\",\"isPartOf\":{\"@id\":\"https:\/\/b2field.com\/es\/#website\"},\"datePublished\":\"2019-06-07T10:35:05+00:00\",\"dateModified\":\"2022-05-16T13:21:47+00:00\",\"description\":\"La aplicaci\u00f3n traza autom\u00e1ticamente la mejor ruta para las tareas planificadas del empleado. De esta forma, sus colegas ahorrar\u00e1n tiempo en la carretera y los clientes recibir\u00e1n un servicio mejor y m\u00e1s r\u00e1pido.\",\"breadcrumb\":{\"@id\":\"https:\/\/b2field.com\/es\/features\/tasks\/route\/#breadcrumb\"},\"inLanguage\":\"es\",\"potentialAction\":[{\"@type\":\"ReadAction\",\"target\":[\"https:\/\/b2field.com\/es\/features\/tasks\/route\/\"]}]},{\"@type\":\"BreadcrumbList\",\"@id\":\"https:\/\/b2field.com\/es\/features\/tasks\/route\/#breadcrumb\",\"itemListElement\":[{\"@type\":\"ListItem\",\"position\":1,\"name\":\"Home\",\"item\":\"https:\/\/b2field.com\/es\/\"},{\"@type\":\"ListItem\",\"position\":2,\"name\":\"Caracter\u00edsticas\",\"item\":\"https:\/\/b2field.com\/es\/?page_id=1846\"},{\"@type\":\"ListItem\",\"position\":3,\"name\":\"Despacho de tareas y an\u00e1lisis de los KPIs\",\"item\":\"https:\/\/b2field.com\/es\/features\/tasks\/\"},{\"@type\":\"ListItem\",\"position\":4,\"name\":\"Ruta de navegaci\u00f3n\"}]},{\"@type\":\"WebSite\",\"@id\":\"https:\/\/b2field.com\/es\/#website\",\"url\":\"https:\/\/b2field.com\/es\/\",\"name\":\"B2Field\",\"description\":\"\",\"potentialAction\":[{\"@type\":\"SearchAction\",\"target\":{\"@type\":\"EntryPoint\",\"urlTemplate\":\"https:\/\/b2field.com\/es\/?s={search_term_string}\"},\"query-input\":{\"@type\":\"PropertyValueSpecification\",\"valueRequired\":true,\"valueName\":\"search_term_string\"}}],\"inLanguage\":\"es\"}]}<\/script>\n<!-- \/ Yoast SEO plugin. -->","yoast_head_json":{"title":"Ruta de navegaci\u00f3n &#8211; B2Field","description":"La aplicaci\u00f3n traza autom\u00e1ticamente la mejor ruta para las tareas planificadas del empleado. De esta forma, sus colegas ahorrar\u00e1n tiempo en la carretera y los clientes recibir\u00e1n un servicio mejor y m\u00e1s r\u00e1pido.","robots":{"index":"index","follow":"follow","max-snippet":"max-snippet:-1","max-image-preview":"max-image-preview:large","max-video-preview":"max-video-preview:-1"},"canonical":"https:\/\/b2field.com\/es\/features\/tasks\/route\/","og_locale":"es_ES","og_type":"article","og_title":"Ruta de navegaci\u00f3n &#8211; B2Field","og_description":"La aplicaci\u00f3n traza autom\u00e1ticamente la mejor ruta para las tareas planificadas del empleado. De esta forma, sus colegas ahorrar\u00e1n tiempo en la carretera y los clientes recibir\u00e1n un servicio mejor y m\u00e1s r\u00e1pido.","og_url":"https:\/\/b2field.com\/es\/features\/tasks\/route\/","og_site_name":"B2Field","article_publisher":"https:\/\/www.facebook.com\/B2Field\/","article_modified_time":"2022-05-16T13:21:47+00:00","twitter_card":"summary_large_image","twitter_misc":{"Tiempo de lectura":"3 minutos"},"schema":{"@context":"https:\/\/schema.org","@graph":[{"@type":"WebPage","@id":"https:\/\/b2field.com\/es\/features\/tasks\/route\/","url":"https:\/\/b2field.com\/es\/features\/tasks\/route\/","name":"Ruta de navegaci\u00f3n &#8211; B2Field","isPartOf":{"@id":"https:\/\/b2field.com\/es\/#website"},"datePublished":"2019-06-07T10:35:05+00:00","dateModified":"2022-05-16T13:21:47+00:00","description":"La aplicaci\u00f3n traza autom\u00e1ticamente la mejor ruta para las tareas planificadas del empleado. De esta forma, sus colegas ahorrar\u00e1n tiempo en la carretera y los clientes recibir\u00e1n un servicio mejor y m\u00e1s r\u00e1pido.","breadcrumb":{"@id":"https:\/\/b2field.com\/es\/features\/tasks\/route\/#breadcrumb"},"inLanguage":"es","potentialAction":[{"@type":"ReadAction","target":["https:\/\/b2field.com\/es\/features\/tasks\/route\/"]}]},{"@type":"BreadcrumbList","@id":"https:\/\/b2field.com\/es\/features\/tasks\/route\/#breadcrumb","itemListElement":[{"@type":"ListItem","position":1,"name":"Home","item":"https:\/\/b2field.com\/es\/"},{"@type":"ListItem","position":2,"name":"Caracter\u00edsticas","item":"https:\/\/b2field.com\/es\/?page_id=1846"},{"@type":"ListItem","position":3,"name":"Despacho de tareas y an\u00e1lisis de los KPIs","item":"https:\/\/b2field.com\/es\/features\/tasks\/"},{"@type":"ListItem","position":4,"name":"Ruta de navegaci\u00f3n"}]},{"@type":"WebSite","@id":"https:\/\/b2field.com\/es\/#website","url":"https:\/\/b2field.com\/es\/","name":"B2Field","description":"","potentialAction":[{"@type":"SearchAction","target":{"@type":"EntryPoint","urlTemplate":"https:\/\/b2field.com\/es\/?s={search_term_string}"},"query-input":{"@type":"PropertyValueSpecification","valueRequired":true,"valueName":"search_term_string"}}],"inLanguage":"es"}]}},"_links":{"self":[{"href":"https:\/\/b2field.com\/es\/wp-json\/wp\/v2\/pages\/8272","targetHints":{"allow":["GET"]}}],"collection":[{"href":"https:\/\/b2field.com\/es\/wp-json\/wp\/v2\/pages"}],"about":[{"href":"https:\/\/b2field.com\/es\/wp-json\/wp\/v2\/types\/page"}],"author":[{"embeddable":true,"href":"https:\/\/b2field.com\/es\/wp-json\/wp\/v2\/users\/8"}],"replies":[{"embeddable":true,"href":"https:\/\/b2field.com\/es\/wp-json\/wp\/v2\/comments?post=8272"}],"version-history":[{"count":9,"href":"https:\/\/b2field.com\/es\/wp-json\/wp\/v2\/pages\/8272\/revisions"}],"predecessor-version":[{"id":10346,"href":"https:\/\/b2field.com\/es\/wp-json\/wp\/v2\/pages\/8272\/revisions\/10346"}],"up":[{"embeddable":true,"href":"https:\/\/b2field.com\/es\/wp-json\/wp\/v2\/pages\/1891"}],"wp:attachment":[{"href":"https:\/\/b2field.com\/es\/wp-json\/wp\/v2\/media?parent=8272"}],"curies":[{"name":"wp","href":"https:\/\/api.w.org\/{rel}","templated":true}]}}