{"id":8275,"date":"2019-03-28T11:19:05","date_gmt":"2019-03-28T11:19:05","guid":{"rendered":"http:\/\/api.b2field.com\/features\/tasks\/attachments\/"},"modified":"2024-10-21T03:18:14","modified_gmt":"2024-10-21T03:18:14","slug":"attachments-2","status":"publish","type":"page","link":"https:\/\/b2field.com\/es\/features\/collaboration\/attachments-2\/","title":{"rendered":"Documentos y formularios"},"content":{"rendered":"<div class=\"wpb-content-wrapper\"><p>[vc_row full_width=&#8221;stretch_row&#8221; css=&#8221;.vc_custom_1614846351956{padding-top: 95px !important;background-image: url(https:\/\/b2field.com\/wp-content\/uploads\/2019\/03\/task-attachments-head-bg.jpg?id=5967) !important;background-position: center !important;background-repeat: no-repeat !important;background-size: cover !important;}&#8221; el_class=&#8221;features-header&#8221;][vc_column][vc_single_image source=&#8221;external_link&#8221; custom_src=&#8221;\/wp-content\/uploads\/2019\/08\/task-attachments-head-img_es.png&#8221; el_class=&#8221;features-header-img features-header-img_attachments&#8221;][vc_row_inner css=&#8221;.vc_custom_1550139488172{padding-right: 0px !important;padding-left: 0px !important;}&#8221;][vc_column_inner width=&#8221;1\/6&#8243;][\/vc_column_inner][vc_column_inner el_class=&#8221;max-560&#8243; width=&#8221;5\/6&#8243; css=&#8221;.vc_custom_1550569096279{padding-left: 45px !important;}&#8221;][vc_column_text css=&#8221;.vc_custom_1562561724337{margin-bottom: 15px !important;}&#8221;]<\/p>\n<h1>Formularios en l\u00ednea y<br \/>\ndocumentos adjuntos<\/h1>\n<p>[\/vc_column_text][\/vc_column_inner][\/vc_row_inner][vc_row_inner css=&#8221;.vc_custom_1553775373939{padding-right: 0px !important;padding-bottom: 85px !important;padding-left: 0px !important;}&#8221;][vc_column_inner width=&#8221;1\/6&#8243;][\/vc_column_inner][vc_column_inner el_class=&#8221;text-primary max-460&#8243; width=&#8221;5\/6&#8243; css=&#8221;.vc_custom_1550569078030{padding-left: 45px !important;}&#8221;][vc_column_text]Haga que sus empleados est\u00e9n m\u00e1s c\u00f3modos, sean m\u00e1s r\u00e1pidos y productivos con los formularios en l\u00ednea para recopilar datos y compartir documentos electr\u00f3nicos en tiempo real.[\/vc_column_text]<div class='button'>\r\n\t\t<a href='\/es\/signup\/' class='button__url button__url--blue' >VER DEMO<\/a>\r\n\t<\/div>[\/vc_column_inner][\/vc_row_inner][\/vc_column][\/vc_row][vc_row css=&#8221;.vc_custom_1550578628701{padding-top: 100px !important;}&#8221;][vc_column width=&#8221;1\/6&#8243;][\/vc_column][vc_column width=&#8221;5\/12&#8243; css=&#8221;.vc_custom_1550573164253{padding-left: 45px !important;}&#8221; el_class=&#8221;order-md-1&#8243;][vc_column_text]<\/p>\n<h2>Recopile datos directamente<br \/>\n&#8220;en campo&#8221; de forma<br \/>\nr\u00e1pida y sin errores<\/h2>\n<p>[\/vc_column_text][vc_column_text]Usando c\u00f3modos formularios en l\u00ednea, un empleado puede enviar instant\u00e1neamente y sin errores la informaci\u00f3n recopilada a la oficina.<\/p>\n<p>Ya sea el pedido de un cliente, los resultados de algunas mediciones o un cuestionario sobre la calidad del trabajo, cualquier informaci\u00f3n puede ingresarse f\u00e1cilmente y enviarse en segundos para que los operadores comiencen a procesarlos de inmediato.<\/p>\n<p>Adem\u00e1s de los datos del formulario, el servicio registra la hora y el lugar exactos del llenado. Estos par\u00e1metros se pueden incluir en la lista de criterios para la ejecuci\u00f3n exitosa de la tarea al crear informes.[\/vc_column_text][\/vc_column][vc_column width=&#8221;5\/12&#8243; el_class=&#8221;order-md-0&#8243;][vc_single_image source=&#8221;external_link&#8221; custom_src=&#8221;\/wp-content\/uploads\/2019\/08\/task-attachments-b1_es.png&#8221;][\/vc_column][\/vc_row][vc_row css=&#8221;.vc_custom_1553774172873{padding-top: 100px !important;padding-bottom: 75px !important;}&#8221;][vc_column width=&#8221;1\/6&#8243;][\/vc_column][vc_column width=&#8221;1\/2&#8243; css=&#8221;.vc_custom_1550573108412{padding-left: 45px !important;}&#8221; el_class=&#8221;order-md-0&#8243;][vc_single_image source=&#8221;external_link&#8221; custom_src=&#8221;\/wp-content\/uploads\/2019\/08\/task-attachments-b2_es.png&#8221;][\/vc_column][vc_column width=&#8221;1\/3&#8243; el_class=&#8221;order-md-1&#8243;][vc_column_text]<\/p>\n<h2>Adjuntar archivos y documentos a las tareas<\/h2>\n<p>[\/vc_column_text][vc_column_text]Agregue a las tareas cualquier documento que ayude al empleado a hacer su trabajo.<\/p>\n<p>Documentos contables, diagramas t\u00e9cnicos, descripciones y fotograf\u00edas, en una palabra, todo lo que puede ser \u00fatil en el trabajo y en un archivo es f\u00e1cil de adjuntar con un simple movimiento de mouse.<\/p>\n<p>El empleado de campo tambi\u00e9n puede adjuntar documentos escaneados, fotos y videos de los sitios de trabajo para transferir esta informaci\u00f3n al supervisor y sus colegas en la oficina.[\/vc_column_text][\/vc_column][\/vc_row][vc_row full_width=&#8221;stretch_row&#8221; el_class=&#8221;bg-blue-dark features-footer&#8221; css=&#8221;.vc_custom_1594891888186{padding-top: 88px !important;padding-bottom: 71px !important;}&#8221;][vc_column width=&#8221;1\/6&#8243;][\/vc_column][vc_column width=&#8221;5\/6&#8243; el_class=&#8221;max-660&#8243;][vc_single_image source=&#8221;external_link&#8221; custom_src=&#8221;\/wp-content\/uploads\/2019\/08\/features-footer_es.png&#8221; el_class=&#8221;features-footer-img&#8221;][vc_column_text css=&#8221;.vc_custom_1562561796137{margin-bottom: 15px !important;padding-left: 30px !important;}&#8221;]<\/p>\n<h2 style=\"font-size: 30px; letter-spacing: 0;\">Optimice el tiempo y<br \/>\ncostes de transporte<\/h2>\n<p>[\/vc_column_text][vc_column_text css=&#8221;.vc_custom_1562561806393{margin-bottom: 27px !important;padding-left: 30px !important;}&#8221; el_class=&#8221;font-fira&#8221;]<\/p>\n<p style=\"font-size: 16px; font-weight: 300;\">Utilice las soluciones de planificaci\u00f3n de rutas y tareas<br \/>\nde B2Field para reducir el tiempo de viaje<\/p>\n<p>[\/vc_column_text][vc_row_inner][vc_column_inner width=&#8221;5\/12&#8243;]<div class='button button--right'>\r\n\t\t<a href='\/es\/signup\/' class='button__url button__url--mint' >VER DEMO<\/a>\r\n\t<\/div>[\/vc_column_inner][vc_column_inner width=&#8221;5\/12&#8243;]<div class='button button--left'>\r\n\t\t<a href='\/es\/signup\/' class='button__url button__url--white' >Registrarse<\/a>\r\n\t<\/div>[\/vc_column_inner][vc_column_inner width=&#8221;1\/6&#8243;][\/vc_column_inner][\/vc_row_inner][\/vc_column][\/vc_row]<\/p>\n<\/div>","protected":false},"excerpt":{"rendered":"<p>[vc_row full_width=&#8221;stretch_row&#8221; css=&#8221;.vc_custom_1614846351956{padding-top: 95px !important;background-image: url(https:\/\/b2field.com\/wp-content\/uploads\/2019\/03\/task-attachments-head-bg.jpg?id=5967) !important;background-position: center !important;background-repeat: no-repeat !important;background-size: cover !important;}&#8221; el_class=&#8221;features-header&#8221;][vc_column][vc_single_image source=&#8221;external_link&#8221; custom_src=&#8221;\/wp-content\/uploads\/2019\/08\/task-attachments-head-img_es.png&#8221; el_class=&#8221;features-header-img features-header-img_attachments&#8221;][vc_row_inner css=&#8221;.vc_custom_1550139488172{padding-right: 0px !important;padding-left: 0px !important;}&#8221;][vc_column_inner width=&#8221;1\/6&#8243;][\/vc_column_inner][vc_column_inner el_class=&#8221;max-560&#8243; width=&#8221;5\/6&#8243; css=&#8221;.vc_custom_1550569096279{padding-left: 45px !important;}&#8221;][vc_column_text css=&#8221;.vc_custom_1562561724337{margin-bottom: 15px !important;}&#8221;] Formularios en l\u00ednea y documentos adjuntos [\/vc_column_text][\/vc_column_inner][\/vc_row_inner][vc_row_inner css=&#8221;.vc_custom_1553775373939{padding-right: 0px !important;padding-bottom: 85px !important;padding-left: 0px !important;}&#8221;][vc_column_inner width=&#8221;1\/6&#8243;][\/vc_column_inner][vc_column_inner el_class=&#8221;text-primary max-460&#8243; width=&#8221;5\/6&#8243; css=&#8221;.vc_custom_1550569078030{padding-left: 45px !important;}&#8221;][vc_column_text]Haga que sus&#8230;<\/p>\n","protected":false},"author":8,"featured_media":0,"parent":1903,"menu_order":1,"comment_status":"closed","ping_status":"closed","template":"page-features.php","meta":{"_acf_changed":false,"inline_featured_image":false,"footnotes":""},"class_list":["post-8275","page","type-page","status-publish","hentry"],"acf":[],"yoast_head":"<!-- This site is optimized with the Yoast SEO plugin v27.5 - https:\/\/yoast.com\/product\/yoast-seo-wordpress\/ -->\n<title>Documentos y formularios &#8211; B2Field<\/title>\n<meta name=\"description\" content=\"Haga que sus empleados est\u00e9n m\u00e1s c\u00f3modos, sean m\u00e1s r\u00e1pidos y productivos con los formularios en l\u00ednea para recopilar datos y compartir documentos electr\u00f3nicos en tiempo real.\" \/>\n<meta name=\"robots\" content=\"index, follow, max-snippet:-1, max-image-preview:large, max-video-preview:-1\" \/>\n<link rel=\"canonical\" href=\"https:\/\/b2field.com\/es\/features\/collaboration\/attachments-2\/\" \/>\n<meta property=\"og:locale\" content=\"es_ES\" \/>\n<meta property=\"og:type\" content=\"article\" \/>\n<meta property=\"og:title\" content=\"Documentos y formularios &#8211; B2Field\" \/>\n<meta property=\"og:description\" content=\"Haga que sus empleados est\u00e9n m\u00e1s c\u00f3modos, sean m\u00e1s r\u00e1pidos y productivos con los formularios en l\u00ednea para recopilar datos y compartir documentos electr\u00f3nicos en tiempo real.\" \/>\n<meta property=\"og:url\" content=\"https:\/\/b2field.com\/es\/features\/collaboration\/attachments-2\/\" \/>\n<meta property=\"og:site_name\" content=\"B2Field\" \/>\n<meta property=\"article:publisher\" content=\"https:\/\/www.facebook.com\/B2Field\/\" \/>\n<meta property=\"article:modified_time\" content=\"2024-10-21T03:18:14+00:00\" \/>\n<meta name=\"twitter:card\" content=\"summary_large_image\" \/>\n<meta name=\"twitter:label1\" content=\"Tiempo de lectura\" \/>\n\t<meta name=\"twitter:data1\" content=\"2 minutos\" \/>\n<script type=\"application\/ld+json\" class=\"yoast-schema-graph\">{\"@context\":\"https:\\\/\\\/schema.org\",\"@graph\":[{\"@type\":\"WebPage\",\"@id\":\"https:\\\/\\\/b2field.com\\\/es\\\/features\\\/collaboration\\\/attachments-2\\\/\",\"url\":\"https:\\\/\\\/b2field.com\\\/es\\\/features\\\/collaboration\\\/attachments-2\\\/\",\"name\":\"Documentos y formularios &#8211; B2Field\",\"isPartOf\":{\"@id\":\"https:\\\/\\\/b2field.com\\\/es\\\/#website\"},\"datePublished\":\"2019-03-28T11:19:05+00:00\",\"dateModified\":\"2024-10-21T03:18:14+00:00\",\"description\":\"Haga que sus empleados est\u00e9n m\u00e1s c\u00f3modos, sean m\u00e1s r\u00e1pidos y productivos con los formularios en l\u00ednea para recopilar datos y compartir documentos electr\u00f3nicos en tiempo real.\",\"breadcrumb\":{\"@id\":\"https:\\\/\\\/b2field.com\\\/es\\\/features\\\/collaboration\\\/attachments-2\\\/#breadcrumb\"},\"inLanguage\":\"es\",\"potentialAction\":[{\"@type\":\"ReadAction\",\"target\":[\"https:\\\/\\\/b2field.com\\\/es\\\/features\\\/collaboration\\\/attachments-2\\\/\"]}]},{\"@type\":\"BreadcrumbList\",\"@id\":\"https:\\\/\\\/b2field.com\\\/es\\\/features\\\/collaboration\\\/attachments-2\\\/#breadcrumb\",\"itemListElement\":[{\"@type\":\"ListItem\",\"position\":1,\"name\":\"Home\",\"item\":\"https:\\\/\\\/b2field.com\\\/es\\\/\"},{\"@type\":\"ListItem\",\"position\":2,\"name\":\"Caracter\u00edsticas\",\"item\":\"https:\\\/\\\/b2field.com\\\/es\\\/?page_id=1846\"},{\"@type\":\"ListItem\",\"position\":3,\"name\":\"Comunicaci\u00f3n entre equipo de campo y la oficina\",\"item\":\"https:\\\/\\\/b2field.com\\\/es\\\/features\\\/collaboration\\\/\"},{\"@type\":\"ListItem\",\"position\":4,\"name\":\"Documentos y formularios\"}]},{\"@type\":\"WebSite\",\"@id\":\"https:\\\/\\\/b2field.com\\\/es\\\/#website\",\"url\":\"https:\\\/\\\/b2field.com\\\/es\\\/\",\"name\":\"B2Field\",\"description\":\"\",\"potentialAction\":[{\"@type\":\"SearchAction\",\"target\":{\"@type\":\"EntryPoint\",\"urlTemplate\":\"https:\\\/\\\/b2field.com\\\/es\\\/?s={search_term_string}\"},\"query-input\":{\"@type\":\"PropertyValueSpecification\",\"valueRequired\":true,\"valueName\":\"search_term_string\"}}],\"inLanguage\":\"es\"}]}<\/script>\n<!-- \/ Yoast SEO plugin. -->","yoast_head_json":{"title":"Documentos y formularios &#8211; B2Field","description":"Haga que sus empleados est\u00e9n m\u00e1s c\u00f3modos, sean m\u00e1s r\u00e1pidos y productivos con los formularios en l\u00ednea para recopilar datos y compartir documentos electr\u00f3nicos en tiempo real.","robots":{"index":"index","follow":"follow","max-snippet":"max-snippet:-1","max-image-preview":"max-image-preview:large","max-video-preview":"max-video-preview:-1"},"canonical":"https:\/\/b2field.com\/es\/features\/collaboration\/attachments-2\/","og_locale":"es_ES","og_type":"article","og_title":"Documentos y formularios &#8211; B2Field","og_description":"Haga que sus empleados est\u00e9n m\u00e1s c\u00f3modos, sean m\u00e1s r\u00e1pidos y productivos con los formularios en l\u00ednea para recopilar datos y compartir documentos electr\u00f3nicos en tiempo real.","og_url":"https:\/\/b2field.com\/es\/features\/collaboration\/attachments-2\/","og_site_name":"B2Field","article_publisher":"https:\/\/www.facebook.com\/B2Field\/","article_modified_time":"2024-10-21T03:18:14+00:00","twitter_card":"summary_large_image","twitter_misc":{"Tiempo de lectura":"2 minutos"},"schema":{"@context":"https:\/\/schema.org","@graph":[{"@type":"WebPage","@id":"https:\/\/b2field.com\/es\/features\/collaboration\/attachments-2\/","url":"https:\/\/b2field.com\/es\/features\/collaboration\/attachments-2\/","name":"Documentos y formularios &#8211; B2Field","isPartOf":{"@id":"https:\/\/b2field.com\/es\/#website"},"datePublished":"2019-03-28T11:19:05+00:00","dateModified":"2024-10-21T03:18:14+00:00","description":"Haga que sus empleados est\u00e9n m\u00e1s c\u00f3modos, sean m\u00e1s r\u00e1pidos y productivos con los formularios en l\u00ednea para recopilar datos y compartir documentos electr\u00f3nicos en tiempo real.","breadcrumb":{"@id":"https:\/\/b2field.com\/es\/features\/collaboration\/attachments-2\/#breadcrumb"},"inLanguage":"es","potentialAction":[{"@type":"ReadAction","target":["https:\/\/b2field.com\/es\/features\/collaboration\/attachments-2\/"]}]},{"@type":"BreadcrumbList","@id":"https:\/\/b2field.com\/es\/features\/collaboration\/attachments-2\/#breadcrumb","itemListElement":[{"@type":"ListItem","position":1,"name":"Home","item":"https:\/\/b2field.com\/es\/"},{"@type":"ListItem","position":2,"name":"Caracter\u00edsticas","item":"https:\/\/b2field.com\/es\/?page_id=1846"},{"@type":"ListItem","position":3,"name":"Comunicaci\u00f3n entre equipo de campo y la oficina","item":"https:\/\/b2field.com\/es\/features\/collaboration\/"},{"@type":"ListItem","position":4,"name":"Documentos y formularios"}]},{"@type":"WebSite","@id":"https:\/\/b2field.com\/es\/#website","url":"https:\/\/b2field.com\/es\/","name":"B2Field","description":"","potentialAction":[{"@type":"SearchAction","target":{"@type":"EntryPoint","urlTemplate":"https:\/\/b2field.com\/es\/?s={search_term_string}"},"query-input":{"@type":"PropertyValueSpecification","valueRequired":true,"valueName":"search_term_string"}}],"inLanguage":"es"}]}},"_links":{"self":[{"href":"https:\/\/b2field.com\/es\/wp-json\/wp\/v2\/pages\/8275","targetHints":{"allow":["GET"]}}],"collection":[{"href":"https:\/\/b2field.com\/es\/wp-json\/wp\/v2\/pages"}],"about":[{"href":"https:\/\/b2field.com\/es\/wp-json\/wp\/v2\/types\/page"}],"author":[{"embeddable":true,"href":"https:\/\/b2field.com\/es\/wp-json\/wp\/v2\/users\/8"}],"replies":[{"embeddable":true,"href":"https:\/\/b2field.com\/es\/wp-json\/wp\/v2\/comments?post=8275"}],"version-history":[{"count":7,"href":"https:\/\/b2field.com\/es\/wp-json\/wp\/v2\/pages\/8275\/revisions"}],"predecessor-version":[{"id":11766,"href":"https:\/\/b2field.com\/es\/wp-json\/wp\/v2\/pages\/8275\/revisions\/11766"}],"up":[{"embeddable":true,"href":"https:\/\/b2field.com\/es\/wp-json\/wp\/v2\/pages\/1903"}],"wp:attachment":[{"href":"https:\/\/b2field.com\/es\/wp-json\/wp\/v2\/media?parent=8275"}],"curies":[{"name":"wp","href":"https:\/\/api.w.org\/{rel}","templated":true}]}}