{"id":8278,"date":"2019-04-08T07:34:58","date_gmt":"2019-04-08T07:34:58","guid":{"rendered":"http:\/\/api.b2field.com\/features\/collaboration\/forms\/"},"modified":"2021-03-04T09:51:48","modified_gmt":"2021-03-04T09:51:48","slug":"forms","status":"publish","type":"page","link":"https:\/\/b2field.com\/es\/features\/collaboration\/forms\/","title":{"rendered":"Formularios en l\u00ednea"},"content":{"rendered":"<div class=\"wpb-content-wrapper\"><p>[vc_row full_width=&#8221;stretch_row&#8221; css=&#8221;.vc_custom_1614851499750{padding-top: 80px !important;background-image: url(https:\/\/b2field.com\/wp-content\/uploads\/2019\/04\/collaboration-forms-header-bg.jpg?id=6007) !important;background-position: center !important;background-repeat: no-repeat !important;background-size: cover !important;}&#8221; el_class=&#8221;features-header&#8221;][vc_column][vc_single_image source=&#8221;external_link&#8221; custom_src=&#8221;\/wp-content\/uploads\/2019\/08\/collaboration-forms-header-img_es.png&#8221; el_class=&#8221;features-header-img features-header-img_collaboration-forms&#8221;][vc_row_inner css=&#8221;.vc_custom_1550139488172{padding-right: 0px !important;padding-left: 0px !important;}&#8221;][vc_column_inner width=&#8221;1\/6&#8243;][\/vc_column_inner][vc_column_inner el_class=&#8221;max-560&#8243; width=&#8221;5\/6&#8243; css=&#8221;.vc_custom_1554711641502{padding-left: 45px !important;}&#8221;][vc_column_text css=&#8221;.vc_custom_1562562305708{margin-bottom: 15px !important;}&#8221;]<\/p>\n<h1>Transfiera r\u00e1pidamente<br \/>\ninformaci\u00f3n del &#8220;campo&#8221;<br \/>\na la oficina utilizando<br \/>\nformularios en l\u00ednea<\/h1>\n<p>[\/vc_column_text][\/vc_column_inner][\/vc_row_inner][vc_row_inner css=&#8221;.vc_custom_1550216223363{padding-right: 0px !important;padding-bottom: 35px !important;padding-left: 0px !important;}&#8221;][vc_column_inner width=&#8221;1\/6&#8243;][\/vc_column_inner][vc_column_inner el_class=&#8221;text-primary max-560&#8243; width=&#8221;5\/6&#8243; css=&#8221;.vc_custom_1554711645662{padding-left: 45px !important;}&#8221;][vc_column_text]Desde la aceptaci\u00f3n de pedidos hasta la<br \/>\nelaboraci\u00f3n de encuestas, utilice formularios<br \/>\nen cualquier dispositivo m\u00f3vil para recopilar<br \/>\ninformaci\u00f3n de forma r\u00e1pida y precisa.[\/vc_column_text]<div class='button'>\r\n\t\t<a href='\/es\/signup\/' class='button__url button__url--blue' >VER DEMO<\/a>\r\n\t<\/div>[\/vc_column_inner][\/vc_row_inner][\/vc_column][\/vc_row][vc_row css=&#8221;.vc_custom_1554711858272{padding-top: 100px !important;}&#8221;][vc_column width=&#8221;1\/6&#8243;][\/vc_column][vc_column width=&#8221;5\/12&#8243; css=&#8221;.vc_custom_1550226442595{padding-left: 45px !important;}&#8221; el_class=&#8221;order-md-1&#8243;][vc_column_text]<\/p>\n<h2>Cree formularios adaptados<br \/>\na sus necesidades<\/h2>\n<p>[\/vc_column_text][vc_column_text]Sin mucho esfuerzo, cree cualquier formulario que usted desee en tan solo unos clicks.<\/p>\n<p>Elija el dise\u00f1o de las preguntas, desde campos de texto ordinarios para cargar fotos, hasta formatos de clasificaci\u00f3n para evaluar la calidad y &#8220;firma en la pantalla&#8221;.<\/p>\n<p>Adjunte los formularios resultantes de las tareas de los empleados, y est\u00e9 seguro de que todos los datos necesarios se recopilar\u00e1n y estructurar\u00e1n para su procesamiento.[\/vc_column_text][\/vc_column][vc_column width=&#8221;5\/12&#8243; el_class=&#8221;order-md-0&#8243;][vc_single_image source=&#8221;external_link&#8221; custom_src=&#8221;\/wp-content\/uploads\/2019\/08\/collaboration-forms-b1_es.png&#8221;][\/vc_column][\/vc_row][vc_row css=&#8221;.vc_custom_1554711868881{padding-top: 100px !important;}&#8221;][vc_column width=&#8221;1\/6&#8243;][\/vc_column][vc_column width=&#8221;5\/12&#8243; css=&#8221;.vc_custom_1550573530124{padding-left: 45px !important;}&#8221; el_class=&#8221;order-md-0&#8243;][vc_single_image source=&#8221;external_link&#8221; custom_src=&#8221;\/wp-content\/uploads\/2019\/08\/collaboration-forms-b2_es.png&#8221;][\/vc_column][vc_column width=&#8221;5\/12&#8243; el_class=&#8221;order-md-1&#8243;][vc_column_text]<\/p>\n<h2>Reciba instant\u00e1neamente toda la<br \/>\ninformaci\u00f3n recopilada<\/h2>\n<p>[\/vc_column_text][vc_column_text]Despu\u00e9s de que el empleado complete un formulario, los datos se enviar\u00e1n de inmediato a la oficina y estar\u00e1n a disposici\u00f3n de los colegas para su procesamiento.<\/p>\n<p>No ser\u00e1 necesario dictar informaci\u00f3n por tel\u00e9fono o esperar a que el empleado regrese. Podr\u00e1 recibir toda la informaci\u00f3n de forma inmediata y sin distorsi\u00f3n.<\/p>\n<p>Los operadores pueden ver las fotos y toda la informaci\u00f3n recopilada en la interfaz web o simplemente recibirlas por correo electr\u00f3nico. Tambi\u00e9n para automatizar los procesos de negocio, use la API.[\/vc_column_text][\/vc_column][\/vc_row][vc_row css=&#8221;.vc_custom_1554711876505{padding-top: 100px !important;padding-bottom: 50px !important;}&#8221;][vc_column width=&#8221;1\/6&#8243;][\/vc_column][vc_column width=&#8221;5\/12&#8243; css=&#8221;.vc_custom_1550573543540{padding-left: 45px !important;}&#8221; el_class=&#8221;order-md-1&#8243;][vc_column_text]<\/p>\n<h2>Vea las estad\u00edsticas<br \/>\ny analice los datos<\/h2>\n<p>[\/vc_column_text][vc_column_text]De formularios espec\u00edficos a estad\u00edsticas. Los informes y cuadros especiales le permiten ver los datos desde una perspectiva bastante amplia.<\/p>\n<p>Analice no solo los datos de los formularios, sino tambi\u00e9n la productividad de los departamentos y empleados individuales.<\/p>\n<p>Si lo desea, puede cargar f\u00e1cilmente tablas desde las aplicaciones de terceros como Excel\u2122 o Google Sheets\u2122.[\/vc_column_text][\/vc_column][vc_column width=&#8221;5\/12&#8243; el_class=&#8221;order-md-0&#8243;][vc_single_image source=&#8221;external_link&#8221; custom_src=&#8221;\/wp-content\/uploads\/2019\/08\/collaboration-forms-b3_es.png&#8221;][\/vc_column][\/vc_row][vc_row full_width=&#8221;stretch_row&#8221; el_class=&#8221;bg-blue-dark features-footer&#8221; css=&#8221;.vc_custom_1594893647008{padding-top: 88px !important;padding-bottom: 71px !important;}&#8221;][vc_column width=&#8221;1\/6&#8243;][\/vc_column][vc_column width=&#8221;5\/6&#8243; el_class=&#8221;max-660&#8243;][vc_single_image source=&#8221;external_link&#8221; custom_src=&#8221;\/wp-content\/uploads\/2019\/08\/features-footer_es.png&#8221; el_class=&#8221;features-footer-img&#8221;][vc_column_text css=&#8221;.vc_custom_1562562434081{margin-bottom: 15px !important;padding-left: 30px !important;}&#8221;]<\/p>\n<h2 style=\"font-size: 30px; letter-spacing: 0;\">Utilice formularios en l\u00ednea para<br \/>\nuna colaboraci\u00f3n efectiva<\/h2>\n<p>[\/vc_column_text][vc_column_text css=&#8221;.vc_custom_1562562449201{margin-bottom: 27px !important;padding-left: 30px !important;}&#8221; el_class=&#8221;font-fira&#8221;]<\/p>\n<p style=\"font-size: 16px; font-weight: 300;\">Intercambie r\u00e1pidamente datos sin errores. Utilice fotos y<br \/>\ncalificaciones de los clientes para mejorar la calidad del servicio.<\/p>\n<p>[\/vc_column_text][vc_row_inner][vc_column_inner width=&#8221;5\/12&#8243;]<div class='button button--right'>\r\n\t\t<a href='\/es\/signup\/' class='button__url button__url--mint' >VER DEMO<\/a>\r\n\t<\/div>[\/vc_column_inner][vc_column_inner width=&#8221;5\/12&#8243;]<div class='button button--left'>\r\n\t\t<a href='\/es\/signup\/' class='button__url button__url--white' >Registrarse<\/a>\r\n\t<\/div>[\/vc_column_inner][vc_column_inner width=&#8221;1\/6&#8243;][\/vc_column_inner][\/vc_row_inner][\/vc_column][\/vc_row]<\/p>\n<\/div>","protected":false},"excerpt":{"rendered":"<p>[vc_row full_width=&#8221;stretch_row&#8221; css=&#8221;.vc_custom_1614851499750{padding-top: 80px !important;background-image: url(https:\/\/b2field.com\/wp-content\/uploads\/2019\/04\/collaboration-forms-header-bg.jpg?id=6007) !important;background-position: center !important;background-repeat: no-repeat !important;background-size: cover !important;}&#8221; el_class=&#8221;features-header&#8221;][vc_column][vc_single_image source=&#8221;external_link&#8221; custom_src=&#8221;\/wp-content\/uploads\/2019\/08\/collaboration-forms-header-img_es.png&#8221; el_class=&#8221;features-header-img features-header-img_collaboration-forms&#8221;][vc_row_inner css=&#8221;.vc_custom_1550139488172{padding-right: 0px !important;padding-left: 0px !important;}&#8221;][vc_column_inner width=&#8221;1\/6&#8243;][\/vc_column_inner][vc_column_inner el_class=&#8221;max-560&#8243; width=&#8221;5\/6&#8243; css=&#8221;.vc_custom_1554711641502{padding-left: 45px !important;}&#8221;][vc_column_text css=&#8221;.vc_custom_1562562305708{margin-bottom: 15px !important;}&#8221;] Transfiera r\u00e1pidamente informaci\u00f3n del &#8220;campo&#8221; a la oficina utilizando formularios en l\u00ednea [\/vc_column_text][\/vc_column_inner][\/vc_row_inner][vc_row_inner css=&#8221;.vc_custom_1550216223363{padding-right: 0px !important;padding-bottom: 35px !important;padding-left: 0px !important;}&#8221;][vc_column_inner width=&#8221;1\/6&#8243;][\/vc_column_inner][vc_column_inner el_class=&#8221;text-primary max-560&#8243;&#8230;<\/p>\n","protected":false},"author":8,"featured_media":0,"parent":1903,"menu_order":0,"comment_status":"closed","ping_status":"closed","template":"page-features.php","meta":{"_acf_changed":false,"inline_featured_image":false,"footnotes":""},"class_list":["post-8278","page","type-page","status-publish","hentry"],"acf":[],"yoast_head":"<!-- This site is optimized with the Yoast SEO plugin v27.2 - https:\/\/yoast.com\/product\/yoast-seo-wordpress\/ -->\n<title>Formularios en l\u00ednea &#8211; B2Field<\/title>\n<meta name=\"description\" content=\"Desde la aceptaci\u00f3n de pedidos hasta la elaboraci\u00f3n de encuestas, utilice formularios en cualquier dispositivo m\u00f3vil para recopilar informaci\u00f3n de forma r\u00e1pida y precisa.\" \/>\n<meta name=\"robots\" content=\"index, follow, max-snippet:-1, max-image-preview:large, max-video-preview:-1\" \/>\n<link rel=\"canonical\" href=\"https:\/\/b2field.com\/es\/features\/collaboration\/forms\/\" \/>\n<meta property=\"og:locale\" content=\"es_ES\" \/>\n<meta property=\"og:type\" content=\"article\" \/>\n<meta property=\"og:title\" content=\"Formularios en l\u00ednea &#8211; B2Field\" \/>\n<meta property=\"og:description\" content=\"Desde la aceptaci\u00f3n de pedidos hasta la elaboraci\u00f3n de encuestas, utilice formularios en cualquier dispositivo m\u00f3vil para recopilar informaci\u00f3n de forma r\u00e1pida y precisa.\" \/>\n<meta property=\"og:url\" content=\"https:\/\/b2field.com\/es\/features\/collaboration\/forms\/\" \/>\n<meta property=\"og:site_name\" content=\"B2Field\" \/>\n<meta property=\"article:publisher\" content=\"https:\/\/www.facebook.com\/B2Field\/\" \/>\n<meta property=\"article:modified_time\" content=\"2021-03-04T09:51:48+00:00\" \/>\n<meta name=\"twitter:card\" content=\"summary_large_image\" \/>\n<meta name=\"twitter:label1\" content=\"Tiempo de lectura\" \/>\n\t<meta name=\"twitter:data1\" content=\"2 minutos\" \/>\n<script type=\"application\/ld+json\" class=\"yoast-schema-graph\">{\"@context\":\"https:\/\/schema.org\",\"@graph\":[{\"@type\":\"WebPage\",\"@id\":\"https:\/\/b2field.com\/es\/features\/collaboration\/forms\/\",\"url\":\"https:\/\/b2field.com\/es\/features\/collaboration\/forms\/\",\"name\":\"Formularios en l\u00ednea &#8211; B2Field\",\"isPartOf\":{\"@id\":\"https:\/\/b2field.com\/es\/#website\"},\"datePublished\":\"2019-04-08T07:34:58+00:00\",\"dateModified\":\"2021-03-04T09:51:48+00:00\",\"description\":\"Desde la aceptaci\u00f3n de pedidos hasta la elaboraci\u00f3n de encuestas, utilice formularios en cualquier dispositivo m\u00f3vil para recopilar informaci\u00f3n de forma r\u00e1pida y precisa.\",\"breadcrumb\":{\"@id\":\"https:\/\/b2field.com\/es\/features\/collaboration\/forms\/#breadcrumb\"},\"inLanguage\":\"es\",\"potentialAction\":[{\"@type\":\"ReadAction\",\"target\":[\"https:\/\/b2field.com\/es\/features\/collaboration\/forms\/\"]}]},{\"@type\":\"BreadcrumbList\",\"@id\":\"https:\/\/b2field.com\/es\/features\/collaboration\/forms\/#breadcrumb\",\"itemListElement\":[{\"@type\":\"ListItem\",\"position\":1,\"name\":\"Home\",\"item\":\"https:\/\/b2field.com\/es\/\"},{\"@type\":\"ListItem\",\"position\":2,\"name\":\"Caracter\u00edsticas\",\"item\":\"https:\/\/b2field.com\/es\/?page_id=1846\"},{\"@type\":\"ListItem\",\"position\":3,\"name\":\"Comunicaci\u00f3n entre equipo de campo y la oficina\",\"item\":\"https:\/\/b2field.com\/es\/features\/collaboration\/\"},{\"@type\":\"ListItem\",\"position\":4,\"name\":\"Formularios en l\u00ednea\"}]},{\"@type\":\"WebSite\",\"@id\":\"https:\/\/b2field.com\/es\/#website\",\"url\":\"https:\/\/b2field.com\/es\/\",\"name\":\"B2Field\",\"description\":\"\",\"potentialAction\":[{\"@type\":\"SearchAction\",\"target\":{\"@type\":\"EntryPoint\",\"urlTemplate\":\"https:\/\/b2field.com\/es\/?s={search_term_string}\"},\"query-input\":{\"@type\":\"PropertyValueSpecification\",\"valueRequired\":true,\"valueName\":\"search_term_string\"}}],\"inLanguage\":\"es\"}]}<\/script>\n<!-- \/ Yoast SEO plugin. -->","yoast_head_json":{"title":"Formularios en l\u00ednea &#8211; B2Field","description":"Desde la aceptaci\u00f3n de pedidos hasta la elaboraci\u00f3n de encuestas, utilice formularios en cualquier dispositivo m\u00f3vil para recopilar informaci\u00f3n de forma r\u00e1pida y precisa.","robots":{"index":"index","follow":"follow","max-snippet":"max-snippet:-1","max-image-preview":"max-image-preview:large","max-video-preview":"max-video-preview:-1"},"canonical":"https:\/\/b2field.com\/es\/features\/collaboration\/forms\/","og_locale":"es_ES","og_type":"article","og_title":"Formularios en l\u00ednea &#8211; B2Field","og_description":"Desde la aceptaci\u00f3n de pedidos hasta la elaboraci\u00f3n de encuestas, utilice formularios en cualquier dispositivo m\u00f3vil para recopilar informaci\u00f3n de forma r\u00e1pida y precisa.","og_url":"https:\/\/b2field.com\/es\/features\/collaboration\/forms\/","og_site_name":"B2Field","article_publisher":"https:\/\/www.facebook.com\/B2Field\/","article_modified_time":"2021-03-04T09:51:48+00:00","twitter_card":"summary_large_image","twitter_misc":{"Tiempo de lectura":"2 minutos"},"schema":{"@context":"https:\/\/schema.org","@graph":[{"@type":"WebPage","@id":"https:\/\/b2field.com\/es\/features\/collaboration\/forms\/","url":"https:\/\/b2field.com\/es\/features\/collaboration\/forms\/","name":"Formularios en l\u00ednea &#8211; B2Field","isPartOf":{"@id":"https:\/\/b2field.com\/es\/#website"},"datePublished":"2019-04-08T07:34:58+00:00","dateModified":"2021-03-04T09:51:48+00:00","description":"Desde la aceptaci\u00f3n de pedidos hasta la elaboraci\u00f3n de encuestas, utilice formularios en cualquier dispositivo m\u00f3vil para recopilar informaci\u00f3n de forma r\u00e1pida y precisa.","breadcrumb":{"@id":"https:\/\/b2field.com\/es\/features\/collaboration\/forms\/#breadcrumb"},"inLanguage":"es","potentialAction":[{"@type":"ReadAction","target":["https:\/\/b2field.com\/es\/features\/collaboration\/forms\/"]}]},{"@type":"BreadcrumbList","@id":"https:\/\/b2field.com\/es\/features\/collaboration\/forms\/#breadcrumb","itemListElement":[{"@type":"ListItem","position":1,"name":"Home","item":"https:\/\/b2field.com\/es\/"},{"@type":"ListItem","position":2,"name":"Caracter\u00edsticas","item":"https:\/\/b2field.com\/es\/?page_id=1846"},{"@type":"ListItem","position":3,"name":"Comunicaci\u00f3n entre equipo de campo y la oficina","item":"https:\/\/b2field.com\/es\/features\/collaboration\/"},{"@type":"ListItem","position":4,"name":"Formularios en l\u00ednea"}]},{"@type":"WebSite","@id":"https:\/\/b2field.com\/es\/#website","url":"https:\/\/b2field.com\/es\/","name":"B2Field","description":"","potentialAction":[{"@type":"SearchAction","target":{"@type":"EntryPoint","urlTemplate":"https:\/\/b2field.com\/es\/?s={search_term_string}"},"query-input":{"@type":"PropertyValueSpecification","valueRequired":true,"valueName":"search_term_string"}}],"inLanguage":"es"}]}},"_links":{"self":[{"href":"https:\/\/b2field.com\/es\/wp-json\/wp\/v2\/pages\/8278","targetHints":{"allow":["GET"]}}],"collection":[{"href":"https:\/\/b2field.com\/es\/wp-json\/wp\/v2\/pages"}],"about":[{"href":"https:\/\/b2field.com\/es\/wp-json\/wp\/v2\/types\/page"}],"author":[{"embeddable":true,"href":"https:\/\/b2field.com\/es\/wp-json\/wp\/v2\/users\/8"}],"replies":[{"embeddable":true,"href":"https:\/\/b2field.com\/es\/wp-json\/wp\/v2\/comments?post=8278"}],"version-history":[{"count":7,"href":"https:\/\/b2field.com\/es\/wp-json\/wp\/v2\/pages\/8278\/revisions"}],"predecessor-version":[{"id":11782,"href":"https:\/\/b2field.com\/es\/wp-json\/wp\/v2\/pages\/8278\/revisions\/11782"}],"up":[{"embeddable":true,"href":"https:\/\/b2field.com\/es\/wp-json\/wp\/v2\/pages\/1903"}],"wp:attachment":[{"href":"https:\/\/b2field.com\/es\/wp-json\/wp\/v2\/media?parent=8278"}],"curies":[{"name":"wp","href":"https:\/\/api.w.org\/{rel}","templated":true}]}}