{"id":8281,"date":"2019-05-23T09:55:45","date_gmt":"2019-05-23T09:55:45","guid":{"rendered":"http:\/\/api.b2field.com\/features\/collaboration\/chat\/"},"modified":"2021-03-04T09:53:27","modified_gmt":"2021-03-04T09:53:27","slug":"chat","status":"publish","type":"page","link":"https:\/\/b2field.com\/es\/features\/collaboration\/chat\/","title":{"rendered":"Chat y comentarios"},"content":{"rendered":"<div class=\"wpb-content-wrapper\"><p>[vc_row full_width=&#8221;stretch_row&#8221; css=&#8221;.vc_custom_1614851603625{padding-top: 130px !important;background-image: url(https:\/\/b2field.com\/wp-content\/uploads\/2019\/05\/collaboration-chat-header-bg.jpg?id=6524) !important;background-position: center !important;background-repeat: no-repeat !important;background-size: cover !important;}&#8221; el_class=&#8221;features-header&#8221;][vc_column][vc_single_image source=&#8221;external_link&#8221; custom_src=&#8221;\/wp-content\/uploads\/2019\/08\/collaboration-chat-header-img_es.png&#8221; el_class=&#8221;features-header-img features-header-img_collaboration-chat&#8221;][vc_row_inner css=&#8221;.vc_custom_1550139488172{padding-right: 0px !important;padding-left: 0px !important;}&#8221;][vc_column_inner width=&#8221;1\/6&#8243;][\/vc_column_inner][vc_column_inner el_class=&#8221;max-560&#8243; width=&#8221;5\/6&#8243; css=&#8221;.vc_custom_1554711641502{padding-left: 45px !important;}&#8221;][vc_column_text css=&#8221;.vc_custom_1562563210496{margin-bottom: 15px !important;}&#8221;]<\/p>\n<h1>Comunicaci\u00f3n inmediata<br \/>\ncon los empleados<\/h1>\n<p>[\/vc_column_text][\/vc_column_inner][\/vc_row_inner][vc_row_inner css=&#8221;.vc_custom_1558606062917{padding-right: 0px !important;padding-bottom: 100px !important;padding-left: 0px !important;}&#8221;][vc_column_inner width=&#8221;1\/6&#8243;][\/vc_column_inner][vc_column_inner el_class=&#8221;text-primary max-560&#8243; width=&#8221;5\/6&#8243; css=&#8221;.vc_custom_1554711645662{padding-left: 45px !important;}&#8221;][vc_column_text]Comente al instante las tareas en curso o ejecuci\u00f3n<br \/>\nsin salir de la aplicaci\u00f3n.[\/vc_column_text]<div class='button'>\r\n\t\t<a href='\/es\/signup\/' class='button__url button__url--blue' >VER DEMO<\/a>\r\n\t<\/div>[\/vc_column_inner][\/vc_row_inner][\/vc_column][\/vc_row][vc_row css=&#8221;.vc_custom_1558606155773{padding-top: 70px !important;padding-bottom: 100px !important;}&#8221;][vc_column width=&#8221;1\/6&#8243;][\/vc_column][vc_column width=&#8221;5\/12&#8243; css=&#8221;.vc_custom_1550573530124{padding-left: 45px !important;}&#8221; el_class=&#8221;order-md-0&#8243;][vc_single_image source=&#8221;external_link&#8221; custom_src=&#8221;\/wp-content\/uploads\/2019\/08\/collaboration-chat-b1_es.png&#8221;][\/vc_column][vc_column width=&#8221;5\/12&#8243; el_class=&#8221;order-md-1&#8243; css=&#8221;.vc_custom_1558606161409{padding-top: 80px !important;}&#8221;][vc_column_text]<\/p>\n<h2>Chat listo para el uso de su equipo<\/h2>\n<p>[\/vc_column_text][vc_column_text]Resolver peque\u00f1os problemas de comunicaci\u00f3n entre colegas es m\u00e1s f\u00e1cil a trav\u00e9s del chat. Esta alternativa es muy conveniente no solo para evitar hacer llamadas telef\u00f3nicas, tambi\u00e9n para evitar costos por el env\u00edo de mensajes de texto.<\/p>\n<ul>\n<li>Toda la comunicaci\u00f3n del equipo en una sola aplicaci\u00f3n<\/li>\n<li>Di\u00e1logos, env\u00edo de im\u00e1genes y archivos<\/li>\n<li>Confirmaci\u00f3n de entrega y lectura de mensajes<\/li>\n<li>Al volante: Lectura de mensajes en voz alta<\/li>\n<\/ul>\n<p>[\/vc_column_text][\/vc_column][\/vc_row][vc_row full_width=&#8221;stretch_row&#8221; el_class=&#8221;bg-blue-dark features-footer&#8221; css=&#8221;.vc_custom_1594893851187{padding-top: 88px !important;padding-bottom: 71px !important;}&#8221;][vc_column width=&#8221;1\/6&#8243;][\/vc_column][vc_column width=&#8221;5\/6&#8243; el_class=&#8221;max-660&#8243;][vc_single_image source=&#8221;external_link&#8221; custom_src=&#8221;\/wp-content\/uploads\/2019\/08\/features-footer_es.png&#8221; el_class=&#8221;features-footer-img&#8221;][vc_column_text css=&#8221;.vc_custom_1562562652777{margin-bottom: 15px !important;padding-left: 30px !important;}&#8221;]<\/p>\n<h2 style=\"font-size: 30px; letter-spacing: 0;\">Organice el trabajo del<br \/>\npersonal en campo<\/h2>\n<p>[\/vc_column_text][vc_column_text css=&#8221;.vc_custom_1562562672690{margin-bottom: 27px !important;padding-left: 30px !important;}&#8221; el_class=&#8221;font-fira&#8221;]<\/p>\n<p style=\"font-size: 16px; font-weight: 300;\">Pruebe el servicio B2Field ahora mismo, o solicite<br \/>\nuna consulta con uno de nuestros expertos<\/p>\n<p>[\/vc_column_text][vc_row_inner][vc_column_inner width=&#8221;5\/12&#8243;]<div class='button button--right'>\r\n\t\t<a href='\/es\/signup\/' class='button__url button__url--mint' >VER DEMO<\/a>\r\n\t<\/div>[\/vc_column_inner][vc_column_inner width=&#8221;5\/12&#8243;]<div class='button button--left'>\r\n\t\t<a href='\/es\/signup\/' class='button__url button__url--white' >Registrarse<\/a>\r\n\t<\/div>[\/vc_column_inner][vc_column_inner width=&#8221;1\/6&#8243;][\/vc_column_inner][\/vc_row_inner][\/vc_column][\/vc_row]<\/p>\n<\/div>","protected":false},"excerpt":{"rendered":"<p>[vc_row full_width=&#8221;stretch_row&#8221; css=&#8221;.vc_custom_1614851603625{padding-top: 130px !important;background-image: url(https:\/\/b2field.com\/wp-content\/uploads\/2019\/05\/collaboration-chat-header-bg.jpg?id=6524) !important;background-position: center !important;background-repeat: no-repeat !important;background-size: cover !important;}&#8221; el_class=&#8221;features-header&#8221;][vc_column][vc_single_image source=&#8221;external_link&#8221; custom_src=&#8221;\/wp-content\/uploads\/2019\/08\/collaboration-chat-header-img_es.png&#8221; el_class=&#8221;features-header-img features-header-img_collaboration-chat&#8221;][vc_row_inner css=&#8221;.vc_custom_1550139488172{padding-right: 0px !important;padding-left: 0px !important;}&#8221;][vc_column_inner width=&#8221;1\/6&#8243;][\/vc_column_inner][vc_column_inner el_class=&#8221;max-560&#8243; width=&#8221;5\/6&#8243; css=&#8221;.vc_custom_1554711641502{padding-left: 45px !important;}&#8221;][vc_column_text css=&#8221;.vc_custom_1562563210496{margin-bottom: 15px !important;}&#8221;] Comunicaci\u00f3n inmediata con los empleados [\/vc_column_text][\/vc_column_inner][\/vc_row_inner][vc_row_inner css=&#8221;.vc_custom_1558606062917{padding-right: 0px !important;padding-bottom: 100px !important;padding-left: 0px !important;}&#8221;][vc_column_inner width=&#8221;1\/6&#8243;][\/vc_column_inner][vc_column_inner el_class=&#8221;text-primary max-560&#8243; width=&#8221;5\/6&#8243; css=&#8221;.vc_custom_1554711645662{padding-left: 45px !important;}&#8221;][vc_column_text]Comente al instante las&#8230;<\/p>\n","protected":false},"author":8,"featured_media":0,"parent":1903,"menu_order":1,"comment_status":"closed","ping_status":"closed","template":"page-features.php","meta":{"_acf_changed":false,"inline_featured_image":false,"footnotes":""},"class_list":["post-8281","page","type-page","status-publish","hentry"],"acf":[],"yoast_head":"<!-- This site is optimized with the Yoast SEO plugin v27.2 - https:\/\/yoast.com\/product\/yoast-seo-wordpress\/ -->\n<title>Chat y comentarios &#8211; B2Field<\/title>\n<meta name=\"description\" content=\"Resolver peque\u00f1os problemas de comunicaci\u00f3n entre colegas es m\u00e1s f\u00e1cil a trav\u00e9s del chat. Esta alternativa es muy conveniente no solo para evitar hacer llamadas telef\u00f3nicas, tambi\u00e9n para evitar costos por el env\u00edo de mensajes de texto.\" \/>\n<meta name=\"robots\" content=\"index, follow, max-snippet:-1, max-image-preview:large, max-video-preview:-1\" \/>\n<link rel=\"canonical\" href=\"https:\/\/b2field.com\/es\/features\/collaboration\/chat\/\" \/>\n<meta property=\"og:locale\" content=\"es_ES\" \/>\n<meta property=\"og:type\" content=\"article\" \/>\n<meta property=\"og:title\" content=\"Chat y comentarios &#8211; B2Field\" \/>\n<meta property=\"og:description\" content=\"Resolver peque\u00f1os problemas de comunicaci\u00f3n entre colegas es m\u00e1s f\u00e1cil a trav\u00e9s del chat. Esta alternativa es muy conveniente no solo para evitar hacer llamadas telef\u00f3nicas, tambi\u00e9n para evitar costos por el env\u00edo de mensajes de texto.\" \/>\n<meta property=\"og:url\" content=\"https:\/\/b2field.com\/es\/features\/collaboration\/chat\/\" \/>\n<meta property=\"og:site_name\" content=\"B2Field\" \/>\n<meta property=\"article:publisher\" content=\"https:\/\/www.facebook.com\/B2Field\/\" \/>\n<meta property=\"article:modified_time\" content=\"2021-03-04T09:53:27+00:00\" \/>\n<meta name=\"twitter:card\" content=\"summary_large_image\" \/>\n<meta name=\"twitter:label1\" content=\"Tiempo de lectura\" \/>\n\t<meta name=\"twitter:data1\" content=\"2 minutos\" \/>\n<script type=\"application\/ld+json\" class=\"yoast-schema-graph\">{\"@context\":\"https:\/\/schema.org\",\"@graph\":[{\"@type\":\"WebPage\",\"@id\":\"https:\/\/b2field.com\/es\/features\/collaboration\/chat\/\",\"url\":\"https:\/\/b2field.com\/es\/features\/collaboration\/chat\/\",\"name\":\"Chat y comentarios &#8211; B2Field\",\"isPartOf\":{\"@id\":\"https:\/\/b2field.com\/es\/#website\"},\"datePublished\":\"2019-05-23T09:55:45+00:00\",\"dateModified\":\"2021-03-04T09:53:27+00:00\",\"description\":\"Resolver peque\u00f1os problemas de comunicaci\u00f3n entre colegas es m\u00e1s f\u00e1cil a trav\u00e9s del chat. Esta alternativa es muy conveniente no solo para evitar hacer llamadas telef\u00f3nicas, tambi\u00e9n para evitar costos por el env\u00edo de mensajes de texto.\",\"breadcrumb\":{\"@id\":\"https:\/\/b2field.com\/es\/features\/collaboration\/chat\/#breadcrumb\"},\"inLanguage\":\"es\",\"potentialAction\":[{\"@type\":\"ReadAction\",\"target\":[\"https:\/\/b2field.com\/es\/features\/collaboration\/chat\/\"]}]},{\"@type\":\"BreadcrumbList\",\"@id\":\"https:\/\/b2field.com\/es\/features\/collaboration\/chat\/#breadcrumb\",\"itemListElement\":[{\"@type\":\"ListItem\",\"position\":1,\"name\":\"Home\",\"item\":\"https:\/\/b2field.com\/es\/\"},{\"@type\":\"ListItem\",\"position\":2,\"name\":\"Caracter\u00edsticas\",\"item\":\"https:\/\/b2field.com\/es\/?page_id=1846\"},{\"@type\":\"ListItem\",\"position\":3,\"name\":\"Comunicaci\u00f3n entre equipo de campo y la oficina\",\"item\":\"https:\/\/b2field.com\/es\/features\/collaboration\/\"},{\"@type\":\"ListItem\",\"position\":4,\"name\":\"Chat y comentarios\"}]},{\"@type\":\"WebSite\",\"@id\":\"https:\/\/b2field.com\/es\/#website\",\"url\":\"https:\/\/b2field.com\/es\/\",\"name\":\"B2Field\",\"description\":\"\",\"potentialAction\":[{\"@type\":\"SearchAction\",\"target\":{\"@type\":\"EntryPoint\",\"urlTemplate\":\"https:\/\/b2field.com\/es\/?s={search_term_string}\"},\"query-input\":{\"@type\":\"PropertyValueSpecification\",\"valueRequired\":true,\"valueName\":\"search_term_string\"}}],\"inLanguage\":\"es\"}]}<\/script>\n<!-- \/ Yoast SEO plugin. -->","yoast_head_json":{"title":"Chat y comentarios &#8211; B2Field","description":"Resolver peque\u00f1os problemas de comunicaci\u00f3n entre colegas es m\u00e1s f\u00e1cil a trav\u00e9s del chat. Esta alternativa es muy conveniente no solo para evitar hacer llamadas telef\u00f3nicas, tambi\u00e9n para evitar costos por el env\u00edo de mensajes de texto.","robots":{"index":"index","follow":"follow","max-snippet":"max-snippet:-1","max-image-preview":"max-image-preview:large","max-video-preview":"max-video-preview:-1"},"canonical":"https:\/\/b2field.com\/es\/features\/collaboration\/chat\/","og_locale":"es_ES","og_type":"article","og_title":"Chat y comentarios &#8211; B2Field","og_description":"Resolver peque\u00f1os problemas de comunicaci\u00f3n entre colegas es m\u00e1s f\u00e1cil a trav\u00e9s del chat. Esta alternativa es muy conveniente no solo para evitar hacer llamadas telef\u00f3nicas, tambi\u00e9n para evitar costos por el env\u00edo de mensajes de texto.","og_url":"https:\/\/b2field.com\/es\/features\/collaboration\/chat\/","og_site_name":"B2Field","article_publisher":"https:\/\/www.facebook.com\/B2Field\/","article_modified_time":"2021-03-04T09:53:27+00:00","twitter_card":"summary_large_image","twitter_misc":{"Tiempo de lectura":"2 minutos"},"schema":{"@context":"https:\/\/schema.org","@graph":[{"@type":"WebPage","@id":"https:\/\/b2field.com\/es\/features\/collaboration\/chat\/","url":"https:\/\/b2field.com\/es\/features\/collaboration\/chat\/","name":"Chat y comentarios &#8211; B2Field","isPartOf":{"@id":"https:\/\/b2field.com\/es\/#website"},"datePublished":"2019-05-23T09:55:45+00:00","dateModified":"2021-03-04T09:53:27+00:00","description":"Resolver peque\u00f1os problemas de comunicaci\u00f3n entre colegas es m\u00e1s f\u00e1cil a trav\u00e9s del chat. Esta alternativa es muy conveniente no solo para evitar hacer llamadas telef\u00f3nicas, tambi\u00e9n para evitar costos por el env\u00edo de mensajes de texto.","breadcrumb":{"@id":"https:\/\/b2field.com\/es\/features\/collaboration\/chat\/#breadcrumb"},"inLanguage":"es","potentialAction":[{"@type":"ReadAction","target":["https:\/\/b2field.com\/es\/features\/collaboration\/chat\/"]}]},{"@type":"BreadcrumbList","@id":"https:\/\/b2field.com\/es\/features\/collaboration\/chat\/#breadcrumb","itemListElement":[{"@type":"ListItem","position":1,"name":"Home","item":"https:\/\/b2field.com\/es\/"},{"@type":"ListItem","position":2,"name":"Caracter\u00edsticas","item":"https:\/\/b2field.com\/es\/?page_id=1846"},{"@type":"ListItem","position":3,"name":"Comunicaci\u00f3n entre equipo de campo y la oficina","item":"https:\/\/b2field.com\/es\/features\/collaboration\/"},{"@type":"ListItem","position":4,"name":"Chat y comentarios"}]},{"@type":"WebSite","@id":"https:\/\/b2field.com\/es\/#website","url":"https:\/\/b2field.com\/es\/","name":"B2Field","description":"","potentialAction":[{"@type":"SearchAction","target":{"@type":"EntryPoint","urlTemplate":"https:\/\/b2field.com\/es\/?s={search_term_string}"},"query-input":{"@type":"PropertyValueSpecification","valueRequired":true,"valueName":"search_term_string"}}],"inLanguage":"es"}]}},"_links":{"self":[{"href":"https:\/\/b2field.com\/es\/wp-json\/wp\/v2\/pages\/8281","targetHints":{"allow":["GET"]}}],"collection":[{"href":"https:\/\/b2field.com\/es\/wp-json\/wp\/v2\/pages"}],"about":[{"href":"https:\/\/b2field.com\/es\/wp-json\/wp\/v2\/types\/page"}],"author":[{"embeddable":true,"href":"https:\/\/b2field.com\/es\/wp-json\/wp\/v2\/users\/8"}],"replies":[{"embeddable":true,"href":"https:\/\/b2field.com\/es\/wp-json\/wp\/v2\/comments?post=8281"}],"version-history":[{"count":8,"href":"https:\/\/b2field.com\/es\/wp-json\/wp\/v2\/pages\/8281\/revisions"}],"predecessor-version":[{"id":11783,"href":"https:\/\/b2field.com\/es\/wp-json\/wp\/v2\/pages\/8281\/revisions\/11783"}],"up":[{"embeddable":true,"href":"https:\/\/b2field.com\/es\/wp-json\/wp\/v2\/pages\/1903"}],"wp:attachment":[{"href":"https:\/\/b2field.com\/es\/wp-json\/wp\/v2\/media?parent=8281"}],"curies":[{"name":"wp","href":"https:\/\/api.w.org\/{rel}","templated":true}]}}