{"id":8284,"date":"2019-06-07T06:41:02","date_gmt":"2019-06-07T06:41:02","guid":{"rendered":"http:\/\/api.b2field.com\/features\/collaboration\/statuses\/"},"modified":"2021-03-04T09:54:19","modified_gmt":"2021-03-04T09:54:19","slug":"statuses","status":"publish","type":"page","link":"https:\/\/b2field.com\/es\/features\/collaboration\/statuses\/","title":{"rendered":"Estado del trabajo"},"content":{"rendered":"<div class=\"wpb-content-wrapper\"><p>[vc_row full_width=&#8221;stretch_row&#8221; css=&#8221;.vc_custom_1614851652485{padding-top: 135px !important;background-image: url(https:\/\/b2field.com\/wp-content\/uploads\/2019\/06\/collaboration-statuses_header-bg.jpg?id=6740) !important;background-position: center !important;background-repeat: no-repeat !important;background-size: cover !important;}&#8221; el_class=&#8221;features-header&#8221;][vc_column][vc_single_image source=&#8221;external_link&#8221; custom_src=&#8221;\/wp-content\/uploads\/2019\/08\/collaboration-statuses_header-img_es.png&#8221; el_class=&#8221;features-header-img features-header-img_collaboration-statuses&#8221;][vc_row_inner css=&#8221;.vc_custom_1550139488172{padding-right: 0px !important;padding-left: 0px !important;}&#8221;][vc_column_inner width=&#8221;1\/6&#8243;][\/vc_column_inner][vc_column_inner el_class=&#8221;max-660&#8243; width=&#8221;5\/6&#8243; css=&#8221;.vc_custom_1559890423614{padding-left: 45px !important;}&#8221;][vc_column_text css=&#8221;.vc_custom_1562563075730{margin-bottom: 15px !important;}&#8221;]<\/p>\n<h1>Estado del empleado, coordine<br \/>\nsu equipo de trabajo<br \/>\nde forma efectiva<\/h1>\n<p>[\/vc_column_text][\/vc_column_inner][\/vc_row_inner][vc_row_inner css=&#8221;.vc_custom_1559890718381{padding-right: 0px !important;padding-bottom: 115px !important;padding-left: 0px !important;}&#8221;][vc_column_inner width=&#8221;1\/6&#8243;][\/vc_column_inner][vc_column_inner el_class=&#8221;text-primary max-560&#8243; width=&#8221;5\/6&#8243; css=&#8221;.vc_custom_1554711645662{padding-left: 45px !important;}&#8221;][vc_column_text]Asigne un estatus a sus trabajadores m\u00f3viles<br \/>\ny supervise el proceso de trabajo en l\u00ednea[\/vc_column_text]<div class='button'>\r\n\t\t<a href='\/es\/signup\/' class='button__url button__url--blue' >VER DEMO<\/a>\r\n\t<\/div>[\/vc_column_inner][\/vc_row_inner][\/vc_column][\/vc_row][vc_row css=&#8221;.vc_custom_1559891490642{padding-top: 150px !important;}&#8221;][vc_column width=&#8221;1\/6&#8243;][\/vc_column][vc_column width=&#8221;5\/12&#8243; css=&#8221;.vc_custom_1559891427519{padding-top: 40px !important;padding-left: 45px !important;}&#8221; el_class=&#8221;order-md-1&#8243;][vc_column_text]<\/p>\n<h2>Cree, elija y asigne el estado de sus empleados<\/h2>\n<p>[\/vc_column_text][vc_column_text]Cree una lista de estados para los empleados: &#8220;Disponible&#8221;, &#8220;Visita con el cliente&#8221;, &#8220;Hora de almuerzo&#8221;. El empleado podr\u00e1 seleccionar el estado en el que se encuentra usando la lista desplegable en su tel\u00e9fono inteligente.[\/vc_column_text][\/vc_column][vc_column width=&#8221;5\/12&#8243; el_class=&#8221;order-md-0&#8243;][vc_single_image source=&#8221;external_link&#8221; custom_src=&#8221;\/wp-content\/uploads\/2019\/08\/collaboration-statuses_b1_es.png&#8221;][\/vc_column][\/vc_row][vc_row css=&#8221;.vc_custom_1559891714606{padding-top: 50px !important;}&#8221;][vc_column width=&#8221;1\/6&#8243;][\/vc_column][vc_column width=&#8221;5\/12&#8243; css=&#8221;.vc_custom_1550573530124{padding-left: 45px !important;}&#8221; el_class=&#8221;order-md-0&#8243;][vc_single_image source=&#8221;external_link&#8221; custom_src=&#8221;\/wp-content\/uploads\/2019\/08\/collaboration-statuses_b2_es.png&#8221;][\/vc_column][vc_column width=&#8221;5\/12&#8243; el_class=&#8221;order-md-1&#8243; css=&#8221;.vc_custom_1559891644107{padding-top: 100px !important;}&#8221;][vc_column_text]<\/p>\n<h2>Encuentre r\u00e1pidamente un empleado disponible para asignar una nueva tarea<\/h2>\n<p>[\/vc_column_text][vc_column_text]Coordine sus actividades de forma efectiva para cumplir con m\u00e1s pedidos. Est\u00e9 enterado sobre qui\u00e9n de su personal m\u00f3vil est\u00e1 ocupado o libre para realizar una la nueva tarea.[\/vc_column_text][\/vc_column][\/vc_row][vc_row css=&#8221;.vc_custom_1559892156313{padding-top: 80px !important;padding-bottom: 100px !important;}&#8221;][vc_column width=&#8221;1\/6&#8243;][\/vc_column][vc_column width=&#8221;5\/12&#8243; css=&#8221;.vc_custom_1559891773570{padding-top: 80px !important;padding-left: 45px !important;}&#8221; el_class=&#8221;order-md-1&#8243;][vc_column_text]<\/p>\n<h2>Analize la imagen de la jornada laboral<\/h2>\n<p>[\/vc_column_text][vc_column_text]Empleo de cada empleado en n\u00fameros y diagramas. Sobre la base de los datos obtenidos, determine empleados sin escr\u00fapulos, calcule salarios y tome decisiones para optimizar el proceso de trabajo.[\/vc_column_text][\/vc_column][vc_column width=&#8221;5\/12&#8243; el_class=&#8221;order-md-0&#8243;][vc_single_image source=&#8221;external_link&#8221; custom_src=&#8221;\/wp-content\/uploads\/2019\/08\/collaboration-statuses_b3_es.png&#8221;][\/vc_column][\/vc_row][vc_row full_width=&#8221;stretch_row&#8221; el_class=&#8221;bg-blue-dark features-footer&#8221; css=&#8221;.vc_custom_1594893888758{padding-top: 88px !important;padding-bottom: 71px !important;}&#8221;][vc_column width=&#8221;1\/6&#8243;][\/vc_column][vc_column width=&#8221;5\/6&#8243; el_class=&#8221;max-660&#8243;][vc_single_image source=&#8221;external_link&#8221; custom_src=&#8221;\/wp-content\/uploads\/2019\/08\/features-footer_es.png&#8221; el_class=&#8221;features-footer-img&#8221;][vc_column_text css=&#8221;.vc_custom_1562562987737{margin-bottom: 15px !important;padding-left: 30px !important;}&#8221;]<\/p>\n<h2 style=\"font-size: 30px; letter-spacing: 0;\">Organice el trabajo del<br \/>\npersonal en campo<\/h2>\n<p>[\/vc_column_text][vc_column_text css=&#8221;.vc_custom_1562563004408{margin-bottom: 27px !important;padding-left: 30px !important;}&#8221; el_class=&#8221;font-fira&#8221;]<\/p>\n<p style=\"font-size: 16px; font-weight: 300;\">Pruebe el servicio B2Field ahora mismo, o solicite<br \/>\nuna consulta con uno de nuestros expertos.<\/p>\n<p>[\/vc_column_text][vc_row_inner][vc_column_inner width=&#8221;5\/12&#8243;]<div class='button button--right'>\r\n\t\t<a href='\/es\/signup\/' class='button__url button__url--mint' >VER DEMO<\/a>\r\n\t<\/div>[\/vc_column_inner][vc_column_inner width=&#8221;5\/12&#8243;]<div class='button button--left'>\r\n\t\t<a href='\/es\/signup\/' class='button__url button__url--white' >Registrarse<\/a>\r\n\t<\/div>[\/vc_column_inner][vc_column_inner width=&#8221;1\/6&#8243;][\/vc_column_inner][\/vc_row_inner][\/vc_column][\/vc_row]<\/p>\n<\/div>","protected":false},"excerpt":{"rendered":"<p>[vc_row full_width=&#8221;stretch_row&#8221; css=&#8221;.vc_custom_1614851652485{padding-top: 135px !important;background-image: url(https:\/\/b2field.com\/wp-content\/uploads\/2019\/06\/collaboration-statuses_header-bg.jpg?id=6740) !important;background-position: center !important;background-repeat: no-repeat !important;background-size: cover !important;}&#8221; el_class=&#8221;features-header&#8221;][vc_column][vc_single_image source=&#8221;external_link&#8221; custom_src=&#8221;\/wp-content\/uploads\/2019\/08\/collaboration-statuses_header-img_es.png&#8221; el_class=&#8221;features-header-img features-header-img_collaboration-statuses&#8221;][vc_row_inner css=&#8221;.vc_custom_1550139488172{padding-right: 0px !important;padding-left: 0px !important;}&#8221;][vc_column_inner width=&#8221;1\/6&#8243;][\/vc_column_inner][vc_column_inner el_class=&#8221;max-660&#8243; width=&#8221;5\/6&#8243; css=&#8221;.vc_custom_1559890423614{padding-left: 45px !important;}&#8221;][vc_column_text css=&#8221;.vc_custom_1562563075730{margin-bottom: 15px !important;}&#8221;] Estado del empleado, coordine su equipo de trabajo de forma efectiva [\/vc_column_text][\/vc_column_inner][\/vc_row_inner][vc_row_inner css=&#8221;.vc_custom_1559890718381{padding-right: 0px !important;padding-bottom: 115px !important;padding-left: 0px !important;}&#8221;][vc_column_inner width=&#8221;1\/6&#8243;][\/vc_column_inner][vc_column_inner el_class=&#8221;text-primary max-560&#8243; width=&#8221;5\/6&#8243;&#8230;<\/p>\n","protected":false},"author":8,"featured_media":0,"parent":1903,"menu_order":2,"comment_status":"closed","ping_status":"closed","template":"page-features.php","meta":{"_acf_changed":false,"inline_featured_image":false,"footnotes":""},"class_list":["post-8284","page","type-page","status-publish","hentry"],"acf":[],"yoast_head":"<!-- This site is optimized with the Yoast SEO plugin v27.2 - https:\/\/yoast.com\/product\/yoast-seo-wordpress\/ -->\n<title>Estado del trabajo &#8211; B2Field<\/title>\n<meta name=\"description\" content=\"Cree una lista de estados para los empleados: &quot;Disponible&quot;, &quot;Visita con el cliente&quot;, &quot;Hora de almuerzo&quot;. El empleado podr\u00e1 seleccionar el estado en el que se encuentra usando la lista desplegable en su tel\u00e9fono inteligente.\" \/>\n<meta name=\"robots\" content=\"index, follow, max-snippet:-1, max-image-preview:large, max-video-preview:-1\" \/>\n<link rel=\"canonical\" href=\"https:\/\/b2field.com\/es\/features\/collaboration\/statuses\/\" \/>\n<meta property=\"og:locale\" content=\"es_ES\" \/>\n<meta property=\"og:type\" content=\"article\" \/>\n<meta property=\"og:title\" content=\"Estado del trabajo &#8211; B2Field\" \/>\n<meta property=\"og:description\" content=\"Cree una lista de estados para los empleados: &quot;Disponible&quot;, &quot;Visita con el cliente&quot;, &quot;Hora de almuerzo&quot;. El empleado podr\u00e1 seleccionar el estado en el que se encuentra usando la lista desplegable en su tel\u00e9fono inteligente.\" \/>\n<meta property=\"og:url\" content=\"https:\/\/b2field.com\/es\/features\/collaboration\/statuses\/\" \/>\n<meta property=\"og:site_name\" content=\"B2Field\" \/>\n<meta property=\"article:publisher\" content=\"https:\/\/www.facebook.com\/B2Field\/\" \/>\n<meta property=\"article:modified_time\" content=\"2021-03-04T09:54:19+00:00\" \/>\n<meta name=\"twitter:card\" content=\"summary_large_image\" \/>\n<meta name=\"twitter:label1\" content=\"Tiempo de lectura\" \/>\n\t<meta name=\"twitter:data1\" content=\"2 minutos\" \/>\n<script type=\"application\/ld+json\" class=\"yoast-schema-graph\">{\"@context\":\"https:\/\/schema.org\",\"@graph\":[{\"@type\":\"WebPage\",\"@id\":\"https:\/\/b2field.com\/es\/features\/collaboration\/statuses\/\",\"url\":\"https:\/\/b2field.com\/es\/features\/collaboration\/statuses\/\",\"name\":\"Estado del trabajo &#8211; B2Field\",\"isPartOf\":{\"@id\":\"https:\/\/b2field.com\/es\/#website\"},\"datePublished\":\"2019-06-07T06:41:02+00:00\",\"dateModified\":\"2021-03-04T09:54:19+00:00\",\"description\":\"Cree una lista de estados para los empleados: \\\"Disponible\\\", \\\"Visita con el cliente\\\", \\\"Hora de almuerzo\\\". El empleado podr\u00e1 seleccionar el estado en el que se encuentra usando la lista desplegable en su tel\u00e9fono inteligente.\",\"breadcrumb\":{\"@id\":\"https:\/\/b2field.com\/es\/features\/collaboration\/statuses\/#breadcrumb\"},\"inLanguage\":\"es\",\"potentialAction\":[{\"@type\":\"ReadAction\",\"target\":[\"https:\/\/b2field.com\/es\/features\/collaboration\/statuses\/\"]}]},{\"@type\":\"BreadcrumbList\",\"@id\":\"https:\/\/b2field.com\/es\/features\/collaboration\/statuses\/#breadcrumb\",\"itemListElement\":[{\"@type\":\"ListItem\",\"position\":1,\"name\":\"Home\",\"item\":\"https:\/\/b2field.com\/es\/\"},{\"@type\":\"ListItem\",\"position\":2,\"name\":\"Caracter\u00edsticas\",\"item\":\"https:\/\/b2field.com\/es\/?page_id=1846\"},{\"@type\":\"ListItem\",\"position\":3,\"name\":\"Comunicaci\u00f3n entre equipo de campo y la oficina\",\"item\":\"https:\/\/b2field.com\/es\/features\/collaboration\/\"},{\"@type\":\"ListItem\",\"position\":4,\"name\":\"Estado del trabajo\"}]},{\"@type\":\"WebSite\",\"@id\":\"https:\/\/b2field.com\/es\/#website\",\"url\":\"https:\/\/b2field.com\/es\/\",\"name\":\"B2Field\",\"description\":\"\",\"potentialAction\":[{\"@type\":\"SearchAction\",\"target\":{\"@type\":\"EntryPoint\",\"urlTemplate\":\"https:\/\/b2field.com\/es\/?s={search_term_string}\"},\"query-input\":{\"@type\":\"PropertyValueSpecification\",\"valueRequired\":true,\"valueName\":\"search_term_string\"}}],\"inLanguage\":\"es\"}]}<\/script>\n<!-- \/ Yoast SEO plugin. -->","yoast_head_json":{"title":"Estado del trabajo &#8211; B2Field","description":"Cree una lista de estados para los empleados: \"Disponible\", \"Visita con el cliente\", \"Hora de almuerzo\". El empleado podr\u00e1 seleccionar el estado en el que se encuentra usando la lista desplegable en su tel\u00e9fono inteligente.","robots":{"index":"index","follow":"follow","max-snippet":"max-snippet:-1","max-image-preview":"max-image-preview:large","max-video-preview":"max-video-preview:-1"},"canonical":"https:\/\/b2field.com\/es\/features\/collaboration\/statuses\/","og_locale":"es_ES","og_type":"article","og_title":"Estado del trabajo &#8211; B2Field","og_description":"Cree una lista de estados para los empleados: \"Disponible\", \"Visita con el cliente\", \"Hora de almuerzo\". El empleado podr\u00e1 seleccionar el estado en el que se encuentra usando la lista desplegable en su tel\u00e9fono inteligente.","og_url":"https:\/\/b2field.com\/es\/features\/collaboration\/statuses\/","og_site_name":"B2Field","article_publisher":"https:\/\/www.facebook.com\/B2Field\/","article_modified_time":"2021-03-04T09:54:19+00:00","twitter_card":"summary_large_image","twitter_misc":{"Tiempo de lectura":"2 minutos"},"schema":{"@context":"https:\/\/schema.org","@graph":[{"@type":"WebPage","@id":"https:\/\/b2field.com\/es\/features\/collaboration\/statuses\/","url":"https:\/\/b2field.com\/es\/features\/collaboration\/statuses\/","name":"Estado del trabajo &#8211; B2Field","isPartOf":{"@id":"https:\/\/b2field.com\/es\/#website"},"datePublished":"2019-06-07T06:41:02+00:00","dateModified":"2021-03-04T09:54:19+00:00","description":"Cree una lista de estados para los empleados: \"Disponible\", \"Visita con el cliente\", \"Hora de almuerzo\". El empleado podr\u00e1 seleccionar el estado en el que se encuentra usando la lista desplegable en su tel\u00e9fono inteligente.","breadcrumb":{"@id":"https:\/\/b2field.com\/es\/features\/collaboration\/statuses\/#breadcrumb"},"inLanguage":"es","potentialAction":[{"@type":"ReadAction","target":["https:\/\/b2field.com\/es\/features\/collaboration\/statuses\/"]}]},{"@type":"BreadcrumbList","@id":"https:\/\/b2field.com\/es\/features\/collaboration\/statuses\/#breadcrumb","itemListElement":[{"@type":"ListItem","position":1,"name":"Home","item":"https:\/\/b2field.com\/es\/"},{"@type":"ListItem","position":2,"name":"Caracter\u00edsticas","item":"https:\/\/b2field.com\/es\/?page_id=1846"},{"@type":"ListItem","position":3,"name":"Comunicaci\u00f3n entre equipo de campo y la oficina","item":"https:\/\/b2field.com\/es\/features\/collaboration\/"},{"@type":"ListItem","position":4,"name":"Estado del trabajo"}]},{"@type":"WebSite","@id":"https:\/\/b2field.com\/es\/#website","url":"https:\/\/b2field.com\/es\/","name":"B2Field","description":"","potentialAction":[{"@type":"SearchAction","target":{"@type":"EntryPoint","urlTemplate":"https:\/\/b2field.com\/es\/?s={search_term_string}"},"query-input":{"@type":"PropertyValueSpecification","valueRequired":true,"valueName":"search_term_string"}}],"inLanguage":"es"}]}},"_links":{"self":[{"href":"https:\/\/b2field.com\/es\/wp-json\/wp\/v2\/pages\/8284","targetHints":{"allow":["GET"]}}],"collection":[{"href":"https:\/\/b2field.com\/es\/wp-json\/wp\/v2\/pages"}],"about":[{"href":"https:\/\/b2field.com\/es\/wp-json\/wp\/v2\/types\/page"}],"author":[{"embeddable":true,"href":"https:\/\/b2field.com\/es\/wp-json\/wp\/v2\/users\/8"}],"replies":[{"embeddable":true,"href":"https:\/\/b2field.com\/es\/wp-json\/wp\/v2\/comments?post=8284"}],"version-history":[{"count":8,"href":"https:\/\/b2field.com\/es\/wp-json\/wp\/v2\/pages\/8284\/revisions"}],"predecessor-version":[{"id":11784,"href":"https:\/\/b2field.com\/es\/wp-json\/wp\/v2\/pages\/8284\/revisions\/11784"}],"up":[{"embeddable":true,"href":"https:\/\/b2field.com\/es\/wp-json\/wp\/v2\/pages\/1903"}],"wp:attachment":[{"href":"https:\/\/b2field.com\/es\/wp-json\/wp\/v2\/media?parent=8284"}],"curies":[{"name":"wp","href":"https:\/\/api.w.org\/{rel}","templated":true}]}}