{"id":8301,"date":"2019-05-17T08:05:23","date_gmt":"2019-05-17T08:05:23","guid":{"rendered":"http:\/\/api.b2field.com\/features\/cost-accounting\/mileage-and-fuel\/"},"modified":"2021-03-04T07:05:03","modified_gmt":"2021-03-04T07:05:03","slug":"mileage-and-fuel","status":"publish","type":"page","link":"https:\/\/b2field.com\/es\/features\/business-analytics\/mileage-and-fuel\/","title":{"rendered":"Kilometraje y combustible"},"content":{"rendered":"<div class=\"wpb-content-wrapper\"><p>[vc_row full_width=&#8221;stretch_row&#8221; css=&#8221;.vc_custom_1614841495122{padding-top: 110px !important;background-image: url(https:\/\/b2field.com\/wp-content\/uploads\/2019\/05\/mileage-and-fuel_header-bg.jpg?id=6444) !important;background-position: center !important;background-repeat: no-repeat !important;background-size: cover !important;}&#8221; el_class=&#8221;features-header&#8221;][vc_column][vc_single_image source=&#8221;external_link&#8221; custom_src=&#8221;\/wp-content\/uploads\/2019\/08\/mileage-and-fuel_header-img_es.png&#8221; el_class=&#8221;features-header-img features-header-img_cost-accounting-mileage-and-fuel&#8221;][vc_row_inner css=&#8221;.vc_custom_1550139488172{padding-right: 0px !important;padding-left: 0px !important;}&#8221;][vc_column_inner width=&#8221;1\/6&#8243;][\/vc_column_inner][vc_column_inner el_class=&#8221;max-460&#8243; width=&#8221;5\/6&#8243; css=&#8221;.vc_custom_1557913475511{padding-left: 45px !important;}&#8221;][vc_column_text css=&#8221;.vc_custom_1562564619417{margin-bottom: 15px !important;}&#8221;]<\/p>\n<h1>Controle los costos de combustible<br \/>\ny registro de kilometraje<\/h1>\n<p>[\/vc_column_text][\/vc_column_inner][\/vc_row_inner][vc_row_inner css=&#8221;.vc_custom_1558080947772{padding-right: 0px !important;padding-bottom: 100px !important;padding-left: 0px !important;}&#8221;][vc_column_inner width=&#8221;1\/6&#8243;][\/vc_column_inner][vc_column_inner el_class=&#8221;text-primary max-360&#8243; width=&#8221;5\/6&#8243; css=&#8221;.vc_custom_1558081049037{padding-left: 45px !important;}&#8221;][vc_column_text]Calcule f\u00e1cilmente la compensaci\u00f3n por combustible para cada empleado[\/vc_column_text]<div class='button'>\r\n\t\t<a href='\/es\/signup\/' class='button__url button__url--blue' >VER DEMO<\/a>\r\n\t<\/div>[\/vc_column_inner][\/vc_row_inner][\/vc_column][\/vc_row][vc_row css=&#8221;.vc_custom_1554711858272{padding-top: 100px !important;}&#8221;][vc_column width=&#8221;1\/6&#8243;][\/vc_column][vc_column width=&#8221;5\/6&#8243; css=&#8221;.vc_custom_1558081092781{border-bottom-width: 1px !important;padding-bottom: 20px !important;padding-left: 45px !important;border-bottom-color: #e3e4e5 !important;border-bottom-style: solid !important;}&#8221; el_class=&#8221;order-md-1&#8243;][vc_column_text el_class=&#8221;text-align-center&#8221;]<\/p>\n<h2>C\u00e1lculos exactos para cualquier tipo de transporte<\/h2>\n<p>[\/vc_column_text][vc_row_inner][vc_column_inner width=&#8221;1\/5&#8243;][\/vc_column_inner][vc_column_inner width=&#8221;1\/5&#8243;][vc_single_image source=&#8221;external_link&#8221; custom_src=&#8221;\/wp-content\/uploads\/2019\/05\/mileage-and-fuel_icon2.png&#8221; css=&#8221;.vc_custom_1558080535418{padding-right: 35px !important;padding-bottom: 20px !important;padding-left: 35px !important;}&#8221;][vc_column_text el_class=&#8221;text-align-center&#8221;]<\/p>\n<h4>Personal<\/h4>\n<p>[\/vc_column_text][\/vc_column_inner][vc_column_inner width=&#8221;1\/5&#8243;][vc_single_image source=&#8221;external_link&#8221; custom_src=&#8221;\/wp-content\/uploads\/2019\/05\/mileage-and-fuel_icon1.png&#8221; css=&#8221;.vc_custom_1558080545858{padding-right: 35px !important;padding-bottom: 20px !important;padding-left: 35px !important;}&#8221;][vc_column_text el_class=&#8221;text-align-center&#8221;]<\/p>\n<h4>Oficial<\/h4>\n<p>[\/vc_column_text][\/vc_column_inner][vc_column_inner width=&#8221;1\/5&#8243;][vc_single_image source=&#8221;external_link&#8221; custom_src=&#8221;\/wp-content\/uploads\/2019\/05\/mileage-and-fuel_icon3.png&#8221; css=&#8221;.vc_custom_1558080553094{padding-right: 35px !important;padding-bottom: 20px !important;padding-left: 35px !important;}&#8221;][vc_column_text el_class=&#8221;text-align-center&#8221;]<\/p>\n<h4>Arrendado<\/h4>\n<p>[\/vc_column_text][\/vc_column_inner][vc_column_inner width=&#8221;1\/5&#8243;][\/vc_column_inner][\/vc_row_inner][\/vc_column][\/vc_row][vc_row css=&#8221;.vc_custom_1554711858272{padding-top: 100px !important;}&#8221;][vc_column width=&#8221;1\/6&#8243;][\/vc_column][vc_column width=&#8221;5\/12&#8243; css=&#8221;.vc_custom_1550226442595{padding-left: 45px !important;}&#8221; el_class=&#8221;order-md-1&#8243;][vc_column_text]<\/p>\n<h2>Determine con precisi\u00f3n el tiempo<br \/>\nde viaje y kilometraje<\/h2>\n<p>[\/vc_column_text][vc_column_text]Realice un seguimiento del kilometraje exacto durante cualquier per\u00edodo de tiempo. Vea el kilometraje de cada viaje y a trav\u00e9s de periodos.<\/p>\n<p>Con base en estos datos, calcule el consumo de combustible y el combustible para cada empleado.[\/vc_column_text][\/vc_column][vc_column width=&#8221;5\/12&#8243; el_class=&#8221;order-md-0&#8243;][vc_single_image source=&#8221;external_link&#8221; custom_src=&#8221;\/wp-content\/uploads\/2019\/08\/mileage-and-fuel_b1_es.png&#8221;][\/vc_column][\/vc_row][vc_row css=&#8221;.vc_custom_1558072878089{padding-top: 100px !important;}&#8221;][vc_column width=&#8221;1\/6&#8243;][\/vc_column][vc_column width=&#8221;5\/12&#8243; el_class=&#8221;order-md-0&#8243; css=&#8221;.vc_custom_1558081188913{padding-left: 20px !important;}&#8221;][vc_single_image source=&#8221;external_link&#8221; custom_src=&#8221;\/wp-content\/uploads\/2019\/08\/mileage-and-fuel_b2_es.png&#8221;][\/vc_column][vc_column width=&#8221;5\/12&#8243; css=&#8221;.vc_custom_1558081297225{padding-left: 60px !important;}&#8221; el_class=&#8221;order-md-1&#8243;][vc_column_text]<\/p>\n<h2>Calcule f\u00e1cilmente la depreciaci\u00f3n<br \/>\ny compensaci\u00f3n por combustible<\/h2>\n<p>[\/vc_column_text][vc_column_text]Las herramientas especiales, como Driver Magazine, dividir\u00e1n instant\u00e1neamente los viajes de todos los empleados tanto de trabajo como personales. Por lo tanto, ser\u00e1 m\u00e1s seguro y m\u00e1s f\u00e1cil asignar el kilometraje en el que se computar\u00e1 la compensaci\u00f3n para el conductor.<\/p>\n<p>Adem\u00e1s, ser\u00e1 posible resolver de manera r\u00e1pida y efectiva cualquier disputa y malentendido sobre la ruta realizada.[\/vc_column_text][\/vc_column][\/vc_row][vc_row css=&#8221;.vc_custom_1558081316205{padding-top: 100px !important;padding-bottom: 100px !important;}&#8221;][vc_column width=&#8221;1\/6&#8243;][\/vc_column][vc_column width=&#8221;5\/12&#8243; css=&#8221;.vc_custom_1550226442595{padding-left: 45px !important;}&#8221; el_class=&#8221;order-md-1&#8243;][vc_column_text]<\/p>\n<h2>Disponga de toda la informaci\u00f3n sobre los viajes<\/h2>\n<p>[\/vc_column_text][vc_column_text]El administrador recibir\u00e1 informaci\u00f3n exacta sobre cada conductor, el tiempo de viaje, duraci\u00f3n, consumo de combustible, velocidad media y m\u00e1xima.<\/p>\n<p>Adem\u00e1s, un informe especial definir\u00e1 los viajes por regi\u00f3n. Por ejemplo, ser\u00e1 conveniente calcular el salario de los proveedores en determinadas \u00e1reas.[\/vc_column_text][\/vc_column][vc_column width=&#8221;5\/12&#8243; el_class=&#8221;order-md-0&#8243;][vc_single_image source=&#8221;external_link&#8221; custom_src=&#8221;\/wp-content\/uploads\/2019\/08\/mileage-and-fuel_b3_es.png&#8221;][\/vc_column][\/vc_row][vc_row full_width=&#8221;stretch_row&#8221; el_class=&#8221;bg-blue-dark features-footer&#8221; css=&#8221;.vc_custom_1594888199411{padding-top: 88px !important;padding-bottom: 71px !important;}&#8221;][vc_column width=&#8221;1\/6&#8243;][\/vc_column][vc_column width=&#8221;5\/6&#8243; el_class=&#8221;max-660&#8243;][vc_single_image source=&#8221;external_link&#8221; custom_src=&#8221;\/wp-content\/uploads\/2019\/08\/features-footer_es.png&#8221; el_class=&#8221;features-footer-img&#8221;][vc_column_text css=&#8221;.vc_custom_1562564743583{margin-bottom: 15px !important;padding-left: 30px !important;}&#8221;]<\/p>\n<h2 style=\"font-size: 30px; letter-spacing: 0;\">Organice el trabajo del<br \/>\npersonal en campo<\/h2>\n<p>[\/vc_column_text][vc_column_text css=&#8221;.vc_custom_1562564752415{margin-bottom: 27px !important;padding-left: 30px !important;}&#8221; el_class=&#8221;font-fira&#8221;]<\/p>\n<p style=\"font-size: 16px; font-weight: 300;\">Pruebe el servicio B2Field ahora mismo, o solicite una<br \/>\nconsulta con uno de nuestros expertos<\/p>\n<p>[\/vc_column_text][vc_row_inner][vc_column_inner width=&#8221;5\/12&#8243;]<div class='button button--right'>\r\n\t\t<a href='\/es\/signup\/' class='button__url button__url--mint' >VER DEMO<\/a>\r\n\t<\/div>[\/vc_column_inner][vc_column_inner width=&#8221;5\/12&#8243;]<div class='button button--left'>\r\n\t\t<a href='\/es\/signup\/' class='button__url button__url--white' >Registrarse<\/a>\r\n\t<\/div>[\/vc_column_inner][vc_column_inner width=&#8221;1\/6&#8243;][\/vc_column_inner][\/vc_row_inner][\/vc_column][\/vc_row]<\/p>\n<\/div>","protected":false},"excerpt":{"rendered":"<p>[vc_row full_width=&#8221;stretch_row&#8221; css=&#8221;.vc_custom_1614841495122{padding-top: 110px !important;background-image: url(https:\/\/b2field.com\/wp-content\/uploads\/2019\/05\/mileage-and-fuel_header-bg.jpg?id=6444) !important;background-position: center !important;background-repeat: no-repeat !important;background-size: cover !important;}&#8221; el_class=&#8221;features-header&#8221;][vc_column][vc_single_image source=&#8221;external_link&#8221; custom_src=&#8221;\/wp-content\/uploads\/2019\/08\/mileage-and-fuel_header-img_es.png&#8221; el_class=&#8221;features-header-img features-header-img_cost-accounting-mileage-and-fuel&#8221;][vc_row_inner css=&#8221;.vc_custom_1550139488172{padding-right: 0px !important;padding-left: 0px !important;}&#8221;][vc_column_inner width=&#8221;1\/6&#8243;][\/vc_column_inner][vc_column_inner el_class=&#8221;max-460&#8243; width=&#8221;5\/6&#8243; css=&#8221;.vc_custom_1557913475511{padding-left: 45px !important;}&#8221;][vc_column_text css=&#8221;.vc_custom_1562564619417{margin-bottom: 15px !important;}&#8221;] Controle los costos de combustible y registro de kilometraje [\/vc_column_text][\/vc_column_inner][\/vc_row_inner][vc_row_inner css=&#8221;.vc_custom_1558080947772{padding-right: 0px !important;padding-bottom: 100px !important;padding-left: 0px !important;}&#8221;][vc_column_inner width=&#8221;1\/6&#8243;][\/vc_column_inner][vc_column_inner el_class=&#8221;text-primary max-360&#8243; width=&#8221;5\/6&#8243; css=&#8221;.vc_custom_1558081049037{padding-left: 45px&#8230;<\/p>\n","protected":false},"author":8,"featured_media":0,"parent":1914,"menu_order":3,"comment_status":"closed","ping_status":"closed","template":"page-features.php","meta":{"_acf_changed":false,"inline_featured_image":false,"footnotes":""},"class_list":["post-8301","page","type-page","status-publish","hentry"],"acf":[],"yoast_head":"<!-- This site is optimized with the Yoast SEO plugin v27.2 - https:\/\/yoast.com\/product\/yoast-seo-wordpress\/ -->\n<title>Kilometraje y combustible &#8211; B2Field<\/title>\n<meta name=\"description\" content=\"Determine con precisi\u00f3n el tiempo de viaje y kilometraje. Realice un seguimiento del kilometraje exacto durante cualquier per\u00edodo de tiempo. Vea el kilometraje de cada viaje y a trav\u00e9s de periodos.\" \/>\n<meta name=\"robots\" content=\"index, follow, max-snippet:-1, max-image-preview:large, max-video-preview:-1\" \/>\n<link rel=\"canonical\" href=\"https:\/\/b2field.com\/es\/features\/business-analytics\/mileage-and-fuel\/\" \/>\n<meta property=\"og:locale\" content=\"es_ES\" \/>\n<meta property=\"og:type\" content=\"article\" \/>\n<meta property=\"og:title\" content=\"Kilometraje y combustible &#8211; B2Field\" \/>\n<meta property=\"og:description\" content=\"Determine con precisi\u00f3n el tiempo de viaje y kilometraje. Realice un seguimiento del kilometraje exacto durante cualquier per\u00edodo de tiempo. Vea el kilometraje de cada viaje y a trav\u00e9s de periodos.\" \/>\n<meta property=\"og:url\" content=\"https:\/\/b2field.com\/es\/features\/business-analytics\/mileage-and-fuel\/\" \/>\n<meta property=\"og:site_name\" content=\"B2Field\" \/>\n<meta property=\"article:publisher\" content=\"https:\/\/www.facebook.com\/B2Field\/\" \/>\n<meta property=\"article:modified_time\" content=\"2021-03-04T07:05:03+00:00\" \/>\n<meta name=\"twitter:card\" content=\"summary_large_image\" \/>\n<meta name=\"twitter:label1\" content=\"Tiempo de lectura\" \/>\n\t<meta name=\"twitter:data1\" content=\"2 minutos\" \/>\n<script type=\"application\/ld+json\" class=\"yoast-schema-graph\">{\"@context\":\"https:\/\/schema.org\",\"@graph\":[{\"@type\":\"WebPage\",\"@id\":\"https:\/\/b2field.com\/es\/features\/business-analytics\/mileage-and-fuel\/\",\"url\":\"https:\/\/b2field.com\/es\/features\/business-analytics\/mileage-and-fuel\/\",\"name\":\"Kilometraje y combustible &#8211; B2Field\",\"isPartOf\":{\"@id\":\"https:\/\/b2field.com\/es\/#website\"},\"datePublished\":\"2019-05-17T08:05:23+00:00\",\"dateModified\":\"2021-03-04T07:05:03+00:00\",\"description\":\"Determine con precisi\u00f3n el tiempo de viaje y kilometraje. Realice un seguimiento del kilometraje exacto durante cualquier per\u00edodo de tiempo. Vea el kilometraje de cada viaje y a trav\u00e9s de periodos.\",\"breadcrumb\":{\"@id\":\"https:\/\/b2field.com\/es\/features\/business-analytics\/mileage-and-fuel\/#breadcrumb\"},\"inLanguage\":\"es\",\"potentialAction\":[{\"@type\":\"ReadAction\",\"target\":[\"https:\/\/b2field.com\/es\/features\/business-analytics\/mileage-and-fuel\/\"]}]},{\"@type\":\"BreadcrumbList\",\"@id\":\"https:\/\/b2field.com\/es\/features\/business-analytics\/mileage-and-fuel\/#breadcrumb\",\"itemListElement\":[{\"@type\":\"ListItem\",\"position\":1,\"name\":\"Home\",\"item\":\"https:\/\/b2field.com\/es\/\"},{\"@type\":\"ListItem\",\"position\":2,\"name\":\"Caracter\u00edsticas\",\"item\":\"https:\/\/b2field.com\/es\/?page_id=1846\"},{\"@type\":\"ListItem\",\"position\":3,\"name\":\"Informes y an\u00e1lisis de flotas en terreno\",\"item\":\"https:\/\/b2field.com\/es\/features\/business-analytics\/\"},{\"@type\":\"ListItem\",\"position\":4,\"name\":\"Kilometraje y combustible\"}]},{\"@type\":\"WebSite\",\"@id\":\"https:\/\/b2field.com\/es\/#website\",\"url\":\"https:\/\/b2field.com\/es\/\",\"name\":\"B2Field\",\"description\":\"\",\"potentialAction\":[{\"@type\":\"SearchAction\",\"target\":{\"@type\":\"EntryPoint\",\"urlTemplate\":\"https:\/\/b2field.com\/es\/?s={search_term_string}\"},\"query-input\":{\"@type\":\"PropertyValueSpecification\",\"valueRequired\":true,\"valueName\":\"search_term_string\"}}],\"inLanguage\":\"es\"}]}<\/script>\n<!-- \/ Yoast SEO plugin. -->","yoast_head_json":{"title":"Kilometraje y combustible &#8211; B2Field","description":"Determine con precisi\u00f3n el tiempo de viaje y kilometraje. Realice un seguimiento del kilometraje exacto durante cualquier per\u00edodo de tiempo. Vea el kilometraje de cada viaje y a trav\u00e9s de periodos.","robots":{"index":"index","follow":"follow","max-snippet":"max-snippet:-1","max-image-preview":"max-image-preview:large","max-video-preview":"max-video-preview:-1"},"canonical":"https:\/\/b2field.com\/es\/features\/business-analytics\/mileage-and-fuel\/","og_locale":"es_ES","og_type":"article","og_title":"Kilometraje y combustible &#8211; B2Field","og_description":"Determine con precisi\u00f3n el tiempo de viaje y kilometraje. Realice un seguimiento del kilometraje exacto durante cualquier per\u00edodo de tiempo. Vea el kilometraje de cada viaje y a trav\u00e9s de periodos.","og_url":"https:\/\/b2field.com\/es\/features\/business-analytics\/mileage-and-fuel\/","og_site_name":"B2Field","article_publisher":"https:\/\/www.facebook.com\/B2Field\/","article_modified_time":"2021-03-04T07:05:03+00:00","twitter_card":"summary_large_image","twitter_misc":{"Tiempo de lectura":"2 minutos"},"schema":{"@context":"https:\/\/schema.org","@graph":[{"@type":"WebPage","@id":"https:\/\/b2field.com\/es\/features\/business-analytics\/mileage-and-fuel\/","url":"https:\/\/b2field.com\/es\/features\/business-analytics\/mileage-and-fuel\/","name":"Kilometraje y combustible &#8211; B2Field","isPartOf":{"@id":"https:\/\/b2field.com\/es\/#website"},"datePublished":"2019-05-17T08:05:23+00:00","dateModified":"2021-03-04T07:05:03+00:00","description":"Determine con precisi\u00f3n el tiempo de viaje y kilometraje. Realice un seguimiento del kilometraje exacto durante cualquier per\u00edodo de tiempo. Vea el kilometraje de cada viaje y a trav\u00e9s de periodos.","breadcrumb":{"@id":"https:\/\/b2field.com\/es\/features\/business-analytics\/mileage-and-fuel\/#breadcrumb"},"inLanguage":"es","potentialAction":[{"@type":"ReadAction","target":["https:\/\/b2field.com\/es\/features\/business-analytics\/mileage-and-fuel\/"]}]},{"@type":"BreadcrumbList","@id":"https:\/\/b2field.com\/es\/features\/business-analytics\/mileage-and-fuel\/#breadcrumb","itemListElement":[{"@type":"ListItem","position":1,"name":"Home","item":"https:\/\/b2field.com\/es\/"},{"@type":"ListItem","position":2,"name":"Caracter\u00edsticas","item":"https:\/\/b2field.com\/es\/?page_id=1846"},{"@type":"ListItem","position":3,"name":"Informes y an\u00e1lisis de flotas en terreno","item":"https:\/\/b2field.com\/es\/features\/business-analytics\/"},{"@type":"ListItem","position":4,"name":"Kilometraje y combustible"}]},{"@type":"WebSite","@id":"https:\/\/b2field.com\/es\/#website","url":"https:\/\/b2field.com\/es\/","name":"B2Field","description":"","potentialAction":[{"@type":"SearchAction","target":{"@type":"EntryPoint","urlTemplate":"https:\/\/b2field.com\/es\/?s={search_term_string}"},"query-input":{"@type":"PropertyValueSpecification","valueRequired":true,"valueName":"search_term_string"}}],"inLanguage":"es"}]}},"_links":{"self":[{"href":"https:\/\/b2field.com\/es\/wp-json\/wp\/v2\/pages\/8301","targetHints":{"allow":["GET"]}}],"collection":[{"href":"https:\/\/b2field.com\/es\/wp-json\/wp\/v2\/pages"}],"about":[{"href":"https:\/\/b2field.com\/es\/wp-json\/wp\/v2\/types\/page"}],"author":[{"embeddable":true,"href":"https:\/\/b2field.com\/es\/wp-json\/wp\/v2\/users\/8"}],"replies":[{"embeddable":true,"href":"https:\/\/b2field.com\/es\/wp-json\/wp\/v2\/comments?post=8301"}],"version-history":[{"count":7,"href":"https:\/\/b2field.com\/es\/wp-json\/wp\/v2\/pages\/8301\/revisions"}],"predecessor-version":[{"id":11757,"href":"https:\/\/b2field.com\/es\/wp-json\/wp\/v2\/pages\/8301\/revisions\/11757"}],"up":[{"embeddable":true,"href":"https:\/\/b2field.com\/es\/wp-json\/wp\/v2\/pages\/1914"}],"wp:attachment":[{"href":"https:\/\/b2field.com\/es\/wp-json\/wp\/v2\/media?parent=8301"}],"curies":[{"name":"wp","href":"https:\/\/api.w.org\/{rel}","templated":true}]}}