{"id":8304,"date":"2019-06-14T08:41:21","date_gmt":"2019-06-14T08:41:21","guid":{"rendered":"http:\/\/api.b2field.com\/features\/cost-accounting\/time\/"},"modified":"2021-03-04T07:05:37","modified_gmt":"2021-03-04T07:05:37","slug":"time","status":"publish","type":"page","link":"https:\/\/b2field.com\/es\/features\/business-analytics\/time\/","title":{"rendered":"Registro de tiempo"},"content":{"rendered":"<div class=\"wpb-content-wrapper\"><p>[vc_row full_width=&#8221;stretch_row&#8221; css=&#8221;.vc_custom_1614841533671{padding-top: 145px !important;background-image: url(https:\/\/b2field.com\/wp-content\/uploads\/2019\/06\/cost-accounting_time_header-bg.jpg?id=7167) !important;background-position: center !important;background-repeat: no-repeat !important;background-size: cover !important;}&#8221; el_class=&#8221;features-header&#8221;][vc_column][vc_single_image source=&#8221;external_link&#8221; custom_src=&#8221;\/wp-content\/uploads\/2019\/08\/cost-accounting_time_header-img_es.png&#8221; el_class=&#8221;features-header-img features-header-img_cost-accounting-time&#8221;][vc_row_inner css=&#8221;.vc_custom_1550139488172{padding-right: 0px !important;padding-left: 0px !important;}&#8221;][vc_column_inner width=&#8221;1\/6&#8243;][\/vc_column_inner][vc_column_inner el_class=&#8221;max-560&#8243; width=&#8221;5\/6&#8243; css=&#8221;.vc_custom_1550569096279{padding-left: 45px !important;}&#8221;][vc_column_text css=&#8221;.vc_custom_1562564868002{margin-bottom: 15px !important;}&#8221;]<\/p>\n<h1>Optimice los costos<br \/>\npor tiempo<\/h1>\n<p>[\/vc_column_text][\/vc_column_inner][\/vc_row_inner][vc_row_inner css=&#8221;.vc_custom_1560502264972{padding-right: 0px !important;padding-bottom: 95px !important;padding-left: 0px !important;}&#8221;][vc_column_inner width=&#8221;1\/6&#8243;][\/vc_column_inner][vc_column_inner el_class=&#8221;text-primary max-460&#8243; width=&#8221;5\/6&#8243; css=&#8221;.vc_custom_1550569078030{padding-left: 45px !important;}&#8221;][vc_column_text]Realice el seguimiento de cu\u00e1nto tiempo se gasta en viajes y asignaciones. Asegure la entrega oportuna. Gestione eficazmente para procesar m\u00e1s pedidos al mismo tiempo.[\/vc_column_text]<div class='button'>\r\n\t\t<a href='\/es\/signup\/' class='button__url button__url--blue' >VER DEMO<\/a>\r\n\t<\/div>[\/vc_column_inner][\/vc_row_inner][\/vc_column][\/vc_row][vc_row css=&#8221;.vc_custom_1550578628701{padding-top: 100px !important;}&#8221;][vc_column width=&#8221;1\/6&#8243;][\/vc_column][vc_column width=&#8221;5\/12&#8243; css=&#8221;.vc_custom_1560502475617{padding-top: 70px !important;padding-left: 45px !important;}&#8221; el_class=&#8221;order-md-1&#8243;][vc_column_text]<\/p>\n<h2>Controle la disciplina en &#8220;campo&#8221;<\/h2>\n<p>[\/vc_column_text][vc_column_text]Conozca el tiempo que pasa el empleado durante el trayecto y con el cliente. De seguimiento de los datos o informes en tiempo real para cualquier per\u00edodo.<\/p>\n<p>Evite que los empleados tomen descansos prolongados o demasiado frecuentes. En caso de una parada imprevista, el gerente sabr\u00e1 en qu\u00e9 punto se encuentra el empleado y podr\u00e1 contactarlo a trav\u00e9s del chat incorporado.[\/vc_column_text][\/vc_column][vc_column width=&#8221;5\/12&#8243; el_class=&#8221;order-md-0&#8243;][vc_single_image source=&#8221;external_link&#8221; custom_src=&#8221;\/wp-content\/uploads\/2019\/08\/cost-accounting_time_b1_es.png&#8221;][\/vc_column][\/vc_row][vc_row css=&#8221;.vc_custom_1560502525219{padding-top: 50px !important;}&#8221;][vc_column width=&#8221;1\/6&#8243;][\/vc_column][vc_column width=&#8221;5\/12&#8243; css=&#8221;.vc_custom_1550573108412{padding-left: 45px !important;}&#8221; el_class=&#8221;order-md-0&#8243;][vc_single_image source=&#8221;external_link&#8221; custom_src=&#8221;\/wp-content\/uploads\/2019\/08\/cost-accounting_time_b2_es.png&#8221;][\/vc_column][vc_column width=&#8221;5\/12&#8243; el_class=&#8221;order-md-1&#8243; css=&#8221;.vc_custom_1560502532152{padding-top: 50px !important;}&#8221;][vc_column_text]<\/p>\n<h2>Mejore el rendimiento del personal m\u00f3vil<\/h2>\n<p>[\/vc_column_text][vc_column_text]Compare la cantidad de empleados que realizan el mismo trabajo para evitar que los empleados abusen del horario laboral.<\/p>\n<p>Utilice las herramientas de planificaci\u00f3n B2Field para conseguir una disciplina de trabajo perfecta. De esta forma, sus empleados tendr\u00e1n tiempo no solo para visitar a m\u00e1s clientes, sino tambi\u00e9n para resolver situaciones urgentes e imprevistas.[\/vc_column_text][\/vc_column][\/vc_row][vc_row css=&#8221;.vc_custom_1560502640791{padding-top: 70px !important;padding-bottom: 100px !important;}&#8221;][vc_column width=&#8221;1\/6&#8243;][\/vc_column][vc_column width=&#8221;5\/12&#8243; css=&#8221;.vc_custom_1560502568280{padding-top: 30px !important;padding-left: 45px !important;}&#8221; el_class=&#8221;order-md-0&#8243;][vc_column_text]<\/p>\n<h2>Proporcione los mejores precios y servicios<\/h2>\n<p>[\/vc_column_text][vc_column_text]Use el tiempo promedio para calcular con precisi\u00f3n las tasas por hora de trabajo. Ofrezca a los clientes las mejores condiciones y garantice plazos de entrega precisos.<\/p>\n<p>Analice los viajes para minimizar el tiempo de espera. Use la ruta m\u00e1s r\u00e1pida para no perder tiempo al volante o en embotellamientos. Comparta la ubicaci\u00f3n de los mensajeros para que los clientes puedan calcular el tiempo de llegada.[\/vc_column_text][\/vc_column][vc_column width=&#8221;5\/12&#8243; el_class=&#8221;order-md-1&#8243;][vc_single_image source=&#8221;external_link&#8221; custom_src=&#8221;\/wp-content\/uploads\/2019\/08\/cost-accounting_time_b3_es.png&#8221;][\/vc_column][\/vc_row][vc_row full_width=&#8221;stretch_row&#8221; el_class=&#8221;bg-blue-dark features-footer&#8221; css=&#8221;.vc_custom_1594888301670{padding-top: 88px !important;padding-bottom: 71px !important;}&#8221;][vc_column width=&#8221;1\/6&#8243;][\/vc_column][vc_column width=&#8221;5\/6&#8243; el_class=&#8221;max-660&#8243;][vc_single_image source=&#8221;external_link&#8221; custom_src=&#8221;\/wp-content\/uploads\/2019\/08\/features-footer_es.png&#8221; el_class=&#8221;features-footer-img&#8221;][vc_column_text css=&#8221;.vc_custom_1562564955048{margin-bottom: 15px !important;padding-left: 30px !important;}&#8221;]<\/p>\n<h2 style=\"font-size: 30px; letter-spacing: 0;\">Realice m\u00e1s pedidos<br \/>\nal mismo tiempo<\/h2>\n<p>[\/vc_column_text][vc_column_text css=&#8221;.vc_custom_1562564971448{margin-bottom: 27px !important;padding-left: 30px !important;}&#8221; el_class=&#8221;font-fira&#8221;]<\/p>\n<p style=\"font-size: 16px; font-weight: 300;\">Lleve un registro de c\u00f3mo los trabajadores m\u00f3viles gestionan su<br \/>\ntiempo de trabajo. Asegure el mejor servicio y el m\u00e1s oportuno.<\/p>\n<p>[\/vc_column_text][vc_row_inner][vc_column_inner width=&#8221;5\/12&#8243;]<div class='button button--right'>\r\n\t\t<a href='\/es\/signup\/' class='button__url button__url--mint' >VER DEMO<\/a>\r\n\t<\/div>[\/vc_column_inner][vc_column_inner width=&#8221;5\/12&#8243;]<div class='button button--left'>\r\n\t\t<a href='\/es\/signup\/' class='button__url button__url--white' >Registrarse<\/a>\r\n\t<\/div>[\/vc_column_inner][vc_column_inner width=&#8221;1\/6&#8243;][\/vc_column_inner][\/vc_row_inner][\/vc_column][\/vc_row]<\/p>\n<\/div>","protected":false},"excerpt":{"rendered":"<p>[vc_row full_width=&#8221;stretch_row&#8221; css=&#8221;.vc_custom_1614841533671{padding-top: 145px !important;background-image: url(https:\/\/b2field.com\/wp-content\/uploads\/2019\/06\/cost-accounting_time_header-bg.jpg?id=7167) !important;background-position: center !important;background-repeat: no-repeat !important;background-size: cover !important;}&#8221; el_class=&#8221;features-header&#8221;][vc_column][vc_single_image source=&#8221;external_link&#8221; custom_src=&#8221;\/wp-content\/uploads\/2019\/08\/cost-accounting_time_header-img_es.png&#8221; el_class=&#8221;features-header-img features-header-img_cost-accounting-time&#8221;][vc_row_inner css=&#8221;.vc_custom_1550139488172{padding-right: 0px !important;padding-left: 0px !important;}&#8221;][vc_column_inner width=&#8221;1\/6&#8243;][\/vc_column_inner][vc_column_inner el_class=&#8221;max-560&#8243; width=&#8221;5\/6&#8243; css=&#8221;.vc_custom_1550569096279{padding-left: 45px !important;}&#8221;][vc_column_text css=&#8221;.vc_custom_1562564868002{margin-bottom: 15px !important;}&#8221;] Optimice los costos por tiempo [\/vc_column_text][\/vc_column_inner][\/vc_row_inner][vc_row_inner css=&#8221;.vc_custom_1560502264972{padding-right: 0px !important;padding-bottom: 95px !important;padding-left: 0px !important;}&#8221;][vc_column_inner width=&#8221;1\/6&#8243;][\/vc_column_inner][vc_column_inner el_class=&#8221;text-primary max-460&#8243; width=&#8221;5\/6&#8243; css=&#8221;.vc_custom_1550569078030{padding-left: 45px !important;}&#8221;][vc_column_text]Realice el seguimiento de&#8230;<\/p>\n","protected":false},"author":8,"featured_media":0,"parent":1914,"menu_order":4,"comment_status":"closed","ping_status":"closed","template":"page-features.php","meta":{"_acf_changed":false,"inline_featured_image":false,"footnotes":""},"class_list":["post-8304","page","type-page","status-publish","hentry"],"acf":[],"yoast_head":"<!-- This site is optimized with the Yoast SEO plugin v27.2 - https:\/\/yoast.com\/product\/yoast-seo-wordpress\/ -->\n<title>Registro de tiempo &#8211; B2Field<\/title>\n<meta name=\"description\" content=\"Realice el seguimiento de cu\u00e1nto tiempo se gasta en viajes y asignaciones. Asegure la entrega oportuna. Gestione eficazmente para procesar m\u00e1s pedidos al mismo tiempo.\" \/>\n<meta name=\"robots\" content=\"index, follow, max-snippet:-1, max-image-preview:large, max-video-preview:-1\" \/>\n<link rel=\"canonical\" href=\"https:\/\/b2field.com\/es\/features\/business-analytics\/time\/\" \/>\n<meta property=\"og:locale\" content=\"es_ES\" \/>\n<meta property=\"og:type\" content=\"article\" \/>\n<meta property=\"og:title\" content=\"Registro de tiempo &#8211; B2Field\" \/>\n<meta property=\"og:description\" content=\"Realice el seguimiento de cu\u00e1nto tiempo se gasta en viajes y asignaciones. Asegure la entrega oportuna. Gestione eficazmente para procesar m\u00e1s pedidos al mismo tiempo.\" \/>\n<meta property=\"og:url\" content=\"https:\/\/b2field.com\/es\/features\/business-analytics\/time\/\" \/>\n<meta property=\"og:site_name\" content=\"B2Field\" \/>\n<meta property=\"article:publisher\" content=\"https:\/\/www.facebook.com\/B2Field\/\" \/>\n<meta property=\"article:modified_time\" content=\"2021-03-04T07:05:37+00:00\" \/>\n<meta name=\"twitter:card\" content=\"summary_large_image\" \/>\n<meta name=\"twitter:label1\" content=\"Tiempo de lectura\" \/>\n\t<meta name=\"twitter:data1\" content=\"2 minutos\" \/>\n<script type=\"application\/ld+json\" class=\"yoast-schema-graph\">{\"@context\":\"https:\/\/schema.org\",\"@graph\":[{\"@type\":\"WebPage\",\"@id\":\"https:\/\/b2field.com\/es\/features\/business-analytics\/time\/\",\"url\":\"https:\/\/b2field.com\/es\/features\/business-analytics\/time\/\",\"name\":\"Registro de tiempo &#8211; B2Field\",\"isPartOf\":{\"@id\":\"https:\/\/b2field.com\/es\/#website\"},\"datePublished\":\"2019-06-14T08:41:21+00:00\",\"dateModified\":\"2021-03-04T07:05:37+00:00\",\"description\":\"Realice el seguimiento de cu\u00e1nto tiempo se gasta en viajes y asignaciones. Asegure la entrega oportuna. Gestione eficazmente para procesar m\u00e1s pedidos al mismo tiempo.\",\"breadcrumb\":{\"@id\":\"https:\/\/b2field.com\/es\/features\/business-analytics\/time\/#breadcrumb\"},\"inLanguage\":\"es\",\"potentialAction\":[{\"@type\":\"ReadAction\",\"target\":[\"https:\/\/b2field.com\/es\/features\/business-analytics\/time\/\"]}]},{\"@type\":\"BreadcrumbList\",\"@id\":\"https:\/\/b2field.com\/es\/features\/business-analytics\/time\/#breadcrumb\",\"itemListElement\":[{\"@type\":\"ListItem\",\"position\":1,\"name\":\"Home\",\"item\":\"https:\/\/b2field.com\/es\/\"},{\"@type\":\"ListItem\",\"position\":2,\"name\":\"Caracter\u00edsticas\",\"item\":\"https:\/\/b2field.com\/es\/?page_id=1846\"},{\"@type\":\"ListItem\",\"position\":3,\"name\":\"Informes y an\u00e1lisis de flotas en terreno\",\"item\":\"https:\/\/b2field.com\/es\/features\/business-analytics\/\"},{\"@type\":\"ListItem\",\"position\":4,\"name\":\"Registro de tiempo\"}]},{\"@type\":\"WebSite\",\"@id\":\"https:\/\/b2field.com\/es\/#website\",\"url\":\"https:\/\/b2field.com\/es\/\",\"name\":\"B2Field\",\"description\":\"\",\"potentialAction\":[{\"@type\":\"SearchAction\",\"target\":{\"@type\":\"EntryPoint\",\"urlTemplate\":\"https:\/\/b2field.com\/es\/?s={search_term_string}\"},\"query-input\":{\"@type\":\"PropertyValueSpecification\",\"valueRequired\":true,\"valueName\":\"search_term_string\"}}],\"inLanguage\":\"es\"}]}<\/script>\n<!-- \/ Yoast SEO plugin. -->","yoast_head_json":{"title":"Registro de tiempo &#8211; B2Field","description":"Realice el seguimiento de cu\u00e1nto tiempo se gasta en viajes y asignaciones. Asegure la entrega oportuna. Gestione eficazmente para procesar m\u00e1s pedidos al mismo tiempo.","robots":{"index":"index","follow":"follow","max-snippet":"max-snippet:-1","max-image-preview":"max-image-preview:large","max-video-preview":"max-video-preview:-1"},"canonical":"https:\/\/b2field.com\/es\/features\/business-analytics\/time\/","og_locale":"es_ES","og_type":"article","og_title":"Registro de tiempo &#8211; B2Field","og_description":"Realice el seguimiento de cu\u00e1nto tiempo se gasta en viajes y asignaciones. Asegure la entrega oportuna. Gestione eficazmente para procesar m\u00e1s pedidos al mismo tiempo.","og_url":"https:\/\/b2field.com\/es\/features\/business-analytics\/time\/","og_site_name":"B2Field","article_publisher":"https:\/\/www.facebook.com\/B2Field\/","article_modified_time":"2021-03-04T07:05:37+00:00","twitter_card":"summary_large_image","twitter_misc":{"Tiempo de lectura":"2 minutos"},"schema":{"@context":"https:\/\/schema.org","@graph":[{"@type":"WebPage","@id":"https:\/\/b2field.com\/es\/features\/business-analytics\/time\/","url":"https:\/\/b2field.com\/es\/features\/business-analytics\/time\/","name":"Registro de tiempo &#8211; B2Field","isPartOf":{"@id":"https:\/\/b2field.com\/es\/#website"},"datePublished":"2019-06-14T08:41:21+00:00","dateModified":"2021-03-04T07:05:37+00:00","description":"Realice el seguimiento de cu\u00e1nto tiempo se gasta en viajes y asignaciones. Asegure la entrega oportuna. Gestione eficazmente para procesar m\u00e1s pedidos al mismo tiempo.","breadcrumb":{"@id":"https:\/\/b2field.com\/es\/features\/business-analytics\/time\/#breadcrumb"},"inLanguage":"es","potentialAction":[{"@type":"ReadAction","target":["https:\/\/b2field.com\/es\/features\/business-analytics\/time\/"]}]},{"@type":"BreadcrumbList","@id":"https:\/\/b2field.com\/es\/features\/business-analytics\/time\/#breadcrumb","itemListElement":[{"@type":"ListItem","position":1,"name":"Home","item":"https:\/\/b2field.com\/es\/"},{"@type":"ListItem","position":2,"name":"Caracter\u00edsticas","item":"https:\/\/b2field.com\/es\/?page_id=1846"},{"@type":"ListItem","position":3,"name":"Informes y an\u00e1lisis de flotas en terreno","item":"https:\/\/b2field.com\/es\/features\/business-analytics\/"},{"@type":"ListItem","position":4,"name":"Registro de tiempo"}]},{"@type":"WebSite","@id":"https:\/\/b2field.com\/es\/#website","url":"https:\/\/b2field.com\/es\/","name":"B2Field","description":"","potentialAction":[{"@type":"SearchAction","target":{"@type":"EntryPoint","urlTemplate":"https:\/\/b2field.com\/es\/?s={search_term_string}"},"query-input":{"@type":"PropertyValueSpecification","valueRequired":true,"valueName":"search_term_string"}}],"inLanguage":"es"}]}},"_links":{"self":[{"href":"https:\/\/b2field.com\/es\/wp-json\/wp\/v2\/pages\/8304","targetHints":{"allow":["GET"]}}],"collection":[{"href":"https:\/\/b2field.com\/es\/wp-json\/wp\/v2\/pages"}],"about":[{"href":"https:\/\/b2field.com\/es\/wp-json\/wp\/v2\/types\/page"}],"author":[{"embeddable":true,"href":"https:\/\/b2field.com\/es\/wp-json\/wp\/v2\/users\/8"}],"replies":[{"embeddable":true,"href":"https:\/\/b2field.com\/es\/wp-json\/wp\/v2\/comments?post=8304"}],"version-history":[{"count":7,"href":"https:\/\/b2field.com\/es\/wp-json\/wp\/v2\/pages\/8304\/revisions"}],"predecessor-version":[{"id":11758,"href":"https:\/\/b2field.com\/es\/wp-json\/wp\/v2\/pages\/8304\/revisions\/11758"}],"up":[{"embeddable":true,"href":"https:\/\/b2field.com\/es\/wp-json\/wp\/v2\/pages\/1914"}],"wp:attachment":[{"href":"https:\/\/b2field.com\/es\/wp-json\/wp\/v2\/media?parent=8304"}],"curies":[{"name":"wp","href":"https:\/\/api.w.org\/{rel}","templated":true}]}}