{"id":8312,"date":"2019-06-07T08:43:05","date_gmt":"2019-06-07T08:43:05","guid":{"rendered":"http:\/\/api.b2field.com\/features\/integrations\/api-for-developers\/"},"modified":"2021-03-04T07:09:24","modified_gmt":"2021-03-04T07:09:24","slug":"api-for-developers","status":"publish","type":"page","link":"https:\/\/b2field.com\/es\/features\/integrations\/api-for-developers\/","title":{"rendered":"API para desarrolladores"},"content":{"rendered":"<div class=\"wpb-content-wrapper\"><p>[vc_row full_width=&#8221;stretch_row&#8221; css=&#8221;.vc_custom_1614841758772{padding-top: 135px !important;background-image: url(https:\/\/b2field.com\/wp-content\/uploads\/2019\/07\/integrations_api-for-developers_header-bg_es.jpg?id=8513) !important;background-position: center !important;background-repeat: no-repeat !important;background-size: cover !important;}&#8221; el_class=&#8221;features-header&#8221;][vc_column][vc_single_image source=&#8221;external_link&#8221; custom_src=&#8221;\/wp-content\/uploads\/2019\/07\/integrations_api-for-developers_header-img_es.png&#8221; el_class=&#8221;features-header-img features-header-img_integrations-api&#8221;][vc_row_inner css=&#8221;.vc_custom_1550139488172{padding-right: 0px !important;padding-left: 0px !important;}&#8221;][vc_column_inner width=&#8221;1\/6&#8243;][\/vc_column_inner][vc_column_inner el_class=&#8221;max-560&#8243; width=&#8221;5\/6&#8243; css=&#8221;.vc_custom_1559897737836{padding-left: 45px !important;}&#8221;][vc_column_text css=&#8221;.vc_custom_1562565552760{margin-bottom: 15px !important;}&#8221;]<\/p>\n<h1>API para desarrolladores<\/h1>\n<p>[\/vc_column_text][\/vc_column_inner][\/vc_row_inner][vc_row_inner css=&#8221;.vc_custom_1559890718381{padding-right: 0px !important;padding-bottom: 115px !important;padding-left: 0px !important;}&#8221;][vc_column_inner width=&#8221;1\/6&#8243;][\/vc_column_inner][vc_column_inner el_class=&#8221;text-primary max-460&#8243; width=&#8221;5\/6&#8243; css=&#8221;.vc_custom_1559897424764{padding-left: 45px !important;}&#8221;][vc_column_text]Descubra nuevas funciones con una potente API REST. Aproveche la integraci\u00f3n perfecta y trabaje con aplicaciones a trav\u00e9s de una sola ventana.[\/vc_column_text]<div class='button'>\r\n\t\t<a href='\/es\/signup\/' class='button__url button__url--blue' >VER DEMO<\/a>\r\n\t<\/div>[\/vc_column_inner][\/vc_row_inner][\/vc_column][\/vc_row][vc_row css=&#8221;.vc_custom_1559897292948{padding-top: 120px !important;}&#8221;][vc_column width=&#8221;1\/6&#8243;][\/vc_column][vc_column width=&#8221;5\/12&#8243; el_class=&#8221;order-md-0&#8243; css=&#8221;.vc_custom_1559897095229{padding-left: 45px !important;}&#8221;][vc_single_image source=&#8221;external_link&#8221; custom_src=&#8221;\/wp-content\/uploads\/2019\/07\/integrations_api-for-developers_b1_es.png&#8221;][\/vc_column][vc_column width=&#8221;5\/12&#8243; css=&#8221;.vc_custom_1559897278273{padding-top: 100px !important;}&#8221; el_class=&#8221;order-md-1&#8243;][vc_column_text]<\/p>\n<h2>Integre CRM y ERP<\/h2>\n<p>[\/vc_column_text][vc_column_text]Incluya B2Field en el intercambio de informaci\u00f3n con otros sistemas corporativos.<\/p>\n<p>Cree una lista de tareas para una base de clientes desde CRM o descargue informaci\u00f3n de las hojas de viaje sobre kilometraje y consumo de combustible en 1C.[\/vc_column_text][\/vc_column][\/vc_row][vc_row css=&#8221;.vc_custom_1559891714606{padding-top: 50px !important;}&#8221;][vc_column width=&#8221;1\/6&#8243;][\/vc_column][vc_column width=&#8221;5\/12&#8243; el_class=&#8221;order-md-1&#8243; css=&#8221;.vc_custom_1559897110225{padding-top: 100px !important;padding-left: 45px !important;}&#8221;][vc_column_text]<\/p>\n<h2>Utilice servicios de<br \/>\nterceros SIG, mapas<\/h2>\n<p>[\/vc_column_text][vc_column_text]Aumente el impacto del sistema de monitoreo GPS, integr\u00e1ndolo con otros servicios de mapas.<\/p>\n<p>Disponga de muchas posibilidades, desde la conexi\u00f3n de mapas p\u00fablicos estilizados hasta la superposici\u00f3n de capas con datos privados.[\/vc_column_text][\/vc_column][vc_column width=&#8221;5\/12&#8243; el_class=&#8221;order-md-0&#8243; css=&#8221;.vc_custom_1559897189451{padding-right: 50px !important;padding-left: 50px !important;}&#8221;][vc_single_image source=&#8221;external_link&#8221; custom_src=&#8221;\/wp-content\/uploads\/2019\/07\/integrations_api-for-developers_b2_es.png&#8221;][\/vc_column][\/vc_row][vc_row css=&#8221;.vc_custom_1559892156313{padding-top: 80px !important;padding-bottom: 100px !important;}&#8221;][vc_column width=&#8221;1\/6&#8243;][\/vc_column][vc_column width=&#8221;5\/12&#8243; el_class=&#8221;order-md-0&#8243; css=&#8221;.vc_custom_1559897119372{padding-left: 45px !important;}&#8221;][vc_single_image source=&#8221;external_link&#8221; custom_src=&#8221;\/wp-content\/uploads\/2019\/07\/integrations_api-for-developers_b3_es.png&#8221;][\/vc_column][vc_column width=&#8221;5\/12&#8243; css=&#8221;.vc_custom_1559897233626{padding-top: 50px !important;}&#8221; el_class=&#8221;order-md-1&#8243;][vc_column_text]<\/p>\n<h2>Cree y a\u00f1ada<br \/>\naplicaciones \u00fanicas<\/h2>\n<p>[\/vc_column_text][vc_column_text]Desarrolle aplicaciones en cualquier lenguaje de programaci\u00f3n e incorp\u00f3relas para la mejor interacci\u00f3n del usuario con el servicio.<\/p>\n<p>Establezca su propio icono para la nueva herramienta. Establezca permisos para restringir el uso de la funcionalidad a ciertos empleados o departamentos.[\/vc_column_text][\/vc_column][\/vc_row][vc_row full_width=&#8221;stretch_row&#8221; el_class=&#8221;bg-blue-dark features-footer&#8221; css=&#8221;.vc_custom_1594888600522{padding-top: 88px !important;padding-bottom: 71px !important;}&#8221;][vc_column width=&#8221;1\/6&#8243;][\/vc_column][vc_column width=&#8221;5\/6&#8243; el_class=&#8221;max-660&#8243;][vc_single_image source=&#8221;external_link&#8221; custom_src=&#8221;\/wp-content\/uploads\/2019\/08\/features-footer_es.png&#8221; el_class=&#8221;features-footer-img&#8221;][vc_column_text css=&#8221;.vc_custom_1562565636328{margin-bottom: 15px !important;padding-left: 30px !important;}&#8221;]<\/p>\n<h2 style=\"font-size: 30px; letter-spacing: 0;\">Descubre funciones adicionales<br \/>\nutilizando la API REST<\/h2>\n<p>[\/vc_column_text][vc_column_text css=&#8221;.vc_custom_1562565651440{margin-bottom: 27px !important;padding-left: 30px !important;}&#8221; el_class=&#8221;font-fira&#8221;]<\/p>\n<p style=\"font-size: 16px; font-weight: 300;\">Pruebe el servicio B2Field ahora mismo o solicite una consulta<br \/>\nsobre la funci\u00f3n &#8220;Integraci\u00f3n&#8221; con uno de nuestros expertos<\/p>\n<p>[\/vc_column_text][vc_row_inner][vc_column_inner width=&#8221;5\/12&#8243;]<div class='button button--right'>\r\n\t\t<a href='\/es\/signup\/' class='button__url button__url--mint' >VER DEMO<\/a>\r\n\t<\/div>[\/vc_column_inner][vc_column_inner width=&#8221;5\/12&#8243;]<div class='button button--left'>\r\n\t\t<a href='\/es\/signup\/' class='button__url button__url--white' >Registrarse<\/a>\r\n\t<\/div>[\/vc_column_inner][vc_column_inner width=&#8221;1\/6&#8243;][\/vc_column_inner][\/vc_row_inner][\/vc_column][\/vc_row]<\/p>\n<\/div>","protected":false},"excerpt":{"rendered":"<p>[vc_row full_width=&#8221;stretch_row&#8221; css=&#8221;.vc_custom_1614841758772{padding-top: 135px !important;background-image: url(https:\/\/b2field.com\/wp-content\/uploads\/2019\/07\/integrations_api-for-developers_header-bg_es.jpg?id=8513) !important;background-position: center !important;background-repeat: no-repeat !important;background-size: cover !important;}&#8221; el_class=&#8221;features-header&#8221;][vc_column][vc_single_image source=&#8221;external_link&#8221; custom_src=&#8221;\/wp-content\/uploads\/2019\/07\/integrations_api-for-developers_header-img_es.png&#8221; el_class=&#8221;features-header-img features-header-img_integrations-api&#8221;][vc_row_inner css=&#8221;.vc_custom_1550139488172{padding-right: 0px !important;padding-left: 0px !important;}&#8221;][vc_column_inner width=&#8221;1\/6&#8243;][\/vc_column_inner][vc_column_inner el_class=&#8221;max-560&#8243; width=&#8221;5\/6&#8243; css=&#8221;.vc_custom_1559897737836{padding-left: 45px !important;}&#8221;][vc_column_text css=&#8221;.vc_custom_1562565552760{margin-bottom: 15px !important;}&#8221;] API para desarrolladores [\/vc_column_text][\/vc_column_inner][\/vc_row_inner][vc_row_inner css=&#8221;.vc_custom_1559890718381{padding-right: 0px !important;padding-bottom: 115px !important;padding-left: 0px !important;}&#8221;][vc_column_inner width=&#8221;1\/6&#8243;][\/vc_column_inner][vc_column_inner el_class=&#8221;text-primary max-460&#8243; width=&#8221;5\/6&#8243; css=&#8221;.vc_custom_1559897424764{padding-left: 45px !important;}&#8221;][vc_column_text]Descubra nuevas funciones con una potente&#8230;<\/p>\n","protected":false},"author":8,"featured_media":0,"parent":1841,"menu_order":2,"comment_status":"closed","ping_status":"closed","template":"page-features.php","meta":{"_acf_changed":false,"inline_featured_image":false,"footnotes":""},"class_list":["post-8312","page","type-page","status-publish","hentry"],"acf":[],"yoast_head":"<!-- This site is optimized with the Yoast SEO plugin v27.2 - https:\/\/yoast.com\/product\/yoast-seo-wordpress\/ -->\n<title>API para desarrolladores &#8211; B2Field<\/title>\n<meta name=\"description\" content=\"Integre CRM y ERP. Descubra nuevas funciones con una potente API REST. Aproveche la integraci\u00f3n perfecta y trabaje con aplicaciones a trav\u00e9s de una sola ventana.\" \/>\n<meta name=\"robots\" content=\"index, follow, max-snippet:-1, max-image-preview:large, max-video-preview:-1\" \/>\n<link rel=\"canonical\" href=\"https:\/\/b2field.com\/es\/features\/integrations\/api-for-developers\/\" \/>\n<meta property=\"og:locale\" content=\"es_ES\" \/>\n<meta property=\"og:type\" content=\"article\" \/>\n<meta property=\"og:title\" content=\"API para desarrolladores &#8211; B2Field\" \/>\n<meta property=\"og:description\" content=\"Integre CRM y ERP. Descubra nuevas funciones con una potente API REST. Aproveche la integraci\u00f3n perfecta y trabaje con aplicaciones a trav\u00e9s de una sola ventana.\" \/>\n<meta property=\"og:url\" content=\"https:\/\/b2field.com\/es\/features\/integrations\/api-for-developers\/\" \/>\n<meta property=\"og:site_name\" content=\"B2Field\" \/>\n<meta property=\"article:publisher\" content=\"https:\/\/www.facebook.com\/B2Field\/\" \/>\n<meta property=\"article:modified_time\" content=\"2021-03-04T07:09:24+00:00\" \/>\n<meta name=\"twitter:card\" content=\"summary_large_image\" \/>\n<meta name=\"twitter:label1\" content=\"Tiempo de lectura\" \/>\n\t<meta name=\"twitter:data1\" content=\"2 minutos\" \/>\n<script type=\"application\/ld+json\" class=\"yoast-schema-graph\">{\"@context\":\"https:\/\/schema.org\",\"@graph\":[{\"@type\":\"WebPage\",\"@id\":\"https:\/\/b2field.com\/es\/features\/integrations\/api-for-developers\/\",\"url\":\"https:\/\/b2field.com\/es\/features\/integrations\/api-for-developers\/\",\"name\":\"API para desarrolladores &#8211; B2Field\",\"isPartOf\":{\"@id\":\"https:\/\/b2field.com\/es\/#website\"},\"datePublished\":\"2019-06-07T08:43:05+00:00\",\"dateModified\":\"2021-03-04T07:09:24+00:00\",\"description\":\"Integre CRM y ERP. Descubra nuevas funciones con una potente API REST. Aproveche la integraci\u00f3n perfecta y trabaje con aplicaciones a trav\u00e9s de una sola ventana.\",\"breadcrumb\":{\"@id\":\"https:\/\/b2field.com\/es\/features\/integrations\/api-for-developers\/#breadcrumb\"},\"inLanguage\":\"es\",\"potentialAction\":[{\"@type\":\"ReadAction\",\"target\":[\"https:\/\/b2field.com\/es\/features\/integrations\/api-for-developers\/\"]}]},{\"@type\":\"BreadcrumbList\",\"@id\":\"https:\/\/b2field.com\/es\/features\/integrations\/api-for-developers\/#breadcrumb\",\"itemListElement\":[{\"@type\":\"ListItem\",\"position\":1,\"name\":\"Home\",\"item\":\"https:\/\/b2field.com\/es\/\"},{\"@type\":\"ListItem\",\"position\":2,\"name\":\"Caracter\u00edsticas\",\"item\":\"https:\/\/b2field.com\/es\/?page_id=1846\"},{\"@type\":\"ListItem\",\"position\":3,\"name\":\"Automatizaci\u00f3n de la fuerza de campo\",\"item\":\"https:\/\/b2field.com\/es\/features\/integrations\/\"},{\"@type\":\"ListItem\",\"position\":4,\"name\":\"API para desarrolladores\"}]},{\"@type\":\"WebSite\",\"@id\":\"https:\/\/b2field.com\/es\/#website\",\"url\":\"https:\/\/b2field.com\/es\/\",\"name\":\"B2Field\",\"description\":\"\",\"potentialAction\":[{\"@type\":\"SearchAction\",\"target\":{\"@type\":\"EntryPoint\",\"urlTemplate\":\"https:\/\/b2field.com\/es\/?s={search_term_string}\"},\"query-input\":{\"@type\":\"PropertyValueSpecification\",\"valueRequired\":true,\"valueName\":\"search_term_string\"}}],\"inLanguage\":\"es\"}]}<\/script>\n<!-- \/ Yoast SEO plugin. -->","yoast_head_json":{"title":"API para desarrolladores &#8211; B2Field","description":"Integre CRM y ERP. Descubra nuevas funciones con una potente API REST. Aproveche la integraci\u00f3n perfecta y trabaje con aplicaciones a trav\u00e9s de una sola ventana.","robots":{"index":"index","follow":"follow","max-snippet":"max-snippet:-1","max-image-preview":"max-image-preview:large","max-video-preview":"max-video-preview:-1"},"canonical":"https:\/\/b2field.com\/es\/features\/integrations\/api-for-developers\/","og_locale":"es_ES","og_type":"article","og_title":"API para desarrolladores &#8211; B2Field","og_description":"Integre CRM y ERP. Descubra nuevas funciones con una potente API REST. Aproveche la integraci\u00f3n perfecta y trabaje con aplicaciones a trav\u00e9s de una sola ventana.","og_url":"https:\/\/b2field.com\/es\/features\/integrations\/api-for-developers\/","og_site_name":"B2Field","article_publisher":"https:\/\/www.facebook.com\/B2Field\/","article_modified_time":"2021-03-04T07:09:24+00:00","twitter_card":"summary_large_image","twitter_misc":{"Tiempo de lectura":"2 minutos"},"schema":{"@context":"https:\/\/schema.org","@graph":[{"@type":"WebPage","@id":"https:\/\/b2field.com\/es\/features\/integrations\/api-for-developers\/","url":"https:\/\/b2field.com\/es\/features\/integrations\/api-for-developers\/","name":"API para desarrolladores &#8211; B2Field","isPartOf":{"@id":"https:\/\/b2field.com\/es\/#website"},"datePublished":"2019-06-07T08:43:05+00:00","dateModified":"2021-03-04T07:09:24+00:00","description":"Integre CRM y ERP. Descubra nuevas funciones con una potente API REST. Aproveche la integraci\u00f3n perfecta y trabaje con aplicaciones a trav\u00e9s de una sola ventana.","breadcrumb":{"@id":"https:\/\/b2field.com\/es\/features\/integrations\/api-for-developers\/#breadcrumb"},"inLanguage":"es","potentialAction":[{"@type":"ReadAction","target":["https:\/\/b2field.com\/es\/features\/integrations\/api-for-developers\/"]}]},{"@type":"BreadcrumbList","@id":"https:\/\/b2field.com\/es\/features\/integrations\/api-for-developers\/#breadcrumb","itemListElement":[{"@type":"ListItem","position":1,"name":"Home","item":"https:\/\/b2field.com\/es\/"},{"@type":"ListItem","position":2,"name":"Caracter\u00edsticas","item":"https:\/\/b2field.com\/es\/?page_id=1846"},{"@type":"ListItem","position":3,"name":"Automatizaci\u00f3n de la fuerza de campo","item":"https:\/\/b2field.com\/es\/features\/integrations\/"},{"@type":"ListItem","position":4,"name":"API para desarrolladores"}]},{"@type":"WebSite","@id":"https:\/\/b2field.com\/es\/#website","url":"https:\/\/b2field.com\/es\/","name":"B2Field","description":"","potentialAction":[{"@type":"SearchAction","target":{"@type":"EntryPoint","urlTemplate":"https:\/\/b2field.com\/es\/?s={search_term_string}"},"query-input":{"@type":"PropertyValueSpecification","valueRequired":true,"valueName":"search_term_string"}}],"inLanguage":"es"}]}},"_links":{"self":[{"href":"https:\/\/b2field.com\/es\/wp-json\/wp\/v2\/pages\/8312","targetHints":{"allow":["GET"]}}],"collection":[{"href":"https:\/\/b2field.com\/es\/wp-json\/wp\/v2\/pages"}],"about":[{"href":"https:\/\/b2field.com\/es\/wp-json\/wp\/v2\/types\/page"}],"author":[{"embeddable":true,"href":"https:\/\/b2field.com\/es\/wp-json\/wp\/v2\/users\/8"}],"replies":[{"embeddable":true,"href":"https:\/\/b2field.com\/es\/wp-json\/wp\/v2\/comments?post=8312"}],"version-history":[{"count":9,"href":"https:\/\/b2field.com\/es\/wp-json\/wp\/v2\/pages\/8312\/revisions"}],"predecessor-version":[{"id":11761,"href":"https:\/\/b2field.com\/es\/wp-json\/wp\/v2\/pages\/8312\/revisions\/11761"}],"up":[{"embeddable":true,"href":"https:\/\/b2field.com\/es\/wp-json\/wp\/v2\/pages\/1841"}],"wp:attachment":[{"href":"https:\/\/b2field.com\/es\/wp-json\/wp\/v2\/media?parent=8312"}],"curies":[{"name":"wp","href":"https:\/\/api.w.org\/{rel}","templated":true}]}}