{"id":8315,"date":"2019-06-07T12:04:00","date_gmt":"2019-06-07T12:04:00","guid":{"rendered":"http:\/\/api.b2field.com\/features\/integrations\/marketplace\/"},"modified":"2021-03-04T07:10:16","modified_gmt":"2021-03-04T07:10:16","slug":"marketplace","status":"publish","type":"page","link":"https:\/\/b2field.com\/es\/features\/integrations\/marketplace\/","title":{"rendered":"Marketplace"},"content":{"rendered":"<div class=\"wpb-content-wrapper\"><p>[vc_row full_width=&#8221;stretch_row&#8221; css=&#8221;.vc_custom_1614841812792{padding-top: 150px !important;background-image: url(https:\/\/b2field.com\/wp-content\/uploads\/2019\/06\/marketplace_header-bg.jpg?id=6879) !important;background-position: center !important;background-repeat: no-repeat !important;background-size: cover !important;}&#8221; el_class=&#8221;features-header&#8221;][vc_column][vc_single_image source=&#8221;external_link&#8221; custom_src=&#8221;\/wp-content\/uploads\/2019\/08\/marketplace_header-img_es.png&#8221; el_class=&#8221;features-header-img features-header-img_integrations-marketplace&#8221;][vc_row_inner css=&#8221;.vc_custom_1550139488172{padding-right: 0px !important;padding-left: 0px !important;}&#8221;][vc_column_inner width=&#8221;1\/6&#8243;][\/vc_column_inner][vc_column_inner el_class=&#8221;max-560&#8243; width=&#8221;5\/6&#8243; css=&#8221;.vc_custom_1559893408245{padding-left: 45px !important;}&#8221;][vc_column_text css=&#8221;.vc_custom_1562565751176{margin-bottom: 15px !important;}&#8221;]<\/p>\n<h1>Marketplace<\/h1>\n<p>[\/vc_column_text][\/vc_column_inner][\/vc_row_inner][vc_row_inner css=&#8221;.vc_custom_1559909234171{padding-right: 0px !important;padding-bottom: 130px !important;padding-left: 0px !important;}&#8221;][vc_column_inner width=&#8221;1\/6&#8243;][\/vc_column_inner][vc_column_inner el_class=&#8221;text-primary max-460&#8243; width=&#8221;5\/6&#8243; css=&#8221;.vc_custom_1559893411141{padding-left: 45px !important;}&#8221;][vc_column_text css=&#8221;.vc_custom_1562565761079{margin-bottom: 30px !important;}&#8221;]Utilice las capacidades de servicio de la manera m\u00e1s eficiente posible. Elija las herramientas que su equipo necesita.[\/vc_column_text]<div class='button'>\r\n\t\t<a href='\/es\/signup\/' class='button__url button__url--blue' >VER DEMO<\/a>\r\n\t<\/div>[\/vc_column_inner][\/vc_row_inner][\/vc_column][\/vc_row][vc_row css=&#8221;.vc_custom_1559909320034{padding-top: 130px !important;}&#8221;][vc_column width=&#8221;1\/6&#8243;][\/vc_column][vc_column width=&#8221;5\/12&#8243; css=&#8221;.vc_custom_1550573108412{padding-left: 45px !important;}&#8221; el_class=&#8221;order-md-0&#8243;][vc_single_image source=&#8221;external_link&#8221; custom_src=&#8221;\/wp-content\/uploads\/2019\/07\/marketplace_b1_en.png&#8221;][\/vc_column][vc_column width=&#8221;5\/12&#8243; el_class=&#8221;order-md-1&#8243;][vc_column_text]<\/p>\n<h2>Integraci\u00f3n con sistemas CRM<\/h2>\n<p>[\/vc_column_text][vc_column_text]Convertir \u00f3rdenes a tareas en una sola aplicaci\u00f3n. Planificaci\u00f3n efectiva de la jornada laboral del equipo de trabajo m\u00f3vil. Distribuya tareas urgentes sin demora.<\/p>\n<ul>\n<li>Estado de la solicitud y el trabajo con el cliente disponibles en cualquier momento<\/li>\n<li>Todos los datos en formato digital y cualquier documento se genera a conveniencia<\/li>\n<li>Una imagen objetiva de las ventas por clientes visitantes<\/li>\n<\/ul>\n<p>[\/vc_column_text][\/vc_column][\/vc_row][vc_row css=&#8221;.vc_custom_1559894518936{padding-top: 80px !important;}&#8221;][vc_column width=&#8221;1\/6&#8243;][\/vc_column][vc_column width=&#8221;5\/12&#8243; css=&#8221;.vc_custom_1550573164253{padding-left: 45px !important;}&#8221; el_class=&#8221;order-md-1&#8243;][vc_column_text]<\/p>\n<h2>Integraci\u00f3n con ERP<\/h2>\n<p>[\/vc_column_text][vc_column_text]Importe su base de clientes a la interfaz web B2Field. De esta forma las direcciones particulares de sus clientes se fijar\u00e1n instant\u00e1neamente en el mapa, generando rutas m\u00e1s r\u00e1pidas para optimizar el tiempo.<\/p>\n<p>Monitoree los kil\u00f3metros recorridas y el combustible consumido, para generar informes sobre la marcha. Mantenga una n\u00f3mina precisa y cuente el kilometraje comercial para la reducci\u00f3n de impuestos.[\/vc_column_text][\/vc_column][vc_column width=&#8221;5\/12&#8243; el_class=&#8221;order-md-0&#8243;][vc_single_image source=&#8221;external_link&#8221; custom_src=&#8221;\/wp-content\/uploads\/2019\/07\/marketplace_b2_en.png&#8221;][\/vc_column][\/vc_row][vc_row css=&#8221;.vc_custom_1557914814562{padding-top: 110px !important;padding-bottom: 50px !important;}&#8221;][vc_column width=&#8221;1\/6&#8243;][\/vc_column][vc_column width=&#8221;5\/6&#8243; css=&#8221;.vc_custom_1559894796946{padding-left: 45px !important;}&#8221;][vc_column_text]<\/p>\n<h2 style=\"text-align: center;\">Cree el equipo de<br \/>\ntrabajo que usted necesita<\/h2>\n<p>[\/vc_column_text][vc_row_inner][vc_column_inner width=&#8221;1\/3&#8243;][vc_single_image source=&#8221;external_link&#8221; custom_src=&#8221;\/wp-content\/uploads\/2019\/06\/marketplace_icon1.png&#8221; el_class=&#8221;img-height-50&#8243; css=&#8221;.vc_custom_1559908926322{margin-bottom: 15px !important;}&#8221;][vc_column_text css=&#8221;.vc_custom_1562566244479{margin-bottom: 20px !important;}&#8221;]<\/p>\n<h3>Derechos<br \/>\nde acceso<\/h3>\n<p>[\/vc_column_text][vc_column_text]Regule el acceso al servicio para empleados, departamentos y sucursales. Simplifique el trabajo para los empleados ordinarios y abra el acceso completo a la administraci\u00f3n.[\/vc_column_text][\/vc_column_inner][vc_column_inner width=&#8221;1\/3&#8243;][vc_single_image source=&#8221;external_link&#8221; custom_src=&#8221;\/wp-content\/uploads\/2019\/06\/marketplace_icon2.png&#8221; el_class=&#8221;img-height-50&#8243; css=&#8221;.vc_custom_1559908931089{margin-bottom: 15px !important;}&#8221;][vc_column_text css=&#8221;.vc_custom_1562566265856{margin-bottom: 20px !important;}&#8221;]<\/p>\n<h3>Informes<br \/>\nprogramados<\/h3>\n<p>[\/vc_column_text][vc_column_text]Obtenga cualquier informe directamente a su direcci\u00f3n de correo electr\u00f3nico en el d\u00eda y la hora deseados. A\u00f1ada a todos los empleados interesados.[\/vc_column_text][\/vc_column_inner][vc_column_inner width=&#8221;1\/3&#8243;][vc_single_image source=&#8221;external_link&#8221; custom_src=&#8221;\/wp-content\/uploads\/2019\/06\/marketplace_icon3.png&#8221; el_class=&#8221;img-height-50&#8243; css=&#8221;.vc_custom_1559908936305{margin-bottom: 15px !important;}&#8221;][vc_column_text css=&#8221;.vc_custom_1562566296808{margin-bottom: 20px !important;}&#8221;]<\/p>\n<h3>Elija cualquier<br \/>\nmapa<\/h3>\n<p>[\/vc_column_text][vc_column_text]Elija las tarjetas con las que usted y su equipo se sientan m\u00e1s c\u00f3modos para trabajar. Desde el mapa est\u00e1ndar (gratuito) hasta en 3D.[\/vc_column_text][\/vc_column_inner][\/vc_row_inner][\/vc_column][\/vc_row][vc_row full_width=&#8221;stretch_row&#8221; el_class=&#8221;bg-blue-dark features-footer&#8221; css=&#8221;.vc_custom_1594888649488{padding-top: 88px !important;padding-bottom: 71px !important;}&#8221;][vc_column width=&#8221;1\/6&#8243;][\/vc_column][vc_column width=&#8221;5\/6&#8243; el_class=&#8221;max-660&#8243;][vc_single_image source=&#8221;external_link&#8221; custom_src=&#8221;\/wp-content\/uploads\/2019\/08\/features-footer_es.png&#8221; el_class=&#8221;features-footer-img&#8221;][vc_column_text css=&#8221;.vc_custom_1562566343640{margin-bottom: 15px !important;padding-left: 30px !important;}&#8221;]<\/p>\n<h2 style=\"font-size: 30px; letter-spacing: 0;\">Organice el trabajo del<br \/>\npersonal en campo<\/h2>\n<p>[\/vc_column_text][vc_column_text css=&#8221;.vc_custom_1562566364575{margin-bottom: 27px !important;padding-left: 30px !important;}&#8221; el_class=&#8221;font-fira&#8221;]<\/p>\n<p style=\"font-size: 16px; font-weight: 300;\">Pruebe el servicio B2Field ahora mismo o solicite una consulta<br \/>\nsobre la funci\u00f3n &#8220;Tareas&#8221; con uno de nuestros expertos<\/p>\n<p>[\/vc_column_text][vc_row_inner][vc_column_inner width=&#8221;5\/12&#8243;]<div class='button button--right'>\r\n\t\t<a href='\/es\/signup\/' class='button__url button__url--mint' >VER DEMO<\/a>\r\n\t<\/div>[\/vc_column_inner][vc_column_inner width=&#8221;5\/12&#8243;]<div class='button button--left'>\r\n\t\t<a href='\/es\/signup\/' class='button__url button__url--white' >Registrarse<\/a>\r\n\t<\/div>[\/vc_column_inner][vc_column_inner width=&#8221;1\/6&#8243;][\/vc_column_inner][\/vc_row_inner][\/vc_column][\/vc_row]<\/p>\n<\/div>","protected":false},"excerpt":{"rendered":"<p>[vc_row full_width=&#8221;stretch_row&#8221; css=&#8221;.vc_custom_1614841812792{padding-top: 150px !important;background-image: url(https:\/\/b2field.com\/wp-content\/uploads\/2019\/06\/marketplace_header-bg.jpg?id=6879) !important;background-position: center !important;background-repeat: no-repeat !important;background-size: cover !important;}&#8221; el_class=&#8221;features-header&#8221;][vc_column][vc_single_image source=&#8221;external_link&#8221; custom_src=&#8221;\/wp-content\/uploads\/2019\/08\/marketplace_header-img_es.png&#8221; el_class=&#8221;features-header-img features-header-img_integrations-marketplace&#8221;][vc_row_inner css=&#8221;.vc_custom_1550139488172{padding-right: 0px !important;padding-left: 0px !important;}&#8221;][vc_column_inner width=&#8221;1\/6&#8243;][\/vc_column_inner][vc_column_inner el_class=&#8221;max-560&#8243; width=&#8221;5\/6&#8243; css=&#8221;.vc_custom_1559893408245{padding-left: 45px !important;}&#8221;][vc_column_text css=&#8221;.vc_custom_1562565751176{margin-bottom: 15px !important;}&#8221;] Marketplace [\/vc_column_text][\/vc_column_inner][\/vc_row_inner][vc_row_inner css=&#8221;.vc_custom_1559909234171{padding-right: 0px !important;padding-bottom: 130px !important;padding-left: 0px !important;}&#8221;][vc_column_inner width=&#8221;1\/6&#8243;][\/vc_column_inner][vc_column_inner el_class=&#8221;text-primary max-460&#8243; width=&#8221;5\/6&#8243; css=&#8221;.vc_custom_1559893411141{padding-left: 45px !important;}&#8221;][vc_column_text css=&#8221;.vc_custom_1562565761079{margin-bottom: 30px !important;}&#8221;]Utilice las capacidades de servicio&#8230;<\/p>\n","protected":false},"author":8,"featured_media":0,"parent":1841,"menu_order":3,"comment_status":"closed","ping_status":"closed","template":"page-features.php","meta":{"_acf_changed":false,"inline_featured_image":false,"footnotes":""},"class_list":["post-8315","page","type-page","status-publish","hentry"],"acf":[],"yoast_head":"<!-- This site is optimized with the Yoast SEO plugin v27.2 - https:\/\/yoast.com\/product\/yoast-seo-wordpress\/ -->\n<title>Marketplace &#8211; B2Field<\/title>\n<meta name=\"description\" content=\"Convertir \u00f3rdenes a tareas en una sola aplicaci\u00f3n. Planificaci\u00f3n efectiva de la jornada laboral del equipo de trabajo m\u00f3vil. Distribuya tareas urgentes sin demora.\" \/>\n<meta name=\"robots\" content=\"index, follow, max-snippet:-1, max-image-preview:large, max-video-preview:-1\" \/>\n<link rel=\"canonical\" href=\"https:\/\/b2field.com\/es\/features\/integrations\/marketplace\/\" \/>\n<meta property=\"og:locale\" content=\"es_ES\" \/>\n<meta property=\"og:type\" content=\"article\" \/>\n<meta property=\"og:title\" content=\"Marketplace &#8211; B2Field\" \/>\n<meta property=\"og:description\" content=\"Convertir \u00f3rdenes a tareas en una sola aplicaci\u00f3n. Planificaci\u00f3n efectiva de la jornada laboral del equipo de trabajo m\u00f3vil. Distribuya tareas urgentes sin demora.\" \/>\n<meta property=\"og:url\" content=\"https:\/\/b2field.com\/es\/features\/integrations\/marketplace\/\" \/>\n<meta property=\"og:site_name\" content=\"B2Field\" \/>\n<meta property=\"article:publisher\" content=\"https:\/\/www.facebook.com\/B2Field\/\" \/>\n<meta property=\"article:modified_time\" content=\"2021-03-04T07:10:16+00:00\" \/>\n<meta name=\"twitter:card\" content=\"summary_large_image\" \/>\n<meta name=\"twitter:label1\" content=\"Tiempo de lectura\" \/>\n\t<meta name=\"twitter:data1\" content=\"2 minutos\" \/>\n<script type=\"application\/ld+json\" class=\"yoast-schema-graph\">{\"@context\":\"https:\/\/schema.org\",\"@graph\":[{\"@type\":\"WebPage\",\"@id\":\"https:\/\/b2field.com\/es\/features\/integrations\/marketplace\/\",\"url\":\"https:\/\/b2field.com\/es\/features\/integrations\/marketplace\/\",\"name\":\"Marketplace &#8211; B2Field\",\"isPartOf\":{\"@id\":\"https:\/\/b2field.com\/es\/#website\"},\"datePublished\":\"2019-06-07T12:04:00+00:00\",\"dateModified\":\"2021-03-04T07:10:16+00:00\",\"description\":\"Convertir \u00f3rdenes a tareas en una sola aplicaci\u00f3n. Planificaci\u00f3n efectiva de la jornada laboral del equipo de trabajo m\u00f3vil. Distribuya tareas urgentes sin demora.\",\"breadcrumb\":{\"@id\":\"https:\/\/b2field.com\/es\/features\/integrations\/marketplace\/#breadcrumb\"},\"inLanguage\":\"es\",\"potentialAction\":[{\"@type\":\"ReadAction\",\"target\":[\"https:\/\/b2field.com\/es\/features\/integrations\/marketplace\/\"]}]},{\"@type\":\"BreadcrumbList\",\"@id\":\"https:\/\/b2field.com\/es\/features\/integrations\/marketplace\/#breadcrumb\",\"itemListElement\":[{\"@type\":\"ListItem\",\"position\":1,\"name\":\"Home\",\"item\":\"https:\/\/b2field.com\/es\/\"},{\"@type\":\"ListItem\",\"position\":2,\"name\":\"Caracter\u00edsticas\",\"item\":\"https:\/\/b2field.com\/es\/?page_id=1846\"},{\"@type\":\"ListItem\",\"position\":3,\"name\":\"Automatizaci\u00f3n de la fuerza de campo\",\"item\":\"https:\/\/b2field.com\/es\/features\/integrations\/\"},{\"@type\":\"ListItem\",\"position\":4,\"name\":\"Marketplace\"}]},{\"@type\":\"WebSite\",\"@id\":\"https:\/\/b2field.com\/es\/#website\",\"url\":\"https:\/\/b2field.com\/es\/\",\"name\":\"B2Field\",\"description\":\"\",\"potentialAction\":[{\"@type\":\"SearchAction\",\"target\":{\"@type\":\"EntryPoint\",\"urlTemplate\":\"https:\/\/b2field.com\/es\/?s={search_term_string}\"},\"query-input\":{\"@type\":\"PropertyValueSpecification\",\"valueRequired\":true,\"valueName\":\"search_term_string\"}}],\"inLanguage\":\"es\"}]}<\/script>\n<!-- \/ Yoast SEO plugin. -->","yoast_head_json":{"title":"Marketplace &#8211; B2Field","description":"Convertir \u00f3rdenes a tareas en una sola aplicaci\u00f3n. Planificaci\u00f3n efectiva de la jornada laboral del equipo de trabajo m\u00f3vil. Distribuya tareas urgentes sin demora.","robots":{"index":"index","follow":"follow","max-snippet":"max-snippet:-1","max-image-preview":"max-image-preview:large","max-video-preview":"max-video-preview:-1"},"canonical":"https:\/\/b2field.com\/es\/features\/integrations\/marketplace\/","og_locale":"es_ES","og_type":"article","og_title":"Marketplace &#8211; B2Field","og_description":"Convertir \u00f3rdenes a tareas en una sola aplicaci\u00f3n. Planificaci\u00f3n efectiva de la jornada laboral del equipo de trabajo m\u00f3vil. Distribuya tareas urgentes sin demora.","og_url":"https:\/\/b2field.com\/es\/features\/integrations\/marketplace\/","og_site_name":"B2Field","article_publisher":"https:\/\/www.facebook.com\/B2Field\/","article_modified_time":"2021-03-04T07:10:16+00:00","twitter_card":"summary_large_image","twitter_misc":{"Tiempo de lectura":"2 minutos"},"schema":{"@context":"https:\/\/schema.org","@graph":[{"@type":"WebPage","@id":"https:\/\/b2field.com\/es\/features\/integrations\/marketplace\/","url":"https:\/\/b2field.com\/es\/features\/integrations\/marketplace\/","name":"Marketplace &#8211; B2Field","isPartOf":{"@id":"https:\/\/b2field.com\/es\/#website"},"datePublished":"2019-06-07T12:04:00+00:00","dateModified":"2021-03-04T07:10:16+00:00","description":"Convertir \u00f3rdenes a tareas en una sola aplicaci\u00f3n. Planificaci\u00f3n efectiva de la jornada laboral del equipo de trabajo m\u00f3vil. Distribuya tareas urgentes sin demora.","breadcrumb":{"@id":"https:\/\/b2field.com\/es\/features\/integrations\/marketplace\/#breadcrumb"},"inLanguage":"es","potentialAction":[{"@type":"ReadAction","target":["https:\/\/b2field.com\/es\/features\/integrations\/marketplace\/"]}]},{"@type":"BreadcrumbList","@id":"https:\/\/b2field.com\/es\/features\/integrations\/marketplace\/#breadcrumb","itemListElement":[{"@type":"ListItem","position":1,"name":"Home","item":"https:\/\/b2field.com\/es\/"},{"@type":"ListItem","position":2,"name":"Caracter\u00edsticas","item":"https:\/\/b2field.com\/es\/?page_id=1846"},{"@type":"ListItem","position":3,"name":"Automatizaci\u00f3n de la fuerza de campo","item":"https:\/\/b2field.com\/es\/features\/integrations\/"},{"@type":"ListItem","position":4,"name":"Marketplace"}]},{"@type":"WebSite","@id":"https:\/\/b2field.com\/es\/#website","url":"https:\/\/b2field.com\/es\/","name":"B2Field","description":"","potentialAction":[{"@type":"SearchAction","target":{"@type":"EntryPoint","urlTemplate":"https:\/\/b2field.com\/es\/?s={search_term_string}"},"query-input":{"@type":"PropertyValueSpecification","valueRequired":true,"valueName":"search_term_string"}}],"inLanguage":"es"}]}},"_links":{"self":[{"href":"https:\/\/b2field.com\/es\/wp-json\/wp\/v2\/pages\/8315","targetHints":{"allow":["GET"]}}],"collection":[{"href":"https:\/\/b2field.com\/es\/wp-json\/wp\/v2\/pages"}],"about":[{"href":"https:\/\/b2field.com\/es\/wp-json\/wp\/v2\/types\/page"}],"author":[{"embeddable":true,"href":"https:\/\/b2field.com\/es\/wp-json\/wp\/v2\/users\/8"}],"replies":[{"embeddable":true,"href":"https:\/\/b2field.com\/es\/wp-json\/wp\/v2\/comments?post=8315"}],"version-history":[{"count":10,"href":"https:\/\/b2field.com\/es\/wp-json\/wp\/v2\/pages\/8315\/revisions"}],"predecessor-version":[{"id":11762,"href":"https:\/\/b2field.com\/es\/wp-json\/wp\/v2\/pages\/8315\/revisions\/11762"}],"up":[{"embeddable":true,"href":"https:\/\/b2field.com\/es\/wp-json\/wp\/v2\/pages\/1841"}],"wp:attachment":[{"href":"https:\/\/b2field.com\/es\/wp-json\/wp\/v2\/media?parent=8315"}],"curies":[{"name":"wp","href":"https:\/\/api.w.org\/{rel}","templated":true}]}}