{"id":8318,"date":"2019-06-14T09:13:20","date_gmt":"2019-06-14T09:13:20","guid":{"rendered":"http:\/\/api.b2field.com\/features\/integrations\/data-forwarding\/"},"modified":"2021-03-04T07:10:54","modified_gmt":"2021-03-04T07:10:54","slug":"data-forwarding","status":"publish","type":"page","link":"https:\/\/b2field.com\/es\/features\/integrations\/data-forwarding\/","title":{"rendered":"Retransmisi\u00f3n de datos"},"content":{"rendered":"<div class=\"wpb-content-wrapper\"><p>[vc_row full_width=&#8221;stretch_row&#8221; css=&#8221;.vc_custom_1614841848823{padding-top: 120px !important;background-image: url(https:\/\/b2field.com\/wp-content\/uploads\/2019\/06\/integrations-data-forwarding_header-bg.jpg?id=7190) !important;background-position: center !important;background-repeat: no-repeat !important;background-size: cover !important;}&#8221; el_class=&#8221;features-header&#8221;][vc_column][vc_single_image source=&#8221;external_link&#8221; custom_src=&#8221;\/wp-content\/uploads\/2019\/06\/integrations-data-forwarding-header-img.png&#8221; el_class=&#8221;features-header-img features-header-img_integrations-data-forwarding&#8221;][vc_row_inner css=&#8221;.vc_custom_1550139488172{padding-right: 0px !important;padding-left: 0px !important;}&#8221;][vc_column_inner width=&#8221;1\/6&#8243;][\/vc_column_inner][vc_column_inner el_class=&#8221;max-560&#8243; width=&#8221;5\/6&#8243; css=&#8221;.vc_custom_1560503937346{padding-left: 45px !important;}&#8221;][vc_column_text css=&#8221;.vc_custom_1562566472911{margin-bottom: 15px !important;}&#8221;]<\/p>\n<h1>Retransmisi\u00f3n de datos<\/h1>\n<p>[\/vc_column_text][\/vc_column_inner][\/vc_row_inner][vc_row_inner css=&#8221;.vc_custom_1554894200288{padding-right: 0px !important;padding-bottom: 100px !important;padding-left: 0px !important;}&#8221;][vc_column_inner width=&#8221;1\/6&#8243;][\/vc_column_inner][vc_column_inner el_class=&#8221;text-primary max-460&#8243; width=&#8221;5\/6&#8243; css=&#8221;.vc_custom_1560503942064{padding-left: 45px !important;}&#8221;][vc_column_text]Transfiera datos a sistemas de terceros para integraciones o conforme a las normas legales. Automatice la transferencia de datos sin demora.[\/vc_column_text]<div class='button'>\r\n\t\t<a href='\/es\/signup\/' class='button__url button__url--blue' >VER DEMO<\/a>\r\n\t<\/div>[\/vc_column_inner][\/vc_row_inner][\/vc_column][\/vc_row][vc_row css=&#8221;.vc_custom_1560504179053{padding-top: 200px !important;}&#8221;][vc_column width=&#8221;1\/6&#8243;][\/vc_column][vc_column width=&#8221;5\/12&#8243; css=&#8221;.vc_custom_1550573530124{padding-left: 45px !important;}&#8221; el_class=&#8221;order-md-0&#8243;][vc_single_image source=&#8221;external_link&#8221; custom_src=&#8221;\/wp-content\/uploads\/2019\/07\/integrations-data-forwarding_b1_es-1.png&#8221;][\/vc_column][vc_column width=&#8221;5\/12&#8243; el_class=&#8221;order-md-1&#8243; css=&#8221;.vc_custom_1560504280105{padding-top: 30px !important;}&#8221;][vc_column_text]<\/p>\n<h2>Retransmisi\u00f3n instant\u00e1nea<\/h2>\n<p>[\/vc_column_text][vc_column_text]Env\u00ede la ubicaci\u00f3n y cualquier informaci\u00f3n de B2Field a servicios de terceros como sistemas de log\u00edstica de TI, organismos reguladores o cualquier soluci\u00f3n externa.<\/p>\n<p>La transferencia de datos se realiza en l\u00ednea utilizando formatos especiales y protocolos.[\/vc_column_text][\/vc_column][\/vc_row][vc_row css=&#8221;.vc_custom_1560504953099{padding-top: 110px !important;}&#8221;][vc_column width=&#8221;1\/6&#8243;][\/vc_column][vc_column width=&#8221;5\/12&#8243; css=&#8221;.vc_custom_1560504957653{padding-top: 20px !important;padding-right: 0px !important;padding-left: 45px !important;}&#8221; el_class=&#8221;order-md-1&#8243;][vc_column_text]<\/p>\n<h2>Amplia selecci\u00f3n de opciones<\/h2>\n<p>[\/vc_column_text][vc_column_text css=&#8221;.vc_custom_1562566525943{padding-right: 55px !important;}&#8221;]Env\u00ede datos de cualquier dispositivo a uno o varios servidores a la vez. Agregue el n\u00famero requerido de repetidores y asigne nombres convenientes y claros.<\/p>\n<p>En la actualidad, B2Field admite m\u00e1s de 10 protocolos de transmisi\u00f3n exigidos en Rusia y en el extranjero. Se pueden agregar nuevos protocolos a pedido.[\/vc_column_text][\/vc_column][vc_column width=&#8221;5\/12&#8243; el_class=&#8221;order-md-0&#8243;][vc_single_image source=&#8221;external_link&#8221; custom_src=&#8221;\/wp-content\/uploads\/2019\/06\/integrations-data-forwarding_b2.png&#8221;][\/vc_column][\/vc_row][vc_row css=&#8221;.vc_custom_1560505027307{padding-top: 100px !important;padding-bottom: 130px !important;}&#8221;][vc_column width=&#8221;1\/6&#8243;][\/vc_column][vc_column width=&#8221;5\/12&#8243; el_class=&#8221;order-md-0&#8243; css=&#8221;.vc_custom_1560504777295{padding-right: 45px !important;padding-left: 90px !important;}&#8221;][vc_single_image source=&#8221;external_link&#8221; custom_src=&#8221;\/wp-content\/uploads\/2019\/07\/integrations-data-forwarding_b3_es.png&#8221;][\/vc_column][vc_column width=&#8221;5\/12&#8243; css=&#8221;.vc_custom_1560504820846{padding-top: 100px !important;padding-right: 75px !important;}&#8221; el_class=&#8221;order-md-1&#8243;][vc_column_text]<\/p>\n<h2>Configuraci\u00f3n sencilla<\/h2>\n<p>[\/vc_column_text][vc_column_text]Controle el trabajo de los repetidores con la ayuda de widgets pr\u00e1cticos y visuales. Realice el ajuste una vez, as\u00ed los datos se transmitir\u00e1n en el formato deseado autom\u00e1ticamente.<\/p>\n<p>Ajuste la operaci\u00f3n del repetidor sin abandonar el servicio. Cambie los datos del servidor del destinatario, el nombre del repetidor y su actividad (encendido \/ apagado) en cualquier momento.[\/vc_column_text][\/vc_column][\/vc_row][vc_row full_width=&#8221;stretch_row&#8221; el_class=&#8221;bg-blue-dark features-footer&#8221; css=&#8221;.vc_custom_1594888687004{padding-top: 88px !important;padding-bottom: 71px !important;}&#8221;][vc_column width=&#8221;1\/6&#8243;][\/vc_column][vc_column width=&#8221;5\/6&#8243; el_class=&#8221;max-660&#8243;][vc_single_image source=&#8221;external_link&#8221; custom_src=&#8221;\/wp-content\/uploads\/2019\/08\/features-footer_es.png&#8221; el_class=&#8221;features-footer-img&#8221;][vc_column_text css=&#8221;.vc_custom_1562566553367{margin-bottom: 15px !important;padding-left: 30px !important;}&#8221;]<\/p>\n<h2 style=\"font-size: 30px; letter-spacing: 0;\">Disfrute de una transferencia<br \/>\nde datos perfecta<\/h2>\n<p>[\/vc_column_text][vc_column_text css=&#8221;.vc_custom_1562566563416{margin-bottom: 27px !important;padding-left: 30px !important;}&#8221; el_class=&#8221;font-fira&#8221;]<\/p>\n<p style=\"font-size: 16px; font-weight: 300;\">Pruebe el servicio B2Field ahora mismo o solicite una consulta<br \/>\nsobre la funci\u00f3n &#8220;Retransmisi\u00f3n de datos&#8221; a nuestro experto<\/p>\n<p>[\/vc_column_text][vc_row_inner][vc_column_inner width=&#8221;5\/12&#8243;]<div class='button button--right'>\r\n\t\t<a href='\/es\/signup\/' class='button__url button__url--mint' >VER DEMO<\/a>\r\n\t<\/div>[\/vc_column_inner][vc_column_inner width=&#8221;5\/12&#8243;]<div class='button button--left'>\r\n\t\t<a href='\/es\/signup\/' class='button__url button__url--white' >Registrarse<\/a>\r\n\t<\/div>[\/vc_column_inner][vc_column_inner width=&#8221;1\/6&#8243;][\/vc_column_inner][\/vc_row_inner][\/vc_column][\/vc_row]<\/p>\n<\/div>","protected":false},"excerpt":{"rendered":"<p>[vc_row full_width=&#8221;stretch_row&#8221; css=&#8221;.vc_custom_1614841848823{padding-top: 120px !important;background-image: url(https:\/\/b2field.com\/wp-content\/uploads\/2019\/06\/integrations-data-forwarding_header-bg.jpg?id=7190) !important;background-position: center !important;background-repeat: no-repeat !important;background-size: cover !important;}&#8221; el_class=&#8221;features-header&#8221;][vc_column][vc_single_image source=&#8221;external_link&#8221; custom_src=&#8221;\/wp-content\/uploads\/2019\/06\/integrations-data-forwarding-header-img.png&#8221; el_class=&#8221;features-header-img features-header-img_integrations-data-forwarding&#8221;][vc_row_inner css=&#8221;.vc_custom_1550139488172{padding-right: 0px !important;padding-left: 0px !important;}&#8221;][vc_column_inner width=&#8221;1\/6&#8243;][\/vc_column_inner][vc_column_inner el_class=&#8221;max-560&#8243; width=&#8221;5\/6&#8243; css=&#8221;.vc_custom_1560503937346{padding-left: 45px !important;}&#8221;][vc_column_text css=&#8221;.vc_custom_1562566472911{margin-bottom: 15px !important;}&#8221;] Retransmisi\u00f3n de datos [\/vc_column_text][\/vc_column_inner][\/vc_row_inner][vc_row_inner css=&#8221;.vc_custom_1554894200288{padding-right: 0px !important;padding-bottom: 100px !important;padding-left: 0px !important;}&#8221;][vc_column_inner width=&#8221;1\/6&#8243;][\/vc_column_inner][vc_column_inner el_class=&#8221;text-primary max-460&#8243; width=&#8221;5\/6&#8243; css=&#8221;.vc_custom_1560503942064{padding-left: 45px !important;}&#8221;][vc_column_text]Transfiera datos a sistemas de terceros&#8230;<\/p>\n","protected":false},"author":8,"featured_media":0,"parent":1841,"menu_order":4,"comment_status":"closed","ping_status":"closed","template":"page-features.php","meta":{"_acf_changed":false,"inline_featured_image":false,"footnotes":""},"class_list":["post-8318","page","type-page","status-publish","hentry"],"acf":[],"yoast_head":"<!-- This site is optimized with the Yoast SEO plugin v27.2 - https:\/\/yoast.com\/product\/yoast-seo-wordpress\/ -->\n<title>Retransmisi\u00f3n de datos &#8211; B2Field<\/title>\n<meta name=\"description\" content=\"Retransmisi\u00f3n instant\u00e1nea. Env\u00ede la ubicaci\u00f3n y cualquier informaci\u00f3n de B2Field a servicios de terceros como sistemas de log\u00edstica de TI, organismos reguladores o cualquier soluci\u00f3n externa.\" \/>\n<meta name=\"robots\" content=\"index, follow, max-snippet:-1, max-image-preview:large, max-video-preview:-1\" \/>\n<link rel=\"canonical\" href=\"https:\/\/b2field.com\/es\/features\/integrations\/data-forwarding\/\" \/>\n<meta property=\"og:locale\" content=\"es_ES\" \/>\n<meta property=\"og:type\" content=\"article\" \/>\n<meta property=\"og:title\" content=\"Retransmisi\u00f3n de datos &#8211; B2Field\" \/>\n<meta property=\"og:description\" content=\"Retransmisi\u00f3n instant\u00e1nea. Env\u00ede la ubicaci\u00f3n y cualquier informaci\u00f3n de B2Field a servicios de terceros como sistemas de log\u00edstica de TI, organismos reguladores o cualquier soluci\u00f3n externa.\" \/>\n<meta property=\"og:url\" content=\"https:\/\/b2field.com\/es\/features\/integrations\/data-forwarding\/\" \/>\n<meta property=\"og:site_name\" content=\"B2Field\" \/>\n<meta property=\"article:publisher\" content=\"https:\/\/www.facebook.com\/B2Field\/\" \/>\n<meta property=\"article:modified_time\" content=\"2021-03-04T07:10:54+00:00\" \/>\n<meta name=\"twitter:card\" content=\"summary_large_image\" \/>\n<meta name=\"twitter:label1\" content=\"Tiempo de lectura\" \/>\n\t<meta name=\"twitter:data1\" content=\"2 minutos\" \/>\n<script type=\"application\/ld+json\" class=\"yoast-schema-graph\">{\"@context\":\"https:\/\/schema.org\",\"@graph\":[{\"@type\":\"WebPage\",\"@id\":\"https:\/\/b2field.com\/es\/features\/integrations\/data-forwarding\/\",\"url\":\"https:\/\/b2field.com\/es\/features\/integrations\/data-forwarding\/\",\"name\":\"Retransmisi\u00f3n de datos &#8211; B2Field\",\"isPartOf\":{\"@id\":\"https:\/\/b2field.com\/es\/#website\"},\"datePublished\":\"2019-06-14T09:13:20+00:00\",\"dateModified\":\"2021-03-04T07:10:54+00:00\",\"description\":\"Retransmisi\u00f3n instant\u00e1nea. Env\u00ede la ubicaci\u00f3n y cualquier informaci\u00f3n de B2Field a servicios de terceros como sistemas de log\u00edstica de TI, organismos reguladores o cualquier soluci\u00f3n externa.\",\"breadcrumb\":{\"@id\":\"https:\/\/b2field.com\/es\/features\/integrations\/data-forwarding\/#breadcrumb\"},\"inLanguage\":\"es\",\"potentialAction\":[{\"@type\":\"ReadAction\",\"target\":[\"https:\/\/b2field.com\/es\/features\/integrations\/data-forwarding\/\"]}]},{\"@type\":\"BreadcrumbList\",\"@id\":\"https:\/\/b2field.com\/es\/features\/integrations\/data-forwarding\/#breadcrumb\",\"itemListElement\":[{\"@type\":\"ListItem\",\"position\":1,\"name\":\"Home\",\"item\":\"https:\/\/b2field.com\/es\/\"},{\"@type\":\"ListItem\",\"position\":2,\"name\":\"Caracter\u00edsticas\",\"item\":\"https:\/\/b2field.com\/es\/?page_id=1846\"},{\"@type\":\"ListItem\",\"position\":3,\"name\":\"Automatizaci\u00f3n de la fuerza de campo\",\"item\":\"https:\/\/b2field.com\/es\/features\/integrations\/\"},{\"@type\":\"ListItem\",\"position\":4,\"name\":\"Retransmisi\u00f3n de datos\"}]},{\"@type\":\"WebSite\",\"@id\":\"https:\/\/b2field.com\/es\/#website\",\"url\":\"https:\/\/b2field.com\/es\/\",\"name\":\"B2Field\",\"description\":\"\",\"potentialAction\":[{\"@type\":\"SearchAction\",\"target\":{\"@type\":\"EntryPoint\",\"urlTemplate\":\"https:\/\/b2field.com\/es\/?s={search_term_string}\"},\"query-input\":{\"@type\":\"PropertyValueSpecification\",\"valueRequired\":true,\"valueName\":\"search_term_string\"}}],\"inLanguage\":\"es\"}]}<\/script>\n<!-- \/ Yoast SEO plugin. -->","yoast_head_json":{"title":"Retransmisi\u00f3n de datos &#8211; B2Field","description":"Retransmisi\u00f3n instant\u00e1nea. Env\u00ede la ubicaci\u00f3n y cualquier informaci\u00f3n de B2Field a servicios de terceros como sistemas de log\u00edstica de TI, organismos reguladores o cualquier soluci\u00f3n externa.","robots":{"index":"index","follow":"follow","max-snippet":"max-snippet:-1","max-image-preview":"max-image-preview:large","max-video-preview":"max-video-preview:-1"},"canonical":"https:\/\/b2field.com\/es\/features\/integrations\/data-forwarding\/","og_locale":"es_ES","og_type":"article","og_title":"Retransmisi\u00f3n de datos &#8211; B2Field","og_description":"Retransmisi\u00f3n instant\u00e1nea. Env\u00ede la ubicaci\u00f3n y cualquier informaci\u00f3n de B2Field a servicios de terceros como sistemas de log\u00edstica de TI, organismos reguladores o cualquier soluci\u00f3n externa.","og_url":"https:\/\/b2field.com\/es\/features\/integrations\/data-forwarding\/","og_site_name":"B2Field","article_publisher":"https:\/\/www.facebook.com\/B2Field\/","article_modified_time":"2021-03-04T07:10:54+00:00","twitter_card":"summary_large_image","twitter_misc":{"Tiempo de lectura":"2 minutos"},"schema":{"@context":"https:\/\/schema.org","@graph":[{"@type":"WebPage","@id":"https:\/\/b2field.com\/es\/features\/integrations\/data-forwarding\/","url":"https:\/\/b2field.com\/es\/features\/integrations\/data-forwarding\/","name":"Retransmisi\u00f3n de datos &#8211; B2Field","isPartOf":{"@id":"https:\/\/b2field.com\/es\/#website"},"datePublished":"2019-06-14T09:13:20+00:00","dateModified":"2021-03-04T07:10:54+00:00","description":"Retransmisi\u00f3n instant\u00e1nea. Env\u00ede la ubicaci\u00f3n y cualquier informaci\u00f3n de B2Field a servicios de terceros como sistemas de log\u00edstica de TI, organismos reguladores o cualquier soluci\u00f3n externa.","breadcrumb":{"@id":"https:\/\/b2field.com\/es\/features\/integrations\/data-forwarding\/#breadcrumb"},"inLanguage":"es","potentialAction":[{"@type":"ReadAction","target":["https:\/\/b2field.com\/es\/features\/integrations\/data-forwarding\/"]}]},{"@type":"BreadcrumbList","@id":"https:\/\/b2field.com\/es\/features\/integrations\/data-forwarding\/#breadcrumb","itemListElement":[{"@type":"ListItem","position":1,"name":"Home","item":"https:\/\/b2field.com\/es\/"},{"@type":"ListItem","position":2,"name":"Caracter\u00edsticas","item":"https:\/\/b2field.com\/es\/?page_id=1846"},{"@type":"ListItem","position":3,"name":"Automatizaci\u00f3n de la fuerza de campo","item":"https:\/\/b2field.com\/es\/features\/integrations\/"},{"@type":"ListItem","position":4,"name":"Retransmisi\u00f3n de datos"}]},{"@type":"WebSite","@id":"https:\/\/b2field.com\/es\/#website","url":"https:\/\/b2field.com\/es\/","name":"B2Field","description":"","potentialAction":[{"@type":"SearchAction","target":{"@type":"EntryPoint","urlTemplate":"https:\/\/b2field.com\/es\/?s={search_term_string}"},"query-input":{"@type":"PropertyValueSpecification","valueRequired":true,"valueName":"search_term_string"}}],"inLanguage":"es"}]}},"_links":{"self":[{"href":"https:\/\/b2field.com\/es\/wp-json\/wp\/v2\/pages\/8318","targetHints":{"allow":["GET"]}}],"collection":[{"href":"https:\/\/b2field.com\/es\/wp-json\/wp\/v2\/pages"}],"about":[{"href":"https:\/\/b2field.com\/es\/wp-json\/wp\/v2\/types\/page"}],"author":[{"embeddable":true,"href":"https:\/\/b2field.com\/es\/wp-json\/wp\/v2\/users\/8"}],"replies":[{"embeddable":true,"href":"https:\/\/b2field.com\/es\/wp-json\/wp\/v2\/comments?post=8318"}],"version-history":[{"count":10,"href":"https:\/\/b2field.com\/es\/wp-json\/wp\/v2\/pages\/8318\/revisions"}],"predecessor-version":[{"id":11763,"href":"https:\/\/b2field.com\/es\/wp-json\/wp\/v2\/pages\/8318\/revisions\/11763"}],"up":[{"embeddable":true,"href":"https:\/\/b2field.com\/es\/wp-json\/wp\/v2\/pages\/1841"}],"wp:attachment":[{"href":"https:\/\/b2field.com\/es\/wp-json\/wp\/v2\/media?parent=8318"}],"curies":[{"name":"wp","href":"https:\/\/api.w.org\/{rel}","templated":true}]}}