{"id":8374,"date":"2019-06-07T11:17:25","date_gmt":"2019-06-07T11:17:25","guid":{"rendered":"http:\/\/api.b2field.com\/features\/tasks\/planning\/"},"modified":"2021-03-04T08:27:02","modified_gmt":"2021-03-04T08:27:02","slug":"planning","status":"publish","type":"page","link":"https:\/\/b2field.com\/es\/features\/tasks\/planning\/","title":{"rendered":"Planificaci\u00f3n efectiva"},"content":{"rendered":"<div class=\"wpb-content-wrapper\"><p>[vc_row full_width=&#8221;stretch_row&#8221; css=&#8221;.vc_custom_1614846419143{padding-top: 135px !important;background-image: url(https:\/\/b2field.com\/wp-content\/uploads\/2019\/08\/task_work-orders_header-bg_es.jpg?id=9150) !important;background-position: center !important;background-repeat: no-repeat !important;background-size: cover !important;}&#8221; el_class=&#8221;features-header&#8221;][vc_column][vc_single_image source=&#8221;external_link&#8221; custom_src=&#8221;\/wp-content\/uploads\/2019\/08\/task_work-orders_header-img_es.png&#8221; el_class=&#8221;features-header-img features-header-img_tasks-planning&#8221;][vc_row_inner css=&#8221;.vc_custom_1550139488172{padding-right: 0px !important;padding-left: 0px !important;}&#8221;][vc_column_inner width=&#8221;1\/6&#8243;][\/vc_column_inner][vc_column_inner el_class=&#8221;max-660&#8243; width=&#8221;5\/6&#8243; css=&#8221;.vc_custom_1559890423614{padding-left: 45px !important;}&#8221;][vc_column_text css=&#8221;.vc_custom_1562749465847{margin-bottom: 15px !important;}&#8221;]<\/p>\n<h1>Implementaci\u00f3n eficaz<br \/>\nde pedidos<\/h1>\n<p>[\/vc_column_text][\/vc_column_inner][\/vc_row_inner][vc_row_inner css=&#8221;.vc_custom_1559890718381{padding-right: 0px !important;padding-bottom: 115px !important;padding-left: 0px !important;}&#8221;][vc_column_inner width=&#8221;1\/6&#8243;][\/vc_column_inner][vc_column_inner el_class=&#8221;text-primary max-460&#8243; width=&#8221;5\/6&#8243; css=&#8221;.vc_custom_1559907581562{padding-left: 45px !important;}&#8221;][vc_column_text]Utilice B2Field para asignar \u00f3rdenes de manera efectiva y convertir los encargos en tareas simples. Supervise el cumpliemiento de las tareas de forma f\u00e1cil y oportuna.[\/vc_column_text]<div class='button'>\r\n\t\t<a href='\/es\/signup\/' class='button__url button__url--blue' >VER DEMO<\/a>\r\n\t<\/div>[\/vc_column_inner][\/vc_row_inner][\/vc_column][\/vc_row][vc_row css=&#8221;.vc_custom_1559891490642{padding-top: 150px !important;}&#8221;][vc_column width=&#8221;1\/6&#8243;][\/vc_column][vc_column width=&#8221;5\/12&#8243; css=&#8221;.vc_custom_1559891427519{padding-top: 40px !important;padding-left: 45px !important;}&#8221; el_class=&#8221;order-md-1&#8243;][vc_column_text]<\/p>\n<h2>Asignaci\u00f3n instant\u00e1nea de tareas<\/h2>\n<p>[\/vc_column_text][vc_column_text]Emplee el despacho autom\u00e1tico de trabajos en funci\u00f3n de la proximidad. No pierda tiempo en tareas imprevistas, encuentre on line a los trabajadores disponibles m\u00e1s cercanos en el mapa.<\/p>\n<p>Deje que sus empleados lleguen al sitio de forma m\u00e1s r\u00e1pida y tengan m\u00e1s tiempo para completar el trabajo.[\/vc_column_text][\/vc_column][vc_column width=&#8221;5\/12&#8243; el_class=&#8221;order-md-0&#8243;][vc_single_image source=&#8221;external_link&#8221; custom_src=&#8221;\/wp-content\/uploads\/2019\/08\/task_work-orders_b1_es.png&#8221;][\/vc_column][\/vc_row][vc_row css=&#8221;.vc_custom_1559891714606{padding-top: 50px !important;}&#8221;][vc_column width=&#8221;1\/6&#8243;][\/vc_column][vc_column width=&#8221;5\/12&#8243; css=&#8221;.vc_custom_1550573530124{padding-left: 45px !important;}&#8221; el_class=&#8221;order-md-0&#8243;][vc_single_image source=&#8221;external_link&#8221; custom_src=&#8221;\/wp-content\/uploads\/2019\/08\/task_work-orders_b2_es.png&#8221;][\/vc_column][vc_column width=&#8221;5\/12&#8243; el_class=&#8221;order-md-1&#8243; css=&#8221;.vc_custom_1559891644107{padding-top: 100px !important;}&#8221;][vc_column_text]<\/p>\n<h2>Planificaci\u00f3n efectiva<\/h2>\n<p>[\/vc_column_text][vc_column_text]Haga uso de herramientas eficaces y flexibles para una excelente planificaci\u00f3n. Programe trabajos en funci\u00f3n del conjunto de habilidades y experiencia de un empleado para asegurarse de que el trabajo se realice correctamente.<\/p>\n<p>Calcule el alcance del trabajo y designe el n\u00famero exacto de trabajadores necesarios. No escatime en recursos y proporcione un excelente servicio al cliente.[\/vc_column_text][\/vc_column][\/vc_row][vc_row css=&#8221;.vc_custom_1559892156313{padding-top: 80px !important;padding-bottom: 100px !important;}&#8221;][vc_column width=&#8221;1\/6&#8243;][\/vc_column][vc_column width=&#8221;5\/12&#8243; css=&#8221;.vc_custom_1559891773570{padding-top: 80px !important;padding-left: 45px !important;}&#8221; el_class=&#8221;order-md-1&#8243;][vc_column_text]<\/p>\n<h2>Equipo perfectamente coordinado<\/h2>\n<p>[\/vc_column_text][vc_column_text]Habilite informes instant\u00e1neos a trav\u00e9s del chat integrado en la aplicaci\u00f3n, formularios m\u00f3viles o notificaciones. Mant\u00e9ngase al tanto de las operaciones de campo; aseg\u00farese de que se cumplan todos los plazos y de que todos los clientes est\u00e9n satisfechos.<\/p>\n<p>Cuando suceda lo inesperado, resuelva la situaci\u00f3n con de forma inteligente y eficiente. Encuentre los reemplazos m\u00e1s cercanos y que mejor se adapten al trabajo. Todos los detalles del sitio se enviar\u00e1n inmediatamente a su dispositivo m\u00f3vil.[\/vc_column_text][\/vc_column][vc_column width=&#8221;5\/12&#8243; el_class=&#8221;order-md-0&#8243;][vc_single_image source=&#8221;external_link&#8221; custom_src=&#8221;\/wp-content\/uploads\/2019\/08\/task_work-orders_b3_es.png&#8221;][\/vc_column][\/vc_row][vc_row full_width=&#8221;stretch_row&#8221; el_class=&#8221;bg-blue-dark features-footer&#8221; css=&#8221;.vc_custom_1594891966104{padding-top: 88px !important;padding-bottom: 71px !important;}&#8221;][vc_column width=&#8221;1\/6&#8243;][\/vc_column][vc_column width=&#8221;5\/6&#8243; el_class=&#8221;max-660&#8243;][vc_single_image source=&#8221;external_link&#8221; custom_src=&#8221;\/wp-content\/uploads\/2019\/08\/features-footer_es.png&#8221; el_class=&#8221;features-footer-img&#8221;][vc_column_text css=&#8221;.vc_custom_1562749356566{margin-bottom: 15px !important;padding-left: 30px !important;}&#8221;]<\/p>\n<h2 style=\"font-size: 30px; letter-spacing: 0;\">Disfrute de un excelente trabajo<br \/>\nen equipo con B2Field<\/h2>\n<p>[\/vc_column_text][vc_column_text css=&#8221;.vc_custom_1562749384215{margin-bottom: 27px !important;padding-left: 30px !important;}&#8221; el_class=&#8221;font-fira&#8221;]<\/p>\n<p style=\"font-size: 16px; font-weight: 300;\">Comience a utilizar B2Field hoy mismo, deje que nuestros especialistas<br \/>\nlo gu\u00eden para tener una excelente planificaci\u00f3n y programaci\u00f3n<\/p>\n<p>[\/vc_column_text][vc_row_inner][vc_column_inner width=&#8221;5\/12&#8243;]<div class='button button--right'>\r\n\t\t<a href='\/es\/signup\/' class='button__url button__url--mint' >VER DEMO<\/a>\r\n\t<\/div>[\/vc_column_inner][vc_column_inner width=&#8221;5\/12&#8243;]<div class='button button--left'>\r\n\t\t<a href='\/es\/signup\/' class='button__url button__url--white' >Registrarse<\/a>\r\n\t<\/div>[\/vc_column_inner][vc_column_inner width=&#8221;1\/6&#8243;][\/vc_column_inner][\/vc_row_inner][\/vc_column][\/vc_row]<\/p>\n<\/div>","protected":false},"excerpt":{"rendered":"<p>[vc_row full_width=&#8221;stretch_row&#8221; css=&#8221;.vc_custom_1614846419143{padding-top: 135px !important;background-image: url(https:\/\/b2field.com\/wp-content\/uploads\/2019\/08\/task_work-orders_header-bg_es.jpg?id=9150) !important;background-position: center !important;background-repeat: no-repeat !important;background-size: cover !important;}&#8221; el_class=&#8221;features-header&#8221;][vc_column][vc_single_image source=&#8221;external_link&#8221; custom_src=&#8221;\/wp-content\/uploads\/2019\/08\/task_work-orders_header-img_es.png&#8221; el_class=&#8221;features-header-img features-header-img_tasks-planning&#8221;][vc_row_inner css=&#8221;.vc_custom_1550139488172{padding-right: 0px !important;padding-left: 0px !important;}&#8221;][vc_column_inner width=&#8221;1\/6&#8243;][\/vc_column_inner][vc_column_inner el_class=&#8221;max-660&#8243; width=&#8221;5\/6&#8243; css=&#8221;.vc_custom_1559890423614{padding-left: 45px !important;}&#8221;][vc_column_text css=&#8221;.vc_custom_1562749465847{margin-bottom: 15px !important;}&#8221;] Implementaci\u00f3n eficaz de pedidos [\/vc_column_text][\/vc_column_inner][\/vc_row_inner][vc_row_inner css=&#8221;.vc_custom_1559890718381{padding-right: 0px !important;padding-bottom: 115px !important;padding-left: 0px !important;}&#8221;][vc_column_inner width=&#8221;1\/6&#8243;][\/vc_column_inner][vc_column_inner el_class=&#8221;text-primary max-460&#8243; width=&#8221;5\/6&#8243; css=&#8221;.vc_custom_1559907581562{padding-left: 45px !important;}&#8221;][vc_column_text]Utilice B2Field para asignar \u00f3rdenes&#8230;<\/p>\n","protected":false},"author":8,"featured_media":0,"parent":1891,"menu_order":3,"comment_status":"closed","ping_status":"closed","template":"page-features.php","meta":{"_acf_changed":false,"inline_featured_image":false,"footnotes":""},"class_list":["post-8374","page","type-page","status-publish","hentry"],"acf":[],"yoast_head":"<!-- This site is optimized with the Yoast SEO plugin v27.2 - https:\/\/yoast.com\/product\/yoast-seo-wordpress\/ -->\n<title>Planificaci\u00f3n efectiva &#8211; B2Field<\/title>\n<meta name=\"description\" content=\"Utilice B2Field para asignar \u00f3rdenes de manera efectiva y convertir los encargos en tareas simples. Supervise el cumpliemiento de las tareas de forma f\u00e1cil y oportuna.\" \/>\n<meta name=\"robots\" content=\"index, follow, max-snippet:-1, max-image-preview:large, max-video-preview:-1\" \/>\n<link rel=\"canonical\" href=\"https:\/\/b2field.com\/es\/features\/tasks\/planning\/\" \/>\n<meta property=\"og:locale\" content=\"es_ES\" \/>\n<meta property=\"og:type\" content=\"article\" \/>\n<meta property=\"og:title\" content=\"Planificaci\u00f3n efectiva &#8211; B2Field\" \/>\n<meta property=\"og:description\" content=\"Utilice B2Field para asignar \u00f3rdenes de manera efectiva y convertir los encargos en tareas simples. Supervise el cumpliemiento de las tareas de forma f\u00e1cil y oportuna.\" \/>\n<meta property=\"og:url\" content=\"https:\/\/b2field.com\/es\/features\/tasks\/planning\/\" \/>\n<meta property=\"og:site_name\" content=\"B2Field\" \/>\n<meta property=\"article:publisher\" content=\"https:\/\/www.facebook.com\/B2Field\/\" \/>\n<meta property=\"article:modified_time\" content=\"2021-03-04T08:27:02+00:00\" \/>\n<meta name=\"twitter:card\" content=\"summary_large_image\" \/>\n<meta name=\"twitter:label1\" content=\"Tiempo de lectura\" \/>\n\t<meta name=\"twitter:data1\" content=\"2 minutos\" \/>\n<script type=\"application\/ld+json\" class=\"yoast-schema-graph\">{\"@context\":\"https:\/\/schema.org\",\"@graph\":[{\"@type\":\"WebPage\",\"@id\":\"https:\/\/b2field.com\/es\/features\/tasks\/planning\/\",\"url\":\"https:\/\/b2field.com\/es\/features\/tasks\/planning\/\",\"name\":\"Planificaci\u00f3n efectiva &#8211; B2Field\",\"isPartOf\":{\"@id\":\"https:\/\/b2field.com\/es\/#website\"},\"datePublished\":\"2019-06-07T11:17:25+00:00\",\"dateModified\":\"2021-03-04T08:27:02+00:00\",\"description\":\"Utilice B2Field para asignar \u00f3rdenes de manera efectiva y convertir los encargos en tareas simples. Supervise el cumpliemiento de las tareas de forma f\u00e1cil y oportuna.\",\"breadcrumb\":{\"@id\":\"https:\/\/b2field.com\/es\/features\/tasks\/planning\/#breadcrumb\"},\"inLanguage\":\"es\",\"potentialAction\":[{\"@type\":\"ReadAction\",\"target\":[\"https:\/\/b2field.com\/es\/features\/tasks\/planning\/\"]}]},{\"@type\":\"BreadcrumbList\",\"@id\":\"https:\/\/b2field.com\/es\/features\/tasks\/planning\/#breadcrumb\",\"itemListElement\":[{\"@type\":\"ListItem\",\"position\":1,\"name\":\"Home\",\"item\":\"https:\/\/b2field.com\/es\/\"},{\"@type\":\"ListItem\",\"position\":2,\"name\":\"Caracter\u00edsticas\",\"item\":\"https:\/\/b2field.com\/es\/?page_id=1846\"},{\"@type\":\"ListItem\",\"position\":3,\"name\":\"Despacho de tareas y an\u00e1lisis de los KPIs\",\"item\":\"https:\/\/b2field.com\/es\/features\/tasks\/\"},{\"@type\":\"ListItem\",\"position\":4,\"name\":\"Planificaci\u00f3n efectiva\"}]},{\"@type\":\"WebSite\",\"@id\":\"https:\/\/b2field.com\/es\/#website\",\"url\":\"https:\/\/b2field.com\/es\/\",\"name\":\"B2Field\",\"description\":\"\",\"potentialAction\":[{\"@type\":\"SearchAction\",\"target\":{\"@type\":\"EntryPoint\",\"urlTemplate\":\"https:\/\/b2field.com\/es\/?s={search_term_string}\"},\"query-input\":{\"@type\":\"PropertyValueSpecification\",\"valueRequired\":true,\"valueName\":\"search_term_string\"}}],\"inLanguage\":\"es\"}]}<\/script>\n<!-- \/ Yoast SEO plugin. -->","yoast_head_json":{"title":"Planificaci\u00f3n efectiva &#8211; B2Field","description":"Utilice B2Field para asignar \u00f3rdenes de manera efectiva y convertir los encargos en tareas simples. Supervise el cumpliemiento de las tareas de forma f\u00e1cil y oportuna.","robots":{"index":"index","follow":"follow","max-snippet":"max-snippet:-1","max-image-preview":"max-image-preview:large","max-video-preview":"max-video-preview:-1"},"canonical":"https:\/\/b2field.com\/es\/features\/tasks\/planning\/","og_locale":"es_ES","og_type":"article","og_title":"Planificaci\u00f3n efectiva &#8211; B2Field","og_description":"Utilice B2Field para asignar \u00f3rdenes de manera efectiva y convertir los encargos en tareas simples. Supervise el cumpliemiento de las tareas de forma f\u00e1cil y oportuna.","og_url":"https:\/\/b2field.com\/es\/features\/tasks\/planning\/","og_site_name":"B2Field","article_publisher":"https:\/\/www.facebook.com\/B2Field\/","article_modified_time":"2021-03-04T08:27:02+00:00","twitter_card":"summary_large_image","twitter_misc":{"Tiempo de lectura":"2 minutos"},"schema":{"@context":"https:\/\/schema.org","@graph":[{"@type":"WebPage","@id":"https:\/\/b2field.com\/es\/features\/tasks\/planning\/","url":"https:\/\/b2field.com\/es\/features\/tasks\/planning\/","name":"Planificaci\u00f3n efectiva &#8211; B2Field","isPartOf":{"@id":"https:\/\/b2field.com\/es\/#website"},"datePublished":"2019-06-07T11:17:25+00:00","dateModified":"2021-03-04T08:27:02+00:00","description":"Utilice B2Field para asignar \u00f3rdenes de manera efectiva y convertir los encargos en tareas simples. Supervise el cumpliemiento de las tareas de forma f\u00e1cil y oportuna.","breadcrumb":{"@id":"https:\/\/b2field.com\/es\/features\/tasks\/planning\/#breadcrumb"},"inLanguage":"es","potentialAction":[{"@type":"ReadAction","target":["https:\/\/b2field.com\/es\/features\/tasks\/planning\/"]}]},{"@type":"BreadcrumbList","@id":"https:\/\/b2field.com\/es\/features\/tasks\/planning\/#breadcrumb","itemListElement":[{"@type":"ListItem","position":1,"name":"Home","item":"https:\/\/b2field.com\/es\/"},{"@type":"ListItem","position":2,"name":"Caracter\u00edsticas","item":"https:\/\/b2field.com\/es\/?page_id=1846"},{"@type":"ListItem","position":3,"name":"Despacho de tareas y an\u00e1lisis de los KPIs","item":"https:\/\/b2field.com\/es\/features\/tasks\/"},{"@type":"ListItem","position":4,"name":"Planificaci\u00f3n efectiva"}]},{"@type":"WebSite","@id":"https:\/\/b2field.com\/es\/#website","url":"https:\/\/b2field.com\/es\/","name":"B2Field","description":"","potentialAction":[{"@type":"SearchAction","target":{"@type":"EntryPoint","urlTemplate":"https:\/\/b2field.com\/es\/?s={search_term_string}"},"query-input":{"@type":"PropertyValueSpecification","valueRequired":true,"valueName":"search_term_string"}}],"inLanguage":"es"}]}},"_links":{"self":[{"href":"https:\/\/b2field.com\/es\/wp-json\/wp\/v2\/pages\/8374","targetHints":{"allow":["GET"]}}],"collection":[{"href":"https:\/\/b2field.com\/es\/wp-json\/wp\/v2\/pages"}],"about":[{"href":"https:\/\/b2field.com\/es\/wp-json\/wp\/v2\/types\/page"}],"author":[{"embeddable":true,"href":"https:\/\/b2field.com\/es\/wp-json\/wp\/v2\/users\/8"}],"replies":[{"embeddable":true,"href":"https:\/\/b2field.com\/es\/wp-json\/wp\/v2\/comments?post=8374"}],"version-history":[{"count":8,"href":"https:\/\/b2field.com\/es\/wp-json\/wp\/v2\/pages\/8374\/revisions"}],"predecessor-version":[{"id":11767,"href":"https:\/\/b2field.com\/es\/wp-json\/wp\/v2\/pages\/8374\/revisions\/11767"}],"up":[{"embeddable":true,"href":"https:\/\/b2field.com\/es\/wp-json\/wp\/v2\/pages\/1891"}],"wp:attachment":[{"href":"https:\/\/b2field.com\/es\/wp-json\/wp\/v2\/media?parent=8374"}],"curies":[{"name":"wp","href":"https:\/\/api.w.org\/{rel}","templated":true}]}}