{"id":8383,"date":"2019-06-14T10:31:57","date_gmt":"2019-06-14T10:31:57","guid":{"rendered":"http:\/\/api.b2field.com\/features\/tasks\/analytics\/"},"modified":"2024-10-21T03:23:36","modified_gmt":"2024-10-21T03:23:36","slug":"analytics","status":"publish","type":"page","link":"https:\/\/b2field.com\/es\/features\/business-analytics\/analytics\/","title":{"rendered":"Informes en l\u00ednea"},"content":{"rendered":"<div class=\"wpb-content-wrapper\"><p>[vc_row full_width=&#8221;stretch_row&#8221; css=&#8221;.vc_custom_1614846475866{padding-top: 150px !important;background-image: url(https:\/\/b2field.com\/wp-content\/uploads\/2019\/06\/tasks-analytics_header-bg.jpg?id=7230) !important;background-position: center !important;background-repeat: no-repeat !important;background-size: cover !important;}&#8221; el_class=&#8221;features-header&#8221;][vc_column][vc_single_image source=&#8221;external_link&#8221; custom_src=&#8221;\/wp-content\/uploads\/2019\/08\/tasks-analytics_header-img_es.png&#8221; el_class=&#8221;features-header-img features-header-img_tasks-analytics&#8221;][vc_row_inner css=&#8221;.vc_custom_1550139488172{padding-right: 0px !important;padding-left: 0px !important;}&#8221;][vc_column_inner width=&#8221;1\/6&#8243;][\/vc_column_inner][vc_column_inner el_class=&#8221;max-560&#8243; width=&#8221;5\/6&#8243; css=&#8221;.vc_custom_1559893408245{padding-left: 45px !important;}&#8221;][vc_column_text css=&#8221;.vc_custom_1562749571655{margin-bottom: 15px !important;}&#8221;]<\/p>\n<h1>Evaluaci\u00f3n efectiva<br \/>\ndel desempe\u00f1o<\/h1>\n<p>[\/vc_column_text][\/vc_column_inner][\/vc_row_inner][vc_row_inner css=&#8221;.vc_custom_1559894401749{padding-right: 0px !important;padding-bottom: 110px !important;padding-left: 0px !important;}&#8221;][vc_column_inner width=&#8221;1\/6&#8243;][\/vc_column_inner][vc_column_inner el_class=&#8221;text-primary max-460&#8243; width=&#8221;5\/6&#8243; css=&#8221;.vc_custom_1559893411141{padding-left: 45px !important;}&#8221;][vc_column_text css=&#8221;.vc_custom_1562749583350{margin-bottom: 30px !important;}&#8221;]Disfrute de una anal\u00edtica completa para evaluar el rendimiento de las tareas en campo. Compruebe los datos mejorados a trav\u00e9s de tablas y gr\u00e1ficos para cualquier per\u00edodo de tiempo.[\/vc_column_text]<div class='button'>\r\n\t\t<a href='\/es\/signup\/' class='button__url button__url--blue' >VER DEMO<\/a>\r\n\t<\/div>[\/vc_column_inner][\/vc_row_inner][\/vc_column][\/vc_row][vc_row css=&#8221;.vc_custom_1560509129329{padding-top: 135px !important;}&#8221;][vc_column width=&#8221;1\/6&#8243;][\/vc_column][vc_column width=&#8221;5\/12&#8243; css=&#8221;.vc_custom_1550573108412{padding-left: 45px !important;}&#8221; el_class=&#8221;order-md-0&#8243;][vc_single_image source=&#8221;external_link&#8221; custom_src=&#8221;\/wp-content\/uploads\/2019\/08\/tasks-analytics_b1_es.png&#8221;][\/vc_column][vc_column width=&#8221;5\/12&#8243; el_class=&#8221;order-md-1&#8243; css=&#8221;.vc_custom_1560509134622{padding-top: 40px !important;}&#8221;][vc_column_text]<\/p>\n<h2>Productividad puntual<\/h2>\n<p>[\/vc_column_text][vc_column_text]Verifique el progreso de las asignaciones con un solo clic. Compare el rendimiento de los empleados con los valores de referencia para la cantidad de tareas completadas, la duraci\u00f3n de las visitas de los clientes, los retrasos, etc.<\/p>\n<p>Todos los par\u00e1metros principales se pueden ver a trav\u00e9s de gr\u00e1ficos y tablas. Aplique esta funci\u00f3n para datos en tiempo real o anteriores.[\/vc_column_text][\/vc_column][\/vc_row][vc_row css=&#8221;.vc_custom_1559894518936{padding-top: 80px !important;}&#8221;][vc_column width=&#8221;1\/6&#8243;][\/vc_column][vc_column width=&#8221;5\/12&#8243; css=&#8221;.vc_custom_1560509192969{padding-top: 80px !important;padding-left: 45px !important;}&#8221; el_class=&#8221;order-md-1&#8243;][vc_column_text]<\/p>\n<h2>Servicio de primera clase<\/h2>\n<p>[\/vc_column_text][vc_column_text]Mejor servicio al cliente significa una mayor lealtad. Aseg\u00farese de que su equipo tenga un buen desempe\u00f1o con el monitoreo autom\u00e1tico de datos e informes utilizando im\u00e1genes de campo, calificaciones y comentarios de los clientes, etc.<\/p>\n<p>Utilice una anal\u00edtica integral para evaluar el nivel de habilidad de sus especialistas. Mot\u00edvelos a crecer profesionalmente y lograr mejores resultados.[\/vc_column_text][\/vc_column][vc_column width=&#8221;5\/12&#8243; el_class=&#8221;order-md-0&#8243;][vc_single_image source=&#8221;external_link&#8221; custom_src=&#8221;\/wp-content\/uploads\/2019\/08\/tasks-analytics_b2_es.png&#8221;][\/vc_column][\/vc_row][vc_row css=&#8221;.vc_custom_1560509238615{padding-top: 80px !important;}&#8221;][vc_column width=&#8221;1\/6&#8243;][\/vc_column][vc_column width=&#8221;5\/12&#8243; css=&#8221;.vc_custom_1550573108412{padding-left: 45px !important;}&#8221; el_class=&#8221;order-md-0&#8243;][vc_single_image source=&#8221;external_link&#8221; custom_src=&#8221;\/wp-content\/uploads\/2019\/08\/tasks-analytics_b3_es.png&#8221;][\/vc_column][vc_column width=&#8221;5\/12&#8243; el_class=&#8221;order-md-1&#8243; css=&#8221;.vc_custom_1560509246510{padding-top: 60px !important;}&#8221;][vc_column_text]<\/p>\n<h2>KPI exactas<\/h2>\n<p>[\/vc_column_text][vc_column_text]Establezca y revise los KPI individuales para cada empleado o departamento. No deje que ning\u00fan par\u00e1metro pase desapercibido. Siga el alcance de ventas,cuentas por cobrar, n\u00famero de visitas, duraci\u00f3n de viajes \/ visitas, retrasos, etc.<\/p>\n<p>Pruebe las estad\u00edsticas generadas autom\u00e1ticamente para uno o m\u00e1s empleados con ayudas visuales aplicables. Programa el env\u00edo de los datos a se bandeja de entrada para que no se pierda de nada.[\/vc_column_text][\/vc_column][\/vc_row][vc_row css=&#8221;.vc_custom_1560509295515{padding-top: 100px !important;padding-bottom: 100px !important;}&#8221;][vc_column width=&#8221;1\/6&#8243;][\/vc_column][vc_column width=&#8221;5\/6&#8243; css=&#8221;.vc_custom_1559894796946{padding-left: 45px !important;}&#8221;][vc_row_inner css=&#8221;.vc_custom_1560509384585{padding-left: 90px !important;}&#8221;][vc_column_inner width=&#8221;1\/3&#8243;][vc_single_image source=&#8221;external_link&#8221; custom_src=&#8221;\/wp-content\/uploads\/2019\/06\/tasks-analytics_icon1.png&#8221; el_class=&#8221;img-height-50&#8243; css=&#8221;.vc_custom_1560508829872{margin-bottom: 15px !important;}&#8221;][vc_column_text css=&#8221;.vc_custom_1562749681893{margin-bottom: 20px !important;}&#8221;]<\/p>\n<h3>Autom\u00e1tico<\/h3>\n<p>[\/vc_column_text][vc_column_text]Quite la carga de los informes tediosos de sus empleados. Introduzca datos digitales transparentes para que sean generados autom\u00e1ticamente por cualquier gerente o supervisor.[\/vc_column_text][\/vc_column_inner][vc_column_inner width=&#8221;1\/3&#8243;][vc_single_image source=&#8221;external_link&#8221; custom_src=&#8221;\/wp-content\/uploads\/2019\/06\/tasks-analytics_icon2.png&#8221; el_class=&#8221;img-height-50&#8243; css=&#8221;.vc_custom_1560508834679{margin-bottom: 15px !important;}&#8221;][vc_column_text css=&#8221;.vc_custom_1562749688318{margin-bottom: 20px !important;}&#8221;]<\/p>\n<h3>C\u00f3modo<\/h3>\n<p>[\/vc_column_text][vc_column_text]Consulte f\u00e1cilmente los informes sin perderse de nada. Cualquier dato puede guardarse como archivo PDF o XLS y programar su env\u00edo a cualquier correo electr\u00f3nico con la periodicidad que sea necesaria.[\/vc_column_text][\/vc_column_inner][vc_column_inner width=&#8221;1\/3&#8243;][vc_single_image source=&#8221;external_link&#8221; custom_src=&#8221;\/wp-content\/uploads\/2019\/06\/tasks-analytics_icon3.png&#8221; el_class=&#8221;img-height-50&#8243; css=&#8221;.vc_custom_1560508839471{margin-bottom: 15px !important;}&#8221;][vc_column_text css=&#8221;.vc_custom_1562749693381{margin-bottom: 20px !important;}&#8221;]<\/p>\n<h3>Integrado<\/h3>\n<p>[\/vc_column_text][vc_column_text]Incluir informes en el flujo de trabajo corporativo. Compartir datos con cualquier departamento en cuesti\u00f3n, por ejemplo, para calcular la n\u00f3mina y las compensaciones.[\/vc_column_text][\/vc_column_inner][\/vc_row_inner][\/vc_column][\/vc_row][vc_row full_width=&#8221;stretch_row&#8221; el_class=&#8221;bg-blue-dark features-footer&#8221; css=&#8221;.vc_custom_1594892045004{padding-top: 88px !important;padding-bottom: 71px !important;}&#8221;][vc_column width=&#8221;1\/6&#8243;][\/vc_column][vc_column width=&#8221;5\/6&#8243; el_class=&#8221;max-660&#8243;][vc_single_image source=&#8221;external_link&#8221; custom_src=&#8221;\/wp-content\/uploads\/2019\/08\/features-footer_es.png&#8221; el_class=&#8221;features-footer-img&#8221;][vc_column_text css=&#8221;.vc_custom_1562749729591{margin-bottom: 15px !important;padding-left: 30px !important;}&#8221;]<\/p>\n<h2 style=\"font-size: 30px; letter-spacing: 0;\">Disfrute de un excelente trabajo<br \/>\nen equipo con B2Field<\/h2>\n<p>[\/vc_column_text][vc_column_text css=&#8221;.vc_custom_1562749740975{margin-bottom: 27px !important;padding-left: 30px !important;}&#8221; el_class=&#8221;font-fira&#8221;]<\/p>\n<p style=\"font-size: 16px; font-weight: 300;\">Inicie su prueba gratuita y permita que nuestros especialistas<br \/>\nlo gu\u00eden a trav\u00e9s de an\u00e1lisis completos<\/p>\n<p>[\/vc_column_text][vc_row_inner][vc_column_inner width=&#8221;5\/12&#8243;]<div class='button button--right'>\r\n\t\t<a href='\/es\/signup\/' class='button__url button__url--mint' >VER DEMO<\/a>\r\n\t<\/div>[\/vc_column_inner][vc_column_inner width=&#8221;5\/12&#8243;]<div class='button button--left'>\r\n\t\t<a href='\/es\/signup\/' class='button__url button__url--white' >Registrarse<\/a>\r\n\t<\/div>[\/vc_column_inner][vc_column_inner width=&#8221;1\/6&#8243;][\/vc_column_inner][\/vc_row_inner][\/vc_column][\/vc_row]<\/p>\n<\/div>","protected":false},"excerpt":{"rendered":"<p>[vc_row full_width=&#8221;stretch_row&#8221; css=&#8221;.vc_custom_1614846475866{padding-top: 150px !important;background-image: url(https:\/\/b2field.com\/wp-content\/uploads\/2019\/06\/tasks-analytics_header-bg.jpg?id=7230) !important;background-position: center !important;background-repeat: no-repeat !important;background-size: cover !important;}&#8221; el_class=&#8221;features-header&#8221;][vc_column][vc_single_image source=&#8221;external_link&#8221; custom_src=&#8221;\/wp-content\/uploads\/2019\/08\/tasks-analytics_header-img_es.png&#8221; el_class=&#8221;features-header-img features-header-img_tasks-analytics&#8221;][vc_row_inner css=&#8221;.vc_custom_1550139488172{padding-right: 0px !important;padding-left: 0px !important;}&#8221;][vc_column_inner width=&#8221;1\/6&#8243;][\/vc_column_inner][vc_column_inner el_class=&#8221;max-560&#8243; width=&#8221;5\/6&#8243; css=&#8221;.vc_custom_1559893408245{padding-left: 45px !important;}&#8221;][vc_column_text css=&#8221;.vc_custom_1562749571655{margin-bottom: 15px !important;}&#8221;] Evaluaci\u00f3n efectiva del desempe\u00f1o [\/vc_column_text][\/vc_column_inner][\/vc_row_inner][vc_row_inner css=&#8221;.vc_custom_1559894401749{padding-right: 0px !important;padding-bottom: 110px !important;padding-left: 0px !important;}&#8221;][vc_column_inner width=&#8221;1\/6&#8243;][\/vc_column_inner][vc_column_inner el_class=&#8221;text-primary max-460&#8243; width=&#8221;5\/6&#8243; css=&#8221;.vc_custom_1559893411141{padding-left: 45px !important;}&#8221;][vc_column_text css=&#8221;.vc_custom_1562749583350{margin-bottom: 30px !important;}&#8221;]Disfrute de&#8230;<\/p>\n","protected":false},"author":8,"featured_media":0,"parent":1914,"menu_order":4,"comment_status":"closed","ping_status":"closed","template":"page-features.php","meta":{"_acf_changed":false,"inline_featured_image":false,"footnotes":""},"class_list":["post-8383","page","type-page","status-publish","hentry"],"acf":[],"yoast_head":"<!-- This site is optimized with the Yoast SEO plugin v27.2 - https:\/\/yoast.com\/product\/yoast-seo-wordpress\/ -->\n<title>Informes en l\u00ednea &#8211; B2Field<\/title>\n<meta name=\"description\" content=\"Disfrute de una anal\u00edtica completa para evaluar el rendimiento de las tareas en campo. Compruebe los datos mejorados a trav\u00e9s de tablas y gr\u00e1ficos para cualquier per\u00edodo de tiempo.\" \/>\n<meta name=\"robots\" content=\"index, follow, max-snippet:-1, max-image-preview:large, max-video-preview:-1\" \/>\n<link rel=\"canonical\" href=\"https:\/\/b2field.com\/es\/features\/business-analytics\/analytics\/\" \/>\n<meta property=\"og:locale\" content=\"es_ES\" \/>\n<meta property=\"og:type\" content=\"article\" \/>\n<meta property=\"og:title\" content=\"Informes en l\u00ednea &#8211; B2Field\" \/>\n<meta property=\"og:description\" content=\"Disfrute de una anal\u00edtica completa para evaluar el rendimiento de las tareas en campo. Compruebe los datos mejorados a trav\u00e9s de tablas y gr\u00e1ficos para cualquier per\u00edodo de tiempo.\" \/>\n<meta property=\"og:url\" content=\"https:\/\/b2field.com\/es\/features\/business-analytics\/analytics\/\" \/>\n<meta property=\"og:site_name\" content=\"B2Field\" \/>\n<meta property=\"article:publisher\" content=\"https:\/\/www.facebook.com\/B2Field\/\" \/>\n<meta property=\"article:modified_time\" content=\"2024-10-21T03:23:36+00:00\" \/>\n<meta name=\"twitter:card\" content=\"summary_large_image\" \/>\n<meta name=\"twitter:label1\" content=\"Tiempo de lectura\" \/>\n\t<meta name=\"twitter:data1\" content=\"3 minutos\" \/>\n<script type=\"application\/ld+json\" class=\"yoast-schema-graph\">{\"@context\":\"https:\/\/schema.org\",\"@graph\":[{\"@type\":\"WebPage\",\"@id\":\"https:\/\/b2field.com\/es\/features\/business-analytics\/analytics\/\",\"url\":\"https:\/\/b2field.com\/es\/features\/business-analytics\/analytics\/\",\"name\":\"Informes en l\u00ednea &#8211; B2Field\",\"isPartOf\":{\"@id\":\"https:\/\/b2field.com\/es\/#website\"},\"datePublished\":\"2019-06-14T10:31:57+00:00\",\"dateModified\":\"2024-10-21T03:23:36+00:00\",\"description\":\"Disfrute de una anal\u00edtica completa para evaluar el rendimiento de las tareas en campo. Compruebe los datos mejorados a trav\u00e9s de tablas y gr\u00e1ficos para cualquier per\u00edodo de tiempo.\",\"breadcrumb\":{\"@id\":\"https:\/\/b2field.com\/es\/features\/business-analytics\/analytics\/#breadcrumb\"},\"inLanguage\":\"es\",\"potentialAction\":[{\"@type\":\"ReadAction\",\"target\":[\"https:\/\/b2field.com\/es\/features\/business-analytics\/analytics\/\"]}]},{\"@type\":\"BreadcrumbList\",\"@id\":\"https:\/\/b2field.com\/es\/features\/business-analytics\/analytics\/#breadcrumb\",\"itemListElement\":[{\"@type\":\"ListItem\",\"position\":1,\"name\":\"Home\",\"item\":\"https:\/\/b2field.com\/es\/\"},{\"@type\":\"ListItem\",\"position\":2,\"name\":\"Caracter\u00edsticas\",\"item\":\"https:\/\/b2field.com\/es\/?page_id=1846\"},{\"@type\":\"ListItem\",\"position\":3,\"name\":\"Informes y an\u00e1lisis de flotas en terreno\",\"item\":\"https:\/\/b2field.com\/es\/features\/business-analytics\/\"},{\"@type\":\"ListItem\",\"position\":4,\"name\":\"Informes en l\u00ednea\"}]},{\"@type\":\"WebSite\",\"@id\":\"https:\/\/b2field.com\/es\/#website\",\"url\":\"https:\/\/b2field.com\/es\/\",\"name\":\"B2Field\",\"description\":\"\",\"potentialAction\":[{\"@type\":\"SearchAction\",\"target\":{\"@type\":\"EntryPoint\",\"urlTemplate\":\"https:\/\/b2field.com\/es\/?s={search_term_string}\"},\"query-input\":{\"@type\":\"PropertyValueSpecification\",\"valueRequired\":true,\"valueName\":\"search_term_string\"}}],\"inLanguage\":\"es\"}]}<\/script>\n<!-- \/ Yoast SEO plugin. -->","yoast_head_json":{"title":"Informes en l\u00ednea &#8211; B2Field","description":"Disfrute de una anal\u00edtica completa para evaluar el rendimiento de las tareas en campo. Compruebe los datos mejorados a trav\u00e9s de tablas y gr\u00e1ficos para cualquier per\u00edodo de tiempo.","robots":{"index":"index","follow":"follow","max-snippet":"max-snippet:-1","max-image-preview":"max-image-preview:large","max-video-preview":"max-video-preview:-1"},"canonical":"https:\/\/b2field.com\/es\/features\/business-analytics\/analytics\/","og_locale":"es_ES","og_type":"article","og_title":"Informes en l\u00ednea &#8211; B2Field","og_description":"Disfrute de una anal\u00edtica completa para evaluar el rendimiento de las tareas en campo. Compruebe los datos mejorados a trav\u00e9s de tablas y gr\u00e1ficos para cualquier per\u00edodo de tiempo.","og_url":"https:\/\/b2field.com\/es\/features\/business-analytics\/analytics\/","og_site_name":"B2Field","article_publisher":"https:\/\/www.facebook.com\/B2Field\/","article_modified_time":"2024-10-21T03:23:36+00:00","twitter_card":"summary_large_image","twitter_misc":{"Tiempo de lectura":"3 minutos"},"schema":{"@context":"https:\/\/schema.org","@graph":[{"@type":"WebPage","@id":"https:\/\/b2field.com\/es\/features\/business-analytics\/analytics\/","url":"https:\/\/b2field.com\/es\/features\/business-analytics\/analytics\/","name":"Informes en l\u00ednea &#8211; B2Field","isPartOf":{"@id":"https:\/\/b2field.com\/es\/#website"},"datePublished":"2019-06-14T10:31:57+00:00","dateModified":"2024-10-21T03:23:36+00:00","description":"Disfrute de una anal\u00edtica completa para evaluar el rendimiento de las tareas en campo. Compruebe los datos mejorados a trav\u00e9s de tablas y gr\u00e1ficos para cualquier per\u00edodo de tiempo.","breadcrumb":{"@id":"https:\/\/b2field.com\/es\/features\/business-analytics\/analytics\/#breadcrumb"},"inLanguage":"es","potentialAction":[{"@type":"ReadAction","target":["https:\/\/b2field.com\/es\/features\/business-analytics\/analytics\/"]}]},{"@type":"BreadcrumbList","@id":"https:\/\/b2field.com\/es\/features\/business-analytics\/analytics\/#breadcrumb","itemListElement":[{"@type":"ListItem","position":1,"name":"Home","item":"https:\/\/b2field.com\/es\/"},{"@type":"ListItem","position":2,"name":"Caracter\u00edsticas","item":"https:\/\/b2field.com\/es\/?page_id=1846"},{"@type":"ListItem","position":3,"name":"Informes y an\u00e1lisis de flotas en terreno","item":"https:\/\/b2field.com\/es\/features\/business-analytics\/"},{"@type":"ListItem","position":4,"name":"Informes en l\u00ednea"}]},{"@type":"WebSite","@id":"https:\/\/b2field.com\/es\/#website","url":"https:\/\/b2field.com\/es\/","name":"B2Field","description":"","potentialAction":[{"@type":"SearchAction","target":{"@type":"EntryPoint","urlTemplate":"https:\/\/b2field.com\/es\/?s={search_term_string}"},"query-input":{"@type":"PropertyValueSpecification","valueRequired":true,"valueName":"search_term_string"}}],"inLanguage":"es"}]}},"_links":{"self":[{"href":"https:\/\/b2field.com\/es\/wp-json\/wp\/v2\/pages\/8383","targetHints":{"allow":["GET"]}}],"collection":[{"href":"https:\/\/b2field.com\/es\/wp-json\/wp\/v2\/pages"}],"about":[{"href":"https:\/\/b2field.com\/es\/wp-json\/wp\/v2\/types\/page"}],"author":[{"embeddable":true,"href":"https:\/\/b2field.com\/es\/wp-json\/wp\/v2\/users\/8"}],"replies":[{"embeddable":true,"href":"https:\/\/b2field.com\/es\/wp-json\/wp\/v2\/comments?post=8383"}],"version-history":[{"count":7,"href":"https:\/\/b2field.com\/es\/wp-json\/wp\/v2\/pages\/8383\/revisions"}],"predecessor-version":[{"id":11768,"href":"https:\/\/b2field.com\/es\/wp-json\/wp\/v2\/pages\/8383\/revisions\/11768"}],"up":[{"embeddable":true,"href":"https:\/\/b2field.com\/es\/wp-json\/wp\/v2\/pages\/1914"}],"wp:attachment":[{"href":"https:\/\/b2field.com\/es\/wp-json\/wp\/v2\/media?parent=8383"}],"curies":[{"name":"wp","href":"https:\/\/api.w.org\/{rel}","templated":true}]}}