{"id":8391,"date":"2019-06-14T11:05:49","date_gmt":"2019-06-14T11:05:49","guid":{"rendered":"http:\/\/api.b2field.com\/features\/tasks\/automation\/"},"modified":"2021-03-04T08:28:47","modified_gmt":"2021-03-04T08:28:47","slug":"automation","status":"publish","type":"page","link":"https:\/\/b2field.com\/es\/features\/tasks\/automation\/","title":{"rendered":"Automatizaci\u00f3n"},"content":{"rendered":"<div class=\"wpb-content-wrapper\"><p>[vc_row full_width=&#8221;stretch_row&#8221; css=&#8221;.vc_custom_1614846523330{padding-top: 150px !important;background-image: url(https:\/\/b2field.com\/wp-content\/uploads\/2019\/06\/tasks-automation_header-bg.jpg?id=7247) !important;background-position: center !important;background-repeat: no-repeat !important;background-size: cover !important;}&#8221; el_class=&#8221;features-header&#8221;][vc_column][vc_single_image source=&#8221;external_link&#8221; custom_src=&#8221;\/wp-content\/uploads\/2019\/08\/tasks-automation_header-img_es.png&#8221; el_class=&#8221;features-header-img features-header-img_tasks-automation&#8221;][vc_row_inner css=&#8221;.vc_custom_1550139488172{padding-right: 0px !important;padding-left: 0px !important;}&#8221;][vc_column_inner width=&#8221;1\/6&#8243;][\/vc_column_inner][vc_column_inner el_class=&#8221;max-560&#8243; width=&#8221;5\/6&#8243; css=&#8221;.vc_custom_1559893408245{padding-left: 45px !important;}&#8221;][vc_column_text css=&#8221;.vc_custom_1562749810542{margin-bottom: 15px !important;}&#8221;]<\/p>\n<h1>Planificaci\u00f3n<br \/>\nsimplificada<\/h1>\n<p>[\/vc_column_text][\/vc_column_inner][\/vc_row_inner][vc_row_inner css=&#8221;.vc_custom_1559894401749{padding-right: 0px !important;padding-bottom: 110px !important;padding-left: 0px !important;}&#8221;][vc_column_inner width=&#8221;1\/6&#8243;][\/vc_column_inner][vc_column_inner el_class=&#8221;text-primary max-460&#8243; width=&#8221;5\/6&#8243; css=&#8221;.vc_custom_1559893411141{padding-left: 45px !important;}&#8221;][vc_column_text css=&#8221;.vc_custom_1562749816998{margin-bottom: 30px !important;}&#8221;]Elimine la carga de la planificaci\u00f3n tediosa de su equipo de trabajo y optimice todo a trav\u00e9s de B2Field. Disfrute de tareas a prueba de errores y despachos de trabajos de forma instant\u00e1nea. Capacite a los empleados para centrarse en los deberes m\u00e1s importantes.[\/vc_column_text]<div class='button'>\r\n\t\t<a href='\/es\/signup\/' class='button__url button__url--blue' >VER DEMO<\/a>\r\n\t<\/div>[\/vc_column_inner][\/vc_row_inner][\/vc_column][\/vc_row][vc_row css=&#8221;.vc_custom_1560511159145{padding-top: 100px !important;}&#8221;][vc_column width=&#8221;1\/6&#8243;][\/vc_column][vc_column width=&#8221;5\/12&#8243; css=&#8221;.vc_custom_1550573108412{padding-left: 45px !important;}&#8221; el_class=&#8221;order-md-0&#8243;][vc_single_image source=&#8221;external_link&#8221; custom_src=&#8221;\/wp-content\/uploads\/2019\/08\/tasks-automation_b1_es.png&#8221;][\/vc_column][vc_column width=&#8221;5\/12&#8243; el_class=&#8221;order-md-1&#8243; css=&#8221;.vc_custom_1560511163675{padding-top: 155px !important;}&#8221;][vc_column_text]<\/p>\n<h2>Gesti\u00f3n inteligente de tareas con grandes resultados<\/h2>\n<p>[\/vc_column_text][vc_column_text]Agregue nuevas tareas \u00fanicas o regulares con el menor esfuerzo. Complete los detalles de cada tarea, especifique los comentarios y configure los requisitos. \u00a1Listo! A partir de ahora la tarea ser\u00e1 generada por de forma autim\u00e1tica.<\/p>\n<p>Aseg\u00farese de que ning\u00fan encargo o pedido se olvide o pierda. Introduzca el nuevo m\u00e9todo de despacho de trabajos y haga que sus procesos de negocio funcionen como reloj suizo.[\/vc_column_text][\/vc_column][\/vc_row][vc_row css=&#8221;.vc_custom_1560511314415{padding-top: 100px !important;padding-bottom: 135px !important;}&#8221;][vc_column width=&#8221;1\/6&#8243;][\/vc_column][vc_column width=&#8221;5\/12&#8243; css=&#8221;.vc_custom_1560511235143{padding-top: 10px !important;padding-left: 45px !important;}&#8221; el_class=&#8221;order-md-1&#8243;][vc_column_text]<\/p>\n<h2>Importar tareas desde cualquier archivo<\/h2>\n<p>[\/vc_column_text][vc_column_text]Cree tareas en cualquier servicio con el que su equipo se sienta m\u00e1s c\u00f3modo como CRM o ERP corporativos.<\/p>\n<p>Use la API abierta o los archivos de Excel para importar autom\u00e1ticamente las listas de tareas para las aplicaciones de terceros. B2Field enviar\u00e1 instant\u00e1neamente los detalles de la tarea al tel\u00e9fono inteligente del empleado y mantenga un seguimiento durante el progreso de la tarea.[\/vc_column_text][\/vc_column][vc_column width=&#8221;5\/12&#8243; el_class=&#8221;order-md-0&#8243;][vc_single_image source=&#8221;external_link&#8221; custom_src=&#8221;\/wp-content\/uploads\/2019\/08\/tasks-automation_b2_es.png&#8221;][\/vc_column][\/vc_row][vc_row full_width=&#8221;stretch_row&#8221; el_class=&#8221;bg-blue-dark features-footer&#8221; css=&#8221;.vc_custom_1594892112427{padding-top: 88px !important;padding-bottom: 71px !important;}&#8221;][vc_column width=&#8221;1\/6&#8243;][\/vc_column][vc_column width=&#8221;5\/6&#8243; el_class=&#8221;max-660&#8243;][vc_single_image source=&#8221;external_link&#8221; custom_src=&#8221;\/wp-content\/uploads\/2019\/08\/features-footer_es.png&#8221; el_class=&#8221;features-footer-img&#8221;][vc_column_text css=&#8221;.vc_custom_1562749874710{margin-bottom: 15px !important;padding-left: 30px !important;}&#8221;]<\/p>\n<h2 style=\"font-size: 30px; letter-spacing: 0;\">Organice el trabajo del<br \/>\npersonal de campo<\/h2>\n<p>[\/vc_column_text][vc_column_text css=&#8221;.vc_custom_1562749887030{margin-bottom: 27px !important;padding-left: 30px !important;}&#8221; el_class=&#8221;font-fira&#8221;]<\/p>\n<p style=\"font-size: 16px; font-weight: 300;\">Pruebe el servicio B2Field ahora mismo o solicite una consulta<br \/>\nsobre la funci\u00f3n &#8220;Tareas&#8221; con nuestros expertos<\/p>\n<p>[\/vc_column_text][vc_row_inner][vc_column_inner width=&#8221;5\/12&#8243;]<div class='button button--right'>\r\n\t\t<a href='\/es\/signup\/' class='button__url button__url--mint' >VER DEMO<\/a>\r\n\t<\/div>[\/vc_column_inner][vc_column_inner width=&#8221;5\/12&#8243;]<div class='button button--left'>\r\n\t\t<a href='\/es\/signup\/' class='button__url button__url--white' >Registrarse<\/a>\r\n\t<\/div>[\/vc_column_inner][vc_column_inner width=&#8221;1\/6&#8243;][\/vc_column_inner][\/vc_row_inner][\/vc_column][\/vc_row]<\/p>\n<\/div>","protected":false},"excerpt":{"rendered":"<p>[vc_row full_width=&#8221;stretch_row&#8221; css=&#8221;.vc_custom_1614846523330{padding-top: 150px !important;background-image: url(https:\/\/b2field.com\/wp-content\/uploads\/2019\/06\/tasks-automation_header-bg.jpg?id=7247) !important;background-position: center !important;background-repeat: no-repeat !important;background-size: cover !important;}&#8221; el_class=&#8221;features-header&#8221;][vc_column][vc_single_image source=&#8221;external_link&#8221; custom_src=&#8221;\/wp-content\/uploads\/2019\/08\/tasks-automation_header-img_es.png&#8221; el_class=&#8221;features-header-img features-header-img_tasks-automation&#8221;][vc_row_inner css=&#8221;.vc_custom_1550139488172{padding-right: 0px !important;padding-left: 0px !important;}&#8221;][vc_column_inner width=&#8221;1\/6&#8243;][\/vc_column_inner][vc_column_inner el_class=&#8221;max-560&#8243; width=&#8221;5\/6&#8243; css=&#8221;.vc_custom_1559893408245{padding-left: 45px !important;}&#8221;][vc_column_text css=&#8221;.vc_custom_1562749810542{margin-bottom: 15px !important;}&#8221;] Planificaci\u00f3n simplificada [\/vc_column_text][\/vc_column_inner][\/vc_row_inner][vc_row_inner css=&#8221;.vc_custom_1559894401749{padding-right: 0px !important;padding-bottom: 110px !important;padding-left: 0px !important;}&#8221;][vc_column_inner width=&#8221;1\/6&#8243;][\/vc_column_inner][vc_column_inner el_class=&#8221;text-primary max-460&#8243; width=&#8221;5\/6&#8243; css=&#8221;.vc_custom_1559893411141{padding-left: 45px !important;}&#8221;][vc_column_text css=&#8221;.vc_custom_1562749816998{margin-bottom: 30px !important;}&#8221;]Elimine la carga de&#8230;<\/p>\n","protected":false},"author":8,"featured_media":0,"parent":1891,"menu_order":5,"comment_status":"closed","ping_status":"closed","template":"page-features.php","meta":{"_acf_changed":false,"inline_featured_image":false,"footnotes":""},"class_list":["post-8391","page","type-page","status-publish","hentry"],"acf":[],"yoast_head":"<!-- This site is optimized with the Yoast SEO plugin v27.2 - https:\/\/yoast.com\/product\/yoast-seo-wordpress\/ -->\n<title>Automatizaci\u00f3n &#8211; B2Field<\/title>\n<meta name=\"description\" content=\"Elimine la carga de la planificaci\u00f3n tediosa de su equipo de trabajo y optimice todo a trav\u00e9s de B2Field. Disfrute de tareas a prueba de errores y despachos de trabajos de forma instant\u00e1nea.\" \/>\n<meta name=\"robots\" content=\"index, follow, max-snippet:-1, max-image-preview:large, max-video-preview:-1\" \/>\n<link rel=\"canonical\" href=\"https:\/\/b2field.com\/es\/features\/tasks\/automation\/\" \/>\n<meta property=\"og:locale\" content=\"es_ES\" \/>\n<meta property=\"og:type\" content=\"article\" \/>\n<meta property=\"og:title\" content=\"Automatizaci\u00f3n &#8211; B2Field\" \/>\n<meta property=\"og:description\" content=\"Elimine la carga de la planificaci\u00f3n tediosa de su equipo de trabajo y optimice todo a trav\u00e9s de B2Field. Disfrute de tareas a prueba de errores y despachos de trabajos de forma instant\u00e1nea.\" \/>\n<meta property=\"og:url\" content=\"https:\/\/b2field.com\/es\/features\/tasks\/automation\/\" \/>\n<meta property=\"og:site_name\" content=\"B2Field\" \/>\n<meta property=\"article:publisher\" content=\"https:\/\/www.facebook.com\/B2Field\/\" \/>\n<meta property=\"article:modified_time\" content=\"2021-03-04T08:28:47+00:00\" \/>\n<meta name=\"twitter:card\" content=\"summary_large_image\" \/>\n<meta name=\"twitter:label1\" content=\"Tiempo de lectura\" \/>\n\t<meta name=\"twitter:data1\" content=\"2 minutos\" \/>\n<script type=\"application\/ld+json\" class=\"yoast-schema-graph\">{\"@context\":\"https:\/\/schema.org\",\"@graph\":[{\"@type\":\"WebPage\",\"@id\":\"https:\/\/b2field.com\/es\/features\/tasks\/automation\/\",\"url\":\"https:\/\/b2field.com\/es\/features\/tasks\/automation\/\",\"name\":\"Automatizaci\u00f3n &#8211; B2Field\",\"isPartOf\":{\"@id\":\"https:\/\/b2field.com\/es\/#website\"},\"datePublished\":\"2019-06-14T11:05:49+00:00\",\"dateModified\":\"2021-03-04T08:28:47+00:00\",\"description\":\"Elimine la carga de la planificaci\u00f3n tediosa de su equipo de trabajo y optimice todo a trav\u00e9s de B2Field. Disfrute de tareas a prueba de errores y despachos de trabajos de forma instant\u00e1nea.\",\"breadcrumb\":{\"@id\":\"https:\/\/b2field.com\/es\/features\/tasks\/automation\/#breadcrumb\"},\"inLanguage\":\"es\",\"potentialAction\":[{\"@type\":\"ReadAction\",\"target\":[\"https:\/\/b2field.com\/es\/features\/tasks\/automation\/\"]}]},{\"@type\":\"BreadcrumbList\",\"@id\":\"https:\/\/b2field.com\/es\/features\/tasks\/automation\/#breadcrumb\",\"itemListElement\":[{\"@type\":\"ListItem\",\"position\":1,\"name\":\"Home\",\"item\":\"https:\/\/b2field.com\/es\/\"},{\"@type\":\"ListItem\",\"position\":2,\"name\":\"Caracter\u00edsticas\",\"item\":\"https:\/\/b2field.com\/es\/?page_id=1846\"},{\"@type\":\"ListItem\",\"position\":3,\"name\":\"Despacho de tareas y an\u00e1lisis de los KPIs\",\"item\":\"https:\/\/b2field.com\/es\/features\/tasks\/\"},{\"@type\":\"ListItem\",\"position\":4,\"name\":\"Automatizaci\u00f3n\"}]},{\"@type\":\"WebSite\",\"@id\":\"https:\/\/b2field.com\/es\/#website\",\"url\":\"https:\/\/b2field.com\/es\/\",\"name\":\"B2Field\",\"description\":\"\",\"potentialAction\":[{\"@type\":\"SearchAction\",\"target\":{\"@type\":\"EntryPoint\",\"urlTemplate\":\"https:\/\/b2field.com\/es\/?s={search_term_string}\"},\"query-input\":{\"@type\":\"PropertyValueSpecification\",\"valueRequired\":true,\"valueName\":\"search_term_string\"}}],\"inLanguage\":\"es\"}]}<\/script>\n<!-- \/ Yoast SEO plugin. -->","yoast_head_json":{"title":"Automatizaci\u00f3n &#8211; B2Field","description":"Elimine la carga de la planificaci\u00f3n tediosa de su equipo de trabajo y optimice todo a trav\u00e9s de B2Field. Disfrute de tareas a prueba de errores y despachos de trabajos de forma instant\u00e1nea.","robots":{"index":"index","follow":"follow","max-snippet":"max-snippet:-1","max-image-preview":"max-image-preview:large","max-video-preview":"max-video-preview:-1"},"canonical":"https:\/\/b2field.com\/es\/features\/tasks\/automation\/","og_locale":"es_ES","og_type":"article","og_title":"Automatizaci\u00f3n &#8211; B2Field","og_description":"Elimine la carga de la planificaci\u00f3n tediosa de su equipo de trabajo y optimice todo a trav\u00e9s de B2Field. Disfrute de tareas a prueba de errores y despachos de trabajos de forma instant\u00e1nea.","og_url":"https:\/\/b2field.com\/es\/features\/tasks\/automation\/","og_site_name":"B2Field","article_publisher":"https:\/\/www.facebook.com\/B2Field\/","article_modified_time":"2021-03-04T08:28:47+00:00","twitter_card":"summary_large_image","twitter_misc":{"Tiempo de lectura":"2 minutos"},"schema":{"@context":"https:\/\/schema.org","@graph":[{"@type":"WebPage","@id":"https:\/\/b2field.com\/es\/features\/tasks\/automation\/","url":"https:\/\/b2field.com\/es\/features\/tasks\/automation\/","name":"Automatizaci\u00f3n &#8211; B2Field","isPartOf":{"@id":"https:\/\/b2field.com\/es\/#website"},"datePublished":"2019-06-14T11:05:49+00:00","dateModified":"2021-03-04T08:28:47+00:00","description":"Elimine la carga de la planificaci\u00f3n tediosa de su equipo de trabajo y optimice todo a trav\u00e9s de B2Field. Disfrute de tareas a prueba de errores y despachos de trabajos de forma instant\u00e1nea.","breadcrumb":{"@id":"https:\/\/b2field.com\/es\/features\/tasks\/automation\/#breadcrumb"},"inLanguage":"es","potentialAction":[{"@type":"ReadAction","target":["https:\/\/b2field.com\/es\/features\/tasks\/automation\/"]}]},{"@type":"BreadcrumbList","@id":"https:\/\/b2field.com\/es\/features\/tasks\/automation\/#breadcrumb","itemListElement":[{"@type":"ListItem","position":1,"name":"Home","item":"https:\/\/b2field.com\/es\/"},{"@type":"ListItem","position":2,"name":"Caracter\u00edsticas","item":"https:\/\/b2field.com\/es\/?page_id=1846"},{"@type":"ListItem","position":3,"name":"Despacho de tareas y an\u00e1lisis de los KPIs","item":"https:\/\/b2field.com\/es\/features\/tasks\/"},{"@type":"ListItem","position":4,"name":"Automatizaci\u00f3n"}]},{"@type":"WebSite","@id":"https:\/\/b2field.com\/es\/#website","url":"https:\/\/b2field.com\/es\/","name":"B2Field","description":"","potentialAction":[{"@type":"SearchAction","target":{"@type":"EntryPoint","urlTemplate":"https:\/\/b2field.com\/es\/?s={search_term_string}"},"query-input":{"@type":"PropertyValueSpecification","valueRequired":true,"valueName":"search_term_string"}}],"inLanguage":"es"}]}},"_links":{"self":[{"href":"https:\/\/b2field.com\/es\/wp-json\/wp\/v2\/pages\/8391","targetHints":{"allow":["GET"]}}],"collection":[{"href":"https:\/\/b2field.com\/es\/wp-json\/wp\/v2\/pages"}],"about":[{"href":"https:\/\/b2field.com\/es\/wp-json\/wp\/v2\/types\/page"}],"author":[{"embeddable":true,"href":"https:\/\/b2field.com\/es\/wp-json\/wp\/v2\/users\/8"}],"replies":[{"embeddable":true,"href":"https:\/\/b2field.com\/es\/wp-json\/wp\/v2\/comments?post=8391"}],"version-history":[{"count":7,"href":"https:\/\/b2field.com\/es\/wp-json\/wp\/v2\/pages\/8391\/revisions"}],"predecessor-version":[{"id":11769,"href":"https:\/\/b2field.com\/es\/wp-json\/wp\/v2\/pages\/8391\/revisions\/11769"}],"up":[{"embeddable":true,"href":"https:\/\/b2field.com\/es\/wp-json\/wp\/v2\/pages\/1891"}],"wp:attachment":[{"href":"https:\/\/b2field.com\/es\/wp-json\/wp\/v2\/media?parent=8391"}],"curies":[{"name":"wp","href":"https:\/\/api.w.org\/{rel}","templated":true}]}}