{"id":8429,"date":"2019-02-08T08:23:42","date_gmt":"2019-02-08T08:23:42","guid":{"rendered":"http:\/\/api.b2field.com\/support\/help\/x-gps-tracker\/"},"modified":"2020-07-15T10:07:21","modified_gmt":"2020-07-15T10:07:21","slug":"x-gps-tracker","status":"publish","type":"page","link":"https:\/\/b2field.com\/es\/support\/help\/x-gps-tracker\/","title":{"rendered":"Aplicaci\u00f3n m\u00f3vil para personas y empleados"},"content":{"rendered":"<div class=\"wpb-content-wrapper\"><p>[vc_row][vc_column][vc_column_text]<\/p>\n<h1>Aplicaci\u00f3n m\u00f3vil para personas y empleados<\/h1>\n<p>[\/vc_column_text][vc_column_text]Aplicaci\u00f3n X-GPS Tracker<\/p>\n<p>La aplicaci\u00f3n X-GPS Tracker le permite usar un tel\u00e9fono inteligente o tableta como rastreador para conocer en l\u00ednea, la ubicaci\u00f3n de su propietario, por ejemplo, de un empleado o un ni\u00f1o. De hecho, la aplicaci\u00f3n activa las funciones de geolocalizaci\u00f3n en el dispositivo m\u00f3vil, convirti\u00e9ndola en una especie de dispositivo GPS. El acceso a la informaci\u00f3n de ubicaci\u00f3n y al historial de viajes permanecer\u00e1 disponible para usuarios autorizados, por ejemplo, para el gerente de la compa\u00f1\u00eda y el personal m\u00f3vil, o los padres.<\/p>\n<p>El X-GPS Tracker utiliza se\u00f1ales de navegaci\u00f3n satelital GPS y GLONASS, as\u00ed como redes terrestres GSM y WiFi para corregir la ubicaci\u00f3n. Gracias a la configuraci\u00f3n flexible y al consumo inteligente de energ\u00eda, es f\u00e1cil encontrar un equilibrio entre el detalle de la ruta registrada y el consumo energ\u00e9tico de la bater\u00eda. Por ejemplo, puede utilizar la entrada del \u201cencendedor de cigarrillos\u201d de su auto, para que se active autom\u00e1ticamente el modo de navegaci\u00f3n m\u00e1xima detallada con un kilometraje preciso, y para una persona que se encuentra andando, puede elegir un modo ahorrador de energ\u00eda.<\/p>\n<p>Para resolver problemas comerciales, como el control del conductor y la administraci\u00f3n del personal de campo, la aplicaci\u00f3n tiene las funciones de &#8220;Estado de trabajo&#8221;, &#8220;Chat&#8221; y &#8220;Ver lista de tareas&#8221;. Puede personalizar el programa de la aplicaci\u00f3n de acuerdo con el programa de trabajo del empleado.<\/p>\n<p>X-GPS Tracker no viola los derechos privados y no opera con &#8220;spyware&#8221; (trabajo oculto, escuchas telef\u00f3nicas, etc.). La persona que est\u00e1 siendo monitoreada ser\u00e1 consciente de su trabajo, y la observaci\u00f3n en s\u00ed misma debe llevarse a cabo con el consentimiento el propietario. Las caracter\u00edsticas adicionales de la aplicaci\u00f3n incluyen bot\u00f3n de p\u00e1nico, widgets (para la versi\u00f3n para Android) y ejecuci\u00f3n autom\u00e1tica despu\u00e9s del reinicio.<\/p>\n<p>La aplicaci\u00f3n es gratuita, se puede descargar desde Google Play y App Store. El observador s\u00f3lo paga por el servicio B2Field, de acuerdo con los planes de tarifas y en funci\u00f3n del n\u00famero de objetos monitoreados (personas, automoviles, etc.).[\/vc_column_text][\/vc_column][\/vc_row]<\/p>\n<\/div>","protected":false},"excerpt":{"rendered":"<p>[vc_row][vc_column][vc_column_text] Aplicaci\u00f3n m\u00f3vil para personas y empleados [\/vc_column_text][vc_column_text]Aplicaci\u00f3n X-GPS Tracker La aplicaci\u00f3n X-GPS Tracker le permite usar un tel\u00e9fono inteligente o tableta como rastreador para conocer en l\u00ednea, la ubicaci\u00f3n de su propietario, por ejemplo, de un empleado o un ni\u00f1o. De hecho, la aplicaci\u00f3n activa las funciones de geolocalizaci\u00f3n en el dispositivo m\u00f3vil, convirti\u00e9ndola&#8230;<\/p>\n","protected":false},"author":8,"featured_media":0,"parent":6670,"menu_order":4,"comment_status":"closed","ping_status":"closed","template":"page-support.php","meta":{"_acf_changed":false,"inline_featured_image":false,"footnotes":""},"class_list":["post-8429","page","type-page","status-publish","hentry"],"acf":[],"yoast_head":"<!-- This site is optimized with the Yoast SEO plugin v27.2 - https:\/\/yoast.com\/product\/yoast-seo-wordpress\/ -->\n<title>Aplicaci\u00f3n m\u00f3vil para personas y empleados &#8211; B2Field<\/title>\n<meta name=\"description\" content=\"La aplicaci\u00f3n X-GPS Tracker le permite usar un tel\u00e9fono inteligente o tableta como rastreador para conocer en l\u00ednea, la ubicaci\u00f3n de su propietario, por ejemplo, de un empleado o un ni\u00f1o.\" \/>\n<meta name=\"robots\" content=\"index, follow, max-snippet:-1, max-image-preview:large, max-video-preview:-1\" \/>\n<link rel=\"canonical\" href=\"https:\/\/b2field.com\/es\/support\/help\/x-gps-tracker\/\" \/>\n<meta property=\"og:locale\" content=\"es_ES\" \/>\n<meta property=\"og:type\" content=\"article\" \/>\n<meta property=\"og:title\" content=\"Aplicaci\u00f3n m\u00f3vil para personas y empleados &#8211; B2Field\" \/>\n<meta property=\"og:description\" content=\"La aplicaci\u00f3n X-GPS Tracker le permite usar un tel\u00e9fono inteligente o tableta como rastreador para conocer en l\u00ednea, la ubicaci\u00f3n de su propietario, por ejemplo, de un empleado o un ni\u00f1o.\" \/>\n<meta property=\"og:url\" content=\"https:\/\/b2field.com\/es\/support\/help\/x-gps-tracker\/\" \/>\n<meta property=\"og:site_name\" content=\"B2Field\" \/>\n<meta property=\"article:publisher\" content=\"https:\/\/www.facebook.com\/B2Field\/\" \/>\n<meta property=\"article:modified_time\" content=\"2020-07-15T10:07:21+00:00\" \/>\n<meta name=\"twitter:card\" content=\"summary_large_image\" \/>\n<meta name=\"twitter:label1\" content=\"Tiempo de lectura\" \/>\n\t<meta name=\"twitter:data1\" content=\"2 minutos\" \/>\n<script type=\"application\/ld+json\" class=\"yoast-schema-graph\">{\"@context\":\"https:\/\/schema.org\",\"@graph\":[{\"@type\":\"WebPage\",\"@id\":\"https:\/\/b2field.com\/es\/support\/help\/x-gps-tracker\/\",\"url\":\"https:\/\/b2field.com\/es\/support\/help\/x-gps-tracker\/\",\"name\":\"Aplicaci\u00f3n m\u00f3vil para personas y empleados &#8211; B2Field\",\"isPartOf\":{\"@id\":\"https:\/\/b2field.com\/es\/#website\"},\"datePublished\":\"2019-02-08T08:23:42+00:00\",\"dateModified\":\"2020-07-15T10:07:21+00:00\",\"description\":\"La aplicaci\u00f3n X-GPS Tracker le permite usar un tel\u00e9fono inteligente o tableta como rastreador para conocer en l\u00ednea, la ubicaci\u00f3n de su propietario, por ejemplo, de un empleado o un ni\u00f1o.\",\"breadcrumb\":{\"@id\":\"https:\/\/b2field.com\/es\/support\/help\/x-gps-tracker\/#breadcrumb\"},\"inLanguage\":\"es\",\"potentialAction\":[{\"@type\":\"ReadAction\",\"target\":[\"https:\/\/b2field.com\/es\/support\/help\/x-gps-tracker\/\"]}]},{\"@type\":\"BreadcrumbList\",\"@id\":\"https:\/\/b2field.com\/es\/support\/help\/x-gps-tracker\/#breadcrumb\",\"itemListElement\":[{\"@type\":\"ListItem\",\"position\":1,\"name\":\"Home\",\"item\":\"https:\/\/b2field.com\/es\/\"},{\"@type\":\"ListItem\",\"position\":2,\"name\":\"Soporte\",\"item\":\"https:\/\/b2field.com\/es\/support\/\"},{\"@type\":\"ListItem\",\"position\":3,\"name\":\"Gu\u00edas de usuario\",\"item\":\"https:\/\/b2field.com\/es\/support\/help\/\"},{\"@type\":\"ListItem\",\"position\":4,\"name\":\"Aplicaci\u00f3n m\u00f3vil para personas y empleados\"}]},{\"@type\":\"WebSite\",\"@id\":\"https:\/\/b2field.com\/es\/#website\",\"url\":\"https:\/\/b2field.com\/es\/\",\"name\":\"B2Field\",\"description\":\"\",\"potentialAction\":[{\"@type\":\"SearchAction\",\"target\":{\"@type\":\"EntryPoint\",\"urlTemplate\":\"https:\/\/b2field.com\/es\/?s={search_term_string}\"},\"query-input\":{\"@type\":\"PropertyValueSpecification\",\"valueRequired\":true,\"valueName\":\"search_term_string\"}}],\"inLanguage\":\"es\"}]}<\/script>\n<!-- \/ Yoast SEO plugin. -->","yoast_head_json":{"title":"Aplicaci\u00f3n m\u00f3vil para personas y empleados &#8211; B2Field","description":"La aplicaci\u00f3n X-GPS Tracker le permite usar un tel\u00e9fono inteligente o tableta como rastreador para conocer en l\u00ednea, la ubicaci\u00f3n de su propietario, por ejemplo, de un empleado o un ni\u00f1o.","robots":{"index":"index","follow":"follow","max-snippet":"max-snippet:-1","max-image-preview":"max-image-preview:large","max-video-preview":"max-video-preview:-1"},"canonical":"https:\/\/b2field.com\/es\/support\/help\/x-gps-tracker\/","og_locale":"es_ES","og_type":"article","og_title":"Aplicaci\u00f3n m\u00f3vil para personas y empleados &#8211; B2Field","og_description":"La aplicaci\u00f3n X-GPS Tracker le permite usar un tel\u00e9fono inteligente o tableta como rastreador para conocer en l\u00ednea, la ubicaci\u00f3n de su propietario, por ejemplo, de un empleado o un ni\u00f1o.","og_url":"https:\/\/b2field.com\/es\/support\/help\/x-gps-tracker\/","og_site_name":"B2Field","article_publisher":"https:\/\/www.facebook.com\/B2Field\/","article_modified_time":"2020-07-15T10:07:21+00:00","twitter_card":"summary_large_image","twitter_misc":{"Tiempo de lectura":"2 minutos"},"schema":{"@context":"https:\/\/schema.org","@graph":[{"@type":"WebPage","@id":"https:\/\/b2field.com\/es\/support\/help\/x-gps-tracker\/","url":"https:\/\/b2field.com\/es\/support\/help\/x-gps-tracker\/","name":"Aplicaci\u00f3n m\u00f3vil para personas y empleados &#8211; B2Field","isPartOf":{"@id":"https:\/\/b2field.com\/es\/#website"},"datePublished":"2019-02-08T08:23:42+00:00","dateModified":"2020-07-15T10:07:21+00:00","description":"La aplicaci\u00f3n X-GPS Tracker le permite usar un tel\u00e9fono inteligente o tableta como rastreador para conocer en l\u00ednea, la ubicaci\u00f3n de su propietario, por ejemplo, de un empleado o un ni\u00f1o.","breadcrumb":{"@id":"https:\/\/b2field.com\/es\/support\/help\/x-gps-tracker\/#breadcrumb"},"inLanguage":"es","potentialAction":[{"@type":"ReadAction","target":["https:\/\/b2field.com\/es\/support\/help\/x-gps-tracker\/"]}]},{"@type":"BreadcrumbList","@id":"https:\/\/b2field.com\/es\/support\/help\/x-gps-tracker\/#breadcrumb","itemListElement":[{"@type":"ListItem","position":1,"name":"Home","item":"https:\/\/b2field.com\/es\/"},{"@type":"ListItem","position":2,"name":"Soporte","item":"https:\/\/b2field.com\/es\/support\/"},{"@type":"ListItem","position":3,"name":"Gu\u00edas de usuario","item":"https:\/\/b2field.com\/es\/support\/help\/"},{"@type":"ListItem","position":4,"name":"Aplicaci\u00f3n m\u00f3vil para personas y empleados"}]},{"@type":"WebSite","@id":"https:\/\/b2field.com\/es\/#website","url":"https:\/\/b2field.com\/es\/","name":"B2Field","description":"","potentialAction":[{"@type":"SearchAction","target":{"@type":"EntryPoint","urlTemplate":"https:\/\/b2field.com\/es\/?s={search_term_string}"},"query-input":{"@type":"PropertyValueSpecification","valueRequired":true,"valueName":"search_term_string"}}],"inLanguage":"es"}]}},"_links":{"self":[{"href":"https:\/\/b2field.com\/es\/wp-json\/wp\/v2\/pages\/8429","targetHints":{"allow":["GET"]}}],"collection":[{"href":"https:\/\/b2field.com\/es\/wp-json\/wp\/v2\/pages"}],"about":[{"href":"https:\/\/b2field.com\/es\/wp-json\/wp\/v2\/types\/page"}],"author":[{"embeddable":true,"href":"https:\/\/b2field.com\/es\/wp-json\/wp\/v2\/users\/8"}],"replies":[{"embeddable":true,"href":"https:\/\/b2field.com\/es\/wp-json\/wp\/v2\/comments?post=8429"}],"version-history":[{"count":5,"href":"https:\/\/b2field.com\/es\/wp-json\/wp\/v2\/pages\/8429\/revisions"}],"predecessor-version":[{"id":10122,"href":"https:\/\/b2field.com\/es\/wp-json\/wp\/v2\/pages\/8429\/revisions\/10122"}],"up":[{"embeddable":true,"href":"https:\/\/b2field.com\/es\/wp-json\/wp\/v2\/pages\/6670"}],"wp:attachment":[{"href":"https:\/\/b2field.com\/es\/wp-json\/wp\/v2\/media?parent=8429"}],"curies":[{"name":"wp","href":"https:\/\/api.w.org\/{rel}","templated":true}]}}