{"id":8432,"date":"2019-02-08T08:46:21","date_gmt":"2019-02-08T08:46:21","guid":{"rendered":"http:\/\/api.b2field.com\/support\/help\/x-gps-tracker\/app-install\/"},"modified":"2021-12-01T07:08:10","modified_gmt":"2021-12-01T07:08:10","slug":"app-install","status":"publish","type":"page","link":"https:\/\/b2field.com\/es\/support\/help\/x-gps-tracker\/app-install\/","title":{"rendered":"Instalaci\u00f3n de la aplicaci\u00f3n"},"content":{"rendered":"<div class=\"wpb-content-wrapper\"><p>[vc_row css=&#8221;.vc_custom_1552289074881{margin-bottom: 20px !important;}&#8221;][vc_column][vc_column_text]<\/p>\n<h1>Instalaci\u00f3n de la aplicaci\u00f3n<\/h1>\n<p>[\/vc_column_text][vc_column_text]<\/p>\n<h2>Comience a trabajar &#8211; utilice la \u201cinvitaci\u00f3n\u201d<\/h2>\n<p>[\/vc_column_text][vc_column_text]Para facilitar la instalaci\u00f3n, se utilizan invitaciones electr\u00f3nicas, que el observador env\u00eda a la persona a la que planea observar. Por ejemplo, un gerente env\u00eda una invitaci\u00f3n a un empleado y un padre env\u00eda una invitaci\u00f3n a un ni\u00f1o.<\/p>\n<p>La invitaci\u00f3n se entrega v\u00eda SMS y \/ o correo electr\u00f3nico y contiene:<\/p>\n<ol>\n<li>Identificador personal de 12 d\u00edgitos<\/li>\n<li>Enlace a la descarga gratuita de la aplicaci\u00f3n<\/li>\n<\/ol>\n<p>A su vez, el observado acepta la invitaci\u00f3n. Al hacer clic en el enlace se carga la aplicaci\u00f3n X-GPS Tracker para Android o iOS, y luego de iniciarla, escribe el identificador de 12 d\u00edgitos de la invitaci\u00f3n.[\/vc_column_text][vc_row_inner css=&#8221;.vc_custom_1552289207040{margin-bottom: 20px !important;}&#8221;][vc_column_inner width=&#8221;1\/2&#8243;][vc_single_image source=&#8221;external_link&#8221; alignment=&#8221;center&#8221; custom_src=&#8221;\/wp-content\/uploads\/2019\/03\/x-gps-tracker-app-install-1.png&#8221; css=&#8221;.vc_custom_1552289176597{border: 1px solid #a2a2a2 !important;}&#8221;][\/vc_column_inner][vc_column_inner width=&#8221;1\/2&#8243;][vc_single_image source=&#8221;external_link&#8221; alignment=&#8221;center&#8221; custom_src=&#8221;\/wp-content\/uploads\/2019\/03\/x-gps-tracker-app-install-2.png&#8221;][\/vc_column_inner][\/vc_row_inner][vc_column_text]Puede, por supuesto, simplemente instalar la aplicaci\u00f3n desde <a href=\"https:\/\/play.google.com\/store\/apps\/details?id=com.squaregps.alarm.b2field\" target=\"_blank\" rel=\"nofollow noopener noreferrer\">Google Play<\/a> y la <a href=\"https:\/\/apps.apple.com\/es\/app\/b2field\/id1586949314\" target=\"_blank\" rel=\"nofollow noopener noreferrer\">App Store<\/a> sin una invitaci\u00f3n con la palabra clave &#8220;X-GPS&#8221;. Pero en cualquier caso, el observador debe proporcionar el identificador personal de 12 d\u00edgitos observado que se genera en el proceso de conectar los dispositivos.[\/vc_column_text][vc_column_text]<\/p>\n<h2>C\u00f3mo enviar una invitaci\u00f3n desde la interfaz web<\/h2>\n<p>[\/vc_column_text][vc_column_text]Despu\u00e9s de registrarse en B2Field, tendr\u00e1 acceso a su cuenta personal. Para agregar un dispositivo, en el men\u00fa de la izquierda, haga clic en el \u00edcono &#8220;Activaci\u00f3n del dispositivo&#8221; <img loading=\"lazy\" decoding=\"async\" class=\"alignnone size-full wp-image-4750\" src=\"\/wp-content\/uploads\/2019\/03\/x-gps-tracker-app-install-activation.png\" alt=\"Instalaci\u00f3n de la aplicaci\u00f3n\" width=\"35\" height=\"35\" \/>, y luego seleccione el elemento &#8220;Aplicaci\u00f3n m\u00f3vil&#8221;:<\/p>\n<p>En el siguiente paso, piense en el nombre que asignar\u00e1 al dispositivo (por ejemplo, &#8220;Empleado Jos\u00e9 Mar\u00eda&#8221;, &#8220;Hija Victoria&#8221;) e indique los contactos a los que se enviar\u00e1 la invitaci\u00f3n, ya sea el n\u00famero de tel\u00e9fono de la invitaci\u00f3n por SMS y \/ o la direcci\u00f3n de correo electr\u00f3nico.[\/vc_column_text][vc_row_inner css=&#8221;.vc_custom_1552289222616{margin-bottom: 20px !important;}&#8221;][vc_column_inner width=&#8221;1\/4&#8243;][\/vc_column_inner][vc_column_inner width=&#8221;1\/2&#8243;][vc_single_image source=&#8221;external_link&#8221; alignment=&#8221;center&#8221; custom_src=&#8221;\/wp-content\/uploads\/2019\/03\/x-gps-tracker-app-install-3.png&#8221;][\/vc_column_inner][vc_column_inner width=&#8221;1\/4&#8243;][\/vc_column_inner][\/vc_row_inner][vc_column_text]<\/p>\n<h2>C\u00f3mo enviar una invitaci\u00f3n desde la aplicaci\u00f3n m\u00f3vil &#8220;X-GPS Monitor&#8221;<\/h2>\n<p>[\/vc_column_text][vc_column_text]Tambi\u00e9n puede enviar una invitaci\u00f3n desde la app X-GPS Monitor, que es utilizado por un observador, para monitorear objetos (no lo confunda con la app X-GPS Tracker de \u201caplicaci\u00f3n para localizaci\u00f3n\u201d). Para hacer esto, seleccione el elemento &#8220;Activar un dispositivo&#8221; en el men\u00fa de la aplicaci\u00f3n, y luego seleccione el tipo de dispositivo, donde tambi\u00e9n especifique los contactos para enviar el mensaje.[\/vc_column_text][vc_row_inner css=&#8221;.vc_custom_1552289201393{margin-bottom: 20px !important;}&#8221;][vc_column_inner width=&#8221;1\/4&#8243;][\/vc_column_inner][vc_column_inner width=&#8221;1\/2&#8243;][vc_single_image source=&#8221;external_link&#8221; alignment=&#8221;center&#8221; custom_src=&#8221;\/wp-content\/uploads\/2019\/03\/x-gps-tracker-app-install-4.png&#8221;][\/vc_column_inner][vc_column_inner width=&#8221;1\/4&#8243;][\/vc_column_inner][\/vc_row_inner][\/vc_column][\/vc_row]<\/p>\n<\/div>","protected":false},"excerpt":{"rendered":"<p>[vc_row css=&#8221;.vc_custom_1552289074881{margin-bottom: 20px !important;}&#8221;][vc_column][vc_column_text] Instalaci\u00f3n de la aplicaci\u00f3n [\/vc_column_text][vc_column_text] Comience a trabajar &#8211; utilice la \u201cinvitaci\u00f3n\u201d [\/vc_column_text][vc_column_text]Para facilitar la instalaci\u00f3n, se utilizan invitaciones electr\u00f3nicas, que el observador env\u00eda a la persona a la que planea observar. Por ejemplo, un gerente env\u00eda una invitaci\u00f3n a un empleado y un padre env\u00eda una invitaci\u00f3n a un ni\u00f1o&#8230;.<\/p>\n","protected":false},"author":8,"featured_media":0,"parent":8429,"menu_order":0,"comment_status":"closed","ping_status":"closed","template":"page-support.php","meta":{"_acf_changed":false,"inline_featured_image":false,"footnotes":""},"class_list":["post-8432","page","type-page","status-publish","hentry"],"acf":[],"yoast_head":"<!-- This site is optimized with the Yoast SEO plugin v27.2 - https:\/\/yoast.com\/product\/yoast-seo-wordpress\/ -->\n<title>Instalaci\u00f3n de la aplicaci\u00f3n &#8211; B2Field<\/title>\n<meta name=\"description\" content=\"Para facilitar la instalaci\u00f3n, se utilizan invitaciones electr\u00f3nicas, que el observador env\u00eda a la persona a la que planea observar. Por ejemplo, un gerente env\u00eda una invitaci\u00f3n a un empleado y un padre env\u00eda una invitaci\u00f3n a un ni\u00f1o.\" \/>\n<meta name=\"robots\" content=\"index, follow, max-snippet:-1, max-image-preview:large, max-video-preview:-1\" \/>\n<link rel=\"canonical\" href=\"https:\/\/b2field.com\/es\/support\/help\/x-gps-tracker\/app-install\/\" \/>\n<meta property=\"og:locale\" content=\"es_ES\" \/>\n<meta property=\"og:type\" content=\"article\" \/>\n<meta property=\"og:title\" content=\"Instalaci\u00f3n de la aplicaci\u00f3n &#8211; B2Field\" \/>\n<meta property=\"og:description\" content=\"Para facilitar la instalaci\u00f3n, se utilizan invitaciones electr\u00f3nicas, que el observador env\u00eda a la persona a la que planea observar. Por ejemplo, un gerente env\u00eda una invitaci\u00f3n a un empleado y un padre env\u00eda una invitaci\u00f3n a un ni\u00f1o.\" \/>\n<meta property=\"og:url\" content=\"https:\/\/b2field.com\/es\/support\/help\/x-gps-tracker\/app-install\/\" \/>\n<meta property=\"og:site_name\" content=\"B2Field\" \/>\n<meta property=\"article:publisher\" content=\"https:\/\/www.facebook.com\/B2Field\/\" \/>\n<meta property=\"article:modified_time\" content=\"2021-12-01T07:08:10+00:00\" \/>\n<meta property=\"og:image\" content=\"https:\/\/b2field.com\/wp-content\/uploads\/2019\/03\/x-gps-tracker-app-install-activation.png\" \/>\n<meta name=\"twitter:card\" content=\"summary_large_image\" \/>\n<meta name=\"twitter:label1\" content=\"Tiempo de lectura\" \/>\n\t<meta name=\"twitter:data1\" content=\"3 minutos\" \/>\n<script type=\"application\/ld+json\" class=\"yoast-schema-graph\">{\"@context\":\"https:\/\/schema.org\",\"@graph\":[{\"@type\":\"WebPage\",\"@id\":\"https:\/\/b2field.com\/es\/support\/help\/x-gps-tracker\/app-install\/\",\"url\":\"https:\/\/b2field.com\/es\/support\/help\/x-gps-tracker\/app-install\/\",\"name\":\"Instalaci\u00f3n de la aplicaci\u00f3n &#8211; B2Field\",\"isPartOf\":{\"@id\":\"https:\/\/b2field.com\/es\/#website\"},\"datePublished\":\"2019-02-08T08:46:21+00:00\",\"dateModified\":\"2021-12-01T07:08:10+00:00\",\"description\":\"Para facilitar la instalaci\u00f3n, se utilizan invitaciones electr\u00f3nicas, que el observador env\u00eda a la persona a la que planea observar. Por ejemplo, un gerente env\u00eda una invitaci\u00f3n a un empleado y un padre env\u00eda una invitaci\u00f3n a un ni\u00f1o.\",\"breadcrumb\":{\"@id\":\"https:\/\/b2field.com\/es\/support\/help\/x-gps-tracker\/app-install\/#breadcrumb\"},\"inLanguage\":\"es\",\"potentialAction\":[{\"@type\":\"ReadAction\",\"target\":[\"https:\/\/b2field.com\/es\/support\/help\/x-gps-tracker\/app-install\/\"]}]},{\"@type\":\"BreadcrumbList\",\"@id\":\"https:\/\/b2field.com\/es\/support\/help\/x-gps-tracker\/app-install\/#breadcrumb\",\"itemListElement\":[{\"@type\":\"ListItem\",\"position\":1,\"name\":\"Home\",\"item\":\"https:\/\/b2field.com\/es\/\"},{\"@type\":\"ListItem\",\"position\":2,\"name\":\"Soporte\",\"item\":\"https:\/\/b2field.com\/es\/support\/\"},{\"@type\":\"ListItem\",\"position\":3,\"name\":\"Gu\u00edas de usuario\",\"item\":\"https:\/\/b2field.com\/es\/support\/help\/\"},{\"@type\":\"ListItem\",\"position\":4,\"name\":\"Aplicaci\u00f3n m\u00f3vil para personas y empleados\",\"item\":\"https:\/\/b2field.com\/es\/support\/help\/x-gps-tracker\/\"},{\"@type\":\"ListItem\",\"position\":5,\"name\":\"Instalaci\u00f3n de la aplicaci\u00f3n\"}]},{\"@type\":\"WebSite\",\"@id\":\"https:\/\/b2field.com\/es\/#website\",\"url\":\"https:\/\/b2field.com\/es\/\",\"name\":\"B2Field\",\"description\":\"\",\"potentialAction\":[{\"@type\":\"SearchAction\",\"target\":{\"@type\":\"EntryPoint\",\"urlTemplate\":\"https:\/\/b2field.com\/es\/?s={search_term_string}\"},\"query-input\":{\"@type\":\"PropertyValueSpecification\",\"valueRequired\":true,\"valueName\":\"search_term_string\"}}],\"inLanguage\":\"es\"}]}<\/script>\n<!-- \/ Yoast SEO plugin. -->","yoast_head_json":{"title":"Instalaci\u00f3n de la aplicaci\u00f3n &#8211; B2Field","description":"Para facilitar la instalaci\u00f3n, se utilizan invitaciones electr\u00f3nicas, que el observador env\u00eda a la persona a la que planea observar. Por ejemplo, un gerente env\u00eda una invitaci\u00f3n a un empleado y un padre env\u00eda una invitaci\u00f3n a un ni\u00f1o.","robots":{"index":"index","follow":"follow","max-snippet":"max-snippet:-1","max-image-preview":"max-image-preview:large","max-video-preview":"max-video-preview:-1"},"canonical":"https:\/\/b2field.com\/es\/support\/help\/x-gps-tracker\/app-install\/","og_locale":"es_ES","og_type":"article","og_title":"Instalaci\u00f3n de la aplicaci\u00f3n &#8211; B2Field","og_description":"Para facilitar la instalaci\u00f3n, se utilizan invitaciones electr\u00f3nicas, que el observador env\u00eda a la persona a la que planea observar. Por ejemplo, un gerente env\u00eda una invitaci\u00f3n a un empleado y un padre env\u00eda una invitaci\u00f3n a un ni\u00f1o.","og_url":"https:\/\/b2field.com\/es\/support\/help\/x-gps-tracker\/app-install\/","og_site_name":"B2Field","article_publisher":"https:\/\/www.facebook.com\/B2Field\/","article_modified_time":"2021-12-01T07:08:10+00:00","og_image":[{"url":"https:\/\/b2field.com\/wp-content\/uploads\/2019\/03\/x-gps-tracker-app-install-activation.png","type":"","width":"","height":""}],"twitter_card":"summary_large_image","twitter_misc":{"Tiempo de lectura":"3 minutos"},"schema":{"@context":"https:\/\/schema.org","@graph":[{"@type":"WebPage","@id":"https:\/\/b2field.com\/es\/support\/help\/x-gps-tracker\/app-install\/","url":"https:\/\/b2field.com\/es\/support\/help\/x-gps-tracker\/app-install\/","name":"Instalaci\u00f3n de la aplicaci\u00f3n &#8211; B2Field","isPartOf":{"@id":"https:\/\/b2field.com\/es\/#website"},"datePublished":"2019-02-08T08:46:21+00:00","dateModified":"2021-12-01T07:08:10+00:00","description":"Para facilitar la instalaci\u00f3n, se utilizan invitaciones electr\u00f3nicas, que el observador env\u00eda a la persona a la que planea observar. Por ejemplo, un gerente env\u00eda una invitaci\u00f3n a un empleado y un padre env\u00eda una invitaci\u00f3n a un ni\u00f1o.","breadcrumb":{"@id":"https:\/\/b2field.com\/es\/support\/help\/x-gps-tracker\/app-install\/#breadcrumb"},"inLanguage":"es","potentialAction":[{"@type":"ReadAction","target":["https:\/\/b2field.com\/es\/support\/help\/x-gps-tracker\/app-install\/"]}]},{"@type":"BreadcrumbList","@id":"https:\/\/b2field.com\/es\/support\/help\/x-gps-tracker\/app-install\/#breadcrumb","itemListElement":[{"@type":"ListItem","position":1,"name":"Home","item":"https:\/\/b2field.com\/es\/"},{"@type":"ListItem","position":2,"name":"Soporte","item":"https:\/\/b2field.com\/es\/support\/"},{"@type":"ListItem","position":3,"name":"Gu\u00edas de usuario","item":"https:\/\/b2field.com\/es\/support\/help\/"},{"@type":"ListItem","position":4,"name":"Aplicaci\u00f3n m\u00f3vil para personas y empleados","item":"https:\/\/b2field.com\/es\/support\/help\/x-gps-tracker\/"},{"@type":"ListItem","position":5,"name":"Instalaci\u00f3n de la aplicaci\u00f3n"}]},{"@type":"WebSite","@id":"https:\/\/b2field.com\/es\/#website","url":"https:\/\/b2field.com\/es\/","name":"B2Field","description":"","potentialAction":[{"@type":"SearchAction","target":{"@type":"EntryPoint","urlTemplate":"https:\/\/b2field.com\/es\/?s={search_term_string}"},"query-input":{"@type":"PropertyValueSpecification","valueRequired":true,"valueName":"search_term_string"}}],"inLanguage":"es"}]}},"_links":{"self":[{"href":"https:\/\/b2field.com\/es\/wp-json\/wp\/v2\/pages\/8432","targetHints":{"allow":["GET"]}}],"collection":[{"href":"https:\/\/b2field.com\/es\/wp-json\/wp\/v2\/pages"}],"about":[{"href":"https:\/\/b2field.com\/es\/wp-json\/wp\/v2\/types\/page"}],"author":[{"embeddable":true,"href":"https:\/\/b2field.com\/es\/wp-json\/wp\/v2\/users\/8"}],"replies":[{"embeddable":true,"href":"https:\/\/b2field.com\/es\/wp-json\/wp\/v2\/comments?post=8432"}],"version-history":[{"count":9,"href":"https:\/\/b2field.com\/es\/wp-json\/wp\/v2\/pages\/8432\/revisions"}],"predecessor-version":[{"id":15596,"href":"https:\/\/b2field.com\/es\/wp-json\/wp\/v2\/pages\/8432\/revisions\/15596"}],"up":[{"embeddable":true,"href":"https:\/\/b2field.com\/es\/wp-json\/wp\/v2\/pages\/8429"}],"wp:attachment":[{"href":"https:\/\/b2field.com\/es\/wp-json\/wp\/v2\/media?parent=8432"}],"curies":[{"name":"wp","href":"https:\/\/api.w.org\/{rel}","templated":true}]}}