{"id":8442,"date":"2019-03-11T11:41:43","date_gmt":"2019-03-11T11:41:43","guid":{"rendered":"http:\/\/api.b2field.com\/support\/help\/x-gps-tracker\/recommend-settings\/huawei\/"},"modified":"2020-07-15T10:09:28","modified_gmt":"2020-07-15T10:09:28","slug":"huawei","status":"publish","type":"page","link":"https:\/\/b2field.com\/es\/support\/help\/x-gps-tracker\/recommend-settings\/huawei\/","title":{"rendered":"Huawei"},"content":{"rendered":"<div class=\"wpb-content-wrapper\"><p>[vc_row][vc_column][vc_column_text]<\/p>\n<h1>Huawei<\/h1>\n<p>[\/vc_column_text][vc_column_text]La aplicaci\u00f3n X-GPS Tracker le permite usar un tel\u00e9fono inteligente o tableta Huawei como rastreador. Con \u00e9l, puede hacer un seguimiento de los movimientos en l\u00ednea del propietario del dispositivo (por ejemplo, el conductor o el mensajero). Gracias a la configuraci\u00f3n flexible y al consumo inteligente de energ\u00eda, puede encontrar f\u00e1cilmente un equilibrio entre el detalle de la ruta registrada y un consumo \u00f3ptimo de la bater\u00eda.<\/p>\n<p>Para arreglar la ubicaci\u00f3n de la aplicaci\u00f3n utilice:<\/p>\n<ul>\n<li>Se\u00f1ales de navegaci\u00f3n por sat\u00e9lite GPS y GLONASS;<\/li>\n<li>Se\u00f1ales redes terrestres GSM y WiFi.<\/li>\n<\/ul>\n<p><em><strong>Consejo:<\/strong> Para una ubicaci\u00f3n m\u00e1s precisa utilizando redes GSM y WiFi, active la funci\u00f3n WiFi en su dispositivo.<\/em>[\/vc_column_text][vc_column_text]<\/p>\n<h2>Configuraci\u00f3n del sistema operativo Android en dispositivos Huawei<\/h2>\n<p>[\/vc_column_text][vc_column_text]Cuando utilice la aplicaci\u00f3n X-GPS Tracker, configure los siguientes ajustes del sistema operativo Android:<\/p>\n<ol>\n<li>Permitir que la aplicaci\u00f3n use la ubicaci\u00f3n y la memoria del dispositivo.<\/li>\n<li>Permitir que la aplicaci\u00f3n se ejecute autom\u00e1ticamente y se ejecute en segundo plano.<\/li>\n<li>Desactivar la optimizaci\u00f3n de la bater\u00eda.<\/li>\n<li>Configurar notificaciones.<\/li>\n<\/ol>\n<p>[\/vc_column_text][vc_column_text]<\/p>\n<h2>Memoria y Ubicaci\u00f3n<\/h2>\n<p>[\/vc_column_text][vc_column_text]Los servicios de localizaci\u00f3n deben estar activados para que la app Rastreador X-GPS registre la ubicaci\u00f3n actual del empleado y la env\u00ede al servicio.<\/p>\n<p>Para que la aplicaci\u00f3n funcione correctamente sin conexi\u00f3n a Internet, debe permitirle acceder a la memoria del dispositivo.<\/p>\n<p>Para hacer esto dir\u00edjase a los Ajustes \u2192 Aplicaciones y notificaciones \u2192 Aplicaciones \u2192 Rastreador X-GPS \u2192 Permisos \u2192 Memoria y Su ubicaci\u00f3n \u2192 Deslice los interruptores a la derecha.[\/vc_column_text][vc_row_inner][vc_column_inner width=&#8221;1\/3&#8243; css=&#8221;.vc_custom_1552304209945{margin-bottom: 20px !important;padding-left: 15px !important;}&#8221;][vc_single_image source=&#8221;external_link&#8221; alignment=&#8221;center&#8221; custom_src=&#8221;\/wp-content\/uploads\/2019\/03\/recommend-settings-huawei-1.jpg&#8221; css=&#8221;.vc_custom_1552305942580{border: 1px solid #a2a2a2 !important;}&#8221;][\/vc_column_inner][vc_column_inner width=&#8221;1\/3&#8243; css=&#8221;.vc_custom_1552304201417{margin-bottom: 20px !important;}&#8221;][vc_single_image source=&#8221;external_link&#8221; alignment=&#8221;center&#8221; custom_src=&#8221;\/wp-content\/uploads\/2019\/03\/recommend-settings-huawei-2.jpg&#8221; css=&#8221;.vc_custom_1552305952275{border: 1px solid #a2a2a2 !important;}&#8221;][\/vc_column_inner][vc_column_inner width=&#8221;1\/3&#8243; css=&#8221;.vc_custom_1552304213793{margin-bottom: 20px !important;padding-right: 15px !important;}&#8221;][vc_single_image source=&#8221;external_link&#8221; alignment=&#8221;center&#8221; custom_src=&#8221;\/wp-content\/uploads\/2019\/03\/recommend-settings-huawei-3.jpg&#8221; css=&#8221;.vc_custom_1552305961567{border: 1px solid #a2a2a2 !important;}&#8221;][\/vc_column_inner][\/vc_row_inner][vc_row_inner][vc_column_inner width=&#8221;1\/2&#8243; css=&#8221;.vc_custom_1552304230761{margin-bottom: 20px !important;}&#8221;][vc_single_image source=&#8221;external_link&#8221; alignment=&#8221;center&#8221; custom_src=&#8221;\/wp-content\/uploads\/2019\/03\/recommend-settings-huawei-4.jpg&#8221; css=&#8221;.vc_custom_1552305970877{border: 1px solid #a2a2a2 !important;}&#8221;][\/vc_column_inner][vc_column_inner width=&#8221;1\/2&#8243; css=&#8221;.vc_custom_1552304201417{margin-bottom: 20px !important;}&#8221;][vc_single_image source=&#8221;external_link&#8221; alignment=&#8221;center&#8221; custom_src=&#8221;\/wp-content\/uploads\/2019\/03\/recommend-settings-huawei-5.jpg&#8221; css=&#8221;.vc_custom_1552305979747{border: 1px solid #a2a2a2 !important;}&#8221;][\/vc_column_inner][\/vc_row_inner][vc_column_text]<\/p>\n<h2>Inicio autom\u00e1tico y Ejecuci\u00f3n en segundo plano<\/h2>\n<p>[\/vc_column_text][vc_column_text]Para que la aplicaci\u00f3n Rastreador X-GPS se ejecute autom\u00e1ticamente despu\u00e9s de iniciar su dispositivo, as\u00ed como para recibir actualizaciones de la ubicaci\u00f3n mientras la app est\u00e1 minimizada o la pantalla est\u00e1 bloqueada, es necesario activar las opciones \u2018Inicio autom\u00e1tico\u2019 y \u2018Ejecutar en segundo plano\u2019.<\/p>\n<p>Para hacer esto dir\u00edjase a los Ajustes \u2192 Aplicaciones y notificaciones \u2192 Aplicaciones \u2192 Rastreador X-GPS \u2192 Bateria \u2192 Inicio de aplicaciones \u2192 Gestionar manualmente \u2192 Inicio autom\u00e1tico y Ejecuci\u00f3n en segundo plano \u2192 Deslice los interruptores a la derecha.[\/vc_column_text][vc_row_inner][vc_column_inner width=&#8221;1\/3&#8243; css=&#8221;.vc_custom_1552304209945{margin-bottom: 20px !important;padding-left: 15px !important;}&#8221;][vc_single_image source=&#8221;external_link&#8221; alignment=&#8221;center&#8221; custom_src=&#8221;\/wp-content\/uploads\/2019\/03\/recommend-settings-huawei-6.jpg&#8221; css=&#8221;.vc_custom_1552305989220{border: 1px solid #a2a2a2 !important;}&#8221;][\/vc_column_inner][vc_column_inner width=&#8221;1\/3&#8243; css=&#8221;.vc_custom_1552304201417{margin-bottom: 20px !important;}&#8221;][vc_single_image source=&#8221;external_link&#8221; alignment=&#8221;center&#8221; custom_src=&#8221;\/wp-content\/uploads\/2019\/03\/recommend-settings-huawei-7.jpg&#8221; css=&#8221;.vc_custom_1552305998307{border: 1px solid #a2a2a2 !important;}&#8221;][\/vc_column_inner][vc_column_inner width=&#8221;1\/3&#8243; css=&#8221;.vc_custom_1552304213793{margin-bottom: 20px !important;padding-right: 15px !important;}&#8221;][vc_single_image source=&#8221;external_link&#8221; alignment=&#8221;center&#8221; custom_src=&#8221;\/wp-content\/uploads\/2019\/03\/recommend-settings-huawei-8.jpg&#8221; css=&#8221;.vc_custom_1552306007396{border: 1px solid #a2a2a2 !important;}&#8221;][\/vc_column_inner][\/vc_row_inner][vc_row_inner][vc_column_inner width=&#8221;1\/3&#8243; css=&#8221;.vc_custom_1552304209945{margin-bottom: 20px !important;padding-left: 15px !important;}&#8221;][vc_single_image source=&#8221;external_link&#8221; alignment=&#8221;center&#8221; custom_src=&#8221;\/wp-content\/uploads\/2019\/03\/recommend-settings-huawei-9.jpg&#8221; css=&#8221;.vc_custom_1552306015015{border: 1px solid #a2a2a2 !important;}&#8221;][\/vc_column_inner][vc_column_inner width=&#8221;1\/3&#8243; css=&#8221;.vc_custom_1552304201417{margin-bottom: 20px !important;}&#8221;][vc_single_image source=&#8221;external_link&#8221; alignment=&#8221;center&#8221; custom_src=&#8221;\/wp-content\/uploads\/2019\/03\/recommend-settings-huawei-10.jpg&#8221; css=&#8221;.vc_custom_1552306024039{border: 1px solid #a2a2a2 !important;}&#8221;][\/vc_column_inner][vc_column_inner width=&#8221;1\/3&#8243; css=&#8221;.vc_custom_1552304213793{margin-bottom: 20px !important;padding-right: 15px !important;}&#8221;][vc_single_image source=&#8221;external_link&#8221; alignment=&#8221;center&#8221; custom_src=&#8221;\/wp-content\/uploads\/2019\/03\/recommend-settings-huawei-11.jpg&#8221; css=&#8221;.vc_custom_1552306032277{border: 1px solid #a2a2a2 !important;}&#8221;][\/vc_column_inner][\/vc_row_inner][vc_column_text]<\/p>\n<h2>Optimizaci\u00f3n de la bater\u00eda<\/h2>\n<p>[\/vc_column_text][vc_column_text]El sistema operativo Emotion UI puede pausar la aplicaci\u00f3n si el tel\u00e9fono inteligente \/ tableta si no registra movimiento durante mucho tiempo. Para evitar que el sistema detenga la aplicaci\u00f3n X-GPS, debe deshabilitar la optimizaci\u00f3n de la bater\u00eda.<\/p>\n<p>Si la ubicaci\u00f3n del dispositivo deja de actualizarse despu\u00e9s de 15 a 20 minutos de haberse bloqueado la pantalla, siga las siguientes instrucciones: Vaya a Configuraci\u00f3n \u2192 Aplicaciones y notificaciones \u2192 Aplicaciones \u2192 Configuraci\u00f3n \u2192 Acceso especial \u2192 Ignorar optimizaci\u00f3n de bater\u00eda \u2192 Todas las aplicaciones \u2192 Rastreador X-GPS \u2192 active el permiso para esta aplicaci\u00f3n.[\/vc_column_text][vc_row_inner][vc_column_inner width=&#8221;1\/2&#8243; css=&#8221;.vc_custom_1552304230761{margin-bottom: 20px !important;}&#8221;][vc_single_image source=&#8221;external_link&#8221; alignment=&#8221;center&#8221; custom_src=&#8221;\/wp-content\/uploads\/2019\/03\/recommend-settings-huawei-12.jpg&#8221; css=&#8221;.vc_custom_1552306044223{border: 1px solid #a2a2a2 !important;}&#8221;][\/vc_column_inner][vc_column_inner width=&#8221;1\/2&#8243; css=&#8221;.vc_custom_1552304201417{margin-bottom: 20px !important;}&#8221;][vc_single_image source=&#8221;external_link&#8221; alignment=&#8221;center&#8221; custom_src=&#8221;\/wp-content\/uploads\/2019\/03\/recommend-settings-huawei-13.jpg&#8221; css=&#8221;.vc_custom_1552306052987{border: 1px solid #a2a2a2 !important;}&#8221;][\/vc_column_inner][\/vc_row_inner][vc_row_inner][vc_column_inner width=&#8221;1\/2&#8243; css=&#8221;.vc_custom_1552304230761{margin-bottom: 20px !important;}&#8221;][vc_single_image source=&#8221;external_link&#8221; alignment=&#8221;center&#8221; custom_src=&#8221;\/wp-content\/uploads\/2019\/03\/recommend-settings-huawei-14.jpg&#8221; css=&#8221;.vc_custom_1552306060753{border: 1px solid #a2a2a2 !important;}&#8221;][\/vc_column_inner][vc_column_inner width=&#8221;1\/2&#8243; css=&#8221;.vc_custom_1552304201417{margin-bottom: 20px !important;}&#8221;][vc_single_image source=&#8221;external_link&#8221; alignment=&#8221;center&#8221; custom_src=&#8221;\/wp-content\/uploads\/2019\/03\/recommend-settings-huawei-15.jpg&#8221; css=&#8221;.vc_custom_1552306069492{border: 1px solid #a2a2a2 !important;}&#8221;][\/vc_column_inner][\/vc_row_inner][vc_row_inner][vc_column_inner width=&#8221;1\/2&#8243; css=&#8221;.vc_custom_1552304230761{margin-bottom: 20px !important;}&#8221;][vc_single_image source=&#8221;external_link&#8221; alignment=&#8221;center&#8221; custom_src=&#8221;\/wp-content\/uploads\/2019\/03\/recommend-settings-huawei-16.jpg&#8221; css=&#8221;.vc_custom_1552306079556{border: 1px solid #a2a2a2 !important;}&#8221;][\/vc_column_inner][vc_column_inner width=&#8221;1\/2&#8243; css=&#8221;.vc_custom_1552304201417{margin-bottom: 20px !important;}&#8221;][vc_single_image source=&#8221;external_link&#8221; alignment=&#8221;center&#8221; custom_src=&#8221;\/wp-content\/uploads\/2019\/03\/recommend-settings-huawei-17.jpg&#8221; css=&#8221;.vc_custom_1552306088852{border: 1px solid #a2a2a2 !important;}&#8221;][\/vc_column_inner][\/vc_row_inner][vc_row_inner][vc_column_inner width=&#8221;1\/2&#8243; css=&#8221;.vc_custom_1552304230761{margin-bottom: 20px !important;}&#8221;][vc_single_image source=&#8221;external_link&#8221; alignment=&#8221;center&#8221; custom_src=&#8221;\/wp-content\/uploads\/2019\/03\/recommend-settings-huawei-18.jpg&#8221; css=&#8221;.vc_custom_1552306099043{border: 1px solid #a2a2a2 !important;}&#8221;][\/vc_column_inner][vc_column_inner width=&#8221;1\/2&#8243; css=&#8221;.vc_custom_1552304201417{margin-bottom: 20px !important;}&#8221;][vc_single_image source=&#8221;external_link&#8221; alignment=&#8221;center&#8221; custom_src=&#8221;\/wp-content\/uploads\/2019\/03\/recommend-settings-huawei-19.jpg&#8221; css=&#8221;.vc_custom_1552306106467{border: 1px solid #a2a2a2 !important;}&#8221;][\/vc_column_inner][\/vc_row_inner][vc_column_text]<\/p>\n<h2>Notificaciones<\/h2>\n<p>[\/vc_column_text][vc_column_text]Habilite las notificaciones para recibir informaci\u00f3n sobre el rendimiento de la app, nuevas tareas asignadas, mensajes en el chat, etc.<\/p>\n<p>Para habilitar esta opci\u00f3n dir\u00edjase a los Ajustes \u2192 Aplicaciones y notificaciones \u2192 Aplicaciones \u2192 Rastreador X-GPS \u2192 Notificaciones \u2192 Permitir notificaciones \u2192 Cambie el interruptor deslizante a la derecha.[\/vc_column_text][vc_row_inner][vc_column_inner width=&#8221;1\/3&#8243; css=&#8221;.vc_custom_1552304209945{margin-bottom: 20px !important;padding-left: 15px !important;}&#8221;][vc_single_image source=&#8221;external_link&#8221; alignment=&#8221;center&#8221; custom_src=&#8221;\/wp-content\/uploads\/2019\/03\/recommend-settings-huawei-20.jpg&#8221; css=&#8221;.vc_custom_1552306115566{border: 1px solid #a2a2a2 !important;}&#8221;][\/vc_column_inner][vc_column_inner width=&#8221;1\/3&#8243; css=&#8221;.vc_custom_1552304201417{margin-bottom: 20px !important;}&#8221;][vc_single_image source=&#8221;external_link&#8221; alignment=&#8221;center&#8221; custom_src=&#8221;\/wp-content\/uploads\/2019\/03\/recommend-settings-huawei-21.jpg&#8221; css=&#8221;.vc_custom_1552306124479{border: 1px solid #a2a2a2 !important;}&#8221;][\/vc_column_inner][vc_column_inner width=&#8221;1\/3&#8243; css=&#8221;.vc_custom_1552304213793{margin-bottom: 20px !important;padding-right: 15px !important;}&#8221;][vc_single_image source=&#8221;external_link&#8221; alignment=&#8221;center&#8221; custom_src=&#8221;\/wp-content\/uploads\/2019\/03\/recommend-settings-huawei-22.jpg&#8221; css=&#8221;.vc_custom_1552306133118{border: 1px solid #a2a2a2 !important;}&#8221;][\/vc_column_inner][\/vc_row_inner][vc_row_inner][vc_column_inner width=&#8221;1\/2&#8243; css=&#8221;.vc_custom_1552304230761{margin-bottom: 20px !important;}&#8221;][vc_single_image source=&#8221;external_link&#8221; alignment=&#8221;center&#8221; custom_src=&#8221;\/wp-content\/uploads\/2019\/03\/recommend-settings-huawei-23.jpg&#8221; css=&#8221;.vc_custom_1552306141751{border: 1px solid #a2a2a2 !important;}&#8221;][\/vc_column_inner][vc_column_inner width=&#8221;1\/2&#8243; css=&#8221;.vc_custom_1552304201417{margin-bottom: 20px !important;}&#8221;][vc_single_image source=&#8221;external_link&#8221; alignment=&#8221;center&#8221; custom_src=&#8221;\/wp-content\/uploads\/2019\/03\/recommend-settings-huawei-24.jpg&#8221; css=&#8221;.vc_custom_1552306151474{border: 1px solid #a2a2a2 !important;}&#8221;][\/vc_column_inner][\/vc_row_inner][vc_column_text]Ahora el dispositivo Huawei est\u00e1 configurado correctamente y listo para comenzar a usar la aplicaci\u00f3n X-GPS Tracker.[\/vc_column_text][\/vc_column][\/vc_row]<\/p>\n<\/div>","protected":false},"excerpt":{"rendered":"<p>[vc_row][vc_column][vc_column_text] Huawei [\/vc_column_text][vc_column_text]La aplicaci\u00f3n X-GPS Tracker le permite usar un tel\u00e9fono inteligente o tableta Huawei como rastreador. Con \u00e9l, puede hacer un seguimiento de los movimientos en l\u00ednea del propietario del dispositivo (por ejemplo, el conductor o el mensajero). Gracias a la configuraci\u00f3n flexible y al consumo inteligente de energ\u00eda, puede encontrar f\u00e1cilmente un equilibrio&#8230;<\/p>\n","protected":false},"author":8,"featured_media":0,"parent":8437,"menu_order":1,"comment_status":"closed","ping_status":"closed","template":"page-support.php","meta":{"_acf_changed":false,"inline_featured_image":false,"footnotes":""},"class_list":["post-8442","page","type-page","status-publish","hentry"],"acf":[],"yoast_head":"<!-- This site is optimized with the Yoast SEO plugin v27.2 - https:\/\/yoast.com\/product\/yoast-seo-wordpress\/ -->\n<title>Configuraci\u00f3n del sistema operativo Android en dispositivos Huawei &#8211; B2Field<\/title>\n<meta name=\"description\" content=\"La aplicaci\u00f3n X-GPS Tracker le permite usar un tel\u00e9fono inteligente o tableta Huawei como rastreador. Con \u00e9l, puede hacer un seguimiento de los movimientos en l\u00ednea del propietario del dispositivo (por ejemplo, el conductor o el mensajero).\" \/>\n<meta name=\"robots\" content=\"index, follow, max-snippet:-1, max-image-preview:large, max-video-preview:-1\" \/>\n<link rel=\"canonical\" href=\"https:\/\/b2field.com\/es\/support\/help\/x-gps-tracker\/recommend-settings\/huawei\/\" \/>\n<meta property=\"og:locale\" content=\"es_ES\" \/>\n<meta property=\"og:type\" content=\"article\" \/>\n<meta property=\"og:title\" content=\"Configuraci\u00f3n del sistema operativo Android en dispositivos Huawei &#8211; B2Field\" \/>\n<meta property=\"og:description\" content=\"La aplicaci\u00f3n X-GPS Tracker le permite usar un tel\u00e9fono inteligente o tableta Huawei como rastreador. Con \u00e9l, puede hacer un seguimiento de los movimientos en l\u00ednea del propietario del dispositivo (por ejemplo, el conductor o el mensajero).\" \/>\n<meta property=\"og:url\" content=\"https:\/\/b2field.com\/es\/support\/help\/x-gps-tracker\/recommend-settings\/huawei\/\" \/>\n<meta property=\"og:site_name\" content=\"B2Field\" \/>\n<meta property=\"article:publisher\" content=\"https:\/\/www.facebook.com\/B2Field\/\" \/>\n<meta property=\"article:modified_time\" content=\"2020-07-15T10:09:28+00:00\" \/>\n<meta name=\"twitter:card\" content=\"summary_large_image\" \/>\n<meta name=\"twitter:label1\" content=\"Tiempo de lectura\" \/>\n\t<meta name=\"twitter:data1\" content=\"8 minutos\" \/>\n<script type=\"application\/ld+json\" class=\"yoast-schema-graph\">{\"@context\":\"https:\/\/schema.org\",\"@graph\":[{\"@type\":\"WebPage\",\"@id\":\"https:\/\/b2field.com\/es\/support\/help\/x-gps-tracker\/recommend-settings\/huawei\/\",\"url\":\"https:\/\/b2field.com\/es\/support\/help\/x-gps-tracker\/recommend-settings\/huawei\/\",\"name\":\"Configuraci\u00f3n del sistema operativo Android en dispositivos Huawei &#8211; B2Field\",\"isPartOf\":{\"@id\":\"https:\/\/b2field.com\/es\/#website\"},\"datePublished\":\"2019-03-11T11:41:43+00:00\",\"dateModified\":\"2020-07-15T10:09:28+00:00\",\"description\":\"La aplicaci\u00f3n X-GPS Tracker le permite usar un tel\u00e9fono inteligente o tableta Huawei como rastreador. Con \u00e9l, puede hacer un seguimiento de los movimientos en l\u00ednea del propietario del dispositivo (por ejemplo, el conductor o el mensajero).\",\"breadcrumb\":{\"@id\":\"https:\/\/b2field.com\/es\/support\/help\/x-gps-tracker\/recommend-settings\/huawei\/#breadcrumb\"},\"inLanguage\":\"es\",\"potentialAction\":[{\"@type\":\"ReadAction\",\"target\":[\"https:\/\/b2field.com\/es\/support\/help\/x-gps-tracker\/recommend-settings\/huawei\/\"]}]},{\"@type\":\"BreadcrumbList\",\"@id\":\"https:\/\/b2field.com\/es\/support\/help\/x-gps-tracker\/recommend-settings\/huawei\/#breadcrumb\",\"itemListElement\":[{\"@type\":\"ListItem\",\"position\":1,\"name\":\"Home\",\"item\":\"https:\/\/b2field.com\/es\/\"},{\"@type\":\"ListItem\",\"position\":2,\"name\":\"Soporte\",\"item\":\"https:\/\/b2field.com\/es\/support\/\"},{\"@type\":\"ListItem\",\"position\":3,\"name\":\"Gu\u00edas de usuario\",\"item\":\"https:\/\/b2field.com\/es\/support\/help\/\"},{\"@type\":\"ListItem\",\"position\":4,\"name\":\"Aplicaci\u00f3n m\u00f3vil para personas y empleados\",\"item\":\"https:\/\/b2field.com\/es\/support\/help\/x-gps-tracker\/\"},{\"@type\":\"ListItem\",\"position\":5,\"name\":\"Ajustes y recomendaciones para los dispositivos\",\"item\":\"https:\/\/b2field.com\/es\/support\/help\/x-gps-tracker\/recommend-settings\/\"},{\"@type\":\"ListItem\",\"position\":6,\"name\":\"Huawei\"}]},{\"@type\":\"WebSite\",\"@id\":\"https:\/\/b2field.com\/es\/#website\",\"url\":\"https:\/\/b2field.com\/es\/\",\"name\":\"B2Field\",\"description\":\"\",\"potentialAction\":[{\"@type\":\"SearchAction\",\"target\":{\"@type\":\"EntryPoint\",\"urlTemplate\":\"https:\/\/b2field.com\/es\/?s={search_term_string}\"},\"query-input\":{\"@type\":\"PropertyValueSpecification\",\"valueRequired\":true,\"valueName\":\"search_term_string\"}}],\"inLanguage\":\"es\"}]}<\/script>\n<!-- \/ Yoast SEO plugin. -->","yoast_head_json":{"title":"Configuraci\u00f3n del sistema operativo Android en dispositivos Huawei &#8211; B2Field","description":"La aplicaci\u00f3n X-GPS Tracker le permite usar un tel\u00e9fono inteligente o tableta Huawei como rastreador. Con \u00e9l, puede hacer un seguimiento de los movimientos en l\u00ednea del propietario del dispositivo (por ejemplo, el conductor o el mensajero).","robots":{"index":"index","follow":"follow","max-snippet":"max-snippet:-1","max-image-preview":"max-image-preview:large","max-video-preview":"max-video-preview:-1"},"canonical":"https:\/\/b2field.com\/es\/support\/help\/x-gps-tracker\/recommend-settings\/huawei\/","og_locale":"es_ES","og_type":"article","og_title":"Configuraci\u00f3n del sistema operativo Android en dispositivos Huawei &#8211; B2Field","og_description":"La aplicaci\u00f3n X-GPS Tracker le permite usar un tel\u00e9fono inteligente o tableta Huawei como rastreador. Con \u00e9l, puede hacer un seguimiento de los movimientos en l\u00ednea del propietario del dispositivo (por ejemplo, el conductor o el mensajero).","og_url":"https:\/\/b2field.com\/es\/support\/help\/x-gps-tracker\/recommend-settings\/huawei\/","og_site_name":"B2Field","article_publisher":"https:\/\/www.facebook.com\/B2Field\/","article_modified_time":"2020-07-15T10:09:28+00:00","twitter_card":"summary_large_image","twitter_misc":{"Tiempo de lectura":"8 minutos"},"schema":{"@context":"https:\/\/schema.org","@graph":[{"@type":"WebPage","@id":"https:\/\/b2field.com\/es\/support\/help\/x-gps-tracker\/recommend-settings\/huawei\/","url":"https:\/\/b2field.com\/es\/support\/help\/x-gps-tracker\/recommend-settings\/huawei\/","name":"Configuraci\u00f3n del sistema operativo Android en dispositivos Huawei &#8211; B2Field","isPartOf":{"@id":"https:\/\/b2field.com\/es\/#website"},"datePublished":"2019-03-11T11:41:43+00:00","dateModified":"2020-07-15T10:09:28+00:00","description":"La aplicaci\u00f3n X-GPS Tracker le permite usar un tel\u00e9fono inteligente o tableta Huawei como rastreador. Con \u00e9l, puede hacer un seguimiento de los movimientos en l\u00ednea del propietario del dispositivo (por ejemplo, el conductor o el mensajero).","breadcrumb":{"@id":"https:\/\/b2field.com\/es\/support\/help\/x-gps-tracker\/recommend-settings\/huawei\/#breadcrumb"},"inLanguage":"es","potentialAction":[{"@type":"ReadAction","target":["https:\/\/b2field.com\/es\/support\/help\/x-gps-tracker\/recommend-settings\/huawei\/"]}]},{"@type":"BreadcrumbList","@id":"https:\/\/b2field.com\/es\/support\/help\/x-gps-tracker\/recommend-settings\/huawei\/#breadcrumb","itemListElement":[{"@type":"ListItem","position":1,"name":"Home","item":"https:\/\/b2field.com\/es\/"},{"@type":"ListItem","position":2,"name":"Soporte","item":"https:\/\/b2field.com\/es\/support\/"},{"@type":"ListItem","position":3,"name":"Gu\u00edas de usuario","item":"https:\/\/b2field.com\/es\/support\/help\/"},{"@type":"ListItem","position":4,"name":"Aplicaci\u00f3n m\u00f3vil para personas y empleados","item":"https:\/\/b2field.com\/es\/support\/help\/x-gps-tracker\/"},{"@type":"ListItem","position":5,"name":"Ajustes y recomendaciones para los dispositivos","item":"https:\/\/b2field.com\/es\/support\/help\/x-gps-tracker\/recommend-settings\/"},{"@type":"ListItem","position":6,"name":"Huawei"}]},{"@type":"WebSite","@id":"https:\/\/b2field.com\/es\/#website","url":"https:\/\/b2field.com\/es\/","name":"B2Field","description":"","potentialAction":[{"@type":"SearchAction","target":{"@type":"EntryPoint","urlTemplate":"https:\/\/b2field.com\/es\/?s={search_term_string}"},"query-input":{"@type":"PropertyValueSpecification","valueRequired":true,"valueName":"search_term_string"}}],"inLanguage":"es"}]}},"_links":{"self":[{"href":"https:\/\/b2field.com\/es\/wp-json\/wp\/v2\/pages\/8442","targetHints":{"allow":["GET"]}}],"collection":[{"href":"https:\/\/b2field.com\/es\/wp-json\/wp\/v2\/pages"}],"about":[{"href":"https:\/\/b2field.com\/es\/wp-json\/wp\/v2\/types\/page"}],"author":[{"embeddable":true,"href":"https:\/\/b2field.com\/es\/wp-json\/wp\/v2\/users\/8"}],"replies":[{"embeddable":true,"href":"https:\/\/b2field.com\/es\/wp-json\/wp\/v2\/comments?post=8442"}],"version-history":[{"count":4,"href":"https:\/\/b2field.com\/es\/wp-json\/wp\/v2\/pages\/8442\/revisions"}],"predecessor-version":[{"id":10126,"href":"https:\/\/b2field.com\/es\/wp-json\/wp\/v2\/pages\/8442\/revisions\/10126"}],"up":[{"embeddable":true,"href":"https:\/\/b2field.com\/es\/wp-json\/wp\/v2\/pages\/8437"}],"wp:attachment":[{"href":"https:\/\/b2field.com\/es\/wp-json\/wp\/v2\/media?parent=8442"}],"curies":[{"name":"wp","href":"https:\/\/api.w.org\/{rel}","templated":true}]}}