{"id":8450,"date":"2019-03-11T11:12:17","date_gmt":"2019-03-11T11:12:17","guid":{"rendered":"http:\/\/api.b2field.com\/support\/help\/x-gps-tracker\/recommend-settings\/samsung\/"},"modified":"2024-10-21T03:43:06","modified_gmt":"2024-10-21T03:43:06","slug":"samsung","status":"publish","type":"page","link":"https:\/\/b2field.com\/es\/support\/help\/x-gps-tracker\/recommend-settings\/samsung\/","title":{"rendered":"Samsung"},"content":{"rendered":"<div class=\"wpb-content-wrapper\"><p>[vc_row css=&#8221;.vc_custom_1552302116672{margin-bottom: 20px !important;}&#8221;][vc_column][vc_column_text]<\/p>\n<h1>Samsung<\/h1>\n<p>[\/vc_column_text][vc_column_text]La aplicaci\u00f3n X-GPS Tracker le permite usar un tel\u00e9fono inteligente o tableta Samsung como rastreador. Con \u00e9l, puede hacer un seguimiento de los movimientos en l\u00ednea del propietario del dispositivo (por ejemplo, el conductor o el mensajero). Gracias a la configuraci\u00f3n flexible y al consumo inteligente de energ\u00eda, puede encontrar f\u00e1cilmente un equilibrio entre el detalle de la ruta registrada y un consumo \u00f3ptimo de la bater\u00eda.<\/p>\n<p>Para arreglar la ubicaci\u00f3n de la aplicaci\u00f3n utilice:<\/p>\n<ul>\n<li>Se\u00f1ales de navegaci\u00f3n por sat\u00e9lite GPS y GLONASS;<\/li>\n<li>Se\u00f1ales redes terrestres GSM y WiFi.<\/li>\n<\/ul>\n<p><em><strong>Consejo:<\/strong> Para una ubicaci\u00f3n m\u00e1s precisa utilizando redes GSM y WiFi, active la funci\u00f3n WiFi en su dispositivo.<\/em>[\/vc_column_text][vc_column_text]<\/p>\n<h2>Configuraci\u00f3n del sistema operativo Android en dispositivos Samsung<\/h2>\n<p>[\/vc_column_text][vc_column_text]Cuando utilice la aplicaci\u00f3n X-GPS Tracker, configure los siguientes ajustes del sistema operativo Android:<\/p>\n<ol>\n<li>Permita que la aplicaci\u00f3n acceda a su ubicaci\u00f3n y a la memoria.<\/li>\n<li>Permita que la aplicaci\u00f3n utilice datos m\u00f3viles.<\/li>\n<li>Clasifique la app en la lista de excepciones.<\/li>\n<\/ol>\n<p>[\/vc_column_text][vc_column_text]<\/p>\n<h2>Acceso a la ubicaci\u00f3n y almacenamiento de memoria<\/h2>\n<p>[\/vc_column_text][vc_column_text]Los servicios de localizaci\u00f3n deben estar activados para que la app Rastreador X-GPS registre la ubicaci\u00f3n actual del empleado y la env\u00ede al servicio.<\/p>\n<p>Para que la aplicaci\u00f3n funcione correctamente sin conexi\u00f3n a Internet, debe permitirle acceder a la memoria del dispositivo.<\/p>\n<p>Para hacer esto, abra Configuraci\u00f3n \u2192 Aplicaciones \u2192 Rastreador X-GPS \u2192 Permisos \u2192 Ubicaci\u00f3n y memoria \u2192 Conmutadores deslizantes a la derecha.[\/vc_column_text][vc_row_inner][vc_column_inner width=&#8221;1\/2&#8243; css=&#8221;.vc_custom_1552302105390{margin-bottom: 20px !important;}&#8221;][vc_single_image source=&#8221;external_link&#8221; alignment=&#8221;center&#8221; custom_src=&#8221;\/wp-content\/uploads\/2019\/03\/recommend-settings-samsung-1.jpg&#8221;][\/vc_column_inner][vc_column_inner width=&#8221;1\/2&#8243; css=&#8221;.vc_custom_1552302110333{margin-bottom: 20px !important;}&#8221;][vc_single_image source=&#8221;external_link&#8221; alignment=&#8221;center&#8221; custom_src=&#8221;\/wp-content\/uploads\/2019\/03\/recommend-settings-samsung-2.jpg&#8221;][\/vc_column_inner][\/vc_row_inner][vc_row_inner][vc_column_inner width=&#8221;1\/2&#8243; css=&#8221;.vc_custom_1552302105390{margin-bottom: 20px !important;}&#8221;][vc_single_image source=&#8221;external_link&#8221; alignment=&#8221;center&#8221; custom_src=&#8221;\/wp-content\/uploads\/2019\/03\/recommend-settings-samsung-3.jpg&#8221;][\/vc_column_inner][vc_column_inner width=&#8221;1\/2&#8243; css=&#8221;.vc_custom_1552302110333{margin-bottom: 20px !important;}&#8221;][vc_single_image source=&#8221;external_link&#8221; alignment=&#8221;center&#8221; custom_src=&#8221;\/wp-content\/uploads\/2019\/03\/recommend-settings-samsung-4.jpg&#8221;][\/vc_column_inner][\/vc_row_inner][vc_column_text]<\/p>\n<h2>Uso de datos m\u00f3viles<\/h2>\n<p>[\/vc_column_text][vc_column_text]Para recibir actualizaciones de la ubicaci\u00f3n mientras la aplicaci\u00f3n X-GPS est\u00e1 minimizada o la pantalla est\u00e1 bloqueada, es necesario permitir que la app use los datos m\u00f3viles sin restricciones y funcione en segundo plano.<\/p>\n<p>Para hacer esto dir\u00edjase a los Ajustes \u2192 Aplicaciones \u2192 Rastreador X-GPS \u2192 Datos m\u00f3viles \u2192 Uso de datos \u2192 Cambie los interruptores a la derecha.[\/vc_column_text][vc_row_inner][vc_column_inner width=&#8221;1\/2&#8243; css=&#8221;.vc_custom_1552302105390{margin-bottom: 20px !important;}&#8221;][vc_single_image source=&#8221;external_link&#8221; alignment=&#8221;center&#8221; custom_src=&#8221;\/wp-content\/uploads\/2019\/03\/recommend-settings-samsung-5.jpg&#8221;][\/vc_column_inner][vc_column_inner width=&#8221;1\/2&#8243; css=&#8221;.vc_custom_1552302110333{margin-bottom: 20px !important;}&#8221;][vc_single_image source=&#8221;external_link&#8221; alignment=&#8221;center&#8221; custom_src=&#8221;\/wp-content\/uploads\/2019\/03\/recommend-settings-samsung-6.jpg&#8221;][\/vc_column_inner][\/vc_row_inner][vc_row_inner][vc_column_inner width=&#8221;1\/2&#8243; css=&#8221;.vc_custom_1552302105390{margin-bottom: 20px !important;}&#8221;][vc_single_image source=&#8221;external_link&#8221; alignment=&#8221;center&#8221; custom_src=&#8221;\/wp-content\/uploads\/2019\/03\/recommend-settings-samsung-7.jpg&#8221;][\/vc_column_inner][vc_column_inner width=&#8221;1\/2&#8243; css=&#8221;.vc_custom_1552302110333{margin-bottom: 20px !important;}&#8221;][vc_single_image source=&#8221;external_link&#8221; alignment=&#8221;center&#8221; custom_src=&#8221;\/wp-content\/uploads\/2019\/03\/recommend-settings-samsung-8.jpg&#8221;][\/vc_column_inner][\/vc_row_inner][vc_column_text]<\/p>\n<h2>Lista de exclusi\u00f3n<\/h2>\n<p>[\/vc_column_text][vc_column_text]A\u00f1ada la app Rastreador GPS a la lista de aplicaciones sin supervisi\u00f3n para que \u00e9sta pueda usar tanta bater\u00eda como necesite y no est\u00e9 sujeto a supervisi\u00f3n por el control de energ\u00eda. Esta opci\u00f3n la puede activar por medio del men\u00fa del mantenimiento del dispositivo.<\/p>\n<p>Para hacer esto dir\u00edjase a los Ajustes \u2192 Mantenimiento dispositivo \u2192 Bater\u00eda \u2192 Apps sin supervisi\u00f3n \u2192 A\u00f1adir aplicaciones \u2192 Rastreador X-GPS \u2192 Pulse Hecho.[\/vc_column_text][vc_row_inner][vc_column_inner width=&#8221;1\/3&#8243; css=&#8221;.vc_custom_1552302252468{margin-bottom: 20px !important;padding-left: 15px !important;}&#8221;][vc_single_image source=&#8221;external_link&#8221; alignment=&#8221;center&#8221; custom_src=&#8221;\/wp-content\/uploads\/2019\/03\/recommend-settings-samsung-9.jpg&#8221;][\/vc_column_inner][vc_column_inner width=&#8221;1\/3&#8243; css=&#8221;.vc_custom_1552302110333{margin-bottom: 20px !important;}&#8221;][vc_single_image source=&#8221;external_link&#8221; alignment=&#8221;center&#8221; custom_src=&#8221;\/wp-content\/uploads\/2019\/03\/recommend-settings-samsung-10.jpg&#8221;][\/vc_column_inner][vc_column_inner width=&#8221;1\/3&#8243; css=&#8221;.vc_custom_1552302262220{margin-bottom: 20px !important;padding-right: 15px !important;}&#8221;][vc_single_image source=&#8221;external_link&#8221; alignment=&#8221;center&#8221; custom_src=&#8221;\/wp-content\/uploads\/2019\/03\/recommend-settings-samsung-11.jpg&#8221;][\/vc_column_inner][\/vc_row_inner][vc_row_inner][vc_column_inner width=&#8221;1\/2&#8243; css=&#8221;.vc_custom_1552302105390{margin-bottom: 20px !important;}&#8221;][vc_single_image source=&#8221;external_link&#8221; alignment=&#8221;center&#8221; custom_src=&#8221;\/wp-content\/uploads\/2019\/03\/recommend-settings-samsung-12.jpg&#8221;][\/vc_column_inner][vc_column_inner width=&#8221;1\/2&#8243; css=&#8221;.vc_custom_1552302110333{margin-bottom: 20px !important;}&#8221;][vc_single_image source=&#8221;external_link&#8221; alignment=&#8221;center&#8221; custom_src=&#8221;\/wp-content\/uploads\/2019\/03\/recommend-settings-samsung-13.jpg&#8221;][\/vc_column_inner][\/vc_row_inner][vc_column_text]Ahora su dispositivo Samsung est\u00e1 configurado correctamente y listo para comenzar a usar la aplicaci\u00f3n X-GPS Tracker.[\/vc_column_text][\/vc_column][\/vc_row]<\/p>\n<\/div>","protected":false},"excerpt":{"rendered":"<p>[vc_row css=&#8221;.vc_custom_1552302116672{margin-bottom: 20px !important;}&#8221;][vc_column][vc_column_text] Samsung [\/vc_column_text][vc_column_text]La aplicaci\u00f3n X-GPS Tracker le permite usar un tel\u00e9fono inteligente o tableta Samsung como rastreador. Con \u00e9l, puede hacer un seguimiento de los movimientos en l\u00ednea del propietario del dispositivo (por ejemplo, el conductor o el mensajero). Gracias a la configuraci\u00f3n flexible y al consumo inteligente de energ\u00eda, puede encontrar&#8230;<\/p>\n","protected":false},"author":8,"featured_media":0,"parent":8437,"menu_order":3,"comment_status":"closed","ping_status":"closed","template":"page-support.php","meta":{"_acf_changed":false,"inline_featured_image":false,"footnotes":""},"class_list":["post-8450","page","type-page","status-publish","hentry"],"acf":[],"yoast_head":"<!-- This site is optimized with the Yoast SEO plugin v27.2 - https:\/\/yoast.com\/product\/yoast-seo-wordpress\/ -->\n<title>Configuraci\u00f3n del sistema operativo Android en dispositivos Samsung &#8211; B2Field<\/title>\n<meta name=\"description\" content=\"La aplicaci\u00f3n X-GPS Tracker le permite usar un tel\u00e9fono inteligente o tableta Samsung como rastreador. Con \u00e9l, puede hacer un seguimiento de los movimientos en l\u00ednea del propietario del dispositivo (por ejemplo, el conductor o el mensajero).\" \/>\n<meta name=\"robots\" content=\"index, follow, max-snippet:-1, max-image-preview:large, max-video-preview:-1\" \/>\n<link rel=\"canonical\" href=\"https:\/\/b2field.com\/es\/support\/help\/x-gps-tracker\/recommend-settings\/samsung\/\" \/>\n<meta property=\"og:locale\" content=\"es_ES\" \/>\n<meta property=\"og:type\" content=\"article\" \/>\n<meta property=\"og:title\" content=\"Configuraci\u00f3n del sistema operativo Android en dispositivos Samsung &#8211; B2Field\" \/>\n<meta property=\"og:description\" content=\"La aplicaci\u00f3n X-GPS Tracker le permite usar un tel\u00e9fono inteligente o tableta Samsung como rastreador. Con \u00e9l, puede hacer un seguimiento de los movimientos en l\u00ednea del propietario del dispositivo (por ejemplo, el conductor o el mensajero).\" \/>\n<meta property=\"og:url\" content=\"https:\/\/b2field.com\/es\/support\/help\/x-gps-tracker\/recommend-settings\/samsung\/\" \/>\n<meta property=\"og:site_name\" content=\"B2Field\" \/>\n<meta property=\"article:publisher\" content=\"https:\/\/www.facebook.com\/B2Field\/\" \/>\n<meta property=\"article:modified_time\" content=\"2024-10-21T03:43:06+00:00\" \/>\n<meta name=\"twitter:card\" content=\"summary_large_image\" \/>\n<meta name=\"twitter:label1\" content=\"Tiempo de lectura\" \/>\n\t<meta name=\"twitter:data1\" content=\"4 minutos\" \/>\n<script type=\"application\/ld+json\" class=\"yoast-schema-graph\">{\"@context\":\"https:\/\/schema.org\",\"@graph\":[{\"@type\":\"WebPage\",\"@id\":\"https:\/\/b2field.com\/es\/support\/help\/x-gps-tracker\/recommend-settings\/samsung\/\",\"url\":\"https:\/\/b2field.com\/es\/support\/help\/x-gps-tracker\/recommend-settings\/samsung\/\",\"name\":\"Configuraci\u00f3n del sistema operativo Android en dispositivos Samsung &#8211; B2Field\",\"isPartOf\":{\"@id\":\"https:\/\/b2field.com\/es\/#website\"},\"datePublished\":\"2019-03-11T11:12:17+00:00\",\"dateModified\":\"2024-10-21T03:43:06+00:00\",\"description\":\"La aplicaci\u00f3n X-GPS Tracker le permite usar un tel\u00e9fono inteligente o tableta Samsung como rastreador. Con \u00e9l, puede hacer un seguimiento de los movimientos en l\u00ednea del propietario del dispositivo (por ejemplo, el conductor o el mensajero).\",\"breadcrumb\":{\"@id\":\"https:\/\/b2field.com\/es\/support\/help\/x-gps-tracker\/recommend-settings\/samsung\/#breadcrumb\"},\"inLanguage\":\"es\",\"potentialAction\":[{\"@type\":\"ReadAction\",\"target\":[\"https:\/\/b2field.com\/es\/support\/help\/x-gps-tracker\/recommend-settings\/samsung\/\"]}]},{\"@type\":\"BreadcrumbList\",\"@id\":\"https:\/\/b2field.com\/es\/support\/help\/x-gps-tracker\/recommend-settings\/samsung\/#breadcrumb\",\"itemListElement\":[{\"@type\":\"ListItem\",\"position\":1,\"name\":\"Home\",\"item\":\"https:\/\/b2field.com\/es\/\"},{\"@type\":\"ListItem\",\"position\":2,\"name\":\"Soporte\",\"item\":\"https:\/\/b2field.com\/es\/support\/\"},{\"@type\":\"ListItem\",\"position\":3,\"name\":\"Gu\u00edas de usuario\",\"item\":\"https:\/\/b2field.com\/es\/support\/help\/\"},{\"@type\":\"ListItem\",\"position\":4,\"name\":\"Aplicaci\u00f3n m\u00f3vil para personas y empleados\",\"item\":\"https:\/\/b2field.com\/es\/support\/help\/x-gps-tracker\/\"},{\"@type\":\"ListItem\",\"position\":5,\"name\":\"Ajustes y recomendaciones para los dispositivos\",\"item\":\"https:\/\/b2field.com\/es\/support\/help\/x-gps-tracker\/recommend-settings\/\"},{\"@type\":\"ListItem\",\"position\":6,\"name\":\"Samsung\"}]},{\"@type\":\"WebSite\",\"@id\":\"https:\/\/b2field.com\/es\/#website\",\"url\":\"https:\/\/b2field.com\/es\/\",\"name\":\"B2Field\",\"description\":\"\",\"potentialAction\":[{\"@type\":\"SearchAction\",\"target\":{\"@type\":\"EntryPoint\",\"urlTemplate\":\"https:\/\/b2field.com\/es\/?s={search_term_string}\"},\"query-input\":{\"@type\":\"PropertyValueSpecification\",\"valueRequired\":true,\"valueName\":\"search_term_string\"}}],\"inLanguage\":\"es\"}]}<\/script>\n<!-- \/ Yoast SEO plugin. -->","yoast_head_json":{"title":"Configuraci\u00f3n del sistema operativo Android en dispositivos Samsung &#8211; B2Field","description":"La aplicaci\u00f3n X-GPS Tracker le permite usar un tel\u00e9fono inteligente o tableta Samsung como rastreador. Con \u00e9l, puede hacer un seguimiento de los movimientos en l\u00ednea del propietario del dispositivo (por ejemplo, el conductor o el mensajero).","robots":{"index":"index","follow":"follow","max-snippet":"max-snippet:-1","max-image-preview":"max-image-preview:large","max-video-preview":"max-video-preview:-1"},"canonical":"https:\/\/b2field.com\/es\/support\/help\/x-gps-tracker\/recommend-settings\/samsung\/","og_locale":"es_ES","og_type":"article","og_title":"Configuraci\u00f3n del sistema operativo Android en dispositivos Samsung &#8211; B2Field","og_description":"La aplicaci\u00f3n X-GPS Tracker le permite usar un tel\u00e9fono inteligente o tableta Samsung como rastreador. Con \u00e9l, puede hacer un seguimiento de los movimientos en l\u00ednea del propietario del dispositivo (por ejemplo, el conductor o el mensajero).","og_url":"https:\/\/b2field.com\/es\/support\/help\/x-gps-tracker\/recommend-settings\/samsung\/","og_site_name":"B2Field","article_publisher":"https:\/\/www.facebook.com\/B2Field\/","article_modified_time":"2024-10-21T03:43:06+00:00","twitter_card":"summary_large_image","twitter_misc":{"Tiempo de lectura":"4 minutos"},"schema":{"@context":"https:\/\/schema.org","@graph":[{"@type":"WebPage","@id":"https:\/\/b2field.com\/es\/support\/help\/x-gps-tracker\/recommend-settings\/samsung\/","url":"https:\/\/b2field.com\/es\/support\/help\/x-gps-tracker\/recommend-settings\/samsung\/","name":"Configuraci\u00f3n del sistema operativo Android en dispositivos Samsung &#8211; B2Field","isPartOf":{"@id":"https:\/\/b2field.com\/es\/#website"},"datePublished":"2019-03-11T11:12:17+00:00","dateModified":"2024-10-21T03:43:06+00:00","description":"La aplicaci\u00f3n X-GPS Tracker le permite usar un tel\u00e9fono inteligente o tableta Samsung como rastreador. Con \u00e9l, puede hacer un seguimiento de los movimientos en l\u00ednea del propietario del dispositivo (por ejemplo, el conductor o el mensajero).","breadcrumb":{"@id":"https:\/\/b2field.com\/es\/support\/help\/x-gps-tracker\/recommend-settings\/samsung\/#breadcrumb"},"inLanguage":"es","potentialAction":[{"@type":"ReadAction","target":["https:\/\/b2field.com\/es\/support\/help\/x-gps-tracker\/recommend-settings\/samsung\/"]}]},{"@type":"BreadcrumbList","@id":"https:\/\/b2field.com\/es\/support\/help\/x-gps-tracker\/recommend-settings\/samsung\/#breadcrumb","itemListElement":[{"@type":"ListItem","position":1,"name":"Home","item":"https:\/\/b2field.com\/es\/"},{"@type":"ListItem","position":2,"name":"Soporte","item":"https:\/\/b2field.com\/es\/support\/"},{"@type":"ListItem","position":3,"name":"Gu\u00edas de usuario","item":"https:\/\/b2field.com\/es\/support\/help\/"},{"@type":"ListItem","position":4,"name":"Aplicaci\u00f3n m\u00f3vil para personas y empleados","item":"https:\/\/b2field.com\/es\/support\/help\/x-gps-tracker\/"},{"@type":"ListItem","position":5,"name":"Ajustes y recomendaciones para los dispositivos","item":"https:\/\/b2field.com\/es\/support\/help\/x-gps-tracker\/recommend-settings\/"},{"@type":"ListItem","position":6,"name":"Samsung"}]},{"@type":"WebSite","@id":"https:\/\/b2field.com\/es\/#website","url":"https:\/\/b2field.com\/es\/","name":"B2Field","description":"","potentialAction":[{"@type":"SearchAction","target":{"@type":"EntryPoint","urlTemplate":"https:\/\/b2field.com\/es\/?s={search_term_string}"},"query-input":{"@type":"PropertyValueSpecification","valueRequired":true,"valueName":"search_term_string"}}],"inLanguage":"es"}]}},"_links":{"self":[{"href":"https:\/\/b2field.com\/es\/wp-json\/wp\/v2\/pages\/8450","targetHints":{"allow":["GET"]}}],"collection":[{"href":"https:\/\/b2field.com\/es\/wp-json\/wp\/v2\/pages"}],"about":[{"href":"https:\/\/b2field.com\/es\/wp-json\/wp\/v2\/types\/page"}],"author":[{"embeddable":true,"href":"https:\/\/b2field.com\/es\/wp-json\/wp\/v2\/users\/8"}],"replies":[{"embeddable":true,"href":"https:\/\/b2field.com\/es\/wp-json\/wp\/v2\/comments?post=8450"}],"version-history":[{"count":4,"href":"https:\/\/b2field.com\/es\/wp-json\/wp\/v2\/pages\/8450\/revisions"}],"predecessor-version":[{"id":10128,"href":"https:\/\/b2field.com\/es\/wp-json\/wp\/v2\/pages\/8450\/revisions\/10128"}],"up":[{"embeddable":true,"href":"https:\/\/b2field.com\/es\/wp-json\/wp\/v2\/pages\/8437"}],"wp:attachment":[{"href":"https:\/\/b2field.com\/es\/wp-json\/wp\/v2\/media?parent=8450"}],"curies":[{"name":"wp","href":"https:\/\/api.w.org\/{rel}","templated":true}]}}