{"id":8453,"date":"2019-03-11T11:27:41","date_gmt":"2019-03-11T11:27:41","guid":{"rendered":"http:\/\/api.b2field.com\/support\/help\/x-gps-tracker\/recommend-settings\/xiaomi\/"},"modified":"2020-07-15T10:10:50","modified_gmt":"2020-07-15T10:10:50","slug":"xiaomi","status":"publish","type":"page","link":"https:\/\/b2field.com\/es\/support\/help\/x-gps-tracker\/recommend-settings\/xiaomi\/","title":{"rendered":"Xiaomi"},"content":{"rendered":"<div class=\"wpb-content-wrapper\"><p>[vc_row css=&#8221;.vc_custom_1552302977156{margin-bottom: 20px !important;}&#8221;][vc_column][vc_column_text]<\/p>\n<h1>Xiaomi<\/h1>\n<p>[\/vc_column_text][vc_column_text]La aplicaci\u00f3n X-GPS Tracker le permite usar su tel\u00e9fono inteligente o tableta Xiaomi como rastreador. Con \u00e9l, puede hacer un seguimiento de los movimientos en l\u00ednea del propietario del dispositivo (por ejemplo, el conductor o el mensajero). Gracias a la configuraci\u00f3n flexible y al consumo inteligente de energ\u00eda, puede encontrar f\u00e1cilmente un equilibrio entre el detalle de la ruta registrada y un consumo \u00f3ptimo de la bater\u00eda.<\/p>\n<p>Para arreglar la ubicaci\u00f3n de la aplicaci\u00f3n utilice:<\/p>\n<ul>\n<li>Se\u00f1ales de navegaci\u00f3n por sat\u00e9lite GPS y GLONASS;<\/li>\n<li>Se\u00f1ales redes terrestres GSM y WiFi.<\/li>\n<\/ul>\n<p><em><strong>Consejo:<\/strong> Para una ubicaci\u00f3n m\u00e1s precisa utilizando redes GSM y WiFi, active la funci\u00f3n WiFi en su dispositivo.<\/em>[\/vc_column_text][vc_column_text]<\/p>\n<h2>Configuraci\u00f3n del sistema operativo Android en dispositivos Xiaomi<\/h2>\n<p>[\/vc_column_text][vc_column_text]Cuando utilice la aplicaci\u00f3n X-GPS Tracker, configure los siguientes ajustes del sistema operativo Android:<\/p>\n<ol>\n<li>Permita que la aplicaci\u00f3n se ejecute autom\u00e1ticamente.<\/li>\n<li>Permita que la aplicaci\u00f3n use la ubicaci\u00f3n y la memoria del dispositivo.<\/li>\n<li>Permita que la aplicaci\u00f3n se ejecute en segundo plano.<\/li>\n<li>Configure las conexiones de red.<\/li>\n<li>Deshabilite las restricciones de control de actividad.<\/li>\n<\/ol>\n<p>[\/vc_column_text][vc_column_text]<\/p>\n<h2>Inicio autom\u00e1tico<\/h2>\n<p>[\/vc_column_text][vc_column_text]Para que la aplicaci\u00f3n Rastreador X-GPS se abra autom\u00e1ticamente despu\u00e9s de reiniciar el dispositivo, es necesario activar la opci\u00f3n de Inicio autom\u00e1tico.<\/p>\n<p>Para hacer esto abra la Configuraci\u00f3n \u2192 Aplicaciones instaladas \u2192 Rastreador X-GPS \u2192 Inicio autom\u00e1tico \u2192 Deslice el interruptor hacia la derecha.[\/vc_column_text][vc_row_inner][vc_column_inner width=&#8221;1\/3&#8243; css=&#8221;.vc_custom_1552302991379{margin-bottom: 20px !important;padding-left: 15px !important;}&#8221;][vc_single_image source=&#8221;external_link&#8221; alignment=&#8221;center&#8221; custom_src=&#8221;\/wp-content\/uploads\/2019\/03\/recommend-settings-xiaomi-1.png&#8221; css=&#8221;.vc_custom_1552303757320{border: 1px solid #a2a2a2 !important;}&#8221;][\/vc_column_inner][vc_column_inner width=&#8221;1\/3&#8243; css=&#8221;.vc_custom_1552302996483{margin-bottom: 20px !important;}&#8221;][vc_single_image source=&#8221;external_link&#8221; alignment=&#8221;center&#8221; custom_src=&#8221;\/wp-content\/uploads\/2019\/03\/recommend-settings-xiaomi-2.png&#8221; css=&#8221;.vc_custom_1552303768472{border: 1px solid #a2a2a2 !important;}&#8221;][\/vc_column_inner][vc_column_inner width=&#8221;1\/3&#8243; css=&#8221;.vc_custom_1552303002011{margin-bottom: 20px !important;padding-right: 15px !important;}&#8221;][vc_single_image source=&#8221;external_link&#8221; alignment=&#8221;center&#8221; custom_src=&#8221;\/wp-content\/uploads\/2019\/03\/recommend-settings-xiaomi-3.png&#8221; css=&#8221;.vc_custom_1552303777679{border: 1px solid #a2a2a2 !important;}&#8221;][\/vc_column_inner][\/vc_row_inner][vc_column_text]<\/p>\n<h2>Acceso a ubicaci\u00f3n y memoria de almacenamiento<\/h2>\n<p>[\/vc_column_text][vc_column_text]Los servicios de localizaci\u00f3n deben estar activados para que la app Rastreador X-GPS registre la ubicaci\u00f3n actual del empleado y la env\u00ede al servicio.<\/p>\n<p>Para que la aplicaci\u00f3n funcione correctamente sin conexi\u00f3n a Internet, debe permitirle acceder a la memoria del dispositivo.<\/p>\n<p>Para hacer esto dir\u00edjase a la Configuraci\u00f3n \u2192 Aplicaciones instaladas \u2192 Rastreador X-GPS \u2192 Permisos de la aplicaci\u00f3n \u2192 Espacio de almacenamiento y Ubicaci\u00f3n \u2192 Deslice los interruptores hacia la derecha.[\/vc_column_text][vc_row_inner][vc_column_inner width=&#8221;1\/2&#8243; css=&#8221;.vc_custom_1552303073051{margin-bottom: 20px !important;}&#8221;][vc_single_image source=&#8221;external_link&#8221; alignment=&#8221;center&#8221; custom_src=&#8221;\/wp-content\/uploads\/2019\/03\/recommend-settings-xiaomi-4.png&#8221; css=&#8221;.vc_custom_1552303788275{border: 1px solid #a2a2a2 !important;}&#8221;][\/vc_column_inner][vc_column_inner width=&#8221;1\/2&#8243; css=&#8221;.vc_custom_1552303077339{margin-bottom: 20px !important;}&#8221;][vc_single_image source=&#8221;external_link&#8221; alignment=&#8221;center&#8221; custom_src=&#8221;\/wp-content\/uploads\/2019\/03\/recommend-settings-xiaomi-5.png&#8221; css=&#8221;.vc_custom_1552303798456{border: 1px solid #a2a2a2 !important;}&#8221;][\/vc_column_inner][\/vc_row_inner][vc_row_inner][vc_column_inner width=&#8221;1\/2&#8243; css=&#8221;.vc_custom_1552303073051{margin-bottom: 20px !important;}&#8221;][vc_single_image source=&#8221;external_link&#8221; alignment=&#8221;center&#8221; custom_src=&#8221;\/wp-content\/uploads\/2019\/03\/recommend-settings-xiaomi-6.png&#8221; css=&#8221;.vc_custom_1552303808664{border: 1px solid #a2a2a2 !important;}&#8221;][\/vc_column_inner][vc_column_inner width=&#8221;1\/2&#8243; css=&#8221;.vc_custom_1552303077339{margin-bottom: 20px !important;}&#8221;][vc_single_image source=&#8221;external_link&#8221; alignment=&#8221;center&#8221; custom_src=&#8221;\/wp-content\/uploads\/2019\/03\/recommend-settings-xiaomi-7.png&#8221; css=&#8221;.vc_custom_1552303817983{border: 1px solid #a2a2a2 !important;}&#8221;][\/vc_column_inner][\/vc_row_inner][vc_column_text]<\/p>\n<h2>Ejecuci\u00f3n en segundo plano<\/h2>\n<p>[\/vc_column_text][vc_column_text]Para recibir actualizaciones de la ubicaci\u00f3n mientras la app X-GPS est\u00e1 minimizada o la pantalla est\u00e1 bloqueada, es necesario habilitar la ejecuci\u00f3n en segundo plano.<\/p>\n<p>Para hacer esto dir\u00edjase a la Configuraci\u00f3n \u2192 Aplicaciones instaladas \u2192 Rastreador X-GPS \u2192 Otros permisos \u2192 Deslice los interruptores \u2018Mostrar en pantalla de bloqueo\u2019 y \u2018Iniciar en segundo plano\u2019 hacia la derecha.[\/vc_column_text][vc_row_inner][vc_column_inner width=&#8221;1\/2&#8243; css=&#8221;.vc_custom_1552303073051{margin-bottom: 20px !important;}&#8221;][vc_single_image source=&#8221;external_link&#8221; alignment=&#8221;center&#8221; custom_src=&#8221;\/wp-content\/uploads\/2019\/03\/recommend-settings-xiaomi-8.png&#8221; css=&#8221;.vc_custom_1552303829175{border: 1px solid #a2a2a2 !important;}&#8221;][\/vc_column_inner][vc_column_inner width=&#8221;1\/2&#8243; css=&#8221;.vc_custom_1552303077339{margin-bottom: 20px !important;}&#8221;][vc_single_image source=&#8221;external_link&#8221; alignment=&#8221;center&#8221; custom_src=&#8221;\/wp-content\/uploads\/2019\/03\/recommend-settings-xiaomi-9.png&#8221; css=&#8221;.vc_custom_1552303838728{border: 1px solid #a2a2a2 !important;}&#8221;][\/vc_column_inner][\/vc_row_inner][vc_row_inner][vc_column_inner width=&#8221;1\/2&#8243; css=&#8221;.vc_custom_1552303073051{margin-bottom: 20px !important;}&#8221;][vc_single_image source=&#8221;external_link&#8221; alignment=&#8221;center&#8221; custom_src=&#8221;\/wp-content\/uploads\/2019\/03\/recommend-settings-xiaomi-10.png&#8221; css=&#8221;.vc_custom_1552303848332{border: 1px solid #a2a2a2 !important;}&#8221;][\/vc_column_inner][vc_column_inner width=&#8221;1\/2&#8243; css=&#8221;.vc_custom_1552303077339{margin-bottom: 20px !important;}&#8221;][vc_single_image source=&#8221;external_link&#8221; alignment=&#8221;center&#8221; custom_src=&#8221;\/wp-content\/uploads\/2019\/03\/recommend-settings-xiaomi-11.png&#8221; css=&#8221;.vc_custom_1552303857243{border: 1px solid #a2a2a2 !important;}&#8221;][\/vc_column_inner][\/vc_row_inner][vc_column_text]<\/p>\n<h2>Conexi\u00f3n a redes<\/h2>\n<p>[\/vc_column_text][vc_column_text]La aplicaci\u00f3n Rastreador X-GPS admite la transferencia de datos a trav\u00e9s de las redes celulares y Wi-Fi. Para activar la conexi\u00f3n a las redes, es necesario establecer los permisos apropiados en la configuraci\u00f3n \u2018Restringir el uso de datos\u2019. Es \u00fatil para utilizar el dispositivo dentro del edificio que tiene acceso a una red WI-FI si la se\u00f1al GSM es d\u00e9bil.<\/p>\n<p>Para hacer esto dir\u00edjase a la Configuraci\u00f3n \u2192 Aplicaciones instaladas \u2192 Rastreador X-GPS \u2192 Restringir el uso de datos \u2192 Active Wi-Fi y los datos m\u00f3viles.[\/vc_column_text][vc_row_inner][vc_column_inner width=&#8221;1\/2&#8243; css=&#8221;.vc_custom_1552303073051{margin-bottom: 20px !important;}&#8221;][vc_single_image source=&#8221;external_link&#8221; alignment=&#8221;center&#8221; custom_src=&#8221;\/wp-content\/uploads\/2019\/03\/recommend-settings-xiaomi-12.png&#8221; css=&#8221;.vc_custom_1552303870992{border: 1px solid #a2a2a2 !important;}&#8221;][\/vc_column_inner][vc_column_inner width=&#8221;1\/2&#8243; css=&#8221;.vc_custom_1552303077339{margin-bottom: 20px !important;}&#8221;][vc_single_image source=&#8221;external_link&#8221; alignment=&#8221;center&#8221; custom_src=&#8221;\/wp-content\/uploads\/2019\/03\/recommend-settings-xiaomi-13.png&#8221; css=&#8221;.vc_custom_1552303878764{border: 1px solid #a2a2a2 !important;}&#8221;][\/vc_column_inner][\/vc_row_inner][vc_row_inner][vc_column_inner width=&#8221;1\/2&#8243; css=&#8221;.vc_custom_1552303073051{margin-bottom: 20px !important;}&#8221;][vc_single_image source=&#8221;external_link&#8221; alignment=&#8221;center&#8221; custom_src=&#8221;\/wp-content\/uploads\/2019\/03\/recommend-settings-xiaomi-14.png&#8221; css=&#8221;.vc_custom_1552303888271{border: 1px solid #a2a2a2 !important;}&#8221;][\/vc_column_inner][vc_column_inner width=&#8221;1\/2&#8243; css=&#8221;.vc_custom_1552303077339{margin-bottom: 20px !important;}&#8221;][vc_single_image source=&#8221;external_link&#8221; alignment=&#8221;center&#8221; custom_src=&#8221;\/wp-content\/uploads\/2019\/03\/recommend-settings-xiaomi-15.png&#8221; css=&#8221;.vc_custom_1552303901175{border: 1px solid #a2a2a2 !important;}&#8221;][\/vc_column_inner][\/vc_row_inner][vc_column_text]<\/p>\n<h2>Ahorrador de bater\u00eda<\/h2>\n<p>[\/vc_column_text][vc_column_text]El sistema operativo MIUI cierra autom\u00e1ticamente la aplicaci\u00f3n si el dispositivo no ha detectado ning\u00fan movimiento de los veh\u00edculos durante un largo periodo de tiempo. Para evitar el cierre, es necesario desactivar la opci\u00f3n de Ahorrador de bater\u00eda.<\/p>\n<p>Para hacer esto abra la Configuraci\u00f3n \u2192 Aplicaciones instaladas \u2192 Rastreador X-GPS \u2192 Ahorrador de bater\u00eda \u2192 Sin restricciones.[\/vc_column_text][vc_row_inner][vc_column_inner width=&#8221;1\/2&#8243; css=&#8221;.vc_custom_1552303073051{margin-bottom: 20px !important;}&#8221;][vc_single_image source=&#8221;external_link&#8221; alignment=&#8221;center&#8221; custom_src=&#8221;\/wp-content\/uploads\/2019\/03\/recommend-settings-xiaomi-16.png&#8221; css=&#8221;.vc_custom_1552303910815{border: 1px solid #a2a2a2 !important;}&#8221;][\/vc_column_inner][vc_column_inner width=&#8221;1\/2&#8243; css=&#8221;.vc_custom_1552303077339{margin-bottom: 20px !important;}&#8221;][vc_single_image source=&#8221;external_link&#8221; alignment=&#8221;center&#8221; custom_src=&#8221;\/wp-content\/uploads\/2019\/03\/recommend-settings-xiaomi-17.png&#8221; css=&#8221;.vc_custom_1552303918815{border: 1px solid #a2a2a2 !important;}&#8221;][\/vc_column_inner][\/vc_row_inner][vc_row_inner][vc_column_inner width=&#8221;1\/2&#8243; css=&#8221;.vc_custom_1552303073051{margin-bottom: 20px !important;}&#8221;][vc_single_image source=&#8221;external_link&#8221; alignment=&#8221;center&#8221; custom_src=&#8221;\/wp-content\/uploads\/2019\/03\/recommend-settings-xiaomi-18.png&#8221; css=&#8221;.vc_custom_1552303927135{border: 1px solid #a2a2a2 !important;}&#8221;][\/vc_column_inner][vc_column_inner width=&#8221;1\/2&#8243; css=&#8221;.vc_custom_1552303077339{margin-bottom: 20px !important;}&#8221;][vc_single_image source=&#8221;external_link&#8221; alignment=&#8221;center&#8221; custom_src=&#8221;\/wp-content\/uploads\/2019\/03\/recommend-settings-xiaomi-19.png&#8221; css=&#8221;.vc_custom_1552303934963{border: 1px solid #a2a2a2 !important;}&#8221;][\/vc_column_inner][\/vc_row_inner][vc_column_text]Ahora el dispositivo Xiaomi est\u00e1 configurado correctamente y listo para comenzar a usar la aplicaci\u00f3n X-GPS Tracker.[\/vc_column_text][\/vc_column][\/vc_row]<\/p>\n<\/div>","protected":false},"excerpt":{"rendered":"<p>[vc_row css=&#8221;.vc_custom_1552302977156{margin-bottom: 20px !important;}&#8221;][vc_column][vc_column_text] Xiaomi [\/vc_column_text][vc_column_text]La aplicaci\u00f3n X-GPS Tracker le permite usar su tel\u00e9fono inteligente o tableta Xiaomi como rastreador. Con \u00e9l, puede hacer un seguimiento de los movimientos en l\u00ednea del propietario del dispositivo (por ejemplo, el conductor o el mensajero). Gracias a la configuraci\u00f3n flexible y al consumo inteligente de energ\u00eda, puede encontrar&#8230;<\/p>\n","protected":false},"author":8,"featured_media":0,"parent":8437,"menu_order":4,"comment_status":"closed","ping_status":"closed","template":"page-support.php","meta":{"_acf_changed":false,"inline_featured_image":false,"footnotes":""},"class_list":["post-8453","page","type-page","status-publish","hentry"],"acf":[],"yoast_head":"<!-- This site is optimized with the Yoast SEO plugin v27.2 - https:\/\/yoast.com\/product\/yoast-seo-wordpress\/ -->\n<title>Configuraci\u00f3n del sistema operativo Android en dispositivos Xiaomi &#8211; B2Field<\/title>\n<meta name=\"description\" content=\"La aplicaci\u00f3n X-GPS Tracker le permite usar su tel\u00e9fono inteligente o tableta Xiaomi como rastreador. Con \u00e9l, puede hacer un seguimiento de los movimientos en l\u00ednea del propietario del dispositivo (por ejemplo, el conductor o el mensajero).\" \/>\n<meta name=\"robots\" content=\"index, follow, max-snippet:-1, max-image-preview:large, max-video-preview:-1\" \/>\n<link rel=\"canonical\" href=\"https:\/\/b2field.com\/es\/support\/help\/x-gps-tracker\/recommend-settings\/xiaomi\/\" \/>\n<meta property=\"og:locale\" content=\"es_ES\" \/>\n<meta property=\"og:type\" content=\"article\" \/>\n<meta property=\"og:title\" content=\"Configuraci\u00f3n del sistema operativo Android en dispositivos Xiaomi &#8211; B2Field\" \/>\n<meta property=\"og:description\" content=\"La aplicaci\u00f3n X-GPS Tracker le permite usar su tel\u00e9fono inteligente o tableta Xiaomi como rastreador. Con \u00e9l, puede hacer un seguimiento de los movimientos en l\u00ednea del propietario del dispositivo (por ejemplo, el conductor o el mensajero).\" \/>\n<meta property=\"og:url\" content=\"https:\/\/b2field.com\/es\/support\/help\/x-gps-tracker\/recommend-settings\/xiaomi\/\" \/>\n<meta property=\"og:site_name\" content=\"B2Field\" \/>\n<meta property=\"article:publisher\" content=\"https:\/\/www.facebook.com\/B2Field\/\" \/>\n<meta property=\"article:modified_time\" content=\"2020-07-15T10:10:50+00:00\" \/>\n<meta name=\"twitter:card\" content=\"summary_large_image\" \/>\n<meta name=\"twitter:label1\" content=\"Tiempo de lectura\" \/>\n\t<meta name=\"twitter:data1\" content=\"7 minutos\" \/>\n<script type=\"application\/ld+json\" class=\"yoast-schema-graph\">{\"@context\":\"https:\/\/schema.org\",\"@graph\":[{\"@type\":\"WebPage\",\"@id\":\"https:\/\/b2field.com\/es\/support\/help\/x-gps-tracker\/recommend-settings\/xiaomi\/\",\"url\":\"https:\/\/b2field.com\/es\/support\/help\/x-gps-tracker\/recommend-settings\/xiaomi\/\",\"name\":\"Configuraci\u00f3n del sistema operativo Android en dispositivos Xiaomi &#8211; B2Field\",\"isPartOf\":{\"@id\":\"https:\/\/b2field.com\/es\/#website\"},\"datePublished\":\"2019-03-11T11:27:41+00:00\",\"dateModified\":\"2020-07-15T10:10:50+00:00\",\"description\":\"La aplicaci\u00f3n X-GPS Tracker le permite usar su tel\u00e9fono inteligente o tableta Xiaomi como rastreador. Con \u00e9l, puede hacer un seguimiento de los movimientos en l\u00ednea del propietario del dispositivo (por ejemplo, el conductor o el mensajero).\",\"breadcrumb\":{\"@id\":\"https:\/\/b2field.com\/es\/support\/help\/x-gps-tracker\/recommend-settings\/xiaomi\/#breadcrumb\"},\"inLanguage\":\"es\",\"potentialAction\":[{\"@type\":\"ReadAction\",\"target\":[\"https:\/\/b2field.com\/es\/support\/help\/x-gps-tracker\/recommend-settings\/xiaomi\/\"]}]},{\"@type\":\"BreadcrumbList\",\"@id\":\"https:\/\/b2field.com\/es\/support\/help\/x-gps-tracker\/recommend-settings\/xiaomi\/#breadcrumb\",\"itemListElement\":[{\"@type\":\"ListItem\",\"position\":1,\"name\":\"Home\",\"item\":\"https:\/\/b2field.com\/es\/\"},{\"@type\":\"ListItem\",\"position\":2,\"name\":\"Soporte\",\"item\":\"https:\/\/b2field.com\/es\/support\/\"},{\"@type\":\"ListItem\",\"position\":3,\"name\":\"Gu\u00edas de usuario\",\"item\":\"https:\/\/b2field.com\/es\/support\/help\/\"},{\"@type\":\"ListItem\",\"position\":4,\"name\":\"Aplicaci\u00f3n m\u00f3vil para personas y empleados\",\"item\":\"https:\/\/b2field.com\/es\/support\/help\/x-gps-tracker\/\"},{\"@type\":\"ListItem\",\"position\":5,\"name\":\"Ajustes y recomendaciones para los dispositivos\",\"item\":\"https:\/\/b2field.com\/es\/support\/help\/x-gps-tracker\/recommend-settings\/\"},{\"@type\":\"ListItem\",\"position\":6,\"name\":\"Xiaomi\"}]},{\"@type\":\"WebSite\",\"@id\":\"https:\/\/b2field.com\/es\/#website\",\"url\":\"https:\/\/b2field.com\/es\/\",\"name\":\"B2Field\",\"description\":\"\",\"potentialAction\":[{\"@type\":\"SearchAction\",\"target\":{\"@type\":\"EntryPoint\",\"urlTemplate\":\"https:\/\/b2field.com\/es\/?s={search_term_string}\"},\"query-input\":{\"@type\":\"PropertyValueSpecification\",\"valueRequired\":true,\"valueName\":\"search_term_string\"}}],\"inLanguage\":\"es\"}]}<\/script>\n<!-- \/ Yoast SEO plugin. -->","yoast_head_json":{"title":"Configuraci\u00f3n del sistema operativo Android en dispositivos Xiaomi &#8211; B2Field","description":"La aplicaci\u00f3n X-GPS Tracker le permite usar su tel\u00e9fono inteligente o tableta Xiaomi como rastreador. Con \u00e9l, puede hacer un seguimiento de los movimientos en l\u00ednea del propietario del dispositivo (por ejemplo, el conductor o el mensajero).","robots":{"index":"index","follow":"follow","max-snippet":"max-snippet:-1","max-image-preview":"max-image-preview:large","max-video-preview":"max-video-preview:-1"},"canonical":"https:\/\/b2field.com\/es\/support\/help\/x-gps-tracker\/recommend-settings\/xiaomi\/","og_locale":"es_ES","og_type":"article","og_title":"Configuraci\u00f3n del sistema operativo Android en dispositivos Xiaomi &#8211; B2Field","og_description":"La aplicaci\u00f3n X-GPS Tracker le permite usar su tel\u00e9fono inteligente o tableta Xiaomi como rastreador. Con \u00e9l, puede hacer un seguimiento de los movimientos en l\u00ednea del propietario del dispositivo (por ejemplo, el conductor o el mensajero).","og_url":"https:\/\/b2field.com\/es\/support\/help\/x-gps-tracker\/recommend-settings\/xiaomi\/","og_site_name":"B2Field","article_publisher":"https:\/\/www.facebook.com\/B2Field\/","article_modified_time":"2020-07-15T10:10:50+00:00","twitter_card":"summary_large_image","twitter_misc":{"Tiempo de lectura":"7 minutos"},"schema":{"@context":"https:\/\/schema.org","@graph":[{"@type":"WebPage","@id":"https:\/\/b2field.com\/es\/support\/help\/x-gps-tracker\/recommend-settings\/xiaomi\/","url":"https:\/\/b2field.com\/es\/support\/help\/x-gps-tracker\/recommend-settings\/xiaomi\/","name":"Configuraci\u00f3n del sistema operativo Android en dispositivos Xiaomi &#8211; B2Field","isPartOf":{"@id":"https:\/\/b2field.com\/es\/#website"},"datePublished":"2019-03-11T11:27:41+00:00","dateModified":"2020-07-15T10:10:50+00:00","description":"La aplicaci\u00f3n X-GPS Tracker le permite usar su tel\u00e9fono inteligente o tableta Xiaomi como rastreador. Con \u00e9l, puede hacer un seguimiento de los movimientos en l\u00ednea del propietario del dispositivo (por ejemplo, el conductor o el mensajero).","breadcrumb":{"@id":"https:\/\/b2field.com\/es\/support\/help\/x-gps-tracker\/recommend-settings\/xiaomi\/#breadcrumb"},"inLanguage":"es","potentialAction":[{"@type":"ReadAction","target":["https:\/\/b2field.com\/es\/support\/help\/x-gps-tracker\/recommend-settings\/xiaomi\/"]}]},{"@type":"BreadcrumbList","@id":"https:\/\/b2field.com\/es\/support\/help\/x-gps-tracker\/recommend-settings\/xiaomi\/#breadcrumb","itemListElement":[{"@type":"ListItem","position":1,"name":"Home","item":"https:\/\/b2field.com\/es\/"},{"@type":"ListItem","position":2,"name":"Soporte","item":"https:\/\/b2field.com\/es\/support\/"},{"@type":"ListItem","position":3,"name":"Gu\u00edas de usuario","item":"https:\/\/b2field.com\/es\/support\/help\/"},{"@type":"ListItem","position":4,"name":"Aplicaci\u00f3n m\u00f3vil para personas y empleados","item":"https:\/\/b2field.com\/es\/support\/help\/x-gps-tracker\/"},{"@type":"ListItem","position":5,"name":"Ajustes y recomendaciones para los dispositivos","item":"https:\/\/b2field.com\/es\/support\/help\/x-gps-tracker\/recommend-settings\/"},{"@type":"ListItem","position":6,"name":"Xiaomi"}]},{"@type":"WebSite","@id":"https:\/\/b2field.com\/es\/#website","url":"https:\/\/b2field.com\/es\/","name":"B2Field","description":"","potentialAction":[{"@type":"SearchAction","target":{"@type":"EntryPoint","urlTemplate":"https:\/\/b2field.com\/es\/?s={search_term_string}"},"query-input":{"@type":"PropertyValueSpecification","valueRequired":true,"valueName":"search_term_string"}}],"inLanguage":"es"}]}},"_links":{"self":[{"href":"https:\/\/b2field.com\/es\/wp-json\/wp\/v2\/pages\/8453","targetHints":{"allow":["GET"]}}],"collection":[{"href":"https:\/\/b2field.com\/es\/wp-json\/wp\/v2\/pages"}],"about":[{"href":"https:\/\/b2field.com\/es\/wp-json\/wp\/v2\/types\/page"}],"author":[{"embeddable":true,"href":"https:\/\/b2field.com\/es\/wp-json\/wp\/v2\/users\/8"}],"replies":[{"embeddable":true,"href":"https:\/\/b2field.com\/es\/wp-json\/wp\/v2\/comments?post=8453"}],"version-history":[{"count":3,"href":"https:\/\/b2field.com\/es\/wp-json\/wp\/v2\/pages\/8453\/revisions"}],"predecessor-version":[{"id":10129,"href":"https:\/\/b2field.com\/es\/wp-json\/wp\/v2\/pages\/8453\/revisions\/10129"}],"up":[{"embeddable":true,"href":"https:\/\/b2field.com\/es\/wp-json\/wp\/v2\/pages\/8437"}],"wp:attachment":[{"href":"https:\/\/b2field.com\/es\/wp-json\/wp\/v2\/media?parent=8453"}],"curies":[{"name":"wp","href":"https:\/\/api.w.org\/{rel}","templated":true}]}}