{"id":8456,"date":"2019-02-08T08:52:59","date_gmt":"2019-02-08T08:52:59","guid":{"rendered":"http:\/\/api.b2field.com\/support\/help\/x-gps-tracker\/modes-setting\/"},"modified":"2020-07-15T10:11:05","modified_gmt":"2020-07-15T10:11:05","slug":"modes-setting","status":"publish","type":"page","link":"https:\/\/b2field.com\/es\/support\/help\/x-gps-tracker\/modes-setting\/","title":{"rendered":"Modos de ajuste"},"content":{"rendered":"<div class=\"wpb-content-wrapper\"><p>[vc_row css=&#8221;.vc_custom_1552289412768{margin-bottom: 20px !important;}&#8221;][vc_column][vc_column_text]<\/p>\n<h1>Modos de ajuste<\/h1>\n<p>[\/vc_column_text][vc_column_text]Cuando la aplicaci\u00f3n X-GPS Tracker est\u00e1 operando, utiliza activamente la conexi\u00f3n a Internet (GPRS y WiFi), as\u00ed como los servicios de geolocalizaci\u00f3n, por lo que se puede aumentar la carga en el consumo de la bater\u00eda. Gracias a la capacidad de personalizar los modos de operaci\u00f3n, puede ajustarlos de manera flexible, optimizando el funcionamiento de la aplicaci\u00f3n para sus tareas. Por ejemplo, al elegir el modo GPS, la ubicaci\u00f3n se realizar\u00e1 con la m\u00e1xima precisi\u00f3n y el m\u00e9todo LBS (servicios basados en la localizaci\u00f3n) para determinar la ubicaci\u00f3n, el dispositivo funcionar\u00e1 durante m\u00e1s tiempo con una sola carga de bater\u00eda.<\/p>\n<p>El modo LBS + GPS le permite combinar las ventajas de ambos m\u00e9todos de ubicaci\u00f3n.<\/p>\n<p>Para configurar, vaya a Configuraci\u00f3nes. A continuaci\u00f3n, ajuste la frecuencia de actualizaci\u00f3n de las coordenadas en dos modos: desde la red y desde la bater\u00eda.[\/vc_column_text][vc_row_inner][vc_column_inner width=&#8221;1\/2&#8243; css=&#8221;.vc_custom_1552289621295{margin-bottom: 20px !important;}&#8221;][vc_single_image source=&#8221;external_link&#8221; alignment=&#8221;center&#8221; custom_src=&#8221;\/wp-content\/uploads\/2019\/03\/x-gps-tracker-modes-setting-1.png&#8221; css=&#8221;.vc_custom_1552289454021{border: 1px solid #a2a2a2 !important;}&#8221;][\/vc_column_inner][vc_column_inner width=&#8221;1\/2&#8243; css=&#8221;.vc_custom_1552289633407{margin-bottom: 20px !important;}&#8221;][vc_single_image source=&#8221;external_link&#8221; alignment=&#8221;center&#8221; custom_src=&#8221;\/wp-content\/uploads\/2019\/03\/x-gps-tracker-modes-setting-2.png&#8221; css=&#8221;.vc_custom_1552289468565{border: 1px solid #a2a2a2 !important;}&#8221;][\/vc_column_inner][\/vc_row_inner][vc_column_text]Bater\u00eda encendida: Este modo y su configuraci\u00f3n se activar\u00e1n cuando el dispositivo m\u00f3vil reciba alimentaci\u00f3n de la bater\u00eda interna.<\/p>\n<p>Desde la red: este modo de operaci\u00f3n se activa autom\u00e1ticamente cuando el tel\u00e9fono inteligente o la tableta est\u00e1n conectados al cargador.<\/p>\n<p>En ambos modos, seleccione el m\u00e9todo para determinar las coordenadas. Para hacer esto, abra la secci\u00f3n de Precisi\u00f3n de Ubicaci\u00f3n.[\/vc_column_text][vc_row_inner css=&#8221;.vc_custom_1552289485416{margin-bottom: 20px !important;}&#8221;][vc_column_inner width=&#8221;1\/4&#8243;][\/vc_column_inner][vc_column_inner width=&#8221;1\/2&#8243;][vc_single_image source=&#8221;external_link&#8221; alignment=&#8221;center&#8221; custom_src=&#8221;\/wp-content\/uploads\/2019\/03\/x-gps-tracker-modes-setting-3.png&#8221;][\/vc_column_inner][vc_column_inner width=&#8221;1\/4&#8243;][\/vc_column_inner][\/vc_row_inner][vc_column_text]<\/p>\n<h2>GPS<\/h2>\n<p>Este modo utiliza el m\u00f3dulo GPS del dispositivo m\u00f3vil como fuente de datos geogr\u00e1ficos. Es muy precisa, pero consume bastante energ\u00eda cuando la geolocalizaci\u00f3n est\u00e1 constantemente activa.<\/p>\n<h2>LBS<\/h2>\n<p>Cuando se usa el modo LBS, la geolocalizaci\u00f3n se determina utilizando las estaciones del operador de telefon\u00eda celular y las redes Wi-Fi, pero con menos precisi\u00f3n que el GPS, compensando esto con una carga m\u00e1s econ\u00f3mica en la bater\u00eda, lo que le permite usar el dispositivo por m\u00e1s tiempo.<\/p>\n<p>Este modo es el m\u00e1s conveniente de usar en la ciudad, ya que hay una gran cantidad de estaciones base celulares y puntos de acceso Wi-Fi en diferentes \u00e1reas.<\/p>\n<p>Opciones de actualizaci\u00f3n de ubicaci\u00f3n<\/p>\n<p>A continuaci\u00f3n, en los par\u00e1metros de la aplicaci\u00f3n m\u00f3vil, especifique los valores \u00f3ptimos que usted necesite.<\/p>\n<p>La ubicaci\u00f3n se actualizar\u00e1 en los siguientes casos:<\/p>\n<ol>\n<li>Cuando mueva el dispositivo a una distancia igual o mayor que la especificada.<\/li>\n<li>Despu\u00e9s del intervalo especificado.<\/li>\n<li>Al girar el dispositivo en un \u00e1ngulo dado.<\/li>\n<\/ol>\n<p>[\/vc_column_text][vc_row_inner][vc_column_inner width=&#8221;1\/3&#8243; css=&#8221;.vc_custom_1552289645143{margin-bottom: 20px !important;padding-left: 15px !important;}&#8221;][vc_single_image source=&#8221;external_link&#8221; alignment=&#8221;center&#8221; custom_src=&#8221;\/wp-content\/uploads\/2019\/03\/x-gps-tracker-modes-setting-4.png&#8221;][\/vc_column_inner][vc_column_inner width=&#8221;1\/3&#8243; css=&#8221;.vc_custom_1552289649679{margin-bottom: 20px !important;}&#8221;][vc_single_image source=&#8221;external_link&#8221; alignment=&#8221;center&#8221; custom_src=&#8221;\/wp-content\/uploads\/2019\/03\/x-gps-tracker-modes-setting-5.png&#8221;][\/vc_column_inner][vc_column_inner width=&#8221;1\/3&#8243; css=&#8221;.vc_custom_1552289653719{margin-bottom: 20px !important;padding-right: 15px !important;}&#8221;][vc_single_image source=&#8221;external_link&#8221; alignment=&#8221;center&#8221; custom_src=&#8221;\/wp-content\/uploads\/2019\/03\/x-gps-tracker-modes-setting-6.png&#8221;][\/vc_column_inner][\/vc_row_inner][\/vc_column][\/vc_row]<\/p>\n<\/div>","protected":false},"excerpt":{"rendered":"<p>[vc_row css=&#8221;.vc_custom_1552289412768{margin-bottom: 20px !important;}&#8221;][vc_column][vc_column_text] Modos de ajuste [\/vc_column_text][vc_column_text]Cuando la aplicaci\u00f3n X-GPS Tracker est\u00e1 operando, utiliza activamente la conexi\u00f3n a Internet (GPRS y WiFi), as\u00ed como los servicios de geolocalizaci\u00f3n, por lo que se puede aumentar la carga en el consumo de la bater\u00eda. Gracias a la capacidad de personalizar los modos de operaci\u00f3n, puede ajustarlos&#8230;<\/p>\n","protected":false},"author":8,"featured_media":0,"parent":8429,"menu_order":2,"comment_status":"closed","ping_status":"closed","template":"page-support.php","meta":{"_acf_changed":false,"inline_featured_image":false,"footnotes":""},"class_list":["post-8456","page","type-page","status-publish","hentry"],"acf":[],"yoast_head":"<!-- This site is optimized with the Yoast SEO plugin v27.2 - https:\/\/yoast.com\/product\/yoast-seo-wordpress\/ -->\n<title>Modos de ajuste &#8211; B2Field<\/title>\n<meta name=\"description\" content=\"Cuando la aplicaci\u00f3n X-GPS Tracker est\u00e1 operando, utiliza activamente la conexi\u00f3n a Internet (GPRS y WiFi), as\u00ed como los servicios de geolocalizaci\u00f3n, por lo que se puede aumentar la carga en el consumo de la bater\u00eda.\" \/>\n<meta name=\"robots\" content=\"index, follow, max-snippet:-1, max-image-preview:large, max-video-preview:-1\" \/>\n<link rel=\"canonical\" href=\"https:\/\/b2field.com\/es\/support\/help\/x-gps-tracker\/modes-setting\/\" \/>\n<meta property=\"og:locale\" content=\"es_ES\" \/>\n<meta property=\"og:type\" content=\"article\" \/>\n<meta property=\"og:title\" content=\"Modos de ajuste &#8211; B2Field\" \/>\n<meta property=\"og:description\" content=\"Cuando la aplicaci\u00f3n X-GPS Tracker est\u00e1 operando, utiliza activamente la conexi\u00f3n a Internet (GPRS y WiFi), as\u00ed como los servicios de geolocalizaci\u00f3n, por lo que se puede aumentar la carga en el consumo de la bater\u00eda.\" \/>\n<meta property=\"og:url\" content=\"https:\/\/b2field.com\/es\/support\/help\/x-gps-tracker\/modes-setting\/\" \/>\n<meta property=\"og:site_name\" content=\"B2Field\" \/>\n<meta property=\"article:publisher\" content=\"https:\/\/www.facebook.com\/B2Field\/\" \/>\n<meta property=\"article:modified_time\" content=\"2020-07-15T10:11:05+00:00\" \/>\n<meta name=\"twitter:card\" content=\"summary_large_image\" \/>\n<meta name=\"twitter:label1\" content=\"Tiempo de lectura\" \/>\n\t<meta name=\"twitter:data1\" content=\"3 minutos\" \/>\n<script type=\"application\/ld+json\" class=\"yoast-schema-graph\">{\"@context\":\"https:\/\/schema.org\",\"@graph\":[{\"@type\":\"WebPage\",\"@id\":\"https:\/\/b2field.com\/es\/support\/help\/x-gps-tracker\/modes-setting\/\",\"url\":\"https:\/\/b2field.com\/es\/support\/help\/x-gps-tracker\/modes-setting\/\",\"name\":\"Modos de ajuste &#8211; B2Field\",\"isPartOf\":{\"@id\":\"https:\/\/b2field.com\/es\/#website\"},\"datePublished\":\"2019-02-08T08:52:59+00:00\",\"dateModified\":\"2020-07-15T10:11:05+00:00\",\"description\":\"Cuando la aplicaci\u00f3n X-GPS Tracker est\u00e1 operando, utiliza activamente la conexi\u00f3n a Internet (GPRS y WiFi), as\u00ed como los servicios de geolocalizaci\u00f3n, por lo que se puede aumentar la carga en el consumo de la bater\u00eda.\",\"breadcrumb\":{\"@id\":\"https:\/\/b2field.com\/es\/support\/help\/x-gps-tracker\/modes-setting\/#breadcrumb\"},\"inLanguage\":\"es\",\"potentialAction\":[{\"@type\":\"ReadAction\",\"target\":[\"https:\/\/b2field.com\/es\/support\/help\/x-gps-tracker\/modes-setting\/\"]}]},{\"@type\":\"BreadcrumbList\",\"@id\":\"https:\/\/b2field.com\/es\/support\/help\/x-gps-tracker\/modes-setting\/#breadcrumb\",\"itemListElement\":[{\"@type\":\"ListItem\",\"position\":1,\"name\":\"Home\",\"item\":\"https:\/\/b2field.com\/es\/\"},{\"@type\":\"ListItem\",\"position\":2,\"name\":\"Soporte\",\"item\":\"https:\/\/b2field.com\/es\/support\/\"},{\"@type\":\"ListItem\",\"position\":3,\"name\":\"Gu\u00edas de usuario\",\"item\":\"https:\/\/b2field.com\/es\/support\/help\/\"},{\"@type\":\"ListItem\",\"position\":4,\"name\":\"Aplicaci\u00f3n m\u00f3vil para personas y empleados\",\"item\":\"https:\/\/b2field.com\/es\/support\/help\/x-gps-tracker\/\"},{\"@type\":\"ListItem\",\"position\":5,\"name\":\"Modos de ajuste\"}]},{\"@type\":\"WebSite\",\"@id\":\"https:\/\/b2field.com\/es\/#website\",\"url\":\"https:\/\/b2field.com\/es\/\",\"name\":\"B2Field\",\"description\":\"\",\"potentialAction\":[{\"@type\":\"SearchAction\",\"target\":{\"@type\":\"EntryPoint\",\"urlTemplate\":\"https:\/\/b2field.com\/es\/?s={search_term_string}\"},\"query-input\":{\"@type\":\"PropertyValueSpecification\",\"valueRequired\":true,\"valueName\":\"search_term_string\"}}],\"inLanguage\":\"es\"}]}<\/script>\n<!-- \/ Yoast SEO plugin. -->","yoast_head_json":{"title":"Modos de ajuste &#8211; B2Field","description":"Cuando la aplicaci\u00f3n X-GPS Tracker est\u00e1 operando, utiliza activamente la conexi\u00f3n a Internet (GPRS y WiFi), as\u00ed como los servicios de geolocalizaci\u00f3n, por lo que se puede aumentar la carga en el consumo de la bater\u00eda.","robots":{"index":"index","follow":"follow","max-snippet":"max-snippet:-1","max-image-preview":"max-image-preview:large","max-video-preview":"max-video-preview:-1"},"canonical":"https:\/\/b2field.com\/es\/support\/help\/x-gps-tracker\/modes-setting\/","og_locale":"es_ES","og_type":"article","og_title":"Modos de ajuste &#8211; B2Field","og_description":"Cuando la aplicaci\u00f3n X-GPS Tracker est\u00e1 operando, utiliza activamente la conexi\u00f3n a Internet (GPRS y WiFi), as\u00ed como los servicios de geolocalizaci\u00f3n, por lo que se puede aumentar la carga en el consumo de la bater\u00eda.","og_url":"https:\/\/b2field.com\/es\/support\/help\/x-gps-tracker\/modes-setting\/","og_site_name":"B2Field","article_publisher":"https:\/\/www.facebook.com\/B2Field\/","article_modified_time":"2020-07-15T10:11:05+00:00","twitter_card":"summary_large_image","twitter_misc":{"Tiempo de lectura":"3 minutos"},"schema":{"@context":"https:\/\/schema.org","@graph":[{"@type":"WebPage","@id":"https:\/\/b2field.com\/es\/support\/help\/x-gps-tracker\/modes-setting\/","url":"https:\/\/b2field.com\/es\/support\/help\/x-gps-tracker\/modes-setting\/","name":"Modos de ajuste &#8211; B2Field","isPartOf":{"@id":"https:\/\/b2field.com\/es\/#website"},"datePublished":"2019-02-08T08:52:59+00:00","dateModified":"2020-07-15T10:11:05+00:00","description":"Cuando la aplicaci\u00f3n X-GPS Tracker est\u00e1 operando, utiliza activamente la conexi\u00f3n a Internet (GPRS y WiFi), as\u00ed como los servicios de geolocalizaci\u00f3n, por lo que se puede aumentar la carga en el consumo de la bater\u00eda.","breadcrumb":{"@id":"https:\/\/b2field.com\/es\/support\/help\/x-gps-tracker\/modes-setting\/#breadcrumb"},"inLanguage":"es","potentialAction":[{"@type":"ReadAction","target":["https:\/\/b2field.com\/es\/support\/help\/x-gps-tracker\/modes-setting\/"]}]},{"@type":"BreadcrumbList","@id":"https:\/\/b2field.com\/es\/support\/help\/x-gps-tracker\/modes-setting\/#breadcrumb","itemListElement":[{"@type":"ListItem","position":1,"name":"Home","item":"https:\/\/b2field.com\/es\/"},{"@type":"ListItem","position":2,"name":"Soporte","item":"https:\/\/b2field.com\/es\/support\/"},{"@type":"ListItem","position":3,"name":"Gu\u00edas de usuario","item":"https:\/\/b2field.com\/es\/support\/help\/"},{"@type":"ListItem","position":4,"name":"Aplicaci\u00f3n m\u00f3vil para personas y empleados","item":"https:\/\/b2field.com\/es\/support\/help\/x-gps-tracker\/"},{"@type":"ListItem","position":5,"name":"Modos de ajuste"}]},{"@type":"WebSite","@id":"https:\/\/b2field.com\/es\/#website","url":"https:\/\/b2field.com\/es\/","name":"B2Field","description":"","potentialAction":[{"@type":"SearchAction","target":{"@type":"EntryPoint","urlTemplate":"https:\/\/b2field.com\/es\/?s={search_term_string}"},"query-input":{"@type":"PropertyValueSpecification","valueRequired":true,"valueName":"search_term_string"}}],"inLanguage":"es"}]}},"_links":{"self":[{"href":"https:\/\/b2field.com\/es\/wp-json\/wp\/v2\/pages\/8456","targetHints":{"allow":["GET"]}}],"collection":[{"href":"https:\/\/b2field.com\/es\/wp-json\/wp\/v2\/pages"}],"about":[{"href":"https:\/\/b2field.com\/es\/wp-json\/wp\/v2\/types\/page"}],"author":[{"embeddable":true,"href":"https:\/\/b2field.com\/es\/wp-json\/wp\/v2\/users\/8"}],"replies":[{"embeddable":true,"href":"https:\/\/b2field.com\/es\/wp-json\/wp\/v2\/comments?post=8456"}],"version-history":[{"count":4,"href":"https:\/\/b2field.com\/es\/wp-json\/wp\/v2\/pages\/8456\/revisions"}],"predecessor-version":[{"id":10130,"href":"https:\/\/b2field.com\/es\/wp-json\/wp\/v2\/pages\/8456\/revisions\/10130"}],"up":[{"embeddable":true,"href":"https:\/\/b2field.com\/es\/wp-json\/wp\/v2\/pages\/8429"}],"wp:attachment":[{"href":"https:\/\/b2field.com\/es\/wp-json\/wp\/v2\/media?parent=8456"}],"curies":[{"name":"wp","href":"https:\/\/api.w.org\/{rel}","templated":true}]}}